{"id":232104,"date":"2026-05-08T13:54:44","date_gmt":"2026-05-08T11:54:44","guid":{"rendered":"https:\/\/aydodeco.nl\/?post_type=product&#038;p=232104"},"modified":"2026-05-08T13:58:35","modified_gmt":"2026-05-08T11:58:35","slug":"panneaux-muraux-acoustiques-hexagon-vizon-80-x-60-cm-kopie-kopie","status":"publish","type":"product","link":"https:\/\/aydodeco.nl\/fr\/panneaux-muraux-acoustiques-hexagon-vizon-80-x-60-cm-kopie-kopie\/","title":{"rendered":"Panneaux muraux acoustiques Hexagon Vizon 80 x 60 cm (kopie) (kopie)"},"content":{"rendered":"<p>Ces panneaux muraux acoustiques hexagonaux sont compos\u00e9s d&#x27;un placage en ch\u00eane vison sur des lattes en MDF, avec une sous-couche en feutre recycl\u00e9. Le panneau mesure 80 x 60 cm et a une \u00e9paisseur de 2 cm ; il est constitu\u00e9 d&#x27;\u00e9l\u00e9ments hexagonaux de 22 x 25 cm. Vous pouvez les fixer sur n&#x27;importe quel mur int\u00e9rieur plat \u00e0 l&#x27;aide de colle de montage ou de vis.<\/p>\n<h2>100 % placage de ch\u00eane sur feutre recycl\u00e9 pour l&#x27;insonorisation<\/h2>\n<p>La couche sup\u00e9rieure est en placage de ch\u00eane 100 % couleur vison, fix\u00e9 sur des lattes en MDF. Le dos est en feutre recycl\u00e9 qui offre une absorption acoustique et r\u00e9duit la r\u00e9verb\u00e9ration dans la pi\u00e8ce. Le feutre maintient les lattes de MDF stables, les emp\u00eachant ainsi de se d\u00e9former ou de se courber. La forme hexagonale de 22 x 25 cm par \u00e9l\u00e9ment cr\u00e9e un motif g\u00e9om\u00e9trique sur le mur.<\/p>\n<h2>Fixation \u00e0 l&#x27;aide de colle de montage sur n&#x27;importe quel mur int\u00e9rieur plat<\/h2>\n<p>Vous fixez ces panneaux acoustiques en ch\u00eane au mur \u00e0 l&#x27;aide de <a href=\"https:\/\/aydodeco.nl\/montagelijm-binnen-buiten\/\">colle de montage<\/a> ou de vis. Vous pouvez les d\u00e9couper sur mesure \u00e0 l&#x27;aide d&#x27;une scie ordinaire ou <a href=\"https:\/\/aydodeco.nl\/stanleymes\/\">d&#x27;un cutter<\/a>. Les panneaux conviennent \u00e9galement pour un montage au plafond. Pour une finition soign\u00e9e autour des bords, utilisez <a href=\"https:\/\/aydodeco.nl\/siliconenkit-transparant-grijs\/\">du mastic silicone<\/a>.<\/p>\n<h2>Convient pour le salon, la chambre \u00e0 coucher et le bureau<\/h2>\n<p>Ces panneaux insonorisants conviennent comme <a href=\"https:\/\/aydodeco.nl\/fr\/panneaux-muraux-pour-le-salon-2\/\">panneaux muraux pour le salon<\/a>, <a href=\"https:\/\/aydodeco.nl\/fr\/panneaux-muraux-pour-chambres-a-coucher\/\">la chambre \u00e0 coucher<\/a>, le couloir ou l&#x27;entr\u00e9e. Dans un bureau ou un studio, ils am\u00e9liorent l&#x27;isolation acoustique des murs et att\u00e9nuent la r\u00e9verb\u00e9ration. Ces panneaux muraux acoustiques conviennent \u00e9galement tr\u00e8s bien aux int\u00e9rieurs de restaurants et de caf\u00e9s. La couleur vison donne un aspect bois chaud et brun\u00e2tre au mur.<\/p>\n<h2>Caract\u00e9ristiques<\/h2>\n<ul>\n<li>Dimensions du panneau : 80 x 60 x 2 cm<\/li>\n<li>\u00c9l\u00e9ment hexagonal : 22 x 25 cm<\/li>\n<li>Mat\u00e9riau de la sous-couche : feutre recycl\u00e9<\/li>\n<li>Mat\u00e9riau des lattes : MDF<\/li>\n<li>Couche sup\u00e9rieure : placage 100 % ch\u00eane<\/li>\n<li>Couleur : Vizon<\/li>\n<li>Montage : colle de montage ou vis<\/li>\n<\/ul>\n<h2>Entretien<\/h2>\n<p>Passez l&#x27;aspirateur sur les panneaux \u00e0 l&#x27;aide d&#x27;une brosse douce ou essuyez-les avec un chiffon sec. N&#x27;utilisez pas de produit nettoyant humide en raison de la sous-couche en feutre.<\/p>\n<p><strong>Remarque :<\/strong> des diff\u00e9rences de couleur peuvent appara\u00eetre en raison des diff\u00e9rents lots de production. Lorsqu&#x27;un lot est \u00e9puis\u00e9 et r\u00e9approvisionn\u00e9, la couleur peut diff\u00e9rer de celle des panneaux livr\u00e9s pr\u00e9c\u00e9demment.<\/p>\n","protected":false},"excerpt":{"rendered":"<p>80x60x2cm<\/p>\n","protected":false},"featured_media":232092,"comment_status":"open","ping_status":"closed","template":"","meta":{"site-sidebar-layout":"default","site-content-layout":"","ast-site-content-layout":"default","site-content-style":"default","site-sidebar-style":"default","ast-global-header-display":"","ast-banner-title-visibility":"","ast-main-header-display":"","ast-hfb-above-header-display":"","ast-hfb-below-header-display":"","ast-hfb-mobile-header-display":"","site-post-title":"","ast-breadcrumbs-content":"","ast-featured-img":"","footer-sml-layout":"","ast-disable-related-posts":"","theme-transparent-header-meta":"default","adv-header-id-meta":"","stick-header-meta":"default","header-above-stick-meta":"","header-main-stick-meta":"","header-below-stick-meta":"","astra-migrate-meta-layouts":"set","ast-page-background-enabled":"default","ast-page-background-meta":{"desktop":{"background-color":"var(--ast-global-color-4)","background-image":"","background-repeat":"repeat","background-position":"center center","background-size":"auto","background-attachment":"scroll","background-type":"","background-media":"","overlay-type":"","overlay-color":"","overlay-opacity":"","overlay-gradient":""},"tablet":{"background-color":"","background-image":"","background-repeat":"repeat","background-position":"center center","background-size":"auto","background-attachment":"scroll","background-type":"","background-media":"","overlay-type":"","overlay-color":"","overlay-opacity":"","overlay-gradient":""},"mobile":{"background-color":"","background-image":"","background-repeat":"repeat","background-position":"center center","background-size":"auto","background-attachment":"scroll","background-type":"","background-media":"","overlay-type":"","overlay-color":"","overlay-opacity":"","overlay-gradient":""}},"ast-content-background-meta":{"desktop":{"background-color":"var(--ast-global-color-5)","background-image":"","background-repeat":"repeat","background-position":"center center","background-size":"auto","background-attachment":"scroll","background-type":"","background-media":"","overlay-type":"","overlay-color":"","overlay-opacity":"","overlay-gradient":""},"tablet":{"background-color":"var(--ast-global-color-5)","background-image":"","background-repeat":"repeat","background-position":"center center","background-size":"auto","background-attachment":"scroll","background-type":"","background-media":"","overlay-type":"","overlay-color":"","overlay-opacity":"","overlay-gradient":""},"mobile":{"background-color":"var(--ast-global-color-5)","background-image":"","background-repeat":"repeat","background-position":"center center","background-size":"auto","background-attachment":"scroll","background-type":"","background-media":"","overlay-type":"","overlay-color":"","overlay-opacity":"","overlay-gradient":""}}},"product_brand":[],"product_cat":[266,601,355],"product_tag":[357,517],"class_list":{"0":"post-232104","1":"product","2":"type-product","3":"status-publish","4":"has-post-thumbnail","6":"product_cat-panels-muraux-acoustiques","7":"product_cat-panneaux-acoustiques-hexagonaux","8":"product_cat-panneaux-de-feutre-acoustique","9":"product_tag-korting10-20akuxl-fr-1","10":"product_tag-nouveau","11":"product_shipping_class-hexagon-aku-8","12":"desktop-align-left","13":"tablet-align-left","14":"mobile-align-left","15":"ast-product-gallery-layout-vertical-slider","16":"ast-product-tabs-layout-vertical","17":"ast-qv-on-image","19":"first","20":"instock","21":"sale","22":"taxable","23":"shipping-taxable","24":"purchasable","25":"product-type-simple"},"_links":{"self":[{"href":"https:\/\/aydodeco.nl\/fr\/wp-json\/wp\/v2\/product\/232104","targetHints":{"allow":["GET"]}}],"collection":[{"href":"https:\/\/aydodeco.nl\/fr\/wp-json\/wp\/v2\/product"}],"about":[{"href":"https:\/\/aydodeco.nl\/fr\/wp-json\/wp\/v2\/types\/product"}],"replies":[{"embeddable":true,"href":"https:\/\/aydodeco.nl\/fr\/wp-json\/wp\/v2\/comments?post=232104"}],"version-history":[{"count":0,"href":"https:\/\/aydodeco.nl\/fr\/wp-json\/wp\/v2\/product\/232104\/revisions"}],"wp:featuredmedia":[{"embeddable":true,"href":"https:\/\/aydodeco.nl\/fr\/wp-json\/wp\/v2\/media\/232092"}],"wp:attachment":[{"href":"https:\/\/aydodeco.nl\/fr\/wp-json\/wp\/v2\/media?parent=232104"}],"wp:term":[{"taxonomy":"product_brand","embeddable":true,"href":"https:\/\/aydodeco.nl\/fr\/wp-json\/wp\/v2\/product_brand?post=232104"},{"taxonomy":"product_cat","embeddable":true,"href":"https:\/\/aydodeco.nl\/fr\/wp-json\/wp\/v2\/product_cat?post=232104"},{"taxonomy":"product_tag","embeddable":true,"href":"https:\/\/aydodeco.nl\/fr\/wp-json\/wp\/v2\/product_tag?post=232104"}],"curies":[{"name":"wp","href":"https:\/\/api.w.org\/{rel}","templated":true}]}}