{"id":229249,"date":"2026-04-10T13:05:14","date_gmt":"2026-04-10T11:05:14","guid":{"rendered":"https:\/\/aydodeco.nl\/?post_type=product&#038;p=229249"},"modified":"2026-04-10T14:39:36","modified_gmt":"2026-04-10T12:39:36","slug":"panneaux-muraux-3d-en-pu-coffee-canyon","status":"publish","type":"product","link":"https:\/\/aydodeco.nl\/fr\/panneaux-muraux-3d-en-pu-coffee-canyon\/","title":{"rendered":"Panneaux muraux 3D en PU Coffee Canyon 118 x 59 cm"},"content":{"rendered":"<p>Ces panneaux muraux 3D pr\u00e9sentent une structure \u00ab canyon \u00bb beige avec une texture en relief et sont fabriqu\u00e9s en polyur\u00e9thane densifi\u00e9 avec un noyau isolant en EPS. Le panneau mesure 118 x 59 cm, p\u00e8se 2,5 kg et offre un coefficient d&#x27;isolation RD 1,3. Ils sont imperm\u00e9ables et adapt\u00e9s \u00e0 une utilisation en int\u00e9rieur comme en ext\u00e9rieur.<\/p>\n<h2>Polyur\u00e9thane densifi\u00e9 avec \u00e2me en EPS et isolation RD 1,3<\/h2>\n<p>La face avant est en polyur\u00e9thane densifi\u00e9 (HD) avec une texture en relief 3D authentique. La face arri\u00e8re est constitu\u00e9e de mousse isolante EPS qui, combin\u00e9e \u00e0 la face avant, offre un coefficient d&#x27;isolation RD 1,3. Le mat\u00e9riau est l\u00e9ger mais solide et durable. Le panneau poss\u00e8de \u00e9galement des propri\u00e9t\u00e9s acoustiques et peut \u00eatre peint avec de la peinture \u00e0 base d&#x27;eau.<\/p>\n<h2>Pose \u00e9tanche avec colle de montage et mastic<\/h2>\n<p>Vous fixez ces panneaux muraux isolants \u00e0 l&#x27;aide de <a href=\"https:\/\/aydodeco.nl\/montagelijm-binnen-buiten\/\">colle de montage<\/a> sur du carrelage, du bois, du b\u00e9ton ou du cr\u00e9pi \u2014 0,5 tube par panneau. Vous comblez les joints avec <a href=\"https:\/\/aydodeco.nl\/voegkit-piedra-panel-acrylaat-met-korrelstructuur\/\">du mastic<\/a> pour une finition sans joint (0,25 tube par panneau). La d\u00e9coupe sur mesure s&#x27;effectue \u00e0 l&#x27;aide d&#x27;un <a href=\"https:\/\/aydodeco.nl\/stanleymes\/\">cutter<\/a> ou d&#x27;une scie \u00e0 main fine. Au niveau des joints, vous pouvez r\u00e9aliser la finition avec <a href=\"https:\/\/aydodeco.nl\/siliconenkit-transparant-grijs\/\">du mastic silicone<\/a>.<\/p>\n<h2>Convient pour le salon, la salle de bains et les applications ext\u00e9rieures<\/h2>\n<p>Ces panneaux muraux 3D conviennent comme <a href=\"https:\/\/aydodeco.nl\/fr\/panneaux-muraux-pour-le-salon-2\/\">rev\u00eatement mural <\/a>pour <a href=\"https:\/\/aydodeco.nl\/fr\/panneaux-muraux-pour-le-salon-2\/\">le salon<\/a>, le couloir, l&#x27;entr\u00e9e, la cuisine et la salle de bains. En <a href=\"https:\/\/aydodeco.nl\/fr\/panneaux-muraux-exterieurs\/\">ext\u00e9rieur<\/a>, ils sont parfaits pour les fa\u00e7ades, les toitures de terrasse et les murs de jardin. Pour une utilisation en ext\u00e9rieur, appliquez <a href=\"https:\/\/aydodeco.nl\/gevelimpregnatie-5l\/\">un produit d&#x27;impr\u00e9gnation<\/a> <a href=\"https:\/\/aydodeco.nl\/gevelimpregnatie-5l\/\">pour fa\u00e7ades<\/a> (0,14 litre par panneau). Le mat\u00e9riau convient \u00e9galement aux projets dans le secteur de la restauration et aux bureaux.<\/p>\n<h2>Caract\u00e9ristiques<\/h2>\n<ul>\n<li>Dimensions : 118 x 59 x 3,5 cm<\/li>\n<li>Mat\u00e9riau face avant : polyur\u00e9thane densifi\u00e9 (HD)<\/li>\n<li>Mat\u00e9riau de la face arri\u00e8re : mousse isolante EPS<\/li>\n<li>Couleur : Coffee Canyon (structure en relief beige)<\/li>\n<li>Poids : 2,5 kg par panneau<\/li>\n<li>Coefficient d&#x27;isolation thermique : RD 1,3<\/li>\n<li>\u00c9tanche : Oui<\/li>\n<li>Propri\u00e9t\u00e9s acoustiques : Oui<\/li>\n<li>Peut \u00eatre peint : Oui, avec de la peinture \u00e0 base d&#x27;eau<\/li>\n<li>Garantie : garantie fabricant de 10 ans<\/li>\n<li>Colle de montage par panneau : 0,5 tube<\/li>\n<li>Mastic d&#x27;\u00e9tanch\u00e9it\u00e9 par panneau : 0,25 tube<\/li>\n<li>Impr\u00e9gnation par panneau : 0,14 litre (ext\u00e9rieur)<\/li>\n<\/ul>\n<p><strong>Remarque :<\/strong> des diff\u00e9rences de couleur peuvent appara\u00eetre en raison des diff\u00e9rents lots de production. Lorsqu&#x27;un lot est \u00e9puis\u00e9 et r\u00e9approvisionn\u00e9, la couleur peut diff\u00e9rer de celle des panneaux livr\u00e9s pr\u00e9c\u00e9demment.<\/p>\n","protected":false},"excerpt":{"rendered":"<p>118x59x3,5cm<\/p>\n","protected":false},"featured_media":229257,"comment_status":"open","ping_status":"closed","template":"","meta":{"site-sidebar-layout":"default","site-content-layout":"","ast-site-content-layout":"default","site-content-style":"default","site-sidebar-style":"default","ast-global-header-display":"","ast-banner-title-visibility":"","ast-main-header-display":"","ast-hfb-above-header-display":"","ast-hfb-below-header-display":"","ast-hfb-mobile-header-display":"","site-post-title":"","ast-breadcrumbs-content":"","ast-featured-img":"","footer-sml-layout":"","ast-disable-related-posts":"","theme-transparent-header-meta":"default","adv-header-id-meta":"","stick-header-meta":"default","header-above-stick-meta":"","header-main-stick-meta":"","header-below-stick-meta":"","astra-migrate-meta-layouts":"set","ast-page-background-enabled":"default","ast-page-background-meta":{"desktop":{"background-color":"var(--ast-global-color-4)","background-image":"","background-repeat":"repeat","background-position":"center center","background-size":"auto","background-attachment":"scroll","background-type":"","background-media":"","overlay-type":"","overlay-color":"","overlay-opacity":"","overlay-gradient":""},"tablet":{"background-color":"","background-image":"","background-repeat":"repeat","background-position":"center center","background-size":"auto","background-attachment":"scroll","background-type":"","background-media":"","overlay-type":"","overlay-color":"","overlay-opacity":"","overlay-gradient":""},"mobile":{"background-color":"","background-image":"","background-repeat":"repeat","background-position":"center center","background-size":"auto","background-attachment":"scroll","background-type":"","background-media":"","overlay-type":"","overlay-color":"","overlay-opacity":"","overlay-gradient":""}},"ast-content-background-meta":{"desktop":{"background-color":"var(--ast-global-color-5)","background-image":"","background-repeat":"repeat","background-position":"center center","background-size":"auto","background-attachment":"scroll","background-type":"","background-media":"","overlay-type":"","overlay-color":"","overlay-opacity":"","overlay-gradient":""},"tablet":{"background-color":"var(--ast-global-color-5)","background-image":"","background-repeat":"repeat","background-position":"center center","background-size":"auto","background-attachment":"scroll","background-type":"","background-media":"","overlay-type":"","overlay-color":"","overlay-opacity":"","overlay-gradient":""},"mobile":{"background-color":"var(--ast-global-color-5)","background-image":"","background-repeat":"repeat","background-position":"center center","background-size":"auto","background-attachment":"scroll","background-type":"","background-media":"","overlay-type":"","overlay-color":"","overlay-opacity":"","overlay-gradient":""}}},"product_brand":[],"product_cat":[368,537,458,369],"product_tag":[371,372,705],"class_list":{"0":"post-229249","1":"product","2":"type-product","3":"status-publish","4":"has-post-thumbnail","6":"product_cat-panneaux-muraux-3d","7":"product_cat-panneaux-muraux-elite-pu-xl","8":"product_cat-panneaux-muraux-en-beton","9":"product_cat-panneaux-muraux-piedra","10":"product_tag-bandes-de-pierre-a-lexterieur","11":"product_tag-korting25-50eps-fr-1","12":"product_tag-test-fr","13":"product_shipping_class-elitepu-5-fr","14":"pa_availability-27november-fr","15":"pa_steenstrips-geschikt-voor-27nov-fr","16":"pa_steenstrips-geschikt-voor-derriere-la-cuisiniere-a-gaz","17":"pa_steenstrips-geschikt-voor-exterieur-resistant-aux-intemperies","18":"desktop-align-left","19":"tablet-align-left","20":"mobile-align-left","21":"ast-product-gallery-layout-vertical-slider","22":"ast-product-tabs-layout-vertical","23":"ast-qv-on-image","25":"first","26":"instock","27":"sale","28":"taxable","29":"shipping-taxable","30":"purchasable","31":"product-type-simple"},"_links":{"self":[{"href":"https:\/\/aydodeco.nl\/fr\/wp-json\/wp\/v2\/product\/229249","targetHints":{"allow":["GET"]}}],"collection":[{"href":"https:\/\/aydodeco.nl\/fr\/wp-json\/wp\/v2\/product"}],"about":[{"href":"https:\/\/aydodeco.nl\/fr\/wp-json\/wp\/v2\/types\/product"}],"replies":[{"embeddable":true,"href":"https:\/\/aydodeco.nl\/fr\/wp-json\/wp\/v2\/comments?post=229249"}],"version-history":[{"count":0,"href":"https:\/\/aydodeco.nl\/fr\/wp-json\/wp\/v2\/product\/229249\/revisions"}],"wp:featuredmedia":[{"embeddable":true,"href":"https:\/\/aydodeco.nl\/fr\/wp-json\/wp\/v2\/media\/229257"}],"wp:attachment":[{"href":"https:\/\/aydodeco.nl\/fr\/wp-json\/wp\/v2\/media?parent=229249"}],"wp:term":[{"taxonomy":"product_brand","embeddable":true,"href":"https:\/\/aydodeco.nl\/fr\/wp-json\/wp\/v2\/product_brand?post=229249"},{"taxonomy":"product_cat","embeddable":true,"href":"https:\/\/aydodeco.nl\/fr\/wp-json\/wp\/v2\/product_cat?post=229249"},{"taxonomy":"product_tag","embeddable":true,"href":"https:\/\/aydodeco.nl\/fr\/wp-json\/wp\/v2\/product_tag?post=229249"}],"curies":[{"name":"wp","href":"https:\/\/api.w.org\/{rel}","templated":true}]}}