{"id":229223,"date":"2026-04-10T12:59:12","date_gmt":"2026-04-10T10:59:12","guid":{"rendered":"https:\/\/aydodeco.nl\/?post_type=product&#038;p=229223"},"modified":"2026-04-10T14:44:01","modified_gmt":"2026-04-10T12:44:01","slug":"bandeaux-de-parement-panneaux-muraux-3d-pu-colorado-coffee","status":"publish","type":"product","link":"https:\/\/aydodeco.nl\/fr\/bandeaux-de-parement-panneaux-muraux-3d-pu-colorado-coffee\/","title":{"rendered":"Bandes de parement 3D Panneaux muraux PU Colorado Coffee 115 x 58 cm"},"content":{"rendered":"<p>Ces panneaux muraux imitation brique 3D pr\u00e9sentent un aspect brique brune de couleur \u00ab Coffee \u00bb et sont fabriqu\u00e9s en polyur\u00e9thane compact\u00e9. Le panneau offre un coefficient d&#x27;isolation RD 1,3 et convient \u00e0 une utilisation en int\u00e9rieur comme en ext\u00e9rieur. Chaque panneau mural imitation brique b\u00e9n\u00e9ficie d&#x27;une finition artisanale, ce qui fait qu&#x27;il n&#x27;y a pas deux panneaux exactement identiques.<\/p>\n<h2>Polyur\u00e9thane densifi\u00e9 avec un coefficient d&#x27;isolation RD 1,3<\/h2>\n<p>Le mat\u00e9riau est du polyur\u00e9thane densifi\u00e9 (HD), l\u00e9ger mais solide. Ces panneaux muraux isolants ont un coefficient d&#x27;isolation thermique de RD 1,3, ce qui contribue \u00e0 une meilleure isolation thermique du mur. La surface est r\u00e9sistante aux rayures, aux chocs et \u00e0 l&#x27;usure. Gr\u00e2ce \u00e0 la finition artisanale, chaque panneau mural pr\u00e9sente un motif de brique unique, avec de l\u00e9g\u00e8res variations d&#x27;un panneau \u00e0 l&#x27;autre.<\/p>\n<h2>R\u00e9sistants \u00e0 l&#x27;eau pour l&#x27;int\u00e9rieur et l&#x27;ext\u00e9rieur avec de la colle de montage<\/h2>\n<p>Ces panneaux muraux en brique sont r\u00e9sistants \u00e0 l&#x27;eau et aux intemp\u00e9ries. Vous les fixez \u00e0 l&#x27;aide de <a href=\"https:\/\/aydodeco.nl\/montagelijm-binnen-buiten\/\">colle de montage<\/a> ou de vis \u2014 1 tube suffit pour 2 panneaux. Vous pouvez les d\u00e9couper sur mesure \u00e0 l&#x27;aide d&#x27;une scie \u00e0 main ou <a href=\"https:\/\/aydodeco.nl\/stanleymes\/\">d&#x27;un cutter<\/a>. Pour les joints, utilisez <a href=\"https:\/\/aydodeco.nl\/voegkit-piedra-panel-acrylaat-met-korrelstructuur\/\">du mastic \u00e0 joints<\/a>, 1 tube suffisant pour 3 m\u00b2. Vous pouvez finir les joints avec <a href=\"https:\/\/aydodeco.nl\/siliconenkit-transparant-grijs\/\">du mastic silicone<\/a>.<\/p>\n<h2>Convient pour le salon, les fa\u00e7ades et les applications ext\u00e9rieures<\/h2>\n<p>Ces panneaux muraux 3D conviennent pour <a href=\"https:\/\/aydodeco.nl\/fr\/panneaux-muraux-pour-le-salon-2\/\">le salon<\/a>, le couloir, l&#x27;entr\u00e9e et la cuisine. Ils sont parfaits pour cr\u00e9er un mur d&#x27;accent ou autour d&#x27;une chemin\u00e9e. En <a href=\"https:\/\/aydodeco.nl\/fr\/panneaux-muraux-exterieurs\/\">ext\u00e9rieur,<\/a> ils conviennent pour les fa\u00e7ades, les murs de jardin et les toitures de terrasse. Pour une utilisation en ext\u00e9rieur, appliquez <a href=\"https:\/\/aydodeco.nl\/gevelimpregnatie-5l\/\">un produit d&#x27;impr\u00e9gnation pour fa\u00e7ade<\/a> afin d&#x27;assurer une protection suppl\u00e9mentaire.<\/p>\n<h2>Caract\u00e9ristiques<\/h2>\n<ul>\n<li>Dimensions : 115 x 58,5 x 4,5 cm<\/li>\n<li>Mat\u00e9riau : polyur\u00e9thane densifi\u00e9 (HD)<\/li>\n<li>Couleur : Colorado Coffee (marron)<\/li>\n<li>Poids : environ 2,5 kg par panneau<\/li>\n<li>Coefficient d&#x27;isolation thermique : \u00b1 RD 1,3<\/li>\n<li>R\u00e9sistant \u00e0 l&#x27;eau : Oui<\/li>\n<li>Peut \u00eatre peint : Oui<\/li>\n<li>Recyclable : Oui<\/li>\n<li>Garantie : garantie fabricant de 10 ans<\/li>\n<\/ul>\n<h2>Entretien<\/h2>\n<p>Nettoyez avec un chiffon humide. La surface r\u00e9sistante aux rayures et aux chocs n\u00e9cessite peu d&#x27;entretien. Le panneau est recouvrable si vous souhaitez changer de couleur.<\/p>\n<p><strong>Remarque :<\/strong> des diff\u00e9rences de couleur peuvent appara\u00eetre en raison des diff\u00e9rents lots de production. Lorsqu&#x27;un lot est \u00e9puis\u00e9 et r\u00e9approvisionn\u00e9, la couleur peut diff\u00e9rer de celle des panneaux livr\u00e9s pr\u00e9c\u00e9demment.<\/p>\n","protected":false},"excerpt":{"rendered":"<p>116x59x4,4cm<\/p>\n","protected":false},"featured_media":229240,"comment_status":"open","ping_status":"closed","template":"","meta":{"site-sidebar-layout":"default","site-content-layout":"","ast-site-content-layout":"default","site-content-style":"default","site-sidebar-style":"default","ast-global-header-display":"","ast-banner-title-visibility":"","ast-main-header-display":"","ast-hfb-above-header-display":"","ast-hfb-below-header-display":"","ast-hfb-mobile-header-display":"","site-post-title":"","ast-breadcrumbs-content":"","ast-featured-img":"","footer-sml-layout":"","ast-disable-related-posts":"","theme-transparent-header-meta":"default","adv-header-id-meta":"","stick-header-meta":"default","header-above-stick-meta":"","header-main-stick-meta":"","header-below-stick-meta":"","astra-migrate-meta-layouts":"set","ast-page-background-enabled":"default","ast-page-background-meta":{"desktop":{"background-color":"var(--ast-global-color-4)","background-image":"","background-repeat":"repeat","background-position":"center center","background-size":"auto","background-attachment":"scroll","background-type":"","background-media":"","overlay-type":"","overlay-color":"","overlay-opacity":"","overlay-gradient":""},"tablet":{"background-color":"","background-image":"","background-repeat":"repeat","background-position":"center center","background-size":"auto","background-attachment":"scroll","background-type":"","background-media":"","overlay-type":"","overlay-color":"","overlay-opacity":"","overlay-gradient":""},"mobile":{"background-color":"","background-image":"","background-repeat":"repeat","background-position":"center center","background-size":"auto","background-attachment":"scroll","background-type":"","background-media":"","overlay-type":"","overlay-color":"","overlay-opacity":"","overlay-gradient":""}},"ast-content-background-meta":{"desktop":{"background-color":"var(--ast-global-color-5)","background-image":"","background-repeat":"repeat","background-position":"center center","background-size":"auto","background-attachment":"scroll","background-type":"","background-media":"","overlay-type":"","overlay-color":"","overlay-opacity":"","overlay-gradient":""},"tablet":{"background-color":"var(--ast-global-color-5)","background-image":"","background-repeat":"repeat","background-position":"center center","background-size":"auto","background-attachment":"scroll","background-type":"","background-media":"","overlay-type":"","overlay-color":"","overlay-opacity":"","overlay-gradient":""},"mobile":{"background-color":"var(--ast-global-color-5)","background-image":"","background-repeat":"repeat","background-position":"center center","background-size":"auto","background-attachment":"scroll","background-type":"","background-media":"","overlay-type":"","overlay-color":"","overlay-opacity":"","overlay-gradient":""}}},"product_brand":[],"product_cat":[368,537,369],"product_tag":[371,372,517],"class_list":{"0":"post-229223","1":"product","2":"type-product","3":"status-publish","4":"has-post-thumbnail","6":"product_cat-panneaux-muraux-3d","7":"product_cat-panneaux-muraux-elite-pu-xl","8":"product_cat-panneaux-muraux-piedra","9":"product_tag-bandes-de-pierre-a-lexterieur","10":"product_tag-korting25-50eps-fr-1","11":"product_tag-nouveau","12":"product_shipping_class-elitepu-5-fr","13":"pa_steenstrips-geschikt-voor-derriere-la-cuisiniere-a-gaz","14":"pa_steenstrips-geschikt-voor-exterieur-resistant-aux-intemperies","15":"desktop-align-left","16":"tablet-align-left","17":"mobile-align-left","18":"ast-product-gallery-layout-vertical-slider","19":"ast-product-tabs-layout-vertical","20":"ast-qv-on-image","22":"first","23":"instock","24":"sale","25":"taxable","26":"shipping-taxable","27":"purchasable","28":"product-type-simple"},"_links":{"self":[{"href":"https:\/\/aydodeco.nl\/fr\/wp-json\/wp\/v2\/product\/229223","targetHints":{"allow":["GET"]}}],"collection":[{"href":"https:\/\/aydodeco.nl\/fr\/wp-json\/wp\/v2\/product"}],"about":[{"href":"https:\/\/aydodeco.nl\/fr\/wp-json\/wp\/v2\/types\/product"}],"replies":[{"embeddable":true,"href":"https:\/\/aydodeco.nl\/fr\/wp-json\/wp\/v2\/comments?post=229223"}],"version-history":[{"count":0,"href":"https:\/\/aydodeco.nl\/fr\/wp-json\/wp\/v2\/product\/229223\/revisions"}],"wp:featuredmedia":[{"embeddable":true,"href":"https:\/\/aydodeco.nl\/fr\/wp-json\/wp\/v2\/media\/229240"}],"wp:attachment":[{"href":"https:\/\/aydodeco.nl\/fr\/wp-json\/wp\/v2\/media?parent=229223"}],"wp:term":[{"taxonomy":"product_brand","embeddable":true,"href":"https:\/\/aydodeco.nl\/fr\/wp-json\/wp\/v2\/product_brand?post=229223"},{"taxonomy":"product_cat","embeddable":true,"href":"https:\/\/aydodeco.nl\/fr\/wp-json\/wp\/v2\/product_cat?post=229223"},{"taxonomy":"product_tag","embeddable":true,"href":"https:\/\/aydodeco.nl\/fr\/wp-json\/wp\/v2\/product_tag?post=229223"}],"curies":[{"name":"wp","href":"https:\/\/api.w.org\/{rel}","templated":true}]}}