{"id":228580,"date":"2026-04-02T15:39:53","date_gmt":"2026-04-02T13:39:53","guid":{"rendered":"https:\/\/aydodeco.nl\/?post_type=product&#038;p=228580"},"modified":"2026-04-09T11:58:57","modified_gmt":"2026-04-09T09:58:57","slug":"chene-panneaux-acoustiques-flexibles-mdf-feutre-275x100cm-kopie-kopie-kopie-kopie","status":"publish","type":"product","link":"https:\/\/aydodeco.nl\/fr\/chene-panneaux-acoustiques-flexibles-mdf-feutre-275x100cm-kopie-kopie-kopie-kopie\/","title":{"rendered":"Ch\u00eane &#8211; Panneaux acoustiques flexibles &#8211; MDF &amp; feutre (275x100cm) (kopie) (kopie) (kopie) (kopie)"},"content":{"rendered":"<p>Ces panneaux muraux acoustiques en feutre sont compos\u00e9s de lattes en MDF recouvertes sur trois c\u00f4t\u00e9s d&#x27;un placage en PVC imitation ch\u00eane naturel flamm\u00e9 et dot\u00e9es d&#x27;un dos souple en feutre recycl\u00e9. Le panneau mesure 60 x 280 cm et a une \u00e9paisseur de 2 cm. Gr\u00e2ce \u00e0 leur structure souple, ils peuvent \u00e9galement \u00eatre install\u00e9s sur des murs courbes ou en pente.<\/p>\n<h2>Lattes en MDF finies sur 3 c\u00f4t\u00e9s sur feutre recycl\u00e9 pour mur d&#x27;isolation acoustique<\/h2>\n<p>Les lattes en MDF sont finies sur 3 c\u00f4t\u00e9s avec un placage PVC aspect bois en ch\u00eane naturel flamm\u00e9. Ainsi, aucun bord non fini n&#x27;est visible, m\u00eame sur les c\u00f4t\u00e9s. Le dos est constitu\u00e9 d&#x27;un feutre \u00e9pais et solide issu de bouteilles en PET recycl\u00e9es. Ce feutre assure l&#x27;insonorisation et emp\u00eache les lattes de se d\u00e9former.<\/p>\n<h2>Installation flexible avec de la colle de montage sur n&#x27;importe quel support<\/h2>\n<p>Vous fixez ces panneaux insonorisants directement au mur \u00e0 l&#x27;aide de <a href=\"https:\/\/aydodeco.nl\/montagelijm-binnen-buiten\/\">colle de montage<\/a> ou de vis. Il vous faudra 2 \u00e0 3 tubes par panneau. Pour les d\u00e9couper sur mesure, utilisez une scie \u00e0 main \u00e0 denture fine ou <a href=\"https:\/\/aydodeco.nl\/stanleymes\/\">un cutter<\/a> pour le feutre. Sciez les angles en onglet, comme pour les plinthes. Pour une finition soign\u00e9e, appliquez <a href=\"https:\/\/aydodeco.nl\/siliconenkit-transparant-grijs\/\">du mastic silicone<\/a> sur les bords. Comme les panneaux sont flexibles, vous pouvez \u00e9galement les poser autour de colonnes et sur des murs en pente.<\/p>\n<h2>Convient pour le salon, la chambre \u00e0 coucher et le bureau<\/h2>\n<p>Ce rev\u00eatement mural acoustique convient pour <a href=\"https:\/\/aydodeco.nl\/fr\/panneaux-muraux-pour-le-salon-2\/\">les panneaux muraux du salon<\/a>, <a href=\"https:\/\/aydodeco.nl\/fr\/panneaux-muraux-pour-chambres-a-coucher\/\">de la chambre \u00e0 coucher<\/a> et du couloir ou de l&#x27;entr\u00e9e. Dans un bureau ou un studio, ils am\u00e9liorent l&#x27;isolation acoustique des murs et att\u00e9nuent la r\u00e9verb\u00e9ration. Ces panneaux insonorisants conviennent \u00e9galement tr\u00e8s bien aux int\u00e9rieurs de restaurants et de caf\u00e9s. La couleur ch\u00eane naturel flamm\u00e9 conf\u00e8re au mur un aspect bois clair avec un grain vivant.<\/p>\n<h2>Caract\u00e9ristiques<\/h2>\n<ul>\n<li>Dimensions : 60 x 280 x 2 cm<\/li>\n<li>Mat\u00e9riau face avant : MDF avec placage PVC aspect bois<\/li>\n<li>Mat\u00e9riau de la face arri\u00e8re : feutre recycl\u00e9 (bouteilles en PET)<\/li>\n<li>Finition : placage sur 3 c\u00f4t\u00e9s, ch\u00eane naturel flamm\u00e9<\/li>\n<li>Flexible : Oui, convient aux murs courbes et inclin\u00e9s<\/li>\n<li>Montage : colle de montage ou vis (2 \u00e0 3 tubes par panneau)<\/li>\n<\/ul>\n<p><strong>Remarque :<\/strong> des diff\u00e9rences de couleur peuvent appara\u00eetre en raison des diff\u00e9rents lots de production. Lorsqu&#x27;un lot est \u00e9puis\u00e9 et r\u00e9approvisionn\u00e9, la couleur peut diff\u00e9rer de celle des panneaux livr\u00e9s pr\u00e9c\u00e9demment.<\/p>\n","protected":false},"excerpt":{"rendered":"<p>100x275x1cm<\/p>\n","protected":false},"featured_media":228944,"comment_status":"open","ping_status":"closed","template":"","meta":{"site-sidebar-layout":"default","site-content-layout":"","ast-site-content-layout":"default","site-content-style":"default","site-sidebar-style":"default","ast-global-header-display":"","ast-banner-title-visibility":"","ast-main-header-display":"","ast-hfb-above-header-display":"","ast-hfb-below-header-display":"","ast-hfb-mobile-header-display":"","site-post-title":"","ast-breadcrumbs-content":"","ast-featured-img":"","footer-sml-layout":"","ast-disable-related-posts":"","theme-transparent-header-meta":"default","adv-header-id-meta":"","stick-header-meta":"default","header-above-stick-meta":"","header-main-stick-meta":"","header-below-stick-meta":"","astra-migrate-meta-layouts":"set","ast-page-background-enabled":"default","ast-page-background-meta":{"desktop":{"background-color":"var(--ast-global-color-4)","background-image":"","background-repeat":"repeat","background-position":"center center","background-size":"auto","background-attachment":"scroll","background-type":"","background-media":"","overlay-type":"","overlay-color":"","overlay-opacity":"","overlay-gradient":""},"tablet":{"background-color":"","background-image":"","background-repeat":"repeat","background-position":"center center","background-size":"auto","background-attachment":"scroll","background-type":"","background-media":"","overlay-type":"","overlay-color":"","overlay-opacity":"","overlay-gradient":""},"mobile":{"background-color":"","background-image":"","background-repeat":"repeat","background-position":"center center","background-size":"auto","background-attachment":"scroll","background-type":"","background-media":"","overlay-type":"","overlay-color":"","overlay-opacity":"","overlay-gradient":""}},"ast-content-background-meta":{"desktop":{"background-color":"var(--ast-global-color-5)","background-image":"","background-repeat":"repeat","background-position":"center center","background-size":"auto","background-attachment":"scroll","background-type":"","background-media":"","overlay-type":"","overlay-color":"","overlay-opacity":"","overlay-gradient":""},"tablet":{"background-color":"var(--ast-global-color-5)","background-image":"","background-repeat":"repeat","background-position":"center center","background-size":"auto","background-attachment":"scroll","background-type":"","background-media":"","overlay-type":"","overlay-color":"","overlay-opacity":"","overlay-gradient":""},"mobile":{"background-color":"var(--ast-global-color-5)","background-image":"","background-repeat":"repeat","background-position":"center center","background-size":"auto","background-attachment":"scroll","background-type":"","background-media":"","overlay-type":"","overlay-color":"","overlay-opacity":"","overlay-gradient":""}}},"product_brand":[],"product_cat":[420,387,355,266],"product_tag":[357,517],"class_list":{"0":"post-228580","1":"product","2":"type-product","3":"status-publish","4":"has-post-thumbnail","6":"product_cat-offres","7":"product_cat-panneaux-acoustiques-bois-feutre-280x60cm","8":"product_cat-panneaux-de-feutre-acoustique","9":"product_cat-panels-muraux-acoustiques","10":"product_tag-korting10-20akuxl-fr-1","11":"product_tag-nouveau","12":"product_shipping_class-panneaux-xl","13":"desktop-align-left","14":"tablet-align-left","15":"mobile-align-left","16":"ast-product-gallery-layout-vertical-slider","17":"ast-product-tabs-layout-vertical","18":"ast-qv-on-image","20":"first","21":"instock","22":"sale","23":"taxable","24":"shipping-taxable","25":"purchasable","26":"product-type-simple"},"_links":{"self":[{"href":"https:\/\/aydodeco.nl\/fr\/wp-json\/wp\/v2\/product\/228580","targetHints":{"allow":["GET"]}}],"collection":[{"href":"https:\/\/aydodeco.nl\/fr\/wp-json\/wp\/v2\/product"}],"about":[{"href":"https:\/\/aydodeco.nl\/fr\/wp-json\/wp\/v2\/types\/product"}],"replies":[{"embeddable":true,"href":"https:\/\/aydodeco.nl\/fr\/wp-json\/wp\/v2\/comments?post=228580"}],"version-history":[{"count":0,"href":"https:\/\/aydodeco.nl\/fr\/wp-json\/wp\/v2\/product\/228580\/revisions"}],"wp:featuredmedia":[{"embeddable":true,"href":"https:\/\/aydodeco.nl\/fr\/wp-json\/wp\/v2\/media\/228944"}],"wp:attachment":[{"href":"https:\/\/aydodeco.nl\/fr\/wp-json\/wp\/v2\/media?parent=228580"}],"wp:term":[{"taxonomy":"product_brand","embeddable":true,"href":"https:\/\/aydodeco.nl\/fr\/wp-json\/wp\/v2\/product_brand?post=228580"},{"taxonomy":"product_cat","embeddable":true,"href":"https:\/\/aydodeco.nl\/fr\/wp-json\/wp\/v2\/product_cat?post=228580"},{"taxonomy":"product_tag","embeddable":true,"href":"https:\/\/aydodeco.nl\/fr\/wp-json\/wp\/v2\/product_tag?post=228580"}],"curies":[{"name":"wp","href":"https:\/\/api.w.org\/{rel}","templated":true}]}}