{"id":228022,"date":"2026-03-27T14:51:52","date_gmt":"2026-03-27T13:51:52","guid":{"rendered":"https:\/\/aydodeco.nl\/?post_type=product&#038;p=228022"},"modified":"2026-03-28T10:33:24","modified_gmt":"2026-03-28T09:33:24","slug":"chene-panneaux-acoustiques-flexibles-mdf-feutre-275x100cm-kopie","status":"publish","type":"product","link":"https:\/\/aydodeco.nl\/fr\/chene-panneaux-acoustiques-flexibles-mdf-feutre-275x100cm-kopie\/","title":{"rendered":"Ch\u00eane &#8211; Panneaux acoustiques flexibles &#8211; MDF &amp; feutre (275x100cm) (kopie)"},"content":{"rendered":"<h1 style=\"font-size: 24px\">Panneaux acoustiques : la solution parfaite pour des panneaux muraux \u00e9l\u00e9gants et fonctionnels<\/h1>\n<p>Les panneaux acoustiques associent des lames de bois profondes de haute qualit\u00e9 \u00e0 un support robuste en feutre recycl\u00e9, ce qui permet d&rsquo;am\u00e9liorer de fa\u00e7on absolue l&rsquo;acoustique et l&rsquo;apparence de n&rsquo;importe quel mur.<br \/>\nCon\u00e7us pour cr\u00e9er un aspect chaleureux, attrayant et moderne, ces panneaux acoustiques peuvent \u00eatre mont\u00e9s n&rsquo;importe o\u00f9 \u00e0 l&rsquo;int\u00e9rieur. En outre, ils am\u00e9liorent consid\u00e9rablement l&rsquo;acoustique, optimisant ainsi la qualit\u00e9 du son dans n&rsquo;importe quelle pi\u00e8ce.<br \/>\nVisitez notre salle d&rsquo;exposition \u00e0 Oosterhout pour d\u00e9couvrir ce produit par vous-m\u00eame. <\/p>\n<p>Nos panneaux acoustiques flexibles sont con\u00e7us pour \u00eatre combin\u00e9s avec nos <a href=\"https:\/\/aydodeco.nl\/natuurlijke-deco-paneel\/\">panneaux d\u00e9coratifs en ch\u00eane<\/a> afin de rompre le motif des lattes. Ceci est bien s\u00fbr enti\u00e8rement optionnel. <\/p>\n<h2 style=\"font-size: 20px\"><strong>Une qualit\u00e9 distinctive<\/strong><\/h2>\n<p>Ce qui distingue les panneaux acoustiques des fournisseurs bon march\u00e9, c&rsquo;est l&rsquo;utilisation d&rsquo;un bois v\u00e9ritable. Alors que d&rsquo;autres fournisseurs optent souvent pour des lattes en plastique, nous garantissons que nos lattes en MDF ne se d\u00e9formeront pas gr\u00e2ce \u00e0 l&rsquo;utilisation d&rsquo;un feutre \u00e9pais et r\u00e9sistant fabriqu\u00e9 \u00e0 partir de bouteilles PET recycl\u00e9es. Le terme trompeur de \u00ab\u00a0panneaux de bois\u00a0\u00bb utilis\u00e9 par certains fournisseurs donne l&rsquo;impression d&rsquo;un bois v\u00e9ritable, alors que ce n&rsquo;est pas le cas. Chez Aydo Deco, vous choisissez des lattes MDF authentiques et de haute qualit\u00e9, ce qui explique la diff\u00e9rence de prix avec les fournisseurs bon march\u00e9.<br \/>\nEn outre, nos panneaux sont suffisamment flexibles pour \u00eatre utilis\u00e9s dans diff\u00e9rents styles et applications d&rsquo;int\u00e9rieur. Gr\u00e2ce \u00e0 cette flexibilit\u00e9, ils peuvent m\u00eame \u00eatre mont\u00e9s sur des murs courbes et angulaires. Par exemple, ils s&rsquo;adaptent parfaitement aux colonnes rondes, offrant ainsi une finition unique et \u00e9l\u00e9gante.     <\/p>\n<h2 style=\"font-size: 20px\"><strong>Sp\u00e9cifications techniques<\/strong><\/h2>\n<ul>\n<li><strong>Dimensions :<\/strong> 275 cm x 100 cm x 1 cm<\/li>\n<li><strong>Mat\u00e9riau :<\/strong>\n<ul>\n<li>Sous-couche : feutre recycl\u00e9 de haute qualit\u00e9<\/li>\n<li>Lamelles : MDF<\/li>\n<li>Couche sup\u00e9rieure : finition ch\u00eane aspect bois<\/li>\n<li>Montage avec <a href=\"https:\/\/aydodeco.nl\/montagekit-binnen-gebruik\/\">Montagekit<\/a> (2 \u00e0 3 bouteilles par panneau)<\/li>\n<\/ul>\n<\/li>\n<\/ul>\n<h2 style=\"font-size: 20px\"><strong>Assemblage facile et flexibilit\u00e9<\/strong><\/h2>\n<p>Les panneaux AKU peuvent \u00eatre facilement fix\u00e9s \u00e0 l&rsquo;aide de colle ou de vis. Pour la personnalisation, les panneaux peuvent \u00eatre facilement coup\u00e9s sur mesure, ce qui leur permet de s&rsquo;adapter parfaitement \u00e0 n&rsquo;importe quelle pi\u00e8ce. En outre, ils sont suffisamment flexibles pour \u00eatre utilis\u00e9s dans diff\u00e9rents styles et applications d&rsquo;int\u00e9rieur.Optez pour la qualit\u00e9 sup\u00e9rieure et l&rsquo;aspect authentique des panneaux Aydo Deco Aku. D\u00e9couvrez la diff\u00e9rence dans votre int\u00e9rieur avec nos panneaux acoustiques et profitez \u00e0 la fois de l&rsquo;esth\u00e9tique et de la fonctionnalit\u00e9.   <\/p>\n","protected":false},"excerpt":{"rendered":"<p>100x275x1cm<\/p>\n","protected":false},"featured_media":228093,"comment_status":"open","ping_status":"closed","template":"","meta":{"site-sidebar-layout":"default","site-content-layout":"","ast-site-content-layout":"default","site-content-style":"default","site-sidebar-style":"default","ast-global-header-display":"","ast-banner-title-visibility":"","ast-main-header-display":"","ast-hfb-above-header-display":"","ast-hfb-below-header-display":"","ast-hfb-mobile-header-display":"","site-post-title":"","ast-breadcrumbs-content":"","ast-featured-img":"","footer-sml-layout":"","ast-disable-related-posts":"","theme-transparent-header-meta":"default","adv-header-id-meta":"","stick-header-meta":"default","header-above-stick-meta":"","header-main-stick-meta":"","header-below-stick-meta":"","astra-migrate-meta-layouts":"set","ast-page-background-enabled":"default","ast-page-background-meta":{"desktop":{"background-color":"var(--ast-global-color-4)","background-image":"","background-repeat":"repeat","background-position":"center center","background-size":"auto","background-attachment":"scroll","background-type":"","background-media":"","overlay-type":"","overlay-color":"","overlay-opacity":"","overlay-gradient":""},"tablet":{"background-color":"","background-image":"","background-repeat":"repeat","background-position":"center center","background-size":"auto","background-attachment":"scroll","background-type":"","background-media":"","overlay-type":"","overlay-color":"","overlay-opacity":"","overlay-gradient":""},"mobile":{"background-color":"","background-image":"","background-repeat":"repeat","background-position":"center center","background-size":"auto","background-attachment":"scroll","background-type":"","background-media":"","overlay-type":"","overlay-color":"","overlay-opacity":"","overlay-gradient":""}},"ast-content-background-meta":{"desktop":{"background-color":"var(--ast-global-color-5)","background-image":"","background-repeat":"repeat","background-position":"center center","background-size":"auto","background-attachment":"scroll","background-type":"","background-media":"","overlay-type":"","overlay-color":"","overlay-opacity":"","overlay-gradient":""},"tablet":{"background-color":"var(--ast-global-color-5)","background-image":"","background-repeat":"repeat","background-position":"center center","background-size":"auto","background-attachment":"scroll","background-type":"","background-media":"","overlay-type":"","overlay-color":"","overlay-opacity":"","overlay-gradient":""},"mobile":{"background-color":"var(--ast-global-color-5)","background-image":"","background-repeat":"repeat","background-position":"center center","background-size":"auto","background-attachment":"scroll","background-type":"","background-media":"","overlay-type":"","overlay-color":"","overlay-opacity":"","overlay-gradient":""}}},"product_brand":[],"product_cat":[420,266,387,355],"product_tag":[357,517],"class_list":{"0":"post-228022","1":"product","2":"type-product","3":"status-publish","4":"has-post-thumbnail","6":"product_cat-offres","7":"product_cat-panels-muraux-acoustiques","8":"product_cat-panneaux-acoustiques-bois-feutre-280x60cm","9":"product_cat-panneaux-de-feutre-acoustique","10":"product_tag-korting10-20akuxl-fr-1","11":"product_tag-nouveau","12":"product_shipping_class-panneaux-xl","13":"desktop-align-left","14":"tablet-align-left","15":"mobile-align-left","16":"ast-product-gallery-layout-vertical-slider","17":"ast-product-tabs-layout-vertical","18":"ast-qv-on-image","20":"first","21":"instock","22":"sale","23":"taxable","24":"shipping-taxable","25":"purchasable","26":"product-type-simple"},"_links":{"self":[{"href":"https:\/\/aydodeco.nl\/fr\/wp-json\/wp\/v2\/product\/228022","targetHints":{"allow":["GET"]}}],"collection":[{"href":"https:\/\/aydodeco.nl\/fr\/wp-json\/wp\/v2\/product"}],"about":[{"href":"https:\/\/aydodeco.nl\/fr\/wp-json\/wp\/v2\/types\/product"}],"replies":[{"embeddable":true,"href":"https:\/\/aydodeco.nl\/fr\/wp-json\/wp\/v2\/comments?post=228022"}],"version-history":[{"count":0,"href":"https:\/\/aydodeco.nl\/fr\/wp-json\/wp\/v2\/product\/228022\/revisions"}],"wp:featuredmedia":[{"embeddable":true,"href":"https:\/\/aydodeco.nl\/fr\/wp-json\/wp\/v2\/media\/228093"}],"wp:attachment":[{"href":"https:\/\/aydodeco.nl\/fr\/wp-json\/wp\/v2\/media?parent=228022"}],"wp:term":[{"taxonomy":"product_brand","embeddable":true,"href":"https:\/\/aydodeco.nl\/fr\/wp-json\/wp\/v2\/product_brand?post=228022"},{"taxonomy":"product_cat","embeddable":true,"href":"https:\/\/aydodeco.nl\/fr\/wp-json\/wp\/v2\/product_cat?post=228022"},{"taxonomy":"product_tag","embeddable":true,"href":"https:\/\/aydodeco.nl\/fr\/wp-json\/wp\/v2\/product_tag?post=228022"}],"curies":[{"name":"wp","href":"https:\/\/api.w.org\/{rel}","templated":true}]}}