{"id":217979,"date":"2026-01-29T14:49:36","date_gmt":"2026-01-29T13:49:36","guid":{"rendered":"https:\/\/aydodeco.nl\/?post_type=product&#038;p=217979"},"modified":"2026-04-16T20:40:38","modified_gmt":"2026-04-16T18:40:38","slug":"heavy-concrete-panneau-mural-3d-daspect-beton","status":"publish","type":"product","link":"https:\/\/aydodeco.nl\/fr\/heavy-concrete-panneau-mural-3d-daspect-beton\/","title":{"rendered":"Heavy Concrete &#8211; Panneau mural 3D d&rsquo;aspect b\u00e9ton"},"content":{"rendered":"<h2>Panneau mural en b\u00e9ton lourd Regard en b\u00e9ton<\/h2>\n<p>Les panneaux muraux en b\u00e9ton sont incontournables dans un int\u00e9rieur moderne\/industriel. Le b\u00e9ton en tant que rev\u00eatement mural est de plus en plus utilis\u00e9 \u00e0 l&rsquo;int\u00e9rieur. Le b\u00e9ton donne une impression de robustesse et de calme et peut \u00eatre combin\u00e9 avec de nombreux styles. Ces panneaux muraux en b\u00e9ton sont tr\u00e8s faciles \u00e0 personnaliser et constituent une alternative int\u00e9ressante \u00e0 la peinture ou au papier peint. Ils donnent une impression plus r\u00e9aliste du vrai b\u00e9ton.    <\/p>\n<h3>Panneaux muraux en b\u00e9ton<\/h3>\n<p>Les panneaux muraux en b\u00e9ton peuvent \u00eatre plac\u00e9s n&rsquo;importe o\u00f9. Par exemple, en tant que rev\u00eatement de cl\u00f4ture ou de mur ext\u00e9rieur. Ils ne n\u00e9cessitent aucun entretien et ont un effet isolant. Cela se traduit par des factures d&rsquo;\u00e9nergie moins \u00e9lev\u00e9es \u00e0 la fin de l&rsquo;ann\u00e9e et moins de nuisances de la part des voisins. Les panneaux muraux en PSE isolent du bruit et de la temp\u00e9rature !    <\/p>\n<p>Transformez votre espace int\u00e9rieur ou ext\u00e9rieur avec les panneaux en b\u00e9ton. Avec leur aspect authentique et leur rev\u00eatement mural en 3D, ces panneaux donnent \u00e0 votre espace quelque chose de sp\u00e9cial. Ils sont faciles \u00e0 assembler et ultra-l\u00e9gers, ce qui vous permet de les d\u00e9placer n&rsquo;importe o\u00f9. Compl\u00e9tez votre espace avec les panneaux en b\u00e9ton.   <\/p>\n<p>&nbsp;<\/p>\n<p><strong>Principales caract\u00e9ristiques<\/strong><\/p>\n<ul>\n<li>Garantie de 2 ans<\/li>\n<li>Convient pour un usage int\u00e9rieur et ext\u00e9rieur <span style=\"color: #ff3c00\"><strong><a style=\"color: #c8881a\" href=\"https:\/\/aydodeco.nl\/winkel\/montagemiddelen\/gevelimpregnatie-2-5l\/\">(l&rsquo;utilisation en ext\u00e9rieur n\u00e9cessite une impr\u00e9gnation)<\/a><\/strong><\/span><\/li>\n<li>les prix s&rsquo;entendent par pi\u00e8ce<\/li>\n<li>dimensions 50x120cm (\u00e9paisseur 2 centim\u00e8tres)<\/li>\n<li>poids environ 1kg par panneau<\/li>\n<li>convient pour l&rsquo;int\u00e9rieur et l&rsquo;ext\u00e9rieur (pas sous l&rsquo;eau courante)<\/li>\n<li>se fixe sur tous les types de murs<\/li>\n<li>peut \u00eatre utilis\u00e9 directement sur du papier peint, du carrelage existant, du bois, du verre, etc.<\/li>\n<li>facile \u00e0 travailler avec un couteau Stanley, une scie \u00e0 main ou une scie \u00e9lectrique<\/li>\n<li>R\u00e9sistant aux UV et aux intemp\u00e9ries<\/li>\n<li>l\u00e9ger, r\u00e9sistant aux rayures et aux chocs<\/li>\n<li>\u00e0 peindre au choix<\/li>\n<li>effet favorable sur l&rsquo;isolation thermique et acoustique<\/li>\n<li>valeur rd environ 0,6R<\/li>\n<li>indiscernable de la vraie brique<\/li>\n<li>la fixation des angles au moyen de coupes en onglet (comme pour les plinthes)<\/li>\n<li>Excellent pour une utilisation ext\u00e9rieure telle que maison d&rsquo;\u00e9t\u00e9, chalet, bord d&rsquo;\u00e9tang<\/li>\n<li><b>Peinture incluse :<\/b> pour un aspect 100% sans couture apr\u00e8s avoir peint les coutures.<\/li>\n<\/ul>\n<p><strong>Propri\u00e9t\u00e9s des mat\u00e9riaux<\/strong><\/p>\n<ul>\n<li>Sous-couche :<strong>ISOMO<\/strong> \/ <strong>EPS<\/strong>, polystyr\u00e8ne expans\u00e9<\/li>\n<li>Couche sup\u00e9rieure : r\u00e9sine polyester + m\u00e9lange de ciment \/ poudre de pierre<\/li>\n<li>100% recyclable<\/li>\n<li>Valeur d&rsquo;isolation \u00b1 RD 0,6<\/li>\n<\/ul>\n<p><strong>Conseil d&rsquo;un professionnel !<\/strong><br \/>\nAvant le traitement des panneaux, nous vous recommandons de manipuler les bords et les coins des panneaux avec pr\u00e9caution. Dans le cas improbable o\u00f9 les c\u00f4t\u00e9s\/coins seraient l\u00e9g\u00e8rement endommag\u00e9s, il est tr\u00e8s facile d&rsquo;y rem\u00e9dier.<br \/>\nPosez une r\u00e8gle au dos du panneau et utilisez une scie \u00e0 main \u00e0 dents fines pour d\u00e9couper la pi\u00e8ce souhait\u00e9e dans le sens horizontal ou vertical.<\/p>\n","protected":false},"excerpt":{"rendered":"<p>120x50x2cm<\/p>\n","protected":false},"featured_media":218023,"comment_status":"open","ping_status":"closed","template":"","meta":{"site-sidebar-layout":"default","site-content-layout":"","ast-site-content-layout":"default","site-content-style":"default","site-sidebar-style":"default","ast-global-header-display":"","ast-banner-title-visibility":"","ast-main-header-display":"","ast-hfb-above-header-display":"","ast-hfb-below-header-display":"","ast-hfb-mobile-header-display":"","site-post-title":"","ast-breadcrumbs-content":"","ast-featured-img":"","footer-sml-layout":"","ast-disable-related-posts":"","theme-transparent-header-meta":"default","adv-header-id-meta":"","stick-header-meta":"default","header-above-stick-meta":"","header-main-stick-meta":"","header-below-stick-meta":"","astra-migrate-meta-layouts":"set","ast-page-background-enabled":"default","ast-page-background-meta":{"desktop":{"background-color":"var(--ast-global-color-4)","background-image":"","background-repeat":"repeat","background-position":"center center","background-size":"auto","background-attachment":"scroll","background-type":"","background-media":"","overlay-type":"","overlay-color":"","overlay-opacity":"","overlay-gradient":""},"tablet":{"background-color":"","background-image":"","background-repeat":"repeat","background-position":"center center","background-size":"auto","background-attachment":"scroll","background-type":"","background-media":"","overlay-type":"","overlay-color":"","overlay-opacity":"","overlay-gradient":""},"mobile":{"background-color":"","background-image":"","background-repeat":"repeat","background-position":"center center","background-size":"auto","background-attachment":"scroll","background-type":"","background-media":"","overlay-type":"","overlay-color":"","overlay-opacity":"","overlay-gradient":""}},"ast-content-background-meta":{"desktop":{"background-color":"var(--ast-global-color-5)","background-image":"","background-repeat":"repeat","background-position":"center center","background-size":"auto","background-attachment":"scroll","background-type":"","background-media":"","overlay-type":"","overlay-color":"","overlay-opacity":"","overlay-gradient":""},"tablet":{"background-color":"var(--ast-global-color-5)","background-image":"","background-repeat":"repeat","background-position":"center center","background-size":"auto","background-attachment":"scroll","background-type":"","background-media":"","overlay-type":"","overlay-color":"","overlay-opacity":"","overlay-gradient":""},"mobile":{"background-color":"var(--ast-global-color-5)","background-image":"","background-repeat":"repeat","background-position":"center center","background-size":"auto","background-attachment":"scroll","background-type":"","background-media":"","overlay-type":"","overlay-color":"","overlay-opacity":"","overlay-gradient":""}}},"product_brand":[],"product_cat":[420,368,540,458],"product_tag":[371,372,778],"class_list":{"0":"post-217979","1":"product","2":"type-product","3":"status-publish","4":"has-post-thumbnail","6":"product_cat-offres","7":"product_cat-panneaux-muraux-3d","8":"product_cat-panneaux-muraux-3d-en-eps","9":"product_cat-panneaux-muraux-en-beton","10":"product_tag-bandes-de-pierre-a-lexterieur","11":"product_tag-korting25-50eps-fr-1","12":"product_tag-vendredi-noir","13":"product_shipping_class-panneaux-xl","14":"pa_steenstrips-geschikt-voor-derriere-la-cuisiniere-a-gaz","15":"pa_steenstrips-geschikt-voor-exterieur-resistant-aux-intemperies","16":"desktop-align-left","17":"tablet-align-left","18":"mobile-align-left","19":"ast-product-gallery-layout-vertical-slider","20":"ast-product-tabs-layout-vertical","21":"ast-qv-on-image","23":"first","24":"instock","25":"sale","26":"taxable","27":"shipping-taxable","28":"purchasable","29":"product-type-simple"},"_links":{"self":[{"href":"https:\/\/aydodeco.nl\/fr\/wp-json\/wp\/v2\/product\/217979","targetHints":{"allow":["GET"]}}],"collection":[{"href":"https:\/\/aydodeco.nl\/fr\/wp-json\/wp\/v2\/product"}],"about":[{"href":"https:\/\/aydodeco.nl\/fr\/wp-json\/wp\/v2\/types\/product"}],"replies":[{"embeddable":true,"href":"https:\/\/aydodeco.nl\/fr\/wp-json\/wp\/v2\/comments?post=217979"}],"version-history":[{"count":0,"href":"https:\/\/aydodeco.nl\/fr\/wp-json\/wp\/v2\/product\/217979\/revisions"}],"wp:featuredmedia":[{"embeddable":true,"href":"https:\/\/aydodeco.nl\/fr\/wp-json\/wp\/v2\/media\/218023"}],"wp:attachment":[{"href":"https:\/\/aydodeco.nl\/fr\/wp-json\/wp\/v2\/media?parent=217979"}],"wp:term":[{"taxonomy":"product_brand","embeddable":true,"href":"https:\/\/aydodeco.nl\/fr\/wp-json\/wp\/v2\/product_brand?post=217979"},{"taxonomy":"product_cat","embeddable":true,"href":"https:\/\/aydodeco.nl\/fr\/wp-json\/wp\/v2\/product_cat?post=217979"},{"taxonomy":"product_tag","embeddable":true,"href":"https:\/\/aydodeco.nl\/fr\/wp-json\/wp\/v2\/product_tag?post=217979"}],"curies":[{"name":"wp","href":"https:\/\/api.w.org\/{rel}","templated":true}]}}