{"id":217956,"date":"2026-01-29T14:34:14","date_gmt":"2026-01-29T13:34:14","guid":{"rendered":"https:\/\/aydodeco.nl\/?post_type=product&#038;p=217956"},"modified":"2026-05-15T15:55:58","modified_gmt":"2026-05-15T13:55:58","slug":"chene-naturel-mdf-feutre-panneaux-acoustiques","status":"publish","type":"product","link":"https:\/\/aydodeco.nl\/fr\/chene-naturel-mdf-feutre-panneaux-acoustiques\/","title":{"rendered":"Ch\u00eane naturel &#8211; MDF &amp; feutre &#8211; Panneaux acoustiques"},"content":{"rendered":"<h1 style=\"font-size: 32px;font-weight: bold;margin-bottom: 0.5em\">Panneaux muraux acoustiques en ch\u00eane naturel<\/h1>\n<p>D\u00e9couvrez l&rsquo;\u00e9l\u00e9gance sophistiqu\u00e9e et la fonctionnalit\u00e9 de nos <strong>panneaux muraux acoustiques en bois de<\/strong> ch\u00eane naturel.<br \/>\nCes panneaux sont con\u00e7us avec un d\u00e9tail unique : les lames sont <strong>finies<\/strong> sur <strong>trois c\u00f4t\u00e9s*<\/strong>, cr\u00e9ant ainsi un aspect luxueux et homog\u00e8ne dans n&rsquo;importe quelle pi\u00e8ce. Parfait pour ceux qui souhaitent combiner style et confort acoustique. <\/p>\n<p>Le NCR (Noise Reduction Coefficient) de nos panneaux acoustiques est de 0,75.<\/p>\n<h3 style=\"font-size: 20px;font-weight: bold;margin-bottom: 0.5em\">Pourquoi choisir les panneaux en ch\u00eane naturel ?<\/h3>\n<ul>\n<li><strong>\u00c9l\u00e9gance \u00e0 360\u00b0 :<\/strong> les lattes sont orn\u00e9es de bois sur toutes les faces visibles, ce qui leur conf\u00e8re un aspect haut de gamme sous tous les angles.<\/li>\n<li><strong>Look sophistiqu\u00e9 :<\/strong> la couleur noire ajoute un \u00e9l\u00e9ment moderne et sophistiqu\u00e9 \u00e0 votre int\u00e9rieur.<\/li>\n<li><strong>Excellente isolation acoustique :<\/strong> Le support en feutre absorbe les bruits, contribuant ainsi \u00e0 un environnement silencieux.<\/li>\n<li><strong>Installation facile :<\/strong> Facile \u00e0 assembler gr\u00e2ce \u00e0 un kit de montage.<\/li>\n<li><strong>Largement applicable :<\/strong> Convient aux salons, aux bureaux, aux studios, aux salles de r\u00e9union, etc.<\/li>\n<\/ul>\n<h3 style=\"font-size: 20px;font-weight: bold;margin-bottom: 0.5em\">Sp\u00e9cifications<\/h3>\n<table>\n<tbody>\n<tr>\n<th>Dimensions : 270x60x2 cm<\/th>\n<td>270x60x2 cm<\/td>\n<\/tr>\n<tr>\n<th>Couleur<\/th>\n<td>Ch\u00eane naturel<\/td>\n<\/tr>\n<tr>\n<th>Mat\u00e9riau Avant<\/th>\n<td>MDF avec placage aspect bois*.<\/td>\n<\/tr>\n<tr>\n<th>Mat\u00e9riau du dos<\/th>\n<td>Feutre<\/td>\n<\/tr>\n<tr>\n<th>Montage<\/th>\n<td>S&rsquo;en tenir au <a href=\"https:\/\/aydodeco.nl\/montagekit-binnen-gebruik\/\">Montagekit<\/a> (2 bouteilles par panneau)<\/td>\n<\/tr>\n<\/tbody>\n<\/table>\n<p>Mettez en valeur vos murs avec l&rsquo;aspect luxueux du ch\u00eane naturel et d\u00e9couvrez la diff\u00e9rence en termes de confort sonore et de style. Commandez d\u00e8s aujourd&rsquo;hui et cr\u00e9ez un environnement \u00e9l\u00e9gant et serein ! <\/p>\n<p><em>*Le placage est fabriqu\u00e9 en PVC et ressemble \u00e0 du bois.<\/em><\/p>\n<p><strong>VEUILLEZ NOTER :<\/strong> En raison des diff\u00e9rents lots de production, des diff\u00e9rences de couleur peuvent survenir. Lorsqu&rsquo;un lot est \u00e9puis\u00e9 et r\u00e9approvisionn\u00e9, la couleur peut diff\u00e9rer des commandes pr\u00e9c\u00e9dentes. Pour les commandes r\u00e9p\u00e9t\u00e9es, veuillez en tenir compte.  <\/p>\n","protected":false},"excerpt":{"rendered":"<p>60x270x2cm<\/p>\n","protected":false},"featured_media":217857,"comment_status":"open","ping_status":"closed","template":"","meta":{"site-sidebar-layout":"default","site-content-layout":"","ast-site-content-layout":"default","site-content-style":"default","site-sidebar-style":"default","ast-global-header-display":"","ast-banner-title-visibility":"","ast-main-header-display":"","ast-hfb-above-header-display":"","ast-hfb-below-header-display":"","ast-hfb-mobile-header-display":"","site-post-title":"","ast-breadcrumbs-content":"","ast-featured-img":"","footer-sml-layout":"","ast-disable-related-posts":"","theme-transparent-header-meta":"default","adv-header-id-meta":"","stick-header-meta":"default","header-above-stick-meta":"","header-main-stick-meta":"","header-below-stick-meta":"","astra-migrate-meta-layouts":"set","ast-page-background-enabled":"default","ast-page-background-meta":{"desktop":{"background-color":"var(--ast-global-color-4)","background-image":"","background-repeat":"repeat","background-position":"center center","background-size":"auto","background-attachment":"scroll","background-type":"","background-media":"","overlay-type":"","overlay-color":"","overlay-opacity":"","overlay-gradient":""},"tablet":{"background-color":"","background-image":"","background-repeat":"repeat","background-position":"center center","background-size":"auto","background-attachment":"scroll","background-type":"","background-media":"","overlay-type":"","overlay-color":"","overlay-opacity":"","overlay-gradient":""},"mobile":{"background-color":"","background-image":"","background-repeat":"repeat","background-position":"center center","background-size":"auto","background-attachment":"scroll","background-type":"","background-media":"","overlay-type":"","overlay-color":"","overlay-opacity":"","overlay-gradient":""}},"ast-content-background-meta":{"desktop":{"background-color":"var(--ast-global-color-5)","background-image":"","background-repeat":"repeat","background-position":"center center","background-size":"auto","background-attachment":"scroll","background-type":"","background-media":"","overlay-type":"","overlay-color":"","overlay-opacity":"","overlay-gradient":""},"tablet":{"background-color":"var(--ast-global-color-5)","background-image":"","background-repeat":"repeat","background-position":"center center","background-size":"auto","background-attachment":"scroll","background-type":"","background-media":"","overlay-type":"","overlay-color":"","overlay-opacity":"","overlay-gradient":""},"mobile":{"background-color":"var(--ast-global-color-5)","background-image":"","background-repeat":"repeat","background-position":"center center","background-size":"auto","background-attachment":"scroll","background-type":"","background-media":"","overlay-type":"","overlay-color":"","overlay-opacity":"","overlay-gradient":""}}},"product_brand":[],"product_cat":[420,355,487,266],"product_tag":[357,517,778],"class_list":{"0":"post-217956","1":"product","2":"type-product","3":"status-publish","4":"has-post-thumbnail","6":"product_cat-offres","7":"product_cat-panneaux-de-feutre-acoustique","8":"product_cat-panneaux-de-feutre-acoustique-270x60cm","9":"product_cat-panels-muraux-acoustiques","10":"product_tag-korting10-20akuxl-fr-1","11":"product_tag-nouveau","12":"product_tag-vendredi-noir","13":"product_shipping_class-panneaux-xl","14":"pa_specificaties-3-zijdig","15":"desktop-align-left","16":"tablet-align-left","17":"mobile-align-left","18":"ast-product-gallery-layout-vertical-slider","19":"ast-product-tabs-layout-vertical","20":"ast-qv-on-image","22":"first","23":"instock","24":"sale","25":"taxable","26":"shipping-taxable","27":"purchasable","28":"product-type-simple"},"_links":{"self":[{"href":"https:\/\/aydodeco.nl\/fr\/wp-json\/wp\/v2\/product\/217956","targetHints":{"allow":["GET"]}}],"collection":[{"href":"https:\/\/aydodeco.nl\/fr\/wp-json\/wp\/v2\/product"}],"about":[{"href":"https:\/\/aydodeco.nl\/fr\/wp-json\/wp\/v2\/types\/product"}],"replies":[{"embeddable":true,"href":"https:\/\/aydodeco.nl\/fr\/wp-json\/wp\/v2\/comments?post=217956"}],"version-history":[{"count":0,"href":"https:\/\/aydodeco.nl\/fr\/wp-json\/wp\/v2\/product\/217956\/revisions"}],"wp:featuredmedia":[{"embeddable":true,"href":"https:\/\/aydodeco.nl\/fr\/wp-json\/wp\/v2\/media\/217857"}],"wp:attachment":[{"href":"https:\/\/aydodeco.nl\/fr\/wp-json\/wp\/v2\/media?parent=217956"}],"wp:term":[{"taxonomy":"product_brand","embeddable":true,"href":"https:\/\/aydodeco.nl\/fr\/wp-json\/wp\/v2\/product_brand?post=217956"},{"taxonomy":"product_cat","embeddable":true,"href":"https:\/\/aydodeco.nl\/fr\/wp-json\/wp\/v2\/product_cat?post=217956"},{"taxonomy":"product_tag","embeddable":true,"href":"https:\/\/aydodeco.nl\/fr\/wp-json\/wp\/v2\/product_tag?post=217956"}],"curies":[{"name":"wp","href":"https:\/\/api.w.org\/{rel}","templated":true}]}}