{"id":211412,"date":"2025-12-05T13:38:31","date_gmt":"2025-12-05T12:38:31","guid":{"rendered":"https:\/\/aydodeco.nl\/panneaux-muraux-en-pvc-aspect-marbre-paquet-dechantillons-5-choix\/"},"modified":"2026-02-22T20:55:14","modified_gmt":"2026-02-22T19:55:14","slug":"panneaux-muraux-en-pvc-aspect-marbre-paquet-dechantillons-5-choix","status":"publish","type":"product","link":"https:\/\/aydodeco.nl\/fr\/panneaux-muraux-en-pvc-aspect-marbre-paquet-dechantillons-5-choix\/","title":{"rendered":"Panneaux muraux en PVC aspect marbre &#8211; Paquet d&rsquo;\u00e9chantillons (5 choix)"},"content":{"rendered":"<h2>Pack d&rsquo;\u00e9chantillons de panneaux muraux aspect marbre &#8211; 5 choix<\/h2>\n<p>D\u00e9couvrez l&rsquo;\u00e9l\u00e9gance et le luxe du marbre avec notre kit d&rsquo;essai de panneaux muraux aspect marbre. Ce pack contient 16 panneaux diff\u00e9rents parmi lesquels vous pouvez choisir et commander vos 5 panneaux pr\u00e9f\u00e9r\u00e9s.  C&rsquo;est l&rsquo;occasion id\u00e9ale de d\u00e9couvrir les diff\u00e9rents styles et finitions avant de faire un choix d\u00e9finitif pour votre int\u00e9rieur.<\/p>\n<p>Notre pack d&rsquo;\u00e9chantillons est id\u00e9al pour ceux qui recherchent un moyen \u00e9l\u00e9gant et abordable de transformer leur espace de vie. Commandez maintenant et donnez \u00e0 vos murs l&rsquo;aspect sophistiqu\u00e9 du v\u00e9ritable marbre ! <\/p>\n","protected":false},"excerpt":{"rendered":"<p>Pack d&rsquo;\u00e9chantillons de panneaux muraux aspect marbre &#8211; 5 choix D\u00e9couvrez l&rsquo;\u00e9l\u00e9gance et le luxe du marbre avec notre kit [&hellip;]<\/p>\n","protected":false},"featured_media":139991,"comment_status":"open","ping_status":"closed","template":"","meta":{"site-sidebar-layout":"default","site-content-layout":"","ast-site-content-layout":"default","site-content-style":"default","site-sidebar-style":"default","ast-global-header-display":"","ast-banner-title-visibility":"","ast-main-header-display":"","ast-hfb-above-header-display":"","ast-hfb-below-header-display":"","ast-hfb-mobile-header-display":"","site-post-title":"","ast-breadcrumbs-content":"","ast-featured-img":"","footer-sml-layout":"","ast-disable-related-posts":"","theme-transparent-header-meta":"default","adv-header-id-meta":"","stick-header-meta":"default","header-above-stick-meta":"","header-main-stick-meta":"","header-below-stick-meta":"","astra-migrate-meta-layouts":"set","ast-page-background-enabled":"default","ast-page-background-meta":{"desktop":{"background-color":"var(--ast-global-color-4)","background-image":"","background-repeat":"repeat","background-position":"center center","background-size":"auto","background-attachment":"scroll","background-type":"","background-media":"","overlay-type":"","overlay-color":"","overlay-opacity":"","overlay-gradient":""},"tablet":{"background-color":"","background-image":"","background-repeat":"repeat","background-position":"center center","background-size":"auto","background-attachment":"scroll","background-type":"","background-media":"","overlay-type":"","overlay-color":"","overlay-opacity":"","overlay-gradient":""},"mobile":{"background-color":"","background-image":"","background-repeat":"repeat","background-position":"center center","background-size":"auto","background-attachment":"scroll","background-type":"","background-media":"","overlay-type":"","overlay-color":"","overlay-opacity":"","overlay-gradient":""}},"ast-content-background-meta":{"desktop":{"background-color":"var(--ast-global-color-5)","background-image":"","background-repeat":"repeat","background-position":"center center","background-size":"auto","background-attachment":"scroll","background-type":"","background-media":"","overlay-type":"","overlay-color":"","overlay-opacity":"","overlay-gradient":""},"tablet":{"background-color":"var(--ast-global-color-5)","background-image":"","background-repeat":"repeat","background-position":"center center","background-size":"auto","background-attachment":"scroll","background-type":"","background-media":"","overlay-type":"","overlay-color":"","overlay-opacity":"","overlay-gradient":""},"mobile":{"background-color":"var(--ast-global-color-5)","background-image":"","background-repeat":"repeat","background-position":"center center","background-size":"auto","background-attachment":"scroll","background-type":"","background-media":"","overlay-type":"","overlay-color":"","overlay-opacity":"","overlay-gradient":""}}},"product_brand":[],"product_cat":[432,433],"product_tag":[],"class_list":{"0":"post-211412","1":"product","2":"type-product","3":"status-publish","4":"has-post-thumbnail","6":"product_cat-panneaux-muraux-aspect-marbre","7":"product_cat-panneaux-muraux-en-pvc-aspect-marbre","8":"product_shipping_class-sample-packs","9":"desktop-align-left","10":"tablet-align-left","11":"mobile-align-left","12":"ast-product-gallery-layout-vertical-slider","13":"ast-product-tabs-layout-vertical","14":"ast-qv-on-image","16":"first","17":"instock","18":"sale","19":"sold-individually","20":"taxable","21":"shipping-taxable","22":"purchasable","23":"product-type-sample_box"},"_links":{"self":[{"href":"https:\/\/aydodeco.nl\/fr\/wp-json\/wp\/v2\/product\/211412","targetHints":{"allow":["GET"]}}],"collection":[{"href":"https:\/\/aydodeco.nl\/fr\/wp-json\/wp\/v2\/product"}],"about":[{"href":"https:\/\/aydodeco.nl\/fr\/wp-json\/wp\/v2\/types\/product"}],"replies":[{"embeddable":true,"href":"https:\/\/aydodeco.nl\/fr\/wp-json\/wp\/v2\/comments?post=211412"}],"version-history":[{"count":0,"href":"https:\/\/aydodeco.nl\/fr\/wp-json\/wp\/v2\/product\/211412\/revisions"}],"wp:featuredmedia":[{"embeddable":true,"href":"https:\/\/aydodeco.nl\/fr\/wp-json\/wp\/v2\/media\/139991"}],"wp:attachment":[{"href":"https:\/\/aydodeco.nl\/fr\/wp-json\/wp\/v2\/media?parent=211412"}],"wp:term":[{"taxonomy":"product_brand","embeddable":true,"href":"https:\/\/aydodeco.nl\/fr\/wp-json\/wp\/v2\/product_brand?post=211412"},{"taxonomy":"product_cat","embeddable":true,"href":"https:\/\/aydodeco.nl\/fr\/wp-json\/wp\/v2\/product_cat?post=211412"},{"taxonomy":"product_tag","embeddable":true,"href":"https:\/\/aydodeco.nl\/fr\/wp-json\/wp\/v2\/product_tag?post=211412"}],"curies":[{"name":"wp","href":"https:\/\/api.w.org\/{rel}","templated":true}]}}