{"id":211370,"date":"2025-12-05T14:00:41","date_gmt":"2025-12-05T13:00:41","guid":{"rendered":"https:\/\/aydodeco.nl\/?post_type=product&#038;p=211370"},"modified":"2026-04-14T14:41:53","modified_gmt":"2026-04-14T12:41:53","slug":"mosaique-murale-autocollante-echantillon-5-couleurs","status":"publish","type":"product","link":"https:\/\/aydodeco.nl\/fr\/mosaique-murale-autocollante-echantillon-5-couleurs\/","title":{"rendered":"Mosa\u00efque murale autocollante &#8211; Echantillon (5 couleurs)"},"content":{"rendered":"<h1>Choisissez votre combinaison parfaite : pack d&rsquo;essai de 5 carreaux muraux<\/h1>\n<p>Chez Aydo Deco, nous savons que le choix du carrelage mural adapt\u00e9 \u00e0 votre projet est une d\u00e9cision importante. C&rsquo;est pourquoi nous vous offrons la possibilit\u00e9 de composer un paquet d&rsquo;\u00e9chantillons de cinq carreaux muraux diff\u00e9rents de notre vaste gamme. Vous pourrez ainsi vous rendre compte par vous-m\u00eame de la texture, de la couleur et de la qualit\u00e9 de nos produits avant de faire votre choix d\u00e9finitif.  <\/p>\n<h2>Comment cela fonctionne-t-il ?<\/h2>\n<ol>\n<li>Parcourez notre gamme et choisissez cinq carreaux muraux que vous souhaitez essayer.<\/li>\n<li>Ajoutez les carreaux choisis \u00e0 votre pack d&rsquo;\u00e9chantillons.<\/li>\n<li>Passez votre commande et recevez rapidement votre pack d&rsquo;\u00e9chantillons \u00e0 la maison.<\/li>\n<\/ol>\n<ul>\n<li style=\"list-style-type: none;\">\n<\/li>\n<\/ul>\n","protected":false},"excerpt":{"rendered":"<p>Choisissez votre combinaison parfaite : pack d&rsquo;essai de 5 carreaux muraux Chez Aydo Deco, nous savons que le choix du [&hellip;]<\/p>\n","protected":false},"featured_media":135263,"comment_status":"open","ping_status":"closed","template":"","meta":{"site-sidebar-layout":"default","site-content-layout":"","ast-site-content-layout":"default","site-content-style":"default","site-sidebar-style":"default","ast-global-header-display":"","ast-banner-title-visibility":"","ast-main-header-display":"","ast-hfb-above-header-display":"","ast-hfb-below-header-display":"","ast-hfb-mobile-header-display":"","site-post-title":"","ast-breadcrumbs-content":"","ast-featured-img":"","footer-sml-layout":"","ast-disable-related-posts":"","theme-transparent-header-meta":"default","adv-header-id-meta":"","stick-header-meta":"default","header-above-stick-meta":"","header-main-stick-meta":"","header-below-stick-meta":"","astra-migrate-meta-layouts":"set","ast-page-background-enabled":"default","ast-page-background-meta":{"desktop":{"background-color":"var(--ast-global-color-4)","background-image":"","background-repeat":"repeat","background-position":"center center","background-size":"auto","background-attachment":"scroll","background-type":"","background-media":"","overlay-type":"","overlay-color":"","overlay-opacity":"","overlay-gradient":""},"tablet":{"background-color":"","background-image":"","background-repeat":"repeat","background-position":"center center","background-size":"auto","background-attachment":"scroll","background-type":"","background-media":"","overlay-type":"","overlay-color":"","overlay-opacity":"","overlay-gradient":""},"mobile":{"background-color":"","background-image":"","background-repeat":"repeat","background-position":"center center","background-size":"auto","background-attachment":"scroll","background-type":"","background-media":"","overlay-type":"","overlay-color":"","overlay-opacity":"","overlay-gradient":""}},"ast-content-background-meta":{"desktop":{"background-color":"var(--ast-global-color-5)","background-image":"","background-repeat":"repeat","background-position":"center center","background-size":"auto","background-attachment":"scroll","background-type":"","background-media":"","overlay-type":"","overlay-color":"","overlay-opacity":"","overlay-gradient":""},"tablet":{"background-color":"var(--ast-global-color-5)","background-image":"","background-repeat":"repeat","background-position":"center center","background-size":"auto","background-attachment":"scroll","background-type":"","background-media":"","overlay-type":"","overlay-color":"","overlay-opacity":"","overlay-gradient":""},"mobile":{"background-color":"var(--ast-global-color-5)","background-image":"","background-repeat":"repeat","background-position":"center center","background-size":"auto","background-attachment":"scroll","background-type":"","background-media":"","overlay-type":"","overlay-color":"","overlay-opacity":"","overlay-gradient":""}}},"product_brand":[],"product_cat":[408,407],"product_tag":[],"class_list":{"0":"post-211370","1":"product","2":"type-product","3":"status-publish","4":"has-post-thumbnail","6":"product_cat-bandes-de-pierre-autocollantes","7":"product_cat-bandes-de-pierre-mosaique","8":"product_shipping_class-sample-packs","9":"desktop-align-left","10":"tablet-align-left","11":"mobile-align-left","12":"ast-product-gallery-layout-vertical-slider","13":"ast-product-tabs-layout-vertical","14":"ast-qv-on-image","16":"first","17":"instock","18":"sale","19":"sold-individually","20":"taxable","21":"shipping-taxable","22":"purchasable","23":"product-type-sample_box"},"_links":{"self":[{"href":"https:\/\/aydodeco.nl\/fr\/wp-json\/wp\/v2\/product\/211370","targetHints":{"allow":["GET"]}}],"collection":[{"href":"https:\/\/aydodeco.nl\/fr\/wp-json\/wp\/v2\/product"}],"about":[{"href":"https:\/\/aydodeco.nl\/fr\/wp-json\/wp\/v2\/types\/product"}],"replies":[{"embeddable":true,"href":"https:\/\/aydodeco.nl\/fr\/wp-json\/wp\/v2\/comments?post=211370"}],"version-history":[{"count":0,"href":"https:\/\/aydodeco.nl\/fr\/wp-json\/wp\/v2\/product\/211370\/revisions"}],"wp:featuredmedia":[{"embeddable":true,"href":"https:\/\/aydodeco.nl\/fr\/wp-json\/wp\/v2\/media\/135263"}],"wp:attachment":[{"href":"https:\/\/aydodeco.nl\/fr\/wp-json\/wp\/v2\/media?parent=211370"}],"wp:term":[{"taxonomy":"product_brand","embeddable":true,"href":"https:\/\/aydodeco.nl\/fr\/wp-json\/wp\/v2\/product_brand?post=211370"},{"taxonomy":"product_cat","embeddable":true,"href":"https:\/\/aydodeco.nl\/fr\/wp-json\/wp\/v2\/product_cat?post=211370"},{"taxonomy":"product_tag","embeddable":true,"href":"https:\/\/aydodeco.nl\/fr\/wp-json\/wp\/v2\/product_tag?post=211370"}],"curies":[{"name":"wp","href":"https:\/\/api.w.org\/{rel}","templated":true}]}}