{"id":211332,"date":"2025-12-05T11:57:29","date_gmt":"2025-12-05T10:57:29","guid":{"rendered":"https:\/\/aydodeco.nl\/?post_type=product&#038;p=211332"},"modified":"2025-12-17T14:30:04","modified_gmt":"2025-12-17T13:30:04","slug":"poussiere-de-beton-spc-sol-en-vinyle","status":"publish","type":"product","link":"https:\/\/aydodeco.nl\/fr\/poussiere-de-beton-spc-sol-en-vinyle\/","title":{"rendered":"Poussi\u00e8re de b\u00e9ton &#8211; SPC Sol en vinyle"},"content":{"rendered":"<h1><strong>Sol en vinyle SPC \u00e0 base de poussi\u00e8re de b\u00e9ton &#8211; Durable et \u00e9l\u00e9gant<\/strong><\/h1>\n<p>Le rev\u00eatement de sol vinyle SPC (Stone Plastic Composite) offre une solution de rev\u00eatement de sol innovante qui allie durabilit\u00e9 et esth\u00e9tique. Avec la classification europ\u00e9enne 33\/AC5, ce rev\u00eatement de sol est id\u00e9al pour les zones commerciales \u00e0 fort trafic et pour l&rsquo;usage priv\u00e9.  Nivellement recommand\u00e9 pour le plancher Spc.<\/p>\n<h3><strong>Caract\u00e9ristiques du produit :<\/strong><\/h3>\n<ul>\n<li><strong>\u00c9paisseur totale :<\/strong> 5,0 mm<\/li>\n<li><strong>Couche d&rsquo;usure \u00c9paisseur :<\/strong> 0,55 mm<\/li>\n<li><strong>Dimensions :<\/strong> 600 x 600 mm<\/li>\n<li><strong>100% \u00e9tanche :<\/strong> gr\u00e2ce au syst\u00e8me d&rsquo;encliquetage I4F. A condition que les bords ext\u00e9rieurs soient scell\u00e9s avec du <a href=\"https:\/\/aydodeco.nl\/en\/sanitary-sealant-transparent-grey-copy\/\" target=\"_blank\" rel=\"noopener noreferrer\">mastic silicone<\/a>. <\/li>\n<li>&lt; &lt; C<strong>oefficient de conductivit\u00e9 thermique :<\/strong> 0,159 W\/mK, compatible avec les syst\u00e8mes de chauffage par le sol (15\u00b0C T 28\u00b0C)<\/li>\n<li><strong>R\u00e9action au feu :<\/strong> Bf1-S1<\/li>\n<li><strong>Antid\u00e9rapant :<\/strong> R10, surface s\u00fbre et antid\u00e9rapante<\/li>\n<li><strong>\u00c9mission de formald\u00e9hyde :<\/strong> norme E1, id\u00e9ale pour un environnement de vie sain<\/li>\n<li><strong>Stabilit\u00e9 dimensionnelle :<\/strong> \u2264 0,005%.<\/li>\n<\/ul>\n<h3><strong>Utilisation \u00e0 long terme :<\/strong><\/h3>\n<p>Avec une garantie fabricant de 20 ans, vous pourrez profiter de ce sol pendant de nombreuses ann\u00e9es. Le syst\u00e8me d&rsquo;encliquetage I4F garantit une installation rapide et facile. <\/p>\n","protected":false},"excerpt":{"rendered":"<p>60x60x0,5cm<\/p>\n","protected":false},"featured_media":211156,"comment_status":"open","ping_status":"closed","template":"","meta":{"site-sidebar-layout":"default","site-content-layout":"","ast-site-content-layout":"default","site-content-style":"default","site-sidebar-style":"default","ast-global-header-display":"","ast-banner-title-visibility":"","ast-main-header-display":"","ast-hfb-above-header-display":"","ast-hfb-below-header-display":"","ast-hfb-mobile-header-display":"","site-post-title":"","ast-breadcrumbs-content":"","ast-featured-img":"","footer-sml-layout":"","ast-disable-related-posts":"","theme-transparent-header-meta":"default","adv-header-id-meta":"","stick-header-meta":"default","header-above-stick-meta":"","header-main-stick-meta":"","header-below-stick-meta":"","astra-migrate-meta-layouts":"set","ast-page-background-enabled":"default","ast-page-background-meta":{"desktop":{"background-color":"var(--ast-global-color-4)","background-image":"","background-repeat":"repeat","background-position":"center center","background-size":"auto","background-attachment":"scroll","background-type":"","background-media":"","overlay-type":"","overlay-color":"","overlay-opacity":"","overlay-gradient":""},"tablet":{"background-color":"","background-image":"","background-repeat":"repeat","background-position":"center center","background-size":"auto","background-attachment":"scroll","background-type":"","background-media":"","overlay-type":"","overlay-color":"","overlay-opacity":"","overlay-gradient":""},"mobile":{"background-color":"","background-image":"","background-repeat":"repeat","background-position":"center center","background-size":"auto","background-attachment":"scroll","background-type":"","background-media":"","overlay-type":"","overlay-color":"","overlay-opacity":"","overlay-gradient":""}},"ast-content-background-meta":{"desktop":{"background-color":"var(--ast-global-color-5)","background-image":"","background-repeat":"repeat","background-position":"center center","background-size":"auto","background-attachment":"scroll","background-type":"","background-media":"","overlay-type":"","overlay-color":"","overlay-opacity":"","overlay-gradient":""},"tablet":{"background-color":"var(--ast-global-color-5)","background-image":"","background-repeat":"repeat","background-position":"center center","background-size":"auto","background-attachment":"scroll","background-type":"","background-media":"","overlay-type":"","overlay-color":"","overlay-opacity":"","overlay-gradient":""},"mobile":{"background-color":"var(--ast-global-color-5)","background-image":"","background-repeat":"repeat","background-position":"center center","background-size":"auto","background-attachment":"scroll","background-type":"","background-media":"","overlay-type":"","overlay-color":"","overlay-opacity":"","overlay-gradient":""}}},"product_brand":[],"product_cat":[547,548,619],"product_tag":[494,517],"class_list":{"0":"post-211332","1":"product","2":"type-product","3":"status-publish","4":"has-post-thumbnail","6":"product_cat-plancher","7":"product_cat-spc-sol-en-vinyle","8":"product_cat-spc-sol-vinylique-60x60cm","9":"product_tag-korting15-30spc-fr-1","10":"product_tag-nouveau","11":"product_shipping_class-panneaux-xl","12":"desktop-align-left","13":"tablet-align-left","14":"mobile-align-left","15":"ast-product-gallery-layout-vertical-slider","16":"ast-product-tabs-layout-vertical","17":"ast-qv-on-image","19":"first","20":"instock","21":"taxable","22":"shipping-taxable","23":"purchasable","24":"product-type-simple"},"_links":{"self":[{"href":"https:\/\/aydodeco.nl\/fr\/wp-json\/wp\/v2\/product\/211332","targetHints":{"allow":["GET"]}}],"collection":[{"href":"https:\/\/aydodeco.nl\/fr\/wp-json\/wp\/v2\/product"}],"about":[{"href":"https:\/\/aydodeco.nl\/fr\/wp-json\/wp\/v2\/types\/product"}],"replies":[{"embeddable":true,"href":"https:\/\/aydodeco.nl\/fr\/wp-json\/wp\/v2\/comments?post=211332"}],"version-history":[{"count":0,"href":"https:\/\/aydodeco.nl\/fr\/wp-json\/wp\/v2\/product\/211332\/revisions"}],"wp:featuredmedia":[{"embeddable":true,"href":"https:\/\/aydodeco.nl\/fr\/wp-json\/wp\/v2\/media\/211156"}],"wp:attachment":[{"href":"https:\/\/aydodeco.nl\/fr\/wp-json\/wp\/v2\/media?parent=211332"}],"wp:term":[{"taxonomy":"product_brand","embeddable":true,"href":"https:\/\/aydodeco.nl\/fr\/wp-json\/wp\/v2\/product_brand?post=211332"},{"taxonomy":"product_cat","embeddable":true,"href":"https:\/\/aydodeco.nl\/fr\/wp-json\/wp\/v2\/product_cat?post=211332"},{"taxonomy":"product_tag","embeddable":true,"href":"https:\/\/aydodeco.nl\/fr\/wp-json\/wp\/v2\/product_tag?post=211332"}],"curies":[{"name":"wp","href":"https:\/\/api.w.org\/{rel}","templated":true}]}}