{"id":207048,"date":"2025-10-28T12:27:45","date_gmt":"2025-10-28T11:27:45","guid":{"rendered":"https:\/\/aydodeco.nl\/?post_type=product&#038;p=207048"},"modified":"2025-11-25T10:52:52","modified_gmt":"2025-11-25T09:52:52","slug":"poutre-ornementale-bois-beige-300x12x12","status":"publish","type":"product","link":"https:\/\/aydodeco.nl\/fr\/poutre-ornementale-bois-beige-300x12x12\/","title":{"rendered":"Poutre ornementale Bois Beige 300x12x12"},"content":{"rendered":"<p><strong>Poutre d\u00e9corative Plastique<\/strong><\/p>\n<p><em>Remarque ! Creux int\u00e9rieur<\/em><\/p>\n<p>Nos poutres et planches d\u00e9coratives rustiques et modernes sont des copies fid\u00e8les de poutres en bois naturelles et sont id\u00e9ales comme \u00e9l\u00e9ments d\u00e9coratifs pour les plafonds dans les maisons, les magasins, les restaurants, les h\u00f4tels et les caf\u00e9s.<\/p>\n<p>Le style rustique se caract\u00e9rise par la simplicit\u00e9, le confort et l&rsquo;aspect naturel. Notre collection s&rsquo;inscrit parfaitement dans cette optique. Avec ses poutres d\u00e9coratives, ses \u00e9tag\u00e8res et ses consoles, elle apporte de la chaleur et une simplicit\u00e9 charmante \u00e0 tout int\u00e9rieur.  <\/p>\n<p>Ces poutres d\u00e9coratives offrent une finition \u00e9l\u00e9gante \u00e0 votre d\u00e9cor rustique. Elles ressemblent \u00e0 de v\u00e9ritables poutres en bois et ajoutent instantan\u00e9ment de la chaleur et du caract\u00e8re \u00e0 n&rsquo;importe quelle pi\u00e8ce. En raison du processus de fabrication \u00e0 la main, il peut y avoir de petites imperfections, ce qui ajoute \u00e0 l&rsquo;aspect unique et authentique.  <\/p>\n<h3><strong>Y compris la teinture color\u00e9e<\/strong><\/h3>\n<p>Lors de votre commande, vous recevrez un flacon de teinture de la m\u00eame couleur que la poutre. Vous pouvez ainsi facilement retoucher vous-m\u00eame les dommages \u00e9ventuels, afin que votre poutre ornementale soit toujours parfaite ! <\/p>\n<h3><strong>Caract\u00e9ristiques<\/strong><\/h3>\n<ul>\n<li><strong>Mat\u00e9riau :<\/strong> Mousse de polyur\u00e9thane haute densit\u00e9 (150 kg\/m\u00b3), difficilement inflammable selon la norme DIN 4102 B-3.<\/li>\n<li><strong>Couleur :<\/strong> beige (de l\u00e9g\u00e8res diff\u00e9rences de couleur entre les poutres d\u00e9coratives sont possibles).<\/li>\n<li><strong>Dimensions :<\/strong>\n<ul>\n<li><strong>Hauteur :<\/strong> 12 cm<\/li>\n<li><strong>Largeur :<\/strong> 12 cm<\/li>\n<li><strong>Longueur :<\/strong> 300 cm<\/li>\n<li><strong>Poids :<\/strong> \u00b13 kg<\/li>\n<\/ul>\n<\/li>\n<\/ul>\n<p>Avec ces poutres d\u00e9coratives, vous profiterez de la beaut\u00e9 du bois sans en subir le poids et l&rsquo;entretien. Parfaites pour cr\u00e9er une atmosph\u00e8re chaleureuse dans votre int\u00e9rieur ! <\/p>\n","protected":false},"excerpt":{"rendered":"<p>12x12x300cm<\/p>\n","protected":false},"featured_media":207236,"comment_status":"closed","ping_status":"closed","template":"","meta":{"site-sidebar-layout":"default","site-content-layout":"","ast-site-content-layout":"default","site-content-style":"default","site-sidebar-style":"default","ast-global-header-display":"","ast-banner-title-visibility":"","ast-main-header-display":"","ast-hfb-above-header-display":"","ast-hfb-below-header-display":"","ast-hfb-mobile-header-display":"","site-post-title":"","ast-breadcrumbs-content":"","ast-featured-img":"","footer-sml-layout":"","ast-disable-related-posts":"","theme-transparent-header-meta":"default","adv-header-id-meta":"","stick-header-meta":"default","header-above-stick-meta":"","header-main-stick-meta":"","header-below-stick-meta":"","astra-migrate-meta-layouts":"set","ast-page-background-enabled":"default","ast-page-background-meta":{"desktop":{"background-color":"var(--ast-global-color-4)","background-image":"","background-repeat":"repeat","background-position":"center center","background-size":"auto","background-attachment":"scroll","background-type":"","background-media":"","overlay-type":"","overlay-color":"","overlay-opacity":"","overlay-gradient":""},"tablet":{"background-color":"","background-image":"","background-repeat":"repeat","background-position":"center center","background-size":"auto","background-attachment":"scroll","background-type":"","background-media":"","overlay-type":"","overlay-color":"","overlay-opacity":"","overlay-gradient":""},"mobile":{"background-color":"","background-image":"","background-repeat":"repeat","background-position":"center center","background-size":"auto","background-attachment":"scroll","background-type":"","background-media":"","overlay-type":"","overlay-color":"","overlay-opacity":"","overlay-gradient":""}},"ast-content-background-meta":{"desktop":{"background-color":"var(--ast-global-color-5)","background-image":"","background-repeat":"repeat","background-position":"center center","background-size":"auto","background-attachment":"scroll","background-type":"","background-media":"","overlay-type":"","overlay-color":"","overlay-opacity":"","overlay-gradient":""},"tablet":{"background-color":"var(--ast-global-color-5)","background-image":"","background-repeat":"repeat","background-position":"center center","background-size":"auto","background-attachment":"scroll","background-type":"","background-media":"","overlay-type":"","overlay-color":"","overlay-opacity":"","overlay-gradient":""},"mobile":{"background-color":"var(--ast-global-color-5)","background-image":"","background-repeat":"repeat","background-position":"center center","background-size":"auto","background-attachment":"scroll","background-type":"","background-media":"","overlay-type":"","overlay-color":"","overlay-opacity":"","overlay-gradient":""}}},"product_brand":[],"product_cat":[420,552],"product_tag":[],"class_list":{"0":"post-207048","1":"product","2":"type-product","3":"status-publish","4":"has-post-thumbnail","6":"product_cat-offres","7":"product_cat-poutres-ornementales","8":"product_shipping_class-panneaux-xl","9":"desktop-align-left","10":"tablet-align-left","11":"mobile-align-left","12":"ast-product-gallery-layout-vertical-slider","13":"ast-product-tabs-layout-vertical","14":"ast-qv-on-image","16":"first","17":"instock","18":"sale","19":"taxable","20":"shipping-taxable","21":"purchasable","22":"product-type-simple"},"_links":{"self":[{"href":"https:\/\/aydodeco.nl\/fr\/wp-json\/wp\/v2\/product\/207048","targetHints":{"allow":["GET"]}}],"collection":[{"href":"https:\/\/aydodeco.nl\/fr\/wp-json\/wp\/v2\/product"}],"about":[{"href":"https:\/\/aydodeco.nl\/fr\/wp-json\/wp\/v2\/types\/product"}],"replies":[{"embeddable":true,"href":"https:\/\/aydodeco.nl\/fr\/wp-json\/wp\/v2\/comments?post=207048"}],"version-history":[{"count":0,"href":"https:\/\/aydodeco.nl\/fr\/wp-json\/wp\/v2\/product\/207048\/revisions"}],"wp:featuredmedia":[{"embeddable":true,"href":"https:\/\/aydodeco.nl\/fr\/wp-json\/wp\/v2\/media\/207236"}],"wp:attachment":[{"href":"https:\/\/aydodeco.nl\/fr\/wp-json\/wp\/v2\/media?parent=207048"}],"wp:term":[{"taxonomy":"product_brand","embeddable":true,"href":"https:\/\/aydodeco.nl\/fr\/wp-json\/wp\/v2\/product_brand?post=207048"},{"taxonomy":"product_cat","embeddable":true,"href":"https:\/\/aydodeco.nl\/fr\/wp-json\/wp\/v2\/product_cat?post=207048"},{"taxonomy":"product_tag","embeddable":true,"href":"https:\/\/aydodeco.nl\/fr\/wp-json\/wp\/v2\/product_tag?post=207048"}],"curies":[{"name":"wp","href":"https:\/\/api.w.org\/{rel}","templated":true}]}}