{"id":196588,"date":"2025-08-05T10:30:24","date_gmt":"2025-08-05T08:30:24","guid":{"rendered":"https:\/\/aydodeco.nl\/?post_type=product&#038;p=196588"},"modified":"2026-03-04T10:48:44","modified_gmt":"2026-03-04T09:48:44","slug":"sandstone-mosaique-murale-autocollante","status":"publish","type":"product","link":"https:\/\/aydodeco.nl\/fr\/sandstone-mosaique-murale-autocollante\/","title":{"rendered":"Sandstone &#8211; Mosa\u00efque murale autocollante"},"content":{"rendered":"<h2>Mosa\u00efque adh\u00e9sive Gr\u00e8s<\/h2>\n<p>Les consommateurs optent de plus en plus pour les carreaux m\u00e9talliques ! Chez Aydodeco, nous les proposons \u00e9galement, en aluminium et avec un support autocollant.<br \/>\nC&rsquo;est surtout \u00e0 la demande de notre styliste que nous avons fait concevoir la Mosa\u00efque gr\u00e8s autocollante. <\/p>\n<p>Les bandes de pierre autocollantes sont \u00e0 la mode ! Indiscernables des vrais carreaux, elles sont tr\u00e8s faciles \u00e0 poser et \u00e0 d\u00e9couper.<x id=\"gid_0\"><\/x>Les mosa\u00efques murales autocollantes d&rsquo;Aydo Deco sont uniques et conviennent \u00e0 tous les espaces int\u00e9rieurs (\u00e0 l&rsquo;exception de la douche).<x id=\"gid_1\"><\/x>Une couche autocollante 3M tr\u00e8s r\u00e9sistante se trouve \u00e0 l&rsquo;arri\u00e8re et ne n\u00e9cessite donc pas de colle ou d&rsquo;autres fixations lorsque vous les installez sur des surfaces planes !<x id=\"gid_2\"><\/x>La couche sup\u00e9rieure est compos\u00e9e d&rsquo;aluminium et de PVC r\u00e9sistant \u00e0 l&rsquo;usure de haute qualit\u00e9 ! Ces carreaux muraux en mosa\u00efque peuvent \u00eatre pos\u00e9s directement sur d&rsquo;anciens carrelages, du papier peint ou d&rsquo;autres murs plats !  <\/p>\n<p><strong>Principales caract\u00e9ristiques<\/strong><\/p>\n<ul>\n<li>Garantie de 2 ans<\/li>\n<li>La couche sup\u00e9rieure contient du PVC et de l&rsquo;aluminium de haute qualit\u00e9<\/li>\n<li>Autocollant (avec une sous-couche autocollante de 3 m de long) et facile \u00e0 monter soi-m\u00eame.<\/li>\n<li>R\u00e9sistant aux rayures, \u00e0 la lumi\u00e8re et aux chocs<\/li>\n<li>Dimensions Longueur 300mm x Largeur 355mm x Epaisseur 4mm<\/li>\n<li>Les prix sont indiqu\u00e9s individuellement<\/li>\n<li>Coupez \u00e0 la taille voulue \u00e0 l&rsquo;aide d&rsquo;un cutter pour stratifi\u00e9s ou d&rsquo;un couteau stanley. <a><strong>couteau stanley<\/strong><\/a> (couper \u00e0 l&rsquo;aide d&rsquo;une r\u00e8gle et casser avec une pince)<\/li>\n<li>Convient \u00e0 tous les espaces int\u00e9rieurs (sauf dans une salle d&rsquo;eau)<\/li>\n<li>Convient pour l&rsquo;arri\u00e8re de la table de cuisson<strong>(remarque : avec une table de cuisson au gaz, retirez la casserole \u00e0 au moins 15 cm du mur).<\/strong><\/li>\n<li>Pour les murs plus grossiers ou poreux, nous recommandons <a><strong>un adh\u00e9sif en spray<\/strong><\/a> ou m\u00eame <a><strong>kit de montage<\/strong><\/a> pour utiliser<\/li>\n<li>Facile \u00e0 enlever \u00e0 l&rsquo;aide d&rsquo;un pistolet thermique ou d&rsquo;un s\u00e8che-cheveux et d&rsquo;un couteau \u00e0 d\u00e9caper.<\/li>\n<li>Peut \u00eatre mont\u00e9 directement sur du papier peint ou du carrelage<\/li>\n<li>Ne convient pas aux foyers dont la temp\u00e9rature d\u00e9passe 80 degr\u00e9s Celsius.<\/li>\n<\/ul>\n<p><strong>Propri\u00e9t\u00e9s du mat\u00e9riau :<\/strong><\/p>\n<ul>\n<li>Sous-couche : polyester renforc\u00e9 de fibres de verre (support en fibres)<\/li>\n<li>Couche sup\u00e9rieure : aluminium et PVC de haute qualit\u00e9<\/li>\n<li>Chaque tuile est unique afin d&rsquo;\u00e9viter les motifs r\u00e9p\u00e9titifs.<\/li>\n<\/ul>\n<p><a><strong>Pour en savoir plus sur nos bandes de pierre, cliquez ici<\/strong><\/a><\/p>\n","protected":false},"excerpt":{"rendered":"<p>30.5&#215;30.5&#215;0.4cm<\/p>\n","protected":false},"featured_media":196595,"comment_status":"open","ping_status":"closed","template":"","meta":{"site-sidebar-layout":"default","site-content-layout":"","ast-site-content-layout":"default","site-content-style":"default","site-sidebar-style":"default","ast-global-header-display":"","ast-banner-title-visibility":"","ast-main-header-display":"","ast-hfb-above-header-display":"","ast-hfb-below-header-display":"","ast-hfb-mobile-header-display":"","site-post-title":"","ast-breadcrumbs-content":"","ast-featured-img":"","footer-sml-layout":"","ast-disable-related-posts":"","theme-transparent-header-meta":"default","adv-header-id-meta":"","stick-header-meta":"default","header-above-stick-meta":"","header-main-stick-meta":"","header-below-stick-meta":"","astra-migrate-meta-layouts":"set","ast-page-background-enabled":"default","ast-page-background-meta":{"desktop":{"background-color":"var(--ast-global-color-4)","background-image":"","background-repeat":"repeat","background-position":"center center","background-size":"auto","background-attachment":"scroll","background-type":"","background-media":"","overlay-type":"","overlay-color":"","overlay-opacity":"","overlay-gradient":""},"tablet":{"background-color":"","background-image":"","background-repeat":"repeat","background-position":"center center","background-size":"auto","background-attachment":"scroll","background-type":"","background-media":"","overlay-type":"","overlay-color":"","overlay-opacity":"","overlay-gradient":""},"mobile":{"background-color":"","background-image":"","background-repeat":"repeat","background-position":"center center","background-size":"auto","background-attachment":"scroll","background-type":"","background-media":"","overlay-type":"","overlay-color":"","overlay-opacity":"","overlay-gradient":""}},"ast-content-background-meta":{"desktop":{"background-color":"var(--ast-global-color-5)","background-image":"","background-repeat":"repeat","background-position":"center center","background-size":"auto","background-attachment":"scroll","background-type":"","background-media":"","overlay-type":"","overlay-color":"","overlay-opacity":"","overlay-gradient":""},"tablet":{"background-color":"var(--ast-global-color-5)","background-image":"","background-repeat":"repeat","background-position":"center center","background-size":"auto","background-attachment":"scroll","background-type":"","background-media":"","overlay-type":"","overlay-color":"","overlay-opacity":"","overlay-gradient":""},"mobile":{"background-color":"var(--ast-global-color-5)","background-image":"","background-repeat":"repeat","background-position":"center center","background-size":"auto","background-attachment":"scroll","background-type":"","background-media":"","overlay-type":"","overlay-color":"","overlay-opacity":"","overlay-gradient":""}}},"product_brand":[],"product_cat":[408,407],"product_tag":[409,410],"class_list":{"0":"post-196588","1":"product","2":"type-product","3":"status-publish","4":"has-post-thumbnail","6":"product_cat-bandes-de-pierre-autocollantes","7":"product_cat-bandes-de-pierre-mosaique","8":"product_tag-autocollant","9":"product_tag-korting50-100zelfklevende-fr-1","10":"product_shipping_class-zelfmozaiek-30-fr","11":"pa_steenstrips-geschikt-voor-derriere-la-cuisiniere-a-gaz","12":"desktop-align-left","13":"tablet-align-left","14":"mobile-align-left","15":"ast-product-gallery-layout-vertical-slider","16":"ast-product-tabs-layout-vertical","17":"ast-qv-on-image","19":"first","20":"instock","21":"sale","22":"taxable","23":"shipping-taxable","24":"purchasable","25":"product-type-simple"},"_links":{"self":[{"href":"https:\/\/aydodeco.nl\/fr\/wp-json\/wp\/v2\/product\/196588","targetHints":{"allow":["GET"]}}],"collection":[{"href":"https:\/\/aydodeco.nl\/fr\/wp-json\/wp\/v2\/product"}],"about":[{"href":"https:\/\/aydodeco.nl\/fr\/wp-json\/wp\/v2\/types\/product"}],"replies":[{"embeddable":true,"href":"https:\/\/aydodeco.nl\/fr\/wp-json\/wp\/v2\/comments?post=196588"}],"version-history":[{"count":0,"href":"https:\/\/aydodeco.nl\/fr\/wp-json\/wp\/v2\/product\/196588\/revisions"}],"wp:featuredmedia":[{"embeddable":true,"href":"https:\/\/aydodeco.nl\/fr\/wp-json\/wp\/v2\/media\/196595"}],"wp:attachment":[{"href":"https:\/\/aydodeco.nl\/fr\/wp-json\/wp\/v2\/media?parent=196588"}],"wp:term":[{"taxonomy":"product_brand","embeddable":true,"href":"https:\/\/aydodeco.nl\/fr\/wp-json\/wp\/v2\/product_brand?post=196588"},{"taxonomy":"product_cat","embeddable":true,"href":"https:\/\/aydodeco.nl\/fr\/wp-json\/wp\/v2\/product_cat?post=196588"},{"taxonomy":"product_tag","embeddable":true,"href":"https:\/\/aydodeco.nl\/fr\/wp-json\/wp\/v2\/product_tag?post=196588"}],"curies":[{"name":"wp","href":"https:\/\/api.w.org\/{rel}","templated":true}]}}