{"id":184013,"date":"2025-04-30T12:08:27","date_gmt":"2025-04-30T10:08:27","guid":{"rendered":"https:\/\/aydodeco.nl\/?post_type=product&#038;p=184013"},"modified":"2025-12-17T14:30:05","modified_gmt":"2025-12-17T13:30:05","slug":"noir-mystique-spc-sol-vinylique","status":"publish","type":"product","link":"https:\/\/aydodeco.nl\/fr\/noir-mystique-spc-sol-vinylique\/","title":{"rendered":"Noir mystique &#8211; SPC Sol vinylique"},"content":{"rendered":"<h1 style=\"font-size: 32px; font-weight: bold; margin-bottom: 0.5em;\">Mystical Black SPC Vinyl Floor &#8211; Durable et \u00e9l\u00e9gant<\/h1>\n<p>Le rev\u00eatement de sol vinyle SPC (Stone Plastic Composite) offre une solution de rev\u00eatement de sol innovante qui allie durabilit\u00e9 et esth\u00e9tique. Avec la classification europ\u00e9enne 33\/AC5, ce rev\u00eatement de sol est id\u00e9al pour les zones commerciales \u00e0 fort trafic et pour l&rsquo;usage priv\u00e9.  Nivellement recommand\u00e9 pour le plancher Spc.<\/p>\n<h3 style=\"font-size: 20px; font-weight: bold; margin-bottom: 0.5em;\">Caract\u00e9ristiques du produit :<\/h3>\n<ul>\n<li style=\"list-style-type: none;\">\n<ul>\n<li><strong>\u00c9paisseur totale :<\/strong> 5,0 mm<\/li>\n<li><strong>Couche d&rsquo;usure \u00c9paisseur :<\/strong> 0,55 mm<\/li>\n<li><strong>Dimensions :<\/strong> 610 x 305 mm<\/li>\n<li><strong>100% \u00e9tanche :<\/strong> gr\u00e2ce au syst\u00e8me d&rsquo;encliquetage I4F. A condition que les bords ext\u00e9rieurs soient scell\u00e9s avec du <a href=\"https:\/\/aydodeco.nl\/en\/sanitary-sealant-transparent-grey-copy\/\">mastic silicone<\/a>. <\/li>\n<li>&lt; &lt; C<strong>oefficient de conductivit\u00e9 thermique :<\/strong> 0,159 W\/mK, compatible avec les syst\u00e8mes de chauffage par le sol (15\u00b0C T 28\u00b0C)<\/li>\n<li><strong>R\u00e9action au feu :<\/strong> Bf1-S1<\/li>\n<li><strong>Antid\u00e9rapant :<\/strong> R10, surface antid\u00e9rapante s\u00fbre et ultra-mate<\/li>\n<li><strong>\u00c9mission de formald\u00e9hyde :<\/strong> norme E1, id\u00e9ale pour un environnement de vie sain<\/li>\n<li><b>Le chauffage par le sol<\/b><span style=\"font-weight: 400;\"> fonctionne \u00e9galement avec ces carreaux.<\/span><\/li>\n<li><b>Absorption du son<\/b><\/li>\n<li><b>R\u00e9sistant \u00e0 l&rsquo;humidit\u00e9 et aux rayures<\/b><\/li>\n<li><b>Coupez \u00e0 la bonne taille <\/b><span style=\"font-weight: 400;\">avec un couteau Stanley ou une scie circulaire.<\/span><\/li>\n<li><b>Montage facile<\/b><span style=\"font-weight: 400;\"> avec un syst\u00e8me d&rsquo;encliquetage I4F<\/span><\/li>\n<li><strong>Stabilit\u00e9 dimensionnelle :<\/strong> \u2264 0,005%.<\/li>\n<\/ul>\n<\/li>\n<\/ul>\n<h3 style=\"font-size: 20px; font-weight: bold; margin-bottom: 0.5em;\">Utilisation \u00e0 long terme :<\/h3>\n<p>Avec une garantie fabricant de 2 ans, vous pouvez profiter de ce sol pendant des ann\u00e9es. Le syst\u00e8me d&rsquo;encliquetage I4F garantit une installation rapide et facile. <\/p>\n","protected":false},"excerpt":{"rendered":"<p>61&#215;30.5&#215;0.5cm<\/p>\n","protected":false},"featured_media":184049,"comment_status":"open","ping_status":"closed","template":"","meta":{"site-sidebar-layout":"default","site-content-layout":"","ast-site-content-layout":"default","site-content-style":"default","site-sidebar-style":"default","ast-global-header-display":"","ast-banner-title-visibility":"","ast-main-header-display":"","ast-hfb-above-header-display":"","ast-hfb-below-header-display":"","ast-hfb-mobile-header-display":"","site-post-title":"","ast-breadcrumbs-content":"","ast-featured-img":"","footer-sml-layout":"","ast-disable-related-posts":"","theme-transparent-header-meta":"default","adv-header-id-meta":"","stick-header-meta":"default","header-above-stick-meta":"","header-main-stick-meta":"","header-below-stick-meta":"","astra-migrate-meta-layouts":"set","ast-page-background-enabled":"default","ast-page-background-meta":{"desktop":{"background-color":"var(--ast-global-color-4)","background-image":"","background-repeat":"repeat","background-position":"center center","background-size":"auto","background-attachment":"scroll","background-type":"","background-media":"","overlay-type":"","overlay-color":"","overlay-opacity":"","overlay-gradient":""},"tablet":{"background-color":"","background-image":"","background-repeat":"repeat","background-position":"center center","background-size":"auto","background-attachment":"scroll","background-type":"","background-media":"","overlay-type":"","overlay-color":"","overlay-opacity":"","overlay-gradient":""},"mobile":{"background-color":"","background-image":"","background-repeat":"repeat","background-position":"center center","background-size":"auto","background-attachment":"scroll","background-type":"","background-media":"","overlay-type":"","overlay-color":"","overlay-opacity":"","overlay-gradient":""}},"ast-content-background-meta":{"desktop":{"background-color":"var(--ast-global-color-5)","background-image":"","background-repeat":"repeat","background-position":"center center","background-size":"auto","background-attachment":"scroll","background-type":"","background-media":"","overlay-type":"","overlay-color":"","overlay-opacity":"","overlay-gradient":""},"tablet":{"background-color":"var(--ast-global-color-5)","background-image":"","background-repeat":"repeat","background-position":"center center","background-size":"auto","background-attachment":"scroll","background-type":"","background-media":"","overlay-type":"","overlay-color":"","overlay-opacity":"","overlay-gradient":""},"mobile":{"background-color":"var(--ast-global-color-5)","background-image":"","background-repeat":"repeat","background-position":"center center","background-size":"auto","background-attachment":"scroll","background-type":"","background-media":"","overlay-type":"","overlay-color":"","overlay-opacity":"","overlay-gradient":""}}},"product_brand":[],"product_cat":[547,548,612],"product_tag":[494,517],"class_list":{"0":"post-184013","1":"product","2":"type-product","3":"status-publish","4":"has-post-thumbnail","6":"product_cat-plancher","7":"product_cat-spc-sol-en-vinyle","8":"product_cat-spc-sol-vinylique-61x30-5cm","9":"product_tag-korting15-30spc-fr-1","10":"product_tag-nouveau","11":"product_shipping_class-panneaux-xl","12":"desktop-align-left","13":"tablet-align-left","14":"mobile-align-left","15":"ast-product-gallery-layout-vertical-slider","16":"ast-product-tabs-layout-vertical","17":"ast-qv-on-image","19":"first","20":"instock","21":"sale","22":"taxable","23":"shipping-taxable","24":"purchasable","25":"product-type-simple"},"_links":{"self":[{"href":"https:\/\/aydodeco.nl\/fr\/wp-json\/wp\/v2\/product\/184013","targetHints":{"allow":["GET"]}}],"collection":[{"href":"https:\/\/aydodeco.nl\/fr\/wp-json\/wp\/v2\/product"}],"about":[{"href":"https:\/\/aydodeco.nl\/fr\/wp-json\/wp\/v2\/types\/product"}],"replies":[{"embeddable":true,"href":"https:\/\/aydodeco.nl\/fr\/wp-json\/wp\/v2\/comments?post=184013"}],"version-history":[{"count":0,"href":"https:\/\/aydodeco.nl\/fr\/wp-json\/wp\/v2\/product\/184013\/revisions"}],"wp:featuredmedia":[{"embeddable":true,"href":"https:\/\/aydodeco.nl\/fr\/wp-json\/wp\/v2\/media\/184049"}],"wp:attachment":[{"href":"https:\/\/aydodeco.nl\/fr\/wp-json\/wp\/v2\/media?parent=184013"}],"wp:term":[{"taxonomy":"product_brand","embeddable":true,"href":"https:\/\/aydodeco.nl\/fr\/wp-json\/wp\/v2\/product_brand?post=184013"},{"taxonomy":"product_cat","embeddable":true,"href":"https:\/\/aydodeco.nl\/fr\/wp-json\/wp\/v2\/product_cat?post=184013"},{"taxonomy":"product_tag","embeddable":true,"href":"https:\/\/aydodeco.nl\/fr\/wp-json\/wp\/v2\/product_tag?post=184013"}],"curies":[{"name":"wp","href":"https:\/\/api.w.org\/{rel}","templated":true}]}}