{"id":174609,"date":"2025-04-03T11:44:01","date_gmt":"2025-04-03T09:44:01","guid":{"rendered":"https:\/\/aydodeco.nl\/?post_type=product&#038;p=174609"},"modified":"2025-12-08T23:04:21","modified_gmt":"2025-12-08T22:04:21","slug":"hexagon-black-mosaique-murale-autocollante","status":"publish","type":"product","link":"https:\/\/aydodeco.nl\/fr\/hexagon-black-mosaique-murale-autocollante\/","title":{"rendered":"Hexagon Black &#8211; Mosa\u00efque murale autocollante"},"content":{"rendered":"<h2>Hexagon Black &#8211; Mosa\u00efque murale autocollante<\/h2>\n<p>Les carreaux de mosa\u00efque autocollants sont \u00e0 la mode ! Il est impossible de les distinguer des vrais carreaux et ils sont tr\u00e8s faciles \u00e0 fixer et \u00e0 personnaliser. Les carreaux de mosa\u00efque autocollants d&rsquo;Aydo Deco sont uniques et conviennent \u00e0 tous les espaces int\u00e9rieurs (\u00e0 l&rsquo;exception des zones constamment expos\u00e9es \u00e0 l&rsquo;eau, telles que les cabines de douche). Le dos est recouvert d&rsquo;une couche d&rsquo;autocollants 3M tr\u00e8s r\u00e9sistants, ce qui rend inutile l&rsquo;utilisation de colle ou d&rsquo;autres mat\u00e9riaux de fixation !    La couche sup\u00e9rieure contient de l&rsquo;aluminium et du PVC de haute qualit\u00e9 r\u00e9sistant \u00e0 l&rsquo;abrasion ! Ces carreaux de mosa\u00efque peuvent \u00eatre pos\u00e9s directement sur d&rsquo;anciens carreaux, du papier peint ou d&rsquo;autres surfaces planes !<\/p>\n<p><strong>Principales caract\u00e9ristiques<\/strong><\/p>\n<ul style=\"list-style-type: circle\">\n<li>Garantie de 2 ans<\/li>\n<li>La couche sup\u00e9rieure contient de l&rsquo;aluminium de haute qualit\u00e9<\/li>\n<li>Autocollant (sous-couche autocollante r\u00e9sistante de 3 m)<\/li>\n<li>R\u00e9sistant aux rayures, \u00e0 la lumi\u00e8re et aux chocs<\/li>\n<li>Dimensions en longueur x largeur x hauteur : 290 x 307 x 4 mm<\/li>\n<li>Les prix sont indiqu\u00e9s par pi\u00e8ce\/dalle murale et non par paquet de 10.<\/li>\n<li>Facile \u00e0 monter soi-m\u00eame gr\u00e2ce \u00e0 la couche autocollante.<\/li>\n<li>Coupez \u00e0 la taille voulue \u00e0 l&rsquo;aide d&rsquo;un <a href=\"https:\/\/aydodeco.nl\/stanleymes\/\">cutter pour stratifi\u00e9s ou d&rsquo;un couteau Stanley<\/a> (coupez \u00e0 l&rsquo;aide d&rsquo;une r\u00e8gle et s\u00e9parez \u00e0 l&rsquo;aide d&rsquo;une pince).<\/li>\n<li>Convient \u00e0 tous les espaces int\u00e9rieurs (sauf sous la cabine de douche)<\/li>\n<li>Convient pour \u00eatre plac\u00e9 derri\u00e8re la table de cuisson <strong>(toujours \u00e0 une distance d&rsquo;au moins 15 cm d&rsquo;une flamme nue).<\/strong><\/li>\n<li>Pour les murs rugueux ou poreux, nous recommandons d&rsquo;utiliser un adh\u00e9sif de montage suppl\u00e9mentaire.<\/li>\n<li>Facile \u00e0 enlever avec un pistolet \u00e0 chaleur, un s\u00e8che-cheveux et un couteau \u00e0 d\u00e9tacher.<\/li>\n<li>Peut \u00eatre mont\u00e9 directement sur du papier peint ou du carrelage<\/li>\n<li>Ne convient pas aux foyers dont la temp\u00e9rature d\u00e9passe 80 degr\u00e9s Celsius.<\/li>\n<\/ul>\n<p><strong>Propri\u00e9t\u00e9s du mat\u00e9riau :<\/strong><\/p>\n<ul>\n<li>Sous-couche : polyester renforc\u00e9 de fibres de verre (support en fibres)<\/li>\n<li>Couche sup\u00e9rieure : aluminium et PVC de haute qualit\u00e9<\/li>\n<li>Le motif de chaque tuile est diff\u00e9rent (vous ne verrez donc pas de motif r\u00e9current).<\/li>\n<\/ul>\n<p><a href=\"https:\/\/aydodeco.nl\/fr\/bandes-de-pierre\/\"><strong>Pour en savoir plus sur nos bandes de pierre, cliquez ici<\/strong><\/a><\/p>\n","protected":false},"excerpt":{"rendered":"<p>29&#215;30,7&#215;0,4cm<\/p>\n","protected":false},"featured_media":191858,"comment_status":"open","ping_status":"closed","template":"","meta":{"site-sidebar-layout":"default","site-content-layout":"","ast-site-content-layout":"default","site-content-style":"default","site-sidebar-style":"default","ast-global-header-display":"","ast-banner-title-visibility":"","ast-main-header-display":"","ast-hfb-above-header-display":"","ast-hfb-below-header-display":"","ast-hfb-mobile-header-display":"","site-post-title":"","ast-breadcrumbs-content":"","ast-featured-img":"","footer-sml-layout":"","ast-disable-related-posts":"","theme-transparent-header-meta":"default","adv-header-id-meta":"","stick-header-meta":"default","header-above-stick-meta":"","header-main-stick-meta":"","header-below-stick-meta":"","astra-migrate-meta-layouts":"set","ast-page-background-enabled":"default","ast-page-background-meta":{"desktop":{"background-color":"var(--ast-global-color-4)","background-image":"","background-repeat":"repeat","background-position":"center center","background-size":"auto","background-attachment":"scroll","background-type":"","background-media":"","overlay-type":"","overlay-color":"","overlay-opacity":"","overlay-gradient":""},"tablet":{"background-color":"","background-image":"","background-repeat":"repeat","background-position":"center center","background-size":"auto","background-attachment":"scroll","background-type":"","background-media":"","overlay-type":"","overlay-color":"","overlay-opacity":"","overlay-gradient":""},"mobile":{"background-color":"","background-image":"","background-repeat":"repeat","background-position":"center center","background-size":"auto","background-attachment":"scroll","background-type":"","background-media":"","overlay-type":"","overlay-color":"","overlay-opacity":"","overlay-gradient":""}},"ast-content-background-meta":{"desktop":{"background-color":"var(--ast-global-color-5)","background-image":"","background-repeat":"repeat","background-position":"center center","background-size":"auto","background-attachment":"scroll","background-type":"","background-media":"","overlay-type":"","overlay-color":"","overlay-opacity":"","overlay-gradient":""},"tablet":{"background-color":"var(--ast-global-color-5)","background-image":"","background-repeat":"repeat","background-position":"center center","background-size":"auto","background-attachment":"scroll","background-type":"","background-media":"","overlay-type":"","overlay-color":"","overlay-opacity":"","overlay-gradient":""},"mobile":{"background-color":"var(--ast-global-color-5)","background-image":"","background-repeat":"repeat","background-position":"center center","background-size":"auto","background-attachment":"scroll","background-type":"","background-media":"","overlay-type":"","overlay-color":"","overlay-opacity":"","overlay-gradient":""}}},"product_brand":[],"product_cat":[408,407,420],"product_tag":[409,410,778],"class_list":{"0":"post-174609","1":"product","2":"type-product","3":"status-publish","4":"has-post-thumbnail","6":"product_cat-bandes-de-pierre-autocollantes","7":"product_cat-bandes-de-pierre-mosaique","8":"product_cat-offres","9":"product_tag-autocollant","10":"product_tag-korting50-100zelfklevende-fr-1","11":"product_tag-vendredi-noir","12":"product_shipping_class-zelfmozaiek-30-fr","13":"pa_steenstrips-geschikt-voor-derriere-la-cuisiniere-a-gaz","14":"desktop-align-left","15":"tablet-align-left","16":"mobile-align-left","17":"ast-product-gallery-layout-vertical-slider","18":"ast-product-tabs-layout-vertical","19":"ast-qv-on-image","21":"first","22":"instock","23":"sale","24":"taxable","25":"shipping-taxable","26":"purchasable","27":"product-type-simple"},"_links":{"self":[{"href":"https:\/\/aydodeco.nl\/fr\/wp-json\/wp\/v2\/product\/174609","targetHints":{"allow":["GET"]}}],"collection":[{"href":"https:\/\/aydodeco.nl\/fr\/wp-json\/wp\/v2\/product"}],"about":[{"href":"https:\/\/aydodeco.nl\/fr\/wp-json\/wp\/v2\/types\/product"}],"replies":[{"embeddable":true,"href":"https:\/\/aydodeco.nl\/fr\/wp-json\/wp\/v2\/comments?post=174609"}],"version-history":[{"count":0,"href":"https:\/\/aydodeco.nl\/fr\/wp-json\/wp\/v2\/product\/174609\/revisions"}],"wp:featuredmedia":[{"embeddable":true,"href":"https:\/\/aydodeco.nl\/fr\/wp-json\/wp\/v2\/media\/191858"}],"wp:attachment":[{"href":"https:\/\/aydodeco.nl\/fr\/wp-json\/wp\/v2\/media?parent=174609"}],"wp:term":[{"taxonomy":"product_brand","embeddable":true,"href":"https:\/\/aydodeco.nl\/fr\/wp-json\/wp\/v2\/product_brand?post=174609"},{"taxonomy":"product_cat","embeddable":true,"href":"https:\/\/aydodeco.nl\/fr\/wp-json\/wp\/v2\/product_cat?post=174609"},{"taxonomy":"product_tag","embeddable":true,"href":"https:\/\/aydodeco.nl\/fr\/wp-json\/wp\/v2\/product_tag?post=174609"}],"curies":[{"name":"wp","href":"https:\/\/api.w.org\/{rel}","templated":true}]}}