{"id":172889,"date":"2025-03-18T15:31:27","date_gmt":"2025-03-18T14:31:27","guid":{"rendered":"https:\/\/aydodeco.nl\/?post_type=product&#038;p=172889"},"modified":"2026-01-05T15:03:18","modified_gmt":"2026-01-05T14:03:18","slug":"light-onyx-mat-spc-panneau-mural-aspect-marbre","status":"publish","type":"product","link":"https:\/\/aydodeco.nl\/fr\/light-onyx-mat-spc-panneau-mural-aspect-marbre\/","title":{"rendered":"Light Onyx Mat &#8211; SPC Panneau mural aspect marbre"},"content":{"rendered":"<h1 style=\"font-size: 32px; font-weight: bold; margin-bottom: 0.5em;\">Panneau mural SPC aspect marbre : Light Onyx Matt<\/h1>\n<p>Le panneau mural Marble Wall Panel Light Onyx Mat est parfait pour la salle de bain, la douche, les toilettes, le mur d&rsquo;enceinte, la cuisine ou m\u00eame les sols ! Ces panneaux muraux SPC aspect marbre sont id\u00e9aux pour tous les espaces int\u00e9rieurs. L&rsquo;installation est tr\u00e8s facile et vous pouvez facilement les d\u00e9couper sur mesure avec un couteau Stanley. Les panneaux muraux aspect marbre sont faciles \u00e0 nettoyer et constituent un v\u00e9ritable atout pour n&rsquo;importe quelle pi\u00e8ce. Ils sont d\u00e9sormais disponibles en format flexible enroulable pour faciliter le transport et l&rsquo;installation.    <\/p>\n<h3 style=\"font-size: 20px; font-weight: bold; margin-bottom: 0.5em;\">FEATURES Panneau mural en marbre Light Onyx Matte<\/h3>\n<ul>\n<li>R\u00e9sistant aux rayures &#8211; \u00c9tanche \u00e0 l&rsquo;eau &#8211; \u00c9tanche \u00e0 la poussi\u00e8re &#8211; \u00c9tanche aux fuites<\/li>\n<li>Facile \u00e0 installer<\/li>\n<li>Peut \u00eatre d\u00e9coup\u00e9 \u00e0 l&rsquo;aide d&rsquo;un couteau Stanley<\/li>\n<li>Fixation \u00e0 l&rsquo;aide d&rsquo;une colle d&rsquo;assemblage (haute adh\u00e9rence)<\/li>\n<li>Convient pour une utilisation \u00e0 l&rsquo;int\u00e9rieur<\/li>\n<li>Convient aux cuisines (respectez une distance d&rsquo;au moins 15 cm par rapport \u00e0 une plaque de cuisson au gaz)<\/li>\n<li>Parfait pour les cabines de douche, les salles de bains, les couloirs et les sols<\/li>\n<li>Anti-calcaire, ne retient pas le calcaire<\/li>\n<li>Aspect marbre r\u00e9aliste<\/li>\n<li>D\u00e9sormais disponible en format enroulable pour faciliter le transport et l&rsquo;installation<\/li>\n<\/ul>\n<h3 style=\"font-size: 20px; font-weight: bold; margin-bottom: 0.5em;\">Dimensions<\/h3>\n<ul>\n<li>96 x 280 cm<\/li>\n<li>\u00c9paisseur : 3 mm<\/li>\n<\/ul>\n<h3 style=\"font-size: 20px; font-weight: bold; margin-bottom: 0.5em;\">Fournitures<\/h3>\n<ul>\n<li>Nous recommandons d&rsquo;utiliser 2 \u00e0 3 tubes de colle d&rsquo;assemblage par panneau.<\/li>\n<li>Peut \u00eatre coup\u00e9 \u00e0 la taille voulue avec un couteau Stanley ou une scie \u00e0 r\u00e8gle.<\/li>\n<li>Utilisez du mastic silicone sanitaire pour sceller les bords et les joints.<\/li>\n<li>Un tube de mastic silicone sanitaire suffit pour sceller environ 2 panneaux.<\/li>\n<\/ul>\n<h3 style=\"font-size: 20px; font-weight: bold; margin-bottom: 0.5em;\">Nettoyage Panneau mural en marbre Light Onyx Matt<\/h3>\n<ul>\n<li style=\"list-style-type: none;\">\n<ul>\n<li>Nettoyez avec du savon vert\/un nettoyant universel et un chiffon en microfibres.<\/li>\n<li>N&rsquo;utilisez pas de produits de nettoyage agressifs ou abrasifs<\/li>\n<li>Les rayures l\u00e9g\u00e8res peuvent \u00eatre polies<\/li>\n<\/ul>\n<\/li>\n<\/ul>\n<p><strong>VEUILLEZ NOTER :<\/strong> En raison des diff\u00e9rents lots de production, des diff\u00e9rences de couleur peuvent survenir. Lorsqu&rsquo;un lot est \u00e9puis\u00e9 et r\u00e9approvisionn\u00e9, la couleur peut diff\u00e9rer des commandes pr\u00e9c\u00e9dentes. Pour les commandes r\u00e9p\u00e9t\u00e9es, veuillez en tenir compte.  <\/p>\n","protected":false},"excerpt":{"rendered":"<p>96x280x0,3cm<\/p>\n","protected":false},"featured_media":176063,"comment_status":"open","ping_status":"closed","template":"","meta":{"site-sidebar-layout":"default","site-content-layout":"","ast-site-content-layout":"default","site-content-style":"default","site-sidebar-style":"default","ast-global-header-display":"","ast-banner-title-visibility":"","ast-main-header-display":"","ast-hfb-above-header-display":"","ast-hfb-below-header-display":"","ast-hfb-mobile-header-display":"","site-post-title":"","ast-breadcrumbs-content":"","ast-featured-img":"","footer-sml-layout":"","ast-disable-related-posts":"","theme-transparent-header-meta":"default","adv-header-id-meta":"","stick-header-meta":"default","header-above-stick-meta":"","header-main-stick-meta":"","header-below-stick-meta":"","astra-migrate-meta-layouts":"set","ast-page-background-enabled":"default","ast-page-background-meta":{"desktop":{"background-color":"var(--ast-global-color-4)","background-image":"","background-repeat":"repeat","background-position":"center center","background-size":"auto","background-attachment":"scroll","background-type":"","background-media":"","overlay-type":"","overlay-color":"","overlay-opacity":"","overlay-gradient":""},"tablet":{"background-color":"","background-image":"","background-repeat":"repeat","background-position":"center center","background-size":"auto","background-attachment":"scroll","background-type":"","background-media":"","overlay-type":"","overlay-color":"","overlay-opacity":"","overlay-gradient":""},"mobile":{"background-color":"","background-image":"","background-repeat":"repeat","background-position":"center center","background-size":"auto","background-attachment":"scroll","background-type":"","background-media":"","overlay-type":"","overlay-color":"","overlay-opacity":"","overlay-gradient":""}},"ast-content-background-meta":{"desktop":{"background-color":"var(--ast-global-color-5)","background-image":"","background-repeat":"repeat","background-position":"center center","background-size":"auto","background-attachment":"scroll","background-type":"","background-media":"","overlay-type":"","overlay-color":"","overlay-opacity":"","overlay-gradient":""},"tablet":{"background-color":"var(--ast-global-color-5)","background-image":"","background-repeat":"repeat","background-position":"center center","background-size":"auto","background-attachment":"scroll","background-type":"","background-media":"","overlay-type":"","overlay-color":"","overlay-opacity":"","overlay-gradient":""},"mobile":{"background-color":"var(--ast-global-color-5)","background-image":"","background-repeat":"repeat","background-position":"center center","background-size":"auto","background-attachment":"scroll","background-type":"","background-media":"","overlay-type":"","overlay-color":"","overlay-opacity":"","overlay-gradient":""}}},"product_brand":[],"product_cat":[432,442,618],"product_tag":[657,514,461,434,443,517,778,564],"class_list":{"0":"post-172889","1":"product","2":"type-product","3":"status-publish","4":"has-post-thumbnail","6":"product_cat-panneaux-muraux-aspect-marbre","7":"product_cat-panneaux-muraux-spc-aspect-marbre","8":"product_cat-spc-96x280cm-fr","9":"product_tag-action","10":"product_tag-black-november-fr1","11":"product_tag-exclusive-fr","12":"product_tag-korting10-20marmer-fr-1","13":"product_tag-mat-fr","14":"product_tag-nouveau","15":"product_tag-vendredi-noir","16":"product_tag-wand-en-vloer-fr","17":"product_shipping_class-panneaux-xl","18":"pa_steenstrips-geschikt-voor-derriere-la-cuisiniere-a-gaz","19":"pa_steenstrips-geschikt-voor-panneaux-muraux-de-salle-de-bains","20":"desktop-align-left","21":"tablet-align-left","22":"mobile-align-left","23":"ast-product-gallery-layout-vertical-slider","24":"ast-product-tabs-layout-vertical","25":"ast-qv-on-image","27":"first","28":"instock","29":"sale","30":"featured","31":"taxable","32":"shipping-taxable","33":"purchasable","34":"product-type-simple"},"_links":{"self":[{"href":"https:\/\/aydodeco.nl\/fr\/wp-json\/wp\/v2\/product\/172889","targetHints":{"allow":["GET"]}}],"collection":[{"href":"https:\/\/aydodeco.nl\/fr\/wp-json\/wp\/v2\/product"}],"about":[{"href":"https:\/\/aydodeco.nl\/fr\/wp-json\/wp\/v2\/types\/product"}],"replies":[{"embeddable":true,"href":"https:\/\/aydodeco.nl\/fr\/wp-json\/wp\/v2\/comments?post=172889"}],"version-history":[{"count":0,"href":"https:\/\/aydodeco.nl\/fr\/wp-json\/wp\/v2\/product\/172889\/revisions"}],"wp:featuredmedia":[{"embeddable":true,"href":"https:\/\/aydodeco.nl\/fr\/wp-json\/wp\/v2\/media\/176063"}],"wp:attachment":[{"href":"https:\/\/aydodeco.nl\/fr\/wp-json\/wp\/v2\/media?parent=172889"}],"wp:term":[{"taxonomy":"product_brand","embeddable":true,"href":"https:\/\/aydodeco.nl\/fr\/wp-json\/wp\/v2\/product_brand?post=172889"},{"taxonomy":"product_cat","embeddable":true,"href":"https:\/\/aydodeco.nl\/fr\/wp-json\/wp\/v2\/product_cat?post=172889"},{"taxonomy":"product_tag","embeddable":true,"href":"https:\/\/aydodeco.nl\/fr\/wp-json\/wp\/v2\/product_tag?post=172889"}],"curies":[{"name":"wp","href":"https:\/\/api.w.org\/{rel}","templated":true}]}}