{"id":172687,"date":"2025-03-17T11:38:58","date_gmt":"2025-03-17T10:38:58","guid":{"rendered":"https:\/\/aydodeco.nl\/?post_type=product&#038;p=172687"},"modified":"2026-01-05T15:01:39","modified_gmt":"2026-01-05T14:01:39","slug":"colorado-grey-brown-panneau-mural-3d","status":"publish","type":"product","link":"https:\/\/aydodeco.nl\/fr\/colorado-grey-brown-panneau-mural-3d\/","title":{"rendered":"Colorado Grey Brown &#8211; Panneau mural 3D"},"content":{"rendered":"<h1 style=\"font-size: 32px; font-weight: bold; margin-bottom: 0.5em;\">Panneau mural 3D Colorado Grey Brown- Brick Strips<\/h1>\n<p style=\"font-size: 16px; line-height: 1.5; margin-bottom: 1em;\">L\u00e9ger mais tr\u00e8s puissant ! Ces panneaux muraux 3D Colorado Grey Brown Brick Strips ont l&rsquo;effet de mur de briques le plus r\u00e9aliste du march\u00e9 et sont fabriqu\u00e9s en polyur\u00e9thane compact\u00e9. Chaque panneau est fini individuellement \u00e0 la main pour un aspect unique. Ces panneaux muraux 3D Brick Strips sont id\u00e9aux pour d\u00e9corer n&rsquo;importe quelle pi\u00e8ce ou l&rsquo;ext\u00e9rieur de votre maison. Ils sont durables, isolants et imperm\u00e9ables, ce qui les rend parfaits pour une utilisation dans divers endroits tels que la salle de bain, le salon, la chambre \u00e0 coucher, la cuisine et m\u00eame l&rsquo;ext\u00e9rieur de votre maison.    <\/p>\n<h3 style=\"font-size: 20px; font-weight: bold; margin-bottom: 0.5em;\">Principales caract\u00e9ristiques<\/h3>\n<ul style=\"font-size: 16px; line-height: 1.5; margin-bottom: 1em;\">\n<li>Garantie du fabricant de <b>10 ans<\/b> <\/li>\n<li><b>Sans soudure :<\/b> remplissage avec un mastic de structure<\/li>\n<li><b>Dimensions :<\/b> 116 cm x 59 cm, \u00e9paisseur env. 4,4 cm<\/li>\n<li><b>Poids :<\/b> Environ 2,5 kg par panneau mural<\/li>\n<li><b>Fabriqu\u00e9 \u00e0 la main :<\/b> Aucun panneau mural 3D Colorado Grey Brown Brick Strips n&rsquo;est identique. Chaque panneau est unique. <\/li>\n<li><b>Collage : <\/b><b><a href=\"https:\/\/aydodeco.nl\/montagekit-binnen-gebruik\/\">Kit de montage <\/a><\/b>1 tube de mastic pour 2 panneaux<\/li>\n<li><b>Jointoiement : <a href=\"https:\/\/aydodeco.nl\/voegkit-piedra-panel-acrylaat-met-korrelstructuur\/\">Scellant pour joints<\/a><\/b> 1 tube de scellant pour 3m\u00b2<\/li>\n<li><b>Prix :<\/b> \u00e0 l&rsquo;unit\u00e9<\/li>\n<li><b>L\u00e9ger et facile \u00e0 d\u00e9couper :<\/b> Avec une scie \u00e9go\u00efne ou un couteau stanley<\/li>\n<li><b>Facile \u00e0 monter :<\/b> \u00e0 l&rsquo;aide d&rsquo;un kit de montage ou de vis<\/li>\n<li><b>Durable :<\/b> r\u00e9sistant aux rayures, aux chocs et \u00e0 l&rsquo;abrasion pour une longue dur\u00e9e de vie.<\/li>\n<li><b>Utilisation polyvalente :<\/b> partout \u00e0 l&rsquo;int\u00e9rieur et \u00e0 l&rsquo;ext\u00e9rieur de la maison<\/li>\n<li><b>Utilisation en ext\u00e9rieur :<\/b> Pour les murs ext\u00e9rieurs, les fa\u00e7ades, etc., nous recommandons l&rsquo;impr\u00e9gnation des fa\u00e7ades.<\/li>\n<li><b>Isolation :<\/b> Effet b\u00e9n\u00e9fique sur l&rsquo;isolation<\/li>\n<li><b>Relief r\u00e9el :<\/b> pas de surface plane comme le papier peint<\/li>\n<li><b>Peinture incluse :<\/b> pour un aspect 100% sans couture, peignez sur les coutures.<\/li>\n<\/ul>\n<h3 style=\"font-size: 20px; font-weight: bold; margin-bottom: 0.5em;\">Propri\u00e9t\u00e9s des mat\u00e9riaux<\/h3>\n<ul style=\"font-size: 16px; line-height: 1.5; margin-bottom: 1em;\">\n<li><b>Valeur d&rsquo;isolation thermique :<\/b> \u00b1 RD 1,3<\/li>\n<li><b>Sous-couche :<\/b> Polyur\u00e9thane (HD)<\/li>\n<li><b>Recyclable<\/b><\/li>\n<\/ul>\n<p><strong>VEUILLEZ NOTER :<\/strong> En raison des diff\u00e9rents lots de production, des diff\u00e9rences de couleur peuvent survenir. Lorsqu&rsquo;un lot est \u00e9puis\u00e9 et r\u00e9approvisionn\u00e9, la couleur peut diff\u00e9rer des commandes pr\u00e9c\u00e9dentes. Pour les commandes r\u00e9p\u00e9t\u00e9es, veuillez en tenir compte.  <\/p>\n","protected":false},"excerpt":{"rendered":"<p>116x59x4,4cm<\/p>\n","protected":false},"featured_media":176248,"comment_status":"open","ping_status":"closed","template":"","meta":{"site-sidebar-layout":"default","site-content-layout":"","ast-site-content-layout":"default","site-content-style":"default","site-sidebar-style":"default","ast-global-header-display":"","ast-banner-title-visibility":"","ast-main-header-display":"","ast-hfb-above-header-display":"","ast-hfb-below-header-display":"","ast-hfb-mobile-header-display":"","site-post-title":"","ast-breadcrumbs-content":"","ast-featured-img":"","footer-sml-layout":"","ast-disable-related-posts":"","theme-transparent-header-meta":"default","adv-header-id-meta":"","stick-header-meta":"default","header-above-stick-meta":"","header-main-stick-meta":"","header-below-stick-meta":"","astra-migrate-meta-layouts":"set","ast-page-background-enabled":"default","ast-page-background-meta":{"desktop":{"background-color":"var(--ast-global-color-4)","background-image":"","background-repeat":"repeat","background-position":"center center","background-size":"auto","background-attachment":"scroll","background-type":"","background-media":"","overlay-type":"","overlay-color":"","overlay-opacity":"","overlay-gradient":""},"tablet":{"background-color":"","background-image":"","background-repeat":"repeat","background-position":"center center","background-size":"auto","background-attachment":"scroll","background-type":"","background-media":"","overlay-type":"","overlay-color":"","overlay-opacity":"","overlay-gradient":""},"mobile":{"background-color":"","background-image":"","background-repeat":"repeat","background-position":"center center","background-size":"auto","background-attachment":"scroll","background-type":"","background-media":"","overlay-type":"","overlay-color":"","overlay-opacity":"","overlay-gradient":""}},"ast-content-background-meta":{"desktop":{"background-color":"var(--ast-global-color-5)","background-image":"","background-repeat":"repeat","background-position":"center center","background-size":"auto","background-attachment":"scroll","background-type":"","background-media":"","overlay-type":"","overlay-color":"","overlay-opacity":"","overlay-gradient":""},"tablet":{"background-color":"var(--ast-global-color-5)","background-image":"","background-repeat":"repeat","background-position":"center center","background-size":"auto","background-attachment":"scroll","background-type":"","background-media":"","overlay-type":"","overlay-color":"","overlay-opacity":"","overlay-gradient":""},"mobile":{"background-color":"var(--ast-global-color-5)","background-image":"","background-repeat":"repeat","background-position":"center center","background-size":"auto","background-attachment":"scroll","background-type":"","background-media":"","overlay-type":"","overlay-color":"","overlay-opacity":"","overlay-gradient":""}}},"product_brand":[],"product_cat":[368,537,369],"product_tag":[371,372,778],"class_list":{"0":"post-172687","1":"product","2":"type-product","3":"status-publish","4":"has-post-thumbnail","6":"product_cat-panneaux-muraux-3d","7":"product_cat-panneaux-muraux-elite-pu-xl","8":"product_cat-panneaux-muraux-piedra","9":"product_tag-bandes-de-pierre-a-lexterieur","10":"product_tag-korting25-50eps-fr-1","11":"product_tag-vendredi-noir","12":"product_shipping_class-elitepu-5-fr","13":"pa_steenstrips-geschikt-voor-derriere-la-cuisiniere-a-gaz","14":"pa_steenstrips-geschikt-voor-exterieur-resistant-aux-intemperies","15":"desktop-align-left","16":"tablet-align-left","17":"mobile-align-left","18":"ast-product-gallery-layout-vertical-slider","19":"ast-product-tabs-layout-vertical","20":"ast-qv-on-image","22":"first","23":"instock","24":"sale","25":"taxable","26":"shipping-taxable","27":"purchasable","28":"product-type-simple"},"_links":{"self":[{"href":"https:\/\/aydodeco.nl\/fr\/wp-json\/wp\/v2\/product\/172687","targetHints":{"allow":["GET"]}}],"collection":[{"href":"https:\/\/aydodeco.nl\/fr\/wp-json\/wp\/v2\/product"}],"about":[{"href":"https:\/\/aydodeco.nl\/fr\/wp-json\/wp\/v2\/types\/product"}],"replies":[{"embeddable":true,"href":"https:\/\/aydodeco.nl\/fr\/wp-json\/wp\/v2\/comments?post=172687"}],"version-history":[{"count":0,"href":"https:\/\/aydodeco.nl\/fr\/wp-json\/wp\/v2\/product\/172687\/revisions"}],"wp:featuredmedia":[{"embeddable":true,"href":"https:\/\/aydodeco.nl\/fr\/wp-json\/wp\/v2\/media\/176248"}],"wp:attachment":[{"href":"https:\/\/aydodeco.nl\/fr\/wp-json\/wp\/v2\/media?parent=172687"}],"wp:term":[{"taxonomy":"product_brand","embeddable":true,"href":"https:\/\/aydodeco.nl\/fr\/wp-json\/wp\/v2\/product_brand?post=172687"},{"taxonomy":"product_cat","embeddable":true,"href":"https:\/\/aydodeco.nl\/fr\/wp-json\/wp\/v2\/product_cat?post=172687"},{"taxonomy":"product_tag","embeddable":true,"href":"https:\/\/aydodeco.nl\/fr\/wp-json\/wp\/v2\/product_tag?post=172687"}],"curies":[{"name":"wp","href":"https:\/\/api.w.org\/{rel}","templated":true}]}}