{"id":164565,"date":"2024-12-10T10:32:03","date_gmt":"2024-12-10T09:32:03","guid":{"rendered":"https:\/\/aydodeco.nl\/?post_type=product&#038;p=164565"},"modified":"2026-03-24T15:11:02","modified_gmt":"2026-03-24T14:11:02","slug":"hotel-chic-panneau-mural-pvc-aspect-marbre-2","status":"publish","type":"product","link":"https:\/\/aydodeco.nl\/fr\/hotel-chic-panneau-mural-pvc-aspect-marbre-2\/","title":{"rendered":"Hotel Chic &#8211; Panneau mural PVC aspect marbre"},"content":{"rendered":"<h1 style=\"font-size: 32px;font-weight: bold;margin-bottom: 0.5em\">Panneau mural PVC aspect marbre : Hotel Chic<\/h1>\n<p>Le panneau mural en PVC aspect marbre Hotel Chic offre un aspect luxueux et \u00e9l\u00e9gant, parfait pour votre salle de bain, votre douche et votre cuisine. Ces panneaux muraux en PVC aspect marbre de haute qualit\u00e9 sont id\u00e9aux pour tous les espaces int\u00e9rieurs. Avec un assemblage simple et une d\u00e9coupe facile \u00e0 l&rsquo;aide d&rsquo;un couteau Stanley, vous pouvez installer ces panneaux rapidement et facilement. Les panneaux sont faciles \u00e0 nettoyer et conf\u00e8rent \u00e0 toute pi\u00e8ce un aspect sophistiqu\u00e9 et \u00e9l\u00e9gant.   <\/p>\n<h3 style=\"font-size: 20px;font-weight: bold;margin-bottom: 0.5em\">Caract\u00e9ristiques<\/h3>\n<ul>\n<li>\u00c9tanche &#8211; R\u00e9sistant \u00e0 l&rsquo;eau &#8211; \u00c9tanche \u00e0 la poussi\u00e8re &#8211; \u00c9tanche<\/li>\n<li>Facile \u00e0 assembler<\/li>\n<li>Coupez \u00e0 la taille voulue \u00e0 l&rsquo;aide d&rsquo;un couteau Stanley<\/li>\n<li>Fixation \u00e0 l&rsquo;aide d&rsquo;une colle d&rsquo;assemblage (haute adh\u00e9rence)<\/li>\n<li>Convient pour une utilisation \u00e0 l&rsquo;int\u00e9rieur<\/li>\n<li>Adapt\u00e9 \u00e0 la cuisine (derri\u00e8re une plaque de cuisson au gaz, \u00e0 une distance d&rsquo;au moins 15 cm)<\/li>\n<li>Cabine de douche (bien sceller entre les planches avec un mastic silicone de la couleur souhait\u00e9e), salle de bain, couloir, etc.<\/li>\n<li>Anti-calcaire, ne retient pas le calcaire<\/li>\n<li>Un aspect marbr\u00e9 \u00e9l\u00e9gant<\/li>\n<\/ul>\n<h3 style=\"font-size: 20px;font-weight: bold;margin-bottom: 0.5em\">Dimensions<\/h3>\n<ul>\n<li>120 x 259 cm<\/li>\n<li>\u00c9paisseur : 3 mm<\/li>\n<\/ul>\n<h3 style=\"font-size: 20px;font-weight: bold;margin-bottom: 0.5em\">Fournitures<\/h3>\n<ul>\n<li>Nous recommandons 2 \u00e0 3 tubes de kit de montage par panneau.<\/li>\n<li>D\u00e9coupe \u00e0 l&rsquo;aide d&rsquo;un couteau Stanley, d&rsquo;une scie \u00e0 table ou d&rsquo;une scie circulaire<\/li>\n<li>Utilisez du mastic silicone pour sceller les bords et les joints.<\/li>\n<li>Vous pouvez sceller environ 2 panneaux avec un tube de mastic silicone.<\/li>\n<\/ul>\n<h3 style=\"font-size: 20px;font-weight: bold;margin-bottom: 0.5em\">Nettoyage de panneaux muraux en PVC d&rsquo;aspect marbr\u00e9<\/h3>\n<ul>\n<li>Nettoyage avec un savon vert\/un nettoyant universel et un chiffon en microfibres<\/li>\n<li>N&rsquo;utilisez pas de produits de nettoyage agressifs ou abrasifs<\/li>\n<li>Les rayures l\u00e9g\u00e8res peuvent \u00eatre polies<\/li>\n<\/ul>\n","protected":false},"excerpt":{"rendered":"<p>122x260x0,3cm<\/p>\n","protected":false},"featured_media":202670,"comment_status":"open","ping_status":"closed","template":"","meta":{"site-sidebar-layout":"default","site-content-layout":"","ast-site-content-layout":"default","site-content-style":"default","site-sidebar-style":"default","ast-global-header-display":"","ast-banner-title-visibility":"","ast-main-header-display":"","ast-hfb-above-header-display":"","ast-hfb-below-header-display":"","ast-hfb-mobile-header-display":"","site-post-title":"","ast-breadcrumbs-content":"","ast-featured-img":"","footer-sml-layout":"","ast-disable-related-posts":"","theme-transparent-header-meta":"default","adv-header-id-meta":"","stick-header-meta":"default","header-above-stick-meta":"","header-main-stick-meta":"","header-below-stick-meta":"","astra-migrate-meta-layouts":"set","ast-page-background-enabled":"default","ast-page-background-meta":{"desktop":{"background-color":"var(--ast-global-color-4)","background-image":"","background-repeat":"repeat","background-position":"center center","background-size":"auto","background-attachment":"scroll","background-type":"","background-media":"","overlay-type":"","overlay-color":"","overlay-opacity":"","overlay-gradient":""},"tablet":{"background-color":"","background-image":"","background-repeat":"repeat","background-position":"center center","background-size":"auto","background-attachment":"scroll","background-type":"","background-media":"","overlay-type":"","overlay-color":"","overlay-opacity":"","overlay-gradient":""},"mobile":{"background-color":"","background-image":"","background-repeat":"repeat","background-position":"center center","background-size":"auto","background-attachment":"scroll","background-type":"","background-media":"","overlay-type":"","overlay-color":"","overlay-opacity":"","overlay-gradient":""}},"ast-content-background-meta":{"desktop":{"background-color":"var(--ast-global-color-5)","background-image":"","background-repeat":"repeat","background-position":"center center","background-size":"auto","background-attachment":"scroll","background-type":"","background-media":"","overlay-type":"","overlay-color":"","overlay-opacity":"","overlay-gradient":""},"tablet":{"background-color":"var(--ast-global-color-5)","background-image":"","background-repeat":"repeat","background-position":"center center","background-size":"auto","background-attachment":"scroll","background-type":"","background-media":"","overlay-type":"","overlay-color":"","overlay-opacity":"","overlay-gradient":""},"mobile":{"background-color":"var(--ast-global-color-5)","background-image":"","background-repeat":"repeat","background-position":"center center","background-size":"auto","background-attachment":"scroll","background-type":"","background-media":"","overlay-type":"","overlay-color":"","overlay-opacity":"","overlay-gradient":""}}},"product_brand":[],"product_cat":[420,432,433],"product_tag":[657,514,461,435,434,517],"class_list":{"0":"post-164565","1":"product","2":"type-product","3":"status-publish","4":"has-post-thumbnail","6":"product_cat-offres","7":"product_cat-panneaux-muraux-aspect-marbre","8":"product_cat-panneaux-muraux-en-pvc-aspect-marbre","9":"product_tag-action","10":"product_tag-black-november-fr1","11":"product_tag-exclusive-fr","12":"product_tag-glanzend-fr","13":"product_tag-korting10-20marmer-fr-1","14":"product_tag-nouveau","15":"product_shipping_class-panneaux-xl","16":"pa_steenstrips-geschikt-voor-derriere-la-cuisiniere-a-gaz","17":"pa_steenstrips-geschikt-voor-panneaux-muraux-de-salle-de-bains","18":"desktop-align-left","19":"tablet-align-left","20":"mobile-align-left","21":"ast-product-gallery-layout-vertical-slider","22":"ast-product-tabs-layout-vertical","23":"ast-qv-on-image","25":"first","26":"instock","27":"featured","28":"taxable","29":"shipping-taxable","30":"purchasable","31":"product-type-simple"},"_links":{"self":[{"href":"https:\/\/aydodeco.nl\/fr\/wp-json\/wp\/v2\/product\/164565","targetHints":{"allow":["GET"]}}],"collection":[{"href":"https:\/\/aydodeco.nl\/fr\/wp-json\/wp\/v2\/product"}],"about":[{"href":"https:\/\/aydodeco.nl\/fr\/wp-json\/wp\/v2\/types\/product"}],"replies":[{"embeddable":true,"href":"https:\/\/aydodeco.nl\/fr\/wp-json\/wp\/v2\/comments?post=164565"}],"version-history":[{"count":0,"href":"https:\/\/aydodeco.nl\/fr\/wp-json\/wp\/v2\/product\/164565\/revisions"}],"wp:featuredmedia":[{"embeddable":true,"href":"https:\/\/aydodeco.nl\/fr\/wp-json\/wp\/v2\/media\/202670"}],"wp:attachment":[{"href":"https:\/\/aydodeco.nl\/fr\/wp-json\/wp\/v2\/media?parent=164565"}],"wp:term":[{"taxonomy":"product_brand","embeddable":true,"href":"https:\/\/aydodeco.nl\/fr\/wp-json\/wp\/v2\/product_brand?post=164565"},{"taxonomy":"product_cat","embeddable":true,"href":"https:\/\/aydodeco.nl\/fr\/wp-json\/wp\/v2\/product_cat?post=164565"},{"taxonomy":"product_tag","embeddable":true,"href":"https:\/\/aydodeco.nl\/fr\/wp-json\/wp\/v2\/product_tag?post=164565"}],"curies":[{"name":"wp","href":"https:\/\/api.w.org\/{rel}","templated":true}]}}