{"id":157697,"date":"2024-03-21T15:47:28","date_gmt":"2024-03-21T14:47:28","guid":{"rendered":"https:\/\/aydodeco.nl\/panneau-mural-3d-en-bandes-de-pierre-1903-grey\/"},"modified":"2025-04-04T12:04:52","modified_gmt":"2025-04-04T10:04:52","slug":"panneau-mural-3d-en-bandes-de-pierre-1903-grey","status":"publish","type":"product","link":"https:\/\/aydodeco.nl\/fr\/panneau-mural-3d-en-bandes-de-pierre-1903-grey\/","title":{"rendered":"Panneau mural 3D en bandes de pierre 1903 Grey"},"content":{"rendered":"<h2>Panneau mural 3D gris<\/h2>\n<p>Panneau mural 3D avec briques grises dans un habillage sauvage. Avec ce magnifique panneau mural aux couleurs sable, vous obtiendrez en un rien de temps un beau mur dans l&rsquo;atmosph\u00e8re souhait\u00e9e. Sans entretien et tr\u00e8s facile \u00e0 personnaliser. Ce panneau mural en briques grises est id\u00e9al pour tous les murs int\u00e9rieurs et ext\u00e9rieurs.   <\/p>\n<h3 style=\"font-size: 1.88235rem; font-style: normal;\">Panneau mural 3D gris<\/h3>\n<p style=\"font-size: 17px; font-style: normal; font-weight: 400;\">Ces bandes de briques dans de belles nuances de gris contiennent une couche sup\u00e9rieure tr\u00e8s dure et super r\u00e9sistante. La couche inf\u00e9rieure est constitu\u00e9e d&rsquo;ISOMO, ou mousse de polystyr\u00e8ne durcie. La densit\u00e9 \u00e9lev\u00e9e de la mousse de polystyr\u00e8ne offre une excellente valeur d&rsquo;isolation. Vous pouvez donc installer ce magnifique panneau mural aussi bien \u00e0 l&rsquo;int\u00e9rieur que sur le mur ext\u00e9rieur !   <\/p>\n<h3 style=\"font-size: 1.88235rem; font-style: normal;\">Isolation Panneaux muraux<\/h3>\n<p style=\"font-size: 17px; font-style: normal; font-weight: 400;\">Ces panneaux muraux permettent de r\u00e9aliser des \u00e9conomies d&rsquo;\u00e9nergie et peuvent \u00e9galement \u00eatre utilis\u00e9s pour l&rsquo;isolation des fa\u00e7ades. Les panneaux muraux 3D offrent une valeur d&rsquo;isolation d&rsquo;au moins 0,6R. <\/p>\n<p style=\"font-size: 17px; font-style: normal; font-weight: 400;\">Principales caract\u00e9ristiques<\/p>\n<ul style=\"font-size: 17px; font-style: normal; font-weight: 400;\">\n<li style=\"font-size: 17px;\">Garantie de 2 ans<\/li>\n<li style=\"font-size: 17px;\">Convient pour une utilisation int\u00e9rieure et ext\u00e9rieure <a style=\"color: #c28d3e;\" href=\"https:\/\/aydodeco.nl\/de\/wand-impraegnierung-wb-8-5l\/\">(l&rsquo;utilisation ext\u00e9rieure n\u00e9cessite une impr\u00e9gnation)<\/a><\/li>\n<li style=\"font-size: 17px;\">les prix s&rsquo;entendent par pi\u00e8ce<\/li>\n<li style=\"font-size: 17px;\">dimensions 50cm x 100cm (\u00e9paisseur 2 centim\u00e8tres)<\/li>\n<li style=\"font-size: 17px;\">poids environ 1kg par panneau<\/li>\n<li style=\"font-size: 17px;\">convient pour l&rsquo;int\u00e9rieur et l&rsquo;ext\u00e9rieur (pas sous l&rsquo;eau courante)<\/li>\n<li style=\"font-size: 17px;\">se fixe sur tous les types de murs<\/li>\n<li style=\"font-size: 17px;\">peut \u00eatre utilis\u00e9 directement sur du papier peint, du carrelage existant, du bois, du verre, etc.<\/li>\n<li style=\"font-size: 17px;\">facile \u00e0 travailler avec un couteau Stanley, une scie \u00e0 main ou une scie \u00e9lectrique<\/li>\n<li style=\"font-size: 17px;\">R\u00e9sistant aux UV et aux intemp\u00e9ries<\/li>\n<li style=\"font-size: 17px;\">l\u00e9ger, r\u00e9sistant aux rayures et aux chocs<\/li>\n<li style=\"font-size: 17px;\">\u00e0 peindre au choix<\/li>\n<li style=\"font-size: 17px;\">effet favorable sur l&rsquo;isolation thermique et acoustique<\/li>\n<li style=\"font-size: 17px;\">valeur rd environ 0,6R<\/li>\n<li style=\"font-size: 17px;\">indiscernable de la vraie brique<\/li>\n<li style=\"font-size: 17px;\">la fixation des angles au moyen de coupes en onglet (comme pour les plinthes)<\/li>\n<li style=\"font-size: 17px;\">Excellent pour une utilisation ext\u00e9rieure telle que maison d&rsquo;\u00e9t\u00e9, chalet, bord d&rsquo;\u00e9tang<\/li>\n<\/ul>\n<p style=\"font-size: 17px; font-style: normal; font-weight: 400; color: #4a4a4a; font-family: 'Source Sans Pro', sans-serif;\">Propri\u00e9t\u00e9s des mat\u00e9riaux<\/p>\n<ul style=\"font-size: 17px; font-style: normal; font-weight: 400; color: #4a4a4a; font-family: 'Source Sans Pro', sans-serif;\">\n<li style=\"font-size: 17px;\">Sous-couche : ISOMO \/ EPS, polystyr\u00e8ne expans\u00e9<\/li>\n<li style=\"font-size: 17px;\">Couche sup\u00e9rieure : r\u00e9sine polyester + m\u00e9lange de ciment \/ poudre de pierre<\/li>\n<li style=\"font-size: 17px;\">100% recyclable<\/li>\n<li style=\"font-size: 17px;\">Valeur d&rsquo;isolation \u00b1 RD 0,6<\/li>\n<\/ul>\n<p style=\"font-size: 17px; font-style: normal; font-weight: 400; color: #4a4a4a; font-family: 'Source Sans Pro', sans-serif;\">Conseil d&rsquo;un professionnel !<br \/>\nAvant le traitement des panneaux, nous vous recommandons de manipuler les bords et les coins des panneaux avec pr\u00e9caution. Dans le cas improbable o\u00f9 les c\u00f4t\u00e9s\/coins seraient l\u00e9g\u00e8rement endommag\u00e9s, il est tr\u00e8s facile d&rsquo;y rem\u00e9dier.<br \/>\nPosez une r\u00e8gle au dos du panneau et utilisez une scie \u00e0 main \u00e0 dents fines pour d\u00e9couper la pi\u00e8ce souhait\u00e9e dans le sens horizontal ou vertical.<\/p>\n","protected":false},"excerpt":{"rendered":"<p>100x50x2cm<\/p>\n","protected":false},"featured_media":126572,"comment_status":"open","ping_status":"closed","template":"","meta":{"site-sidebar-layout":"default","site-content-layout":"","ast-site-content-layout":"default","site-content-style":"default","site-sidebar-style":"default","ast-global-header-display":"","ast-banner-title-visibility":"","ast-main-header-display":"","ast-hfb-above-header-display":"","ast-hfb-below-header-display":"","ast-hfb-mobile-header-display":"","site-post-title":"","ast-breadcrumbs-content":"","ast-featured-img":"","footer-sml-layout":"","ast-disable-related-posts":"","theme-transparent-header-meta":"default","adv-header-id-meta":"","stick-header-meta":"default","header-above-stick-meta":"","header-main-stick-meta":"","header-below-stick-meta":"","astra-migrate-meta-layouts":"default","ast-page-background-enabled":"default","ast-page-background-meta":{"desktop":{"background-color":"var(--ast-global-color-4)","background-image":"","background-repeat":"repeat","background-position":"center center","background-size":"auto","background-attachment":"scroll","background-type":"","background-media":"","overlay-type":"","overlay-color":"","overlay-opacity":"","overlay-gradient":""},"tablet":{"background-color":"","background-image":"","background-repeat":"repeat","background-position":"center center","background-size":"auto","background-attachment":"scroll","background-type":"","background-media":"","overlay-type":"","overlay-color":"","overlay-opacity":"","overlay-gradient":""},"mobile":{"background-color":"","background-image":"","background-repeat":"repeat","background-position":"center center","background-size":"auto","background-attachment":"scroll","background-type":"","background-media":"","overlay-type":"","overlay-color":"","overlay-opacity":"","overlay-gradient":""}},"ast-content-background-meta":{"desktop":{"background-color":"var(--ast-global-color-5)","background-image":"","background-repeat":"repeat","background-position":"center center","background-size":"auto","background-attachment":"scroll","background-type":"","background-media":"","overlay-type":"","overlay-color":"","overlay-opacity":"","overlay-gradient":""},"tablet":{"background-color":"var(--ast-global-color-5)","background-image":"","background-repeat":"repeat","background-position":"center center","background-size":"auto","background-attachment":"scroll","background-type":"","background-media":"","overlay-type":"","overlay-color":"","overlay-opacity":"","overlay-gradient":""},"mobile":{"background-color":"var(--ast-global-color-5)","background-image":"","background-repeat":"repeat","background-position":"center center","background-size":"auto","background-attachment":"scroll","background-type":"","background-media":"","overlay-type":"","overlay-color":"","overlay-opacity":"","overlay-gradient":""}}},"product_brand":[],"product_cat":[420,368,540],"product_tag":[371,372],"class_list":{"0":"post-157697","1":"product","2":"type-product","3":"status-publish","4":"has-post-thumbnail","6":"product_cat-offres","7":"product_cat-panneaux-muraux-3d","8":"product_cat-panneaux-muraux-3d-en-eps","9":"product_tag-bandes-de-pierre-a-lexterieur","10":"product_tag-korting25-50eps-fr-1","11":"product_shipping_class-3d-eps-8-fr","12":"pa_steenstrips-geschikt-voor-derriere-la-cuisiniere-a-gaz","13":"pa_steenstrips-geschikt-voor-exterieur-resistant-aux-intemperies","14":"desktop-align-left","15":"tablet-align-left","16":"mobile-align-left","17":"ast-product-gallery-layout-vertical-slider","18":"ast-product-tabs-layout-vertical","19":"ast-qv-on-image","21":"first","22":"outofstock","23":"sale","24":"featured","25":"taxable","26":"shipping-taxable","27":"purchasable","28":"product-type-simple"},"_links":{"self":[{"href":"https:\/\/aydodeco.nl\/fr\/wp-json\/wp\/v2\/product\/157697","targetHints":{"allow":["GET"]}}],"collection":[{"href":"https:\/\/aydodeco.nl\/fr\/wp-json\/wp\/v2\/product"}],"about":[{"href":"https:\/\/aydodeco.nl\/fr\/wp-json\/wp\/v2\/types\/product"}],"replies":[{"embeddable":true,"href":"https:\/\/aydodeco.nl\/fr\/wp-json\/wp\/v2\/comments?post=157697"}],"version-history":[{"count":0,"href":"https:\/\/aydodeco.nl\/fr\/wp-json\/wp\/v2\/product\/157697\/revisions"}],"wp:featuredmedia":[{"embeddable":true,"href":"https:\/\/aydodeco.nl\/fr\/wp-json\/wp\/v2\/media\/126572"}],"wp:attachment":[{"href":"https:\/\/aydodeco.nl\/fr\/wp-json\/wp\/v2\/media?parent=157697"}],"wp:term":[{"taxonomy":"product_brand","embeddable":true,"href":"https:\/\/aydodeco.nl\/fr\/wp-json\/wp\/v2\/product_brand?post=157697"},{"taxonomy":"product_cat","embeddable":true,"href":"https:\/\/aydodeco.nl\/fr\/wp-json\/wp\/v2\/product_cat?post=157697"},{"taxonomy":"product_tag","embeddable":true,"href":"https:\/\/aydodeco.nl\/fr\/wp-json\/wp\/v2\/product_tag?post=157697"}],"curies":[{"name":"wp","href":"https:\/\/api.w.org\/{rel}","templated":true}]}}