{"id":151904,"date":"2022-07-14T11:24:11","date_gmt":"2022-07-14T09:24:11","guid":{"rendered":"https:\/\/aydodeco.nl\/panneau-mural-cire-en-beton-light-xl\/"},"modified":"2024-09-30T08:54:59","modified_gmt":"2024-09-30T06:54:59","slug":"panneau-mural-cire-en-beton-light-xl","status":"publish","type":"product","link":"https:\/\/aydodeco.nl\/fr\/panneau-mural-cire-en-beton-light-xl\/","title":{"rendered":"Panneau mural Cir\u00e9 en b\u00e9ton Light XL"},"content":{"rendered":"<h2>Panneau mural en b\u00e9ton Light XL<\/h2>\n<p>  Ce panneau mural en b\u00e9ton est compos\u00e9 de b\u00e9ton v\u00e9ritable sur la partie sup\u00e9rieure et d&rsquo;un dos en fibre de verre renforc\u00e9 de polyr\u00e9sine.<br \/>\nIl ne fait donc que 2 \u00e0 4 mm d&rsquo;\u00e9paisseur, il est flexible et l\u00e9ger !<br \/>\nCes panneaux muraux sont tr\u00e8s faciles \u00e0 installer et constituent une alternative parfaite aux carreaux lourds et co\u00fbteux !    <\/p>\n<h2>Cire de b\u00e9ton<\/h2>\n<p>  La cire de b\u00e9ton est un type particulier de stuc.<br \/>\nCe travail de stucage exige beaucoup de connaissances, de temps et d&rsquo;exp\u00e9rience.<br \/>\nOptez donc pour nos panneaux muraux en b\u00e9ton cir\u00e9 \u00e0 faire soi-m\u00eame.<br \/>\nVous n&rsquo;aurez plus \u00e0 les enduire vous-m\u00eame, mais seulement \u00e0 les d\u00e9couper et \u00e0 les coller sur mesure.     &nbsp;<\/p>\n<p><span style=\"color: #ff0000\"><strong>Remarque !<\/strong>  Comme il s&rsquo;agit d&rsquo;un panneau mural constitu\u00e9 d&rsquo;une v\u00e9ritable couche de b\u00e9ton\/ciment, chaque panneau est diff\u00e9rent.<br \/>\nLes piq\u00fbres, les stries, les taches, les irr\u00e9gularit\u00e9s et les l\u00e9g\u00e8res rayures font partie de l&rsquo;aspect et du charme de ce panneau mural.<br \/>\nLes rayures et les taches peuvent \u00eatre enlev\u00e9es avec le c\u00f4t\u00e9 doux d&rsquo;une \u00e9ponge.  <\/span><\/p>\n<p><strong>Propri\u00e9t\u00e9s du produit<\/strong><\/p>\n<ul>\n<li><strong>convient pour la salle de bains, m\u00eame sous l&rsquo;eau chaude courante (impr\u00e9gnation n\u00e9cessaire)<\/strong><\/li>\n<li>Garantie de 2 ans<\/li>\n<li>Convient \u00e0 une utilisation int\u00e9rieure et ext\u00e9rieure<\/li>\n<li>les prix s&rsquo;entendent par pi\u00e8ce<\/li>\n<li>dimensions 122cm x 260cm (\u00e9paisseur 1 \u00e0 2mm)<\/li>\n<li>poids environ 8 kg par panneau mural<\/li>\n<li>convient pour l&rsquo;arri\u00e8re de la table de cuisson <span style=\"color: #ff6600\"><strong><a style=\"color: #ff6600\" href=\"https:\/\/aydodeco.nl\/winkel\/montagemiddelen\/pe-protect-voor-natuursteen\/\">(apr\u00e8s impr\u00e9gnation avec l&rsquo;impr\u00e9gnation pour pierres naturelles)<\/a><\/strong><\/span><\/li>\n<li>se fixe sur tous les types de murs<\/li>\n<li>peut \u00eatre utilis\u00e9 directement sur du papier peint, du carrelage existant, du bois, du verre, etc.<\/li>\n<li>couper \u00e0 la dimension voulue \u00e0 l&rsquo;aide d&rsquo;une r\u00e8gle ou d&rsquo;une scie circulaire<\/li>\n<li>R\u00e9sistant aux UV et aux intemp\u00e9ries<\/li>\n<li>Tr\u00e8s forte<\/li>\n<\/ul>\n<p><strong>Propri\u00e9t\u00e9s des mat\u00e9riaux<\/strong><\/p>\n<ul>\n<li>Couche sup\u00e9rieure : b\u00e9ton + polyr\u00e9sine<\/li>\n<li>Sous-couche : r\u00e9sine polyester + fibre de verre<\/li>\n<li>Souple \/ pliable<\/li>\n<\/ul>\n<p><strong>Assembl\u00e9e<\/strong><\/p>\n<ul>\n<li>3 tubes de colle d&rsquo;assemblage par feuille<\/li>\n<li>Utilisez la colle d&rsquo;assemblage Aydodeco et \u00e9talez-la bien \u00e0 l&rsquo;aide d&rsquo;un peigne \u00e0 colle.<\/li>\n<li>Apr\u00e8s l&rsquo;avoir fix\u00e9, appuyez fermement<\/li>\n<li>pour l&rsquo;utilisation dans la salle de bain, impr\u00e9gner avec l&rsquo;impr\u00e9gnation pour pierres naturelles et sceller avec le mastic silicone dans la couleur souhait\u00e9e<\/li>\n<li>vous pouvez sceller 2 plaques avec 1 tube de mastic sanitaire<\/li>\n<\/ul>\n<p><strong>Nettoyage et entretien<\/strong><\/p>\n<ul>\n<li>Impr\u00e9gnation tous les 5 ans<\/li>\n<li>Nettoyage au savon vert<\/li>\n<li>les rayures et les routes peuvent \u00eatre \u00e9limin\u00e9es par polissage<\/li>\n<li>n&rsquo;utilisez pas de produits de nettoyage agressifs, n&rsquo;utilisez absolument pas de produits ANTI-CHALK<\/li>\n<\/ul>\n","protected":false},"excerpt":{"rendered":"<p>Panneau mural en b\u00e9ton Light XL Ce panneau mural en b\u00e9ton est compos\u00e9 de b\u00e9ton v\u00e9ritable sur la partie sup\u00e9rieure [&hellip;]<\/p>\n","protected":false},"featured_media":126462,"comment_status":"open","ping_status":"closed","template":"","meta":{"site-sidebar-layout":"default","site-content-layout":"","ast-site-content-layout":"default","site-content-style":"default","site-sidebar-style":"default","ast-global-header-display":"","ast-banner-title-visibility":"","ast-main-header-display":"","ast-hfb-above-header-display":"","ast-hfb-below-header-display":"","ast-hfb-mobile-header-display":"","site-post-title":"","ast-breadcrumbs-content":"","ast-featured-img":"","footer-sml-layout":"","ast-disable-related-posts":"","theme-transparent-header-meta":"","adv-header-id-meta":"","stick-header-meta":"","header-above-stick-meta":"","header-main-stick-meta":"","header-below-stick-meta":"","astra-migrate-meta-layouts":"default","ast-page-background-enabled":"default","ast-page-background-meta":{"desktop":{"background-color":"var(--ast-global-color-4)","background-image":"","background-repeat":"repeat","background-position":"center center","background-size":"auto","background-attachment":"scroll","background-type":"","background-media":"","overlay-type":"","overlay-color":"","overlay-opacity":"","overlay-gradient":""},"tablet":{"background-color":"","background-image":"","background-repeat":"repeat","background-position":"center center","background-size":"auto","background-attachment":"scroll","background-type":"","background-media":"","overlay-type":"","overlay-color":"","overlay-opacity":"","overlay-gradient":""},"mobile":{"background-color":"","background-image":"","background-repeat":"repeat","background-position":"center center","background-size":"auto","background-attachment":"scroll","background-type":"","background-media":"","overlay-type":"","overlay-color":"","overlay-opacity":"","overlay-gradient":""}},"ast-content-background-meta":{"desktop":{"background-color":"var(--ast-global-color-5)","background-image":"","background-repeat":"repeat","background-position":"center center","background-size":"auto","background-attachment":"scroll","background-type":"","background-media":"","overlay-type":"","overlay-color":"","overlay-opacity":"","overlay-gradient":""},"tablet":{"background-color":"var(--ast-global-color-5)","background-image":"","background-repeat":"repeat","background-position":"center center","background-size":"auto","background-attachment":"scroll","background-type":"","background-media":"","overlay-type":"","overlay-color":"","overlay-opacity":"","overlay-gradient":""},"mobile":{"background-color":"var(--ast-global-color-5)","background-image":"","background-repeat":"repeat","background-position":"center center","background-size":"auto","background-attachment":"scroll","background-type":"","background-media":"","overlay-type":"","overlay-color":"","overlay-opacity":"","overlay-gradient":""}}},"product_brand":[],"product_cat":[458,473,474],"product_tag":[434],"class_list":{"0":"post-151904","1":"product","2":"type-product","3":"status-publish","4":"has-post-thumbnail","6":"product_cat-panneaux-muraux-en-beton","7":"product_cat-panneaux-muraux-en-pierre-naturelle","8":"product_cat-panneaux-muraux-en-pierre-naturelle-xl","9":"product_tag-korting10-20marmer-fr-1","10":"product_shipping_class-panneaux-xl","11":"pa_steenstrips-geschikt-voor-derriere-la-cuisiniere-a-gaz","12":"pa_steenstrips-geschikt-voor-exterieur-resistant-aux-intemperies","13":"pa_steenstrips-geschikt-voor-panneaux-muraux-de-salle-de-bains","14":"desktop-align-left","15":"tablet-align-left","16":"mobile-align-left","17":"ast-product-gallery-layout-vertical-slider","18":"ast-product-tabs-layout-vertical","19":"ast-qv-on-image","21":"first","22":"outofstock","23":"sale","24":"taxable","25":"shipping-taxable","26":"purchasable","27":"product-type-simple"},"_links":{"self":[{"href":"https:\/\/aydodeco.nl\/fr\/wp-json\/wp\/v2\/product\/151904","targetHints":{"allow":["GET"]}}],"collection":[{"href":"https:\/\/aydodeco.nl\/fr\/wp-json\/wp\/v2\/product"}],"about":[{"href":"https:\/\/aydodeco.nl\/fr\/wp-json\/wp\/v2\/types\/product"}],"replies":[{"embeddable":true,"href":"https:\/\/aydodeco.nl\/fr\/wp-json\/wp\/v2\/comments?post=151904"}],"version-history":[{"count":0,"href":"https:\/\/aydodeco.nl\/fr\/wp-json\/wp\/v2\/product\/151904\/revisions"}],"wp:featuredmedia":[{"embeddable":true,"href":"https:\/\/aydodeco.nl\/fr\/wp-json\/wp\/v2\/media\/126462"}],"wp:attachment":[{"href":"https:\/\/aydodeco.nl\/fr\/wp-json\/wp\/v2\/media?parent=151904"}],"wp:term":[{"taxonomy":"product_brand","embeddable":true,"href":"https:\/\/aydodeco.nl\/fr\/wp-json\/wp\/v2\/product_brand?post=151904"},{"taxonomy":"product_cat","embeddable":true,"href":"https:\/\/aydodeco.nl\/fr\/wp-json\/wp\/v2\/product_cat?post=151904"},{"taxonomy":"product_tag","embeddable":true,"href":"https:\/\/aydodeco.nl\/fr\/wp-json\/wp\/v2\/product_tag?post=151904"}],"curies":[{"name":"wp","href":"https:\/\/api.w.org\/{rel}","templated":true}]}}