{"id":151881,"date":"2022-07-03T12:41:51","date_gmt":"2022-07-03T10:41:51","guid":{"rendered":"https:\/\/aydodeco.nl\/flexbrick-panneaux-muraux-en-briques-rouges-anciennes\/"},"modified":"2024-09-30T08:54:43","modified_gmt":"2024-09-30T06:54:43","slug":"flexbrick-panneaux-muraux-en-briques-rouges-anciennes","status":"publish","type":"product","link":"https:\/\/aydodeco.nl\/fr\/flexbrick-panneaux-muraux-en-briques-rouges-anciennes\/","title":{"rendered":"FlexBrick Panneaux muraux en briques rouges anciennes"},"content":{"rendered":"<h2>Panneaux muraux en briques rouges anciennes<\/h2>\n<p>  Cette belle bande de briques rouges est flexible, peut \u00eatre coup\u00e9e aux dimensions voulues \u00e0 l&rsquo;aide de ciseaux et se fixe facilement avec de la colle de montage.<br \/>\nVous pouvez installer ces bandes de briques \u00e0 l&rsquo;int\u00e9rieur, mais aussi sur le mur ext\u00e9rieur.<br \/>\nVous voulez aussi un beau mur en briques rouges ?<br \/>\nOptez alors pour les Flexbrick de la marque Flexolith !<br \/>\nIndiscernable de la vraie brique.      <strong>Caract\u00e9ristiques principales  <\/strong><\/p>\n<ul>\n<li>Prix par pi\u00e8ce<\/li>\n<li>dimensions <strong>66,5cm x 25cm &#8211; \u00e9paisseur 4mm<\/strong><\/li>\n<li>taille de la brique <strong>21cmx5cm<\/strong><\/li>\n<li>bandes de pierre flexibles (l\u00e9g\u00e8rement flexibles \u00e0 temp\u00e9rature ambiante, chauff\u00e9es pour plus de flexibilit\u00e9)<\/li>\n<li>convient pour l&rsquo;arri\u00e8re de la table de cuisson <strong>(apr\u00e8s impr\u00e9gnation avec pe-protect)<\/strong><\/li>\n<li>faible poids, environ 5 kg\/m2<\/li>\n<li>aucun joint suppl\u00e9mentaire n&rsquo;est n\u00e9cessaire<\/li>\n<li>qualit\u00e9 moul\u00e9e \u00e0 la main<\/li>\n<li>durable, robuste, \u00e9conomique<\/li>\n<li>r\u00e9sistant aux intemp\u00e9ries, extr\u00eamement r\u00e9sistant<\/li>\n<li>r\u00e9sistant aux chocs et aux impacts<\/li>\n<li>convient aux zones int\u00e9rieures et ext\u00e9rieures (-40 \u00e0 +100 \u00b0C)<\/li>\n<li>Convient comme couche de finition pour les syst\u00e8mes ETICS<\/li>\n<li>Coupez avec un couteau Stanley (coupez avec le couteau et d\u00e9tachez) ou des ciseaux \u00e0 t\u00f4le.<\/li>\n<li>D\u00e9perlant, perm\u00e9able \u00e0 la vapeur d&rsquo;eau et r\u00e9sistant aux couleurs<\/li>\n<li>incombustible selon EN 13501-1 : 2007 + A1 : 2009 B &#8211; s1, d0<\/li>\n<li>Ouvert \u00e0 la vapeur et donc pouvant \u00eatre peint avec des peintures murales<\/li>\n<li>\u00e9galement pour les coins arrondis \/ les courbes<\/li>\n<\/ul>\n<p><strong>Mat\u00e9riau<\/strong><\/p>\n<ul>\n<li>principalement des polym\u00e8res naturels<\/li>\n<\/ul>\n<p><strong>Mat\u00e9riel de montage<\/strong><\/p>\n<ul>\n<li>Collage avec l&rsquo;adh\u00e9sif d&rsquo;assemblage <span style=\"color: #bd7e02\"><strong><a style=\"color: #bd7e02\" href=\"https:\/\/aydodeco.nl\/winkel\/montagekit-binnen-gebruik\/\">Adh\u00e9sif d&rsquo;assemblage Aydodeco<\/a><\/strong><\/span><\/li>\n<li>Coupez \u00e0 la taille voulue \u00e0 l&rsquo;aide d&rsquo;un <a href=\"https:\/\/aydodeco.nl\/winkel\/stanleymes\/\"><span style=\"color: #ff6600\"><strong>couteau bien aiguis\u00e9<\/strong><\/span><\/a> ou des ciseaux<\/li>\n<li>Prot\u00e9gez avec <strong><span style=\"color: #ff6600\">PE-Protect<\/span><\/strong> pour la cuisine<\/li>\n<\/ul>\n","protected":false},"excerpt":{"rendered":"<p>66,5x25x0,4cm<\/p>\n","protected":false},"featured_media":125312,"comment_status":"open","ping_status":"closed","template":"","meta":{"site-sidebar-layout":"default","site-content-layout":"","ast-site-content-layout":"default","site-content-style":"default","site-sidebar-style":"default","ast-global-header-display":"","ast-banner-title-visibility":"","ast-main-header-display":"","ast-hfb-above-header-display":"","ast-hfb-below-header-display":"","ast-hfb-mobile-header-display":"","site-post-title":"","ast-breadcrumbs-content":"","ast-featured-img":"","footer-sml-layout":"","ast-disable-related-posts":"","theme-transparent-header-meta":"default","adv-header-id-meta":"","stick-header-meta":"default","header-above-stick-meta":"","header-main-stick-meta":"","header-below-stick-meta":"","astra-migrate-meta-layouts":"default","ast-page-background-enabled":"default","ast-page-background-meta":{"desktop":{"background-color":"var(--ast-global-color-4)","background-image":"","background-repeat":"repeat","background-position":"center center","background-size":"auto","background-attachment":"scroll","background-type":"","background-media":"","overlay-type":"","overlay-color":"","overlay-opacity":"","overlay-gradient":""},"tablet":{"background-color":"","background-image":"","background-repeat":"repeat","background-position":"center center","background-size":"auto","background-attachment":"scroll","background-type":"","background-media":"","overlay-type":"","overlay-color":"","overlay-opacity":"","overlay-gradient":""},"mobile":{"background-color":"","background-image":"","background-repeat":"repeat","background-position":"center center","background-size":"auto","background-attachment":"scroll","background-type":"","background-media":"","overlay-type":"","overlay-color":"","overlay-opacity":"","overlay-gradient":""}},"ast-content-background-meta":{"desktop":{"background-color":"var(--ast-global-color-5)","background-image":"","background-repeat":"repeat","background-position":"center center","background-size":"auto","background-attachment":"scroll","background-type":"","background-media":"","overlay-type":"","overlay-color":"","overlay-opacity":"","overlay-gradient":""},"tablet":{"background-color":"var(--ast-global-color-5)","background-image":"","background-repeat":"repeat","background-position":"center center","background-size":"auto","background-attachment":"scroll","background-type":"","background-media":"","overlay-type":"","overlay-color":"","overlay-opacity":"","overlay-gradient":""},"mobile":{"background-color":"var(--ast-global-color-5)","background-image":"","background-repeat":"repeat","background-position":"center center","background-size":"auto","background-attachment":"scroll","background-type":"","background-media":"","overlay-type":"","overlay-color":"","overlay-opacity":"","overlay-gradient":""}}},"product_brand":[],"product_cat":[420,505],"product_tag":[],"class_list":{"0":"post-151881","1":"product","2":"type-product","3":"status-publish","4":"has-post-thumbnail","6":"product_cat-offres","7":"product_cat-pierre-flexible","8":"pa_steenstrips-geschikt-voor-derriere-la-cuisiniere-a-gaz","9":"pa_steenstrips-geschikt-voor-exterieur-resistant-aux-intemperies","10":"desktop-align-left","11":"tablet-align-left","12":"mobile-align-left","13":"ast-product-gallery-layout-vertical-slider","14":"ast-product-tabs-layout-vertical","15":"ast-qv-on-image","17":"first","18":"outofstock","19":"sale","20":"featured","21":"taxable","22":"shipping-taxable","23":"purchasable","24":"product-type-simple"},"_links":{"self":[{"href":"https:\/\/aydodeco.nl\/fr\/wp-json\/wp\/v2\/product\/151881","targetHints":{"allow":["GET"]}}],"collection":[{"href":"https:\/\/aydodeco.nl\/fr\/wp-json\/wp\/v2\/product"}],"about":[{"href":"https:\/\/aydodeco.nl\/fr\/wp-json\/wp\/v2\/types\/product"}],"replies":[{"embeddable":true,"href":"https:\/\/aydodeco.nl\/fr\/wp-json\/wp\/v2\/comments?post=151881"}],"version-history":[{"count":0,"href":"https:\/\/aydodeco.nl\/fr\/wp-json\/wp\/v2\/product\/151881\/revisions"}],"wp:featuredmedia":[{"embeddable":true,"href":"https:\/\/aydodeco.nl\/fr\/wp-json\/wp\/v2\/media\/125312"}],"wp:attachment":[{"href":"https:\/\/aydodeco.nl\/fr\/wp-json\/wp\/v2\/media?parent=151881"}],"wp:term":[{"taxonomy":"product_brand","embeddable":true,"href":"https:\/\/aydodeco.nl\/fr\/wp-json\/wp\/v2\/product_brand?post=151881"},{"taxonomy":"product_cat","embeddable":true,"href":"https:\/\/aydodeco.nl\/fr\/wp-json\/wp\/v2\/product_cat?post=151881"},{"taxonomy":"product_tag","embeddable":true,"href":"https:\/\/aydodeco.nl\/fr\/wp-json\/wp\/v2\/product_tag?post=151881"}],"curies":[{"name":"wp","href":"https:\/\/api.w.org\/{rel}","templated":true}]}}