{"id":151755,"date":"2022-05-06T13:52:13","date_gmt":"2022-05-06T11:52:13","guid":{"rendered":"https:\/\/aydodeco.nl\/panneau-mural-en-pierre-naturelle-exclusive-grey-gold-silver-shine\/"},"modified":"2026-03-17T18:45:22","modified_gmt":"2026-03-17T17:45:22","slug":"panneau-mural-en-pierre-naturelle-exclusive-grey-gold-silver-shine","status":"publish","type":"product","link":"https:\/\/aydodeco.nl\/fr\/panneau-mural-en-pierre-naturelle-exclusive-grey-gold-silver-shine\/","title":{"rendered":"Panneau mural en pierre naturelle Silver Shine"},"content":{"rendered":"<h2>Panneau mural en pierre naturelle Silver Shine XL<\/h2>\n<p>Ce panneau mural est compos\u00e9 de pierres 100% naturelles sur le dessus et d&rsquo;un dos en fibre de verre renforc\u00e9 de polyr\u00e9sine. Il ne fait donc que 2 \u00e0 4 mm d&rsquo;\u00e9paisseur, il est flexible et l\u00e9ger ! Ces panneaux muraux sont tr\u00e8s faciles \u00e0 installer et constituent une alternative parfaite aux carreaux lourds et co\u00fbteux !  <\/p>\n<p><strong>Remarque !<\/strong>  Comme il s&rsquo;agit d&rsquo;un produit naturel, les dalles ne sont jamais identiques. Chaque dalle pr\u00e9sente de belles teintes, des veines, des nervures et des reliefs qui lui sont propres. Ce sont les caract\u00e9ristiques de la pierre naturelle.  <\/p>\n<p><strong>Propri\u00e9t\u00e9s du produit<\/strong><\/p>\n<ul>\n<li>Garantie de 2 ans<\/li>\n<li>Convient \u00e0 une utilisation int\u00e9rieure et ext\u00e9rieure<\/li>\n<li>les prix s&rsquo;entendent par pi\u00e8ce<\/li>\n<li>dimensions 122cm x 260cm (\u00e9paisseur 2 \u00e0 4mm)<\/li>\n<li>poids environ 8 kg par panneau mural<\/li>\n<li>convient pour l&rsquo;arri\u00e8re de la table de cuisson <span style=\"color: #ff6600;\"><strong><a style=\"color: #ff6600;\" href=\"https:\/\/aydodeco.nl\/winkel\/montagemiddelen\/pe-protect-voor-natuursteen\/\">(apr\u00e8s impr\u00e9gnation avec l&rsquo;impr\u00e9gnation pour pierres naturelles)<\/a><\/strong><\/span><\/li>\n<li>se fixe sur tous les types de murs<\/li>\n<li>peut \u00eatre utilis\u00e9 directement sur du papier peint, du carrelage existant, du bois, du verre, etc.<\/li>\n<li>couper \u00e0 la dimension voulue \u00e0 l&rsquo;aide d&rsquo;une r\u00e8gle ou d&rsquo;une scie circulaire<\/li>\n<li>R\u00e9sistant aux UV et aux intemp\u00e9ries<\/li>\n<li>Tr\u00e8s forte<\/li>\n<\/ul>\n<p><strong>Propri\u00e9t\u00e9s des mat\u00e9riaux<\/strong><\/p>\n<ul>\n<li>Couche sup\u00e9rieure : 100% pierre naturelle<\/li>\n<li>Sous-couche : r\u00e9sine polyester + fibre de verre<\/li>\n<li>Souple \/ pliable<\/li>\n<li>Produit naturel<\/li>\n<\/ul>\n<p><strong>Assembl\u00e9e<\/strong><\/p>\n<ul>\n<li>Coupez \u00e0 la taille voulue \u00e0 l&rsquo;aide d&rsquo;une scie circulaire \u00e0 dents fines.<\/li>\n<li>3 tubes de colle d&rsquo;assemblage par feuille<\/li>\n<li>Utilisez la colle d&rsquo;assemblage Aydodeco et \u00e9talez-la bien \u00e0 l&rsquo;aide d&rsquo;un peigne \u00e0 colle.<\/li>\n<li>Apr\u00e8s l&rsquo;avoir fix\u00e9, appuyez fermement<\/li>\n<li>pour l&rsquo;utilisation dans la salle de bain, impr\u00e9gner avec l&rsquo;impr\u00e9gnation pour pierres naturelles et sceller avec le mastic silicone dans la couleur souhait\u00e9e<\/li>\n<li>vous pouvez sceller 2 plaques avec 1 tube de mastic sanitaire<\/li>\n<\/ul>\n<p><strong>Nettoyage et entretien<\/strong><\/p>\n<ul>\n<li>Impr\u00e9gnation tous les 5 ans<\/li>\n<li>nettoyage avec du savon vert et une brosse douce<\/li>\n<li>N&rsquo;utilisez surtout pas d&rsquo;<strong>anticalcaire<\/strong>!<\/li>\n<\/ul>\n","protected":false},"excerpt":{"rendered":"<p>122x260x0,1-0,2cm<\/p>\n","protected":false},"featured_media":159840,"comment_status":"open","ping_status":"closed","template":"","meta":{"site-sidebar-layout":"default","site-content-layout":"","ast-site-content-layout":"default","site-content-style":"default","site-sidebar-style":"default","ast-global-header-display":"","ast-banner-title-visibility":"","ast-main-header-display":"","ast-hfb-above-header-display":"","ast-hfb-below-header-display":"","ast-hfb-mobile-header-display":"","site-post-title":"","ast-breadcrumbs-content":"","ast-featured-img":"","footer-sml-layout":"","ast-disable-related-posts":"","theme-transparent-header-meta":"default","adv-header-id-meta":"","stick-header-meta":"default","header-above-stick-meta":"","header-main-stick-meta":"","header-below-stick-meta":"","astra-migrate-meta-layouts":"default","ast-page-background-enabled":"default","ast-page-background-meta":{"desktop":{"background-color":"var(--ast-global-color-4)","background-image":"","background-repeat":"repeat","background-position":"center center","background-size":"auto","background-attachment":"scroll","background-type":"","background-media":"","overlay-type":"","overlay-color":"","overlay-opacity":"","overlay-gradient":""},"tablet":{"background-color":"","background-image":"","background-repeat":"repeat","background-position":"center center","background-size":"auto","background-attachment":"scroll","background-type":"","background-media":"","overlay-type":"","overlay-color":"","overlay-opacity":"","overlay-gradient":""},"mobile":{"background-color":"","background-image":"","background-repeat":"repeat","background-position":"center center","background-size":"auto","background-attachment":"scroll","background-type":"","background-media":"","overlay-type":"","overlay-color":"","overlay-opacity":"","overlay-gradient":""}},"ast-content-background-meta":{"desktop":{"background-color":"var(--ast-global-color-5)","background-image":"","background-repeat":"repeat","background-position":"center center","background-size":"auto","background-attachment":"scroll","background-type":"","background-media":"","overlay-type":"","overlay-color":"","overlay-opacity":"","overlay-gradient":""},"tablet":{"background-color":"var(--ast-global-color-5)","background-image":"","background-repeat":"repeat","background-position":"center center","background-size":"auto","background-attachment":"scroll","background-type":"","background-media":"","overlay-type":"","overlay-color":"","overlay-opacity":"","overlay-gradient":""},"mobile":{"background-color":"var(--ast-global-color-5)","background-image":"","background-repeat":"repeat","background-position":"center center","background-size":"auto","background-attachment":"scroll","background-type":"","background-media":"","overlay-type":"","overlay-color":"","overlay-opacity":"","overlay-gradient":""}}},"product_brand":[],"product_cat":[473,474],"product_tag":[434,778],"class_list":{"0":"post-151755","1":"product","2":"type-product","3":"status-publish","4":"has-post-thumbnail","6":"product_cat-panneaux-muraux-en-pierre-naturelle","7":"product_cat-panneaux-muraux-en-pierre-naturelle-xl","8":"product_tag-korting10-20marmer-fr-1","9":"product_tag-vendredi-noir","10":"product_shipping_class-panneaux-xl","11":"pa_steenstrips-geschikt-voor-derriere-la-cuisiniere-a-gaz","12":"pa_steenstrips-geschikt-voor-exterieur-resistant-aux-intemperies","13":"pa_steenstrips-geschikt-voor-panneaux-muraux-de-salle-de-bains","14":"desktop-align-left","15":"tablet-align-left","16":"mobile-align-left","17":"ast-product-gallery-layout-vertical-slider","18":"ast-product-tabs-layout-vertical","19":"ast-qv-on-image","21":"first","22":"instock","23":"sale","24":"taxable","25":"shipping-taxable","26":"purchasable","27":"product-type-simple"},"_links":{"self":[{"href":"https:\/\/aydodeco.nl\/fr\/wp-json\/wp\/v2\/product\/151755","targetHints":{"allow":["GET"]}}],"collection":[{"href":"https:\/\/aydodeco.nl\/fr\/wp-json\/wp\/v2\/product"}],"about":[{"href":"https:\/\/aydodeco.nl\/fr\/wp-json\/wp\/v2\/types\/product"}],"replies":[{"embeddable":true,"href":"https:\/\/aydodeco.nl\/fr\/wp-json\/wp\/v2\/comments?post=151755"}],"version-history":[{"count":0,"href":"https:\/\/aydodeco.nl\/fr\/wp-json\/wp\/v2\/product\/151755\/revisions"}],"wp:featuredmedia":[{"embeddable":true,"href":"https:\/\/aydodeco.nl\/fr\/wp-json\/wp\/v2\/media\/159840"}],"wp:attachment":[{"href":"https:\/\/aydodeco.nl\/fr\/wp-json\/wp\/v2\/media?parent=151755"}],"wp:term":[{"taxonomy":"product_brand","embeddable":true,"href":"https:\/\/aydodeco.nl\/fr\/wp-json\/wp\/v2\/product_brand?post=151755"},{"taxonomy":"product_cat","embeddable":true,"href":"https:\/\/aydodeco.nl\/fr\/wp-json\/wp\/v2\/product_cat?post=151755"},{"taxonomy":"product_tag","embeddable":true,"href":"https:\/\/aydodeco.nl\/fr\/wp-json\/wp\/v2\/product_tag?post=151755"}],"curies":[{"name":"wp","href":"https:\/\/api.w.org\/{rel}","templated":true}]}}