{"id":151723,"date":"2022-04-05T16:31:49","date_gmt":"2022-04-05T14:31:49","guid":{"rendered":"https:\/\/aydodeco.nl\/panneau-mural-en-beton-medium-outlet-120x60cm\/"},"modified":"2024-09-30T08:53:05","modified_gmt":"2024-09-30T06:53:05","slug":"panneau-mural-en-beton-medium-outlet-120x60cm","status":"publish","type":"product","link":"https:\/\/aydodeco.nl\/fr\/panneau-mural-en-beton-medium-outlet-120x60cm\/","title":{"rendered":"Panneau mural en b\u00e9ton Medium OUTLET 120x60cm"},"content":{"rendered":"<p>Ce panneau mural en b\u00e9ton est compos\u00e9 de b\u00e9ton v\u00e9ritable sur la partie sup\u00e9rieure et d&rsquo;un dos en fibre de verre renforc\u00e9 de polyr\u00e9sine.<br \/>\nIl ne fait donc que 2 \u00e0 4 mm d&rsquo;\u00e9paisseur, il est flexible et l\u00e9ger !<br \/>\nCes panneaux muraux sont tr\u00e8s faciles \u00e0 installer et constituent une alternative parfaite aux tuiles lourdes et co\u00fbteuses !    <span style=\"color: #ff0000;\"><strong>Remarque !<\/strong>  Comme il s&rsquo;agit d&rsquo;un panneau mural constitu\u00e9 d&rsquo;une v\u00e9ritable couche de b\u00e9ton\/ciment, chaque panneau est diff\u00e9rent.<br \/>\nLes piq\u00fbres, les stries, les taches, les irr\u00e9gularit\u00e9s et les l\u00e9g\u00e8res rayures font partie de l&rsquo;aspect et du charme de ce panneau mural.<br \/>\nLes rayures et les taches peuvent \u00eatre enlev\u00e9es avec le c\u00f4t\u00e9 doux d&rsquo;une \u00e9ponge.  <\/span><\/p>\n<p><strong>Propri\u00e9t\u00e9s du produit<\/strong><\/p>\n<ul>\n<li>Garantie de 2 ans<\/li>\n<li>Convient \u00e0 une utilisation int\u00e9rieure et ext\u00e9rieure<\/li>\n<li>les prix s&rsquo;entendent par pi\u00e8ce<\/li>\n<li>dimensions 61cm x 122cm (\u00e9paisseur 1 \u00e0 2mm))<\/li>\n<li>poids environ 1,5 kg par panneau mural<\/li>\n<li>convient pour l&rsquo;arri\u00e8re de la table de cuisson <span style=\"color: #ff6600;\"><strong><a style=\"color: #ff6600;\" href=\"https:\/\/aydodeco.nl\/winkel\/natuursteen-impregnatie-0-25l-5m%c2%b2\/\">(apr\u00e8s impr\u00e9gnation avec l&rsquo;impr\u00e9gnation pour pierres naturelles)<\/a><\/strong><\/span><\/li>\n<li>se fixe sur tous les types de murs<\/li>\n<li>peut \u00eatre utilis\u00e9 directement sur du papier peint, du carrelage existant, du bois, du verre, etc.<\/li>\n<li>couper \u00e0 la dimension voulue \u00e0 l&rsquo;aide d&rsquo;une r\u00e8gle ou d&rsquo;une scie circulaire<\/li>\n<li>R\u00e9sistant aux UV et aux intemp\u00e9ries<\/li>\n<li>Tr\u00e8s forte<\/li>\n<\/ul>\n<p><strong>Propri\u00e9t\u00e9s des mat\u00e9riaux<\/strong><\/p>\n<ul>\n<li>Couche sup\u00e9rieure : b\u00e9ton + polyr\u00e9sine<\/li>\n<li>Sous-couche : r\u00e9sine polyester + fibre de verre<\/li>\n<li>Souple \/ pliable<\/li>\n<\/ul>\n<p><strong>Assembl\u00e9e<\/strong><\/p>\n<ul>\n<li>Utilisez la colle d&rsquo;assemblage Aydodeco et \u00e9talez-la bien \u00e0 l&rsquo;aide d&rsquo;un peigne \u00e0 colle.<\/li>\n<li>Apr\u00e8s l&rsquo;avoir fix\u00e9, appuyez fermement<\/li>\n<li>pour l&rsquo;utilisation dans la salle de bain, impr\u00e9gner avec l&rsquo;impr\u00e9gnation pour pierres naturelles et sceller avec le mastic silicone dans la couleur souhait\u00e9e<\/li>\n<\/ul>\n<p><strong>Nettoyage et entretien<\/strong><\/p>\n<ul>\n<li>Impr\u00e9gnation tous les 5 ans<\/li>\n<li>Nettoyage au savon vert<\/li>\n<\/ul>\n","protected":false},"excerpt":{"rendered":"<p>Ce panneau mural en b\u00e9ton est compos\u00e9 de b\u00e9ton v\u00e9ritable sur la partie sup\u00e9rieure et d&rsquo;un dos en fibre de [&hellip;]<\/p>\n","protected":false},"featured_media":126532,"comment_status":"open","ping_status":"closed","template":"","meta":{"site-sidebar-layout":"default","site-content-layout":"","ast-site-content-layout":"default","site-content-style":"default","site-sidebar-style":"default","ast-global-header-display":"","ast-banner-title-visibility":"","ast-main-header-display":"","ast-hfb-above-header-display":"","ast-hfb-below-header-display":"","ast-hfb-mobile-header-display":"","site-post-title":"","ast-breadcrumbs-content":"","ast-featured-img":"","footer-sml-layout":"","ast-disable-related-posts":"","theme-transparent-header-meta":"","adv-header-id-meta":"","stick-header-meta":"","header-above-stick-meta":"","header-main-stick-meta":"","header-below-stick-meta":"","astra-migrate-meta-layouts":"default","ast-page-background-enabled":"default","ast-page-background-meta":{"desktop":{"background-color":"var(--ast-global-color-4)","background-image":"","background-repeat":"repeat","background-position":"center center","background-size":"auto","background-attachment":"scroll","background-type":"","background-media":"","overlay-type":"","overlay-color":"","overlay-opacity":"","overlay-gradient":""},"tablet":{"background-color":"","background-image":"","background-repeat":"repeat","background-position":"center center","background-size":"auto","background-attachment":"scroll","background-type":"","background-media":"","overlay-type":"","overlay-color":"","overlay-opacity":"","overlay-gradient":""},"mobile":{"background-color":"","background-image":"","background-repeat":"repeat","background-position":"center center","background-size":"auto","background-attachment":"scroll","background-type":"","background-media":"","overlay-type":"","overlay-color":"","overlay-opacity":"","overlay-gradient":""}},"ast-content-background-meta":{"desktop":{"background-color":"var(--ast-global-color-5)","background-image":"","background-repeat":"repeat","background-position":"center center","background-size":"auto","background-attachment":"scroll","background-type":"","background-media":"","overlay-type":"","overlay-color":"","overlay-opacity":"","overlay-gradient":""},"tablet":{"background-color":"var(--ast-global-color-5)","background-image":"","background-repeat":"repeat","background-position":"center center","background-size":"auto","background-attachment":"scroll","background-type":"","background-media":"","overlay-type":"","overlay-color":"","overlay-opacity":"","overlay-gradient":""},"mobile":{"background-color":"var(--ast-global-color-5)","background-image":"","background-repeat":"repeat","background-position":"center center","background-size":"auto","background-attachment":"scroll","background-type":"","background-media":"","overlay-type":"","overlay-color":"","overlay-opacity":"","overlay-gradient":""}}},"product_brand":[],"product_cat":[420,458,473,490],"product_tag":[434],"class_list":{"0":"post-151723","1":"product","2":"type-product","3":"status-publish","4":"has-post-thumbnail","6":"product_cat-offres","7":"product_cat-panneaux-muraux-en-beton","8":"product_cat-panneaux-muraux-en-pierre-naturelle","9":"product_cat-panneaux-muraux-en-pierre-naturelle-120x60","10":"product_tag-korting10-20marmer-fr-1","11":"product_shipping_class-panneaux-xl","12":"pa_steenstrips-geschikt-voor-derriere-la-cuisiniere-a-gaz","13":"pa_steenstrips-geschikt-voor-exterieur-resistant-aux-intemperies","14":"pa_steenstrips-geschikt-voor-panneaux-muraux-de-salle-de-bains","15":"desktop-align-left","16":"tablet-align-left","17":"mobile-align-left","18":"ast-product-gallery-layout-vertical-slider","19":"ast-product-tabs-layout-vertical","20":"ast-qv-on-image","22":"first","23":"outofstock","24":"sale","25":"featured","26":"taxable","27":"shipping-taxable","28":"purchasable","29":"product-type-simple"},"_links":{"self":[{"href":"https:\/\/aydodeco.nl\/fr\/wp-json\/wp\/v2\/product\/151723","targetHints":{"allow":["GET"]}}],"collection":[{"href":"https:\/\/aydodeco.nl\/fr\/wp-json\/wp\/v2\/product"}],"about":[{"href":"https:\/\/aydodeco.nl\/fr\/wp-json\/wp\/v2\/types\/product"}],"replies":[{"embeddable":true,"href":"https:\/\/aydodeco.nl\/fr\/wp-json\/wp\/v2\/comments?post=151723"}],"version-history":[{"count":0,"href":"https:\/\/aydodeco.nl\/fr\/wp-json\/wp\/v2\/product\/151723\/revisions"}],"wp:featuredmedia":[{"embeddable":true,"href":"https:\/\/aydodeco.nl\/fr\/wp-json\/wp\/v2\/media\/126532"}],"wp:attachment":[{"href":"https:\/\/aydodeco.nl\/fr\/wp-json\/wp\/v2\/media?parent=151723"}],"wp:term":[{"taxonomy":"product_brand","embeddable":true,"href":"https:\/\/aydodeco.nl\/fr\/wp-json\/wp\/v2\/product_brand?post=151723"},{"taxonomy":"product_cat","embeddable":true,"href":"https:\/\/aydodeco.nl\/fr\/wp-json\/wp\/v2\/product_cat?post=151723"},{"taxonomy":"product_tag","embeddable":true,"href":"https:\/\/aydodeco.nl\/fr\/wp-json\/wp\/v2\/product_tag?post=151723"}],"curies":[{"name":"wp","href":"https:\/\/api.w.org\/{rel}","templated":true}]}}