{"id":151618,"date":"2022-03-21T13:03:45","date_gmt":"2022-03-21T12:03:45","guid":{"rendered":"https:\/\/aydodeco.nl\/bande-autocollante-en-pierre-mosaique-hexagone-aydo-acier-noir-294x31x04cm\/"},"modified":"2026-03-15T17:08:29","modified_gmt":"2026-03-15T16:08:29","slug":"bande-autocollante-en-pierre-mosaique-hexagone-aydo-acier-noir-294x31x04cm","status":"publish","type":"product","link":"https:\/\/aydodeco.nl\/fr\/bande-autocollante-en-pierre-mosaique-hexagone-aydo-acier-noir-294x31x04cm\/","title":{"rendered":"Mosa\u00efque murale autocollante Hexagone AYDO &#8211; Acier noir &#8211; 29,4x31x0,4cm"},"content":{"rendered":"<h2>Mosa\u00efque adh\u00e9sive AYDO<\/h2>\n<p>Mosaic Tile AYDO est une bande de pierre autocollante en aluminium, disponible exclusivement chez Aydodeco !<br \/>\nLes bandes de pierre autocollantes sont \u00e0 la mode ! Indiscernables des vrais carreaux, elles sont tr\u00e8s faciles \u00e0 fixer et \u00e0 personnaliser. Les bandes de mosa\u00efque de pierre autocollantes d&rsquo;Aydo Deco sont uniques et conviennent \u00e0 tous les espaces int\u00e9rieurs (\u00e0 l&rsquo;exception de la zone de douche humide). Une couche d&rsquo;autocollants 3M tr\u00e8s r\u00e9sistants se trouve au dos, ce qui rend la colle ou d&rsquo;autres mat\u00e9riaux de fixation inutiles !    Ces mosa\u00efques d&rsquo;aspect carrelage peuvent \u00eatre plac\u00e9es directement sur d&rsquo;anciens carreaux, du papier peint ou d&rsquo;autres murs plats !<\/p>\n<p><strong>Principales caract\u00e9ristiques<\/strong><\/p>\n<ul style=\"list-style-type: circle\">\n<li>Garantie de 2 ans<\/li>\n<li>la couche sup\u00e9rieure contient du PVC et de l&rsquo;aluminium de haute qualit\u00e9<\/li>\n<li>autocollant (sous-couche autocollante r\u00e9sistante de 3 m)<\/li>\n<li>r\u00e9sistant aux rayures, \u00e0 la lumi\u00e8re et aux chocs<\/li>\n<li>Dimensions Longueur 294mm x Largeur 310mm x Epaisseur 4mm<\/li>\n<li>les prix sont indiqu\u00e9s individuellement<\/li>\n<li>auto-assemblage facile<\/li>\n<li>couper \u00e0 la taille voulue \u00e0 l&rsquo;aide d&rsquo;un couteau Stanley (couper \u00e0 l&rsquo;aide d&rsquo;une r\u00e8gle et casser \u00e0 l&rsquo;aide d&rsquo;une pince)<\/li>\n<li>convient \u00e0 tous les espaces int\u00e9rieurs (sauf sous la cabine de douche)<\/li>\n<li>convient pour l&rsquo;arri\u00e8re de la table de cuisson <strong>(remarque : pour les feux \u00e9lev\u00e9s, retirez la casserole \u00e0 au moins 15 cm du mur)<\/strong><\/li>\n<li>Pour les murs plus grossiers ou poreux, nous recommandons d&rsquo;utiliser un adh\u00e9sif de montage suppl\u00e9mentaire.<\/li>\n<li>facile \u00e0 enlever \u00e0 l&rsquo;aide d&rsquo;un s\u00e8che-cheveux et d&rsquo;un couteau \u00e0 d\u00e9caper<\/li>\n<li>peut \u00eatre utilis\u00e9 directement sur le papier peint et le carrelage<\/li>\n<li>ne convient pas aux foyers dont la temp\u00e9rature d\u00e9passe 80 degr\u00e9s Celsius.<\/li>\n<\/ul>\n<p><strong>Propri\u00e9t\u00e9s du mat\u00e9riau :<\/strong><\/p>\n<ul>\n<li>Sous-couche : polyester renforc\u00e9 de fibres de verre (support en fibres)<\/li>\n<li>Couche sup\u00e9rieure : Aluminium<\/li>\n<li>chaque carreau pr\u00e9sente un motif diff\u00e9rent (vous ne voyez donc pas de motif r\u00e9current)<\/li>\n<\/ul>\n<p><a href=\"https:\/\/aydodeco.nl\/fr\/bandes-de-pierre\/\"><strong>Pour en savoir plus sur nos bandes de pierre, cliquez ici<\/strong><\/a><\/p>\n","protected":false},"excerpt":{"rendered":"<p>29.4x31x0.4cm<\/p>\n","protected":false},"featured_media":144284,"comment_status":"open","ping_status":"closed","template":"","meta":{"site-sidebar-layout":"default","site-content-layout":"","ast-site-content-layout":"default","site-content-style":"default","site-sidebar-style":"default","ast-global-header-display":"","ast-banner-title-visibility":"","ast-main-header-display":"","ast-hfb-above-header-display":"","ast-hfb-below-header-display":"","ast-hfb-mobile-header-display":"","site-post-title":"","ast-breadcrumbs-content":"","ast-featured-img":"","footer-sml-layout":"","ast-disable-related-posts":"","theme-transparent-header-meta":"default","adv-header-id-meta":"","stick-header-meta":"default","header-above-stick-meta":"","header-main-stick-meta":"","header-below-stick-meta":"","astra-migrate-meta-layouts":"set","ast-page-background-enabled":"default","ast-page-background-meta":{"desktop":{"background-color":"var(--ast-global-color-4)","background-image":"","background-repeat":"repeat","background-position":"center center","background-size":"auto","background-attachment":"scroll","background-type":"","background-media":"","overlay-type":"","overlay-color":"","overlay-opacity":"","overlay-gradient":""},"tablet":{"background-color":"","background-image":"","background-repeat":"repeat","background-position":"center center","background-size":"auto","background-attachment":"scroll","background-type":"","background-media":"","overlay-type":"","overlay-color":"","overlay-opacity":"","overlay-gradient":""},"mobile":{"background-color":"","background-image":"","background-repeat":"repeat","background-position":"center center","background-size":"auto","background-attachment":"scroll","background-type":"","background-media":"","overlay-type":"","overlay-color":"","overlay-opacity":"","overlay-gradient":""}},"ast-content-background-meta":{"desktop":{"background-color":"var(--ast-global-color-5)","background-image":"","background-repeat":"repeat","background-position":"center center","background-size":"auto","background-attachment":"scroll","background-type":"","background-media":"","overlay-type":"","overlay-color":"","overlay-opacity":"","overlay-gradient":""},"tablet":{"background-color":"var(--ast-global-color-5)","background-image":"","background-repeat":"repeat","background-position":"center center","background-size":"auto","background-attachment":"scroll","background-type":"","background-media":"","overlay-type":"","overlay-color":"","overlay-opacity":"","overlay-gradient":""},"mobile":{"background-color":"var(--ast-global-color-5)","background-image":"","background-repeat":"repeat","background-position":"center center","background-size":"auto","background-attachment":"scroll","background-type":"","background-media":"","overlay-type":"","overlay-color":"","overlay-opacity":"","overlay-gradient":""}}},"product_brand":[],"product_cat":[408,407],"product_tag":[409,410,778],"class_list":{"0":"post-151618","1":"product","2":"type-product","3":"status-publish","4":"has-post-thumbnail","6":"product_cat-bandes-de-pierre-autocollantes","7":"product_cat-bandes-de-pierre-mosaique","8":"product_tag-autocollant","9":"product_tag-korting50-100zelfklevende-fr-1","10":"product_tag-vendredi-noir","11":"product_shipping_class-zelfmozaiek-30-fr","12":"pa_steenstrips-geschikt-voor-derriere-la-cuisiniere-a-gaz","13":"desktop-align-left","14":"tablet-align-left","15":"mobile-align-left","16":"ast-product-gallery-layout-vertical-slider","17":"ast-product-tabs-layout-vertical","18":"ast-qv-on-image","20":"first","21":"instock","22":"taxable","23":"shipping-taxable","24":"purchasable","25":"product-type-simple"},"_links":{"self":[{"href":"https:\/\/aydodeco.nl\/fr\/wp-json\/wp\/v2\/product\/151618","targetHints":{"allow":["GET"]}}],"collection":[{"href":"https:\/\/aydodeco.nl\/fr\/wp-json\/wp\/v2\/product"}],"about":[{"href":"https:\/\/aydodeco.nl\/fr\/wp-json\/wp\/v2\/types\/product"}],"replies":[{"embeddable":true,"href":"https:\/\/aydodeco.nl\/fr\/wp-json\/wp\/v2\/comments?post=151618"}],"version-history":[{"count":0,"href":"https:\/\/aydodeco.nl\/fr\/wp-json\/wp\/v2\/product\/151618\/revisions"}],"wp:featuredmedia":[{"embeddable":true,"href":"https:\/\/aydodeco.nl\/fr\/wp-json\/wp\/v2\/media\/144284"}],"wp:attachment":[{"href":"https:\/\/aydodeco.nl\/fr\/wp-json\/wp\/v2\/media?parent=151618"}],"wp:term":[{"taxonomy":"product_brand","embeddable":true,"href":"https:\/\/aydodeco.nl\/fr\/wp-json\/wp\/v2\/product_brand?post=151618"},{"taxonomy":"product_cat","embeddable":true,"href":"https:\/\/aydodeco.nl\/fr\/wp-json\/wp\/v2\/product_cat?post=151618"},{"taxonomy":"product_tag","embeddable":true,"href":"https:\/\/aydodeco.nl\/fr\/wp-json\/wp\/v2\/product_tag?post=151618"}],"curies":[{"name":"wp","href":"https:\/\/api.w.org\/{rel}","templated":true}]}}