{"id":151406,"date":"2021-08-16T09:19:44","date_gmt":"2021-08-16T07:19:44","guid":{"rendered":"https:\/\/aydodeco.nl\/ciseaux-a-fer-blanc-professionnel\/"},"modified":"2026-02-24T14:24:47","modified_gmt":"2026-02-24T13:24:47","slug":"ciseaux-a-fer-blanc-professionnel","status":"publish","type":"product","link":"https:\/\/aydodeco.nl\/fr\/ciseaux-a-fer-blanc-professionnel\/","title":{"rendered":"Ciseaux \u00e0 fer blanc Professionnel"},"content":{"rendered":"<p>Gr\u00e2ce \u00e0 ces ciseaux en fer blanc, la d\u00e9coupe des bandes de pierre naturelle autocollante est un jeu d&rsquo;enfant.<br \/>\nFaciles \u00e0 utiliser, ces ciseaux droits sont suffisamment robustes pour couper des pierres naturelles d&rsquo;une \u00e9paisseur allant jusqu&rsquo;\u00e0 8 mm.   <strong>Remarque ! Ces ciseaux ne peuvent \u00eatre compar\u00e9s aux produits que vous pouvez acheter dans les magasins de bricolage.  <\/strong><\/p>\n<p><strong>Sp\u00e9cifications du produit :<\/strong><\/p>\n<ul>\n<li>Longueur totale : 250 mm<\/li>\n<li>Longueur des m\u00e2choires : 30 mm<\/li>\n<li>Mat\u00e9riau des m\u00e2choires : Acier CR-MO de premi\u00e8re qualit\u00e9<\/li>\n<li>Mors tremp\u00e9s : Trempe par induction HRC 60-62<\/li>\n<li>Capacit\u00e9 de coupe dans l&rsquo;acier : 1,2 mm<\/li>\n<li>Capacit\u00e9 de coupe dans l&rsquo;acier inoxydable AISI-304 : 0,7 mm<\/li>\n<li>Capacit\u00e9 de coupe dans l&rsquo;acier inoxydable HRC-40 : 0,6 mm<\/li>\n<li>Selon DIN 6438\/11.71<\/li>\n<\/ul>\n<p>  Remarque ! Ces coupe-\u00e9tain sont destin\u00e9s uniquement aux bandes autocollantes en pierre naturelle. [embedyt] https:\/\/www.youtube.com\/watch?v=G224m1TCbZM[\/embedyt]<\/p>\n","protected":false},"excerpt":{"rendered":"<p>Gr\u00e2ce \u00e0 ces ciseaux en fer blanc, la d\u00e9coupe des bandes de pierre naturelle autocollante est un jeu d&rsquo;enfant. Faciles [&hellip;]<\/p>\n","protected":false},"featured_media":143850,"comment_status":"open","ping_status":"closed","template":"","meta":{"site-sidebar-layout":"default","site-content-layout":"","ast-site-content-layout":"default","site-content-style":"default","site-sidebar-style":"default","ast-global-header-display":"","ast-banner-title-visibility":"","ast-main-header-display":"","ast-hfb-above-header-display":"","ast-hfb-below-header-display":"","ast-hfb-mobile-header-display":"","site-post-title":"","ast-breadcrumbs-content":"","ast-featured-img":"","footer-sml-layout":"","ast-disable-related-posts":"","theme-transparent-header-meta":"default","adv-header-id-meta":"","stick-header-meta":"default","header-above-stick-meta":"","header-main-stick-meta":"","header-below-stick-meta":"","astra-migrate-meta-layouts":"default","ast-page-background-enabled":"default","ast-page-background-meta":{"desktop":{"background-color":"var(--ast-global-color-4)","background-image":"","background-repeat":"repeat","background-position":"center center","background-size":"auto","background-attachment":"scroll","background-type":"","background-media":"","overlay-type":"","overlay-color":"","overlay-opacity":"","overlay-gradient":""},"tablet":{"background-color":"","background-image":"","background-repeat":"repeat","background-position":"center center","background-size":"auto","background-attachment":"scroll","background-type":"","background-media":"","overlay-type":"","overlay-color":"","overlay-opacity":"","overlay-gradient":""},"mobile":{"background-color":"","background-image":"","background-repeat":"repeat","background-position":"center center","background-size":"auto","background-attachment":"scroll","background-type":"","background-media":"","overlay-type":"","overlay-color":"","overlay-opacity":"","overlay-gradient":""}},"ast-content-background-meta":{"desktop":{"background-color":"var(--ast-global-color-5)","background-image":"","background-repeat":"repeat","background-position":"center center","background-size":"auto","background-attachment":"scroll","background-type":"","background-media":"","overlay-type":"","overlay-color":"","overlay-opacity":"","overlay-gradient":""},"tablet":{"background-color":"var(--ast-global-color-5)","background-image":"","background-repeat":"repeat","background-position":"center center","background-size":"auto","background-attachment":"scroll","background-type":"","background-media":"","overlay-type":"","overlay-color":"","overlay-opacity":"","overlay-gradient":""},"mobile":{"background-color":"var(--ast-global-color-5)","background-image":"","background-repeat":"repeat","background-position":"center center","background-size":"auto","background-attachment":"scroll","background-type":"","background-media":"","overlay-type":"","overlay-color":"","overlay-opacity":"","overlay-gradient":""}}},"product_brand":[],"product_cat":[399,478],"product_tag":[],"class_list":{"0":"post-151406","1":"product","2":"type-product","3":"status-publish","4":"has-post-thumbnail","6":"product_cat-aides-au-montage","7":"product_cat-outils","8":"product_shipping_class-zelfnatuur-50-fr","9":"desktop-align-left","10":"tablet-align-left","11":"mobile-align-left","12":"ast-product-gallery-layout-vertical-slider","13":"ast-product-gallery-with-no-image","14":"ast-product-tabs-layout-vertical","15":"ast-qv-on-image","17":"first","18":"instock","19":"taxable","20":"shipping-taxable","21":"purchasable","22":"product-type-simple"},"_links":{"self":[{"href":"https:\/\/aydodeco.nl\/fr\/wp-json\/wp\/v2\/product\/151406","targetHints":{"allow":["GET"]}}],"collection":[{"href":"https:\/\/aydodeco.nl\/fr\/wp-json\/wp\/v2\/product"}],"about":[{"href":"https:\/\/aydodeco.nl\/fr\/wp-json\/wp\/v2\/types\/product"}],"replies":[{"embeddable":true,"href":"https:\/\/aydodeco.nl\/fr\/wp-json\/wp\/v2\/comments?post=151406"}],"version-history":[{"count":0,"href":"https:\/\/aydodeco.nl\/fr\/wp-json\/wp\/v2\/product\/151406\/revisions"}],"wp:featuredmedia":[{"embeddable":true,"href":"https:\/\/aydodeco.nl\/fr\/wp-json\/wp\/v2\/media\/143850"}],"wp:attachment":[{"href":"https:\/\/aydodeco.nl\/fr\/wp-json\/wp\/v2\/media?parent=151406"}],"wp:term":[{"taxonomy":"product_brand","embeddable":true,"href":"https:\/\/aydodeco.nl\/fr\/wp-json\/wp\/v2\/product_brand?post=151406"},{"taxonomy":"product_cat","embeddable":true,"href":"https:\/\/aydodeco.nl\/fr\/wp-json\/wp\/v2\/product_cat?post=151406"},{"taxonomy":"product_tag","embeddable":true,"href":"https:\/\/aydodeco.nl\/fr\/wp-json\/wp\/v2\/product_tag?post=151406"}],"curies":[{"name":"wp","href":"https:\/\/api.w.org\/{rel}","templated":true}]}}