{"id":151272,"date":"2021-07-19T11:36:22","date_gmt":"2021-07-19T09:36:22","guid":{"rendered":"https:\/\/aydodeco.nl\/bande-de-pierre-autocollante-forest-fire-60x15cm\/"},"modified":"2025-04-04T11:39:37","modified_gmt":"2025-04-04T09:39:37","slug":"bande-de-pierre-autocollante-forest-fire-60x15cm","status":"publish","type":"product","link":"https:\/\/aydodeco.nl\/fr\/bande-de-pierre-autocollante-forest-fire-60x15cm\/","title":{"rendered":"Bande de pierre autocollante Forest Fire 60x15cm"},"content":{"rendered":"<h2>Bandes de pierre autocollantes Forest Fire<\/h2>\n<p>Les bandes de pierre autocollantes d&rsquo;AydoDeco sont compos\u00e9es \u00e0 100 % de v\u00e9ritable pierre naturelle. Les bandes de pierre sont autocollantes et contiennent une couche d&rsquo;adh\u00e9sif 3M tr\u00e8s solide au dos. Oubliez les bandes de pierre \u00e9paisses et lourdes ! Nos bandes de pierre sont ultra l\u00e9g\u00e8res, flexibles et tr\u00e8s faciles \u00e0 installer ! Les bandes de pierre sont fabriqu\u00e9es en v\u00e9ritable pierre naturelle et pr\u00e9sentent donc un relief r\u00e9el, des nuances de couleur et des \u00e9paisseurs diff\u00e9rentes sur toute la bande de pierre. Ces bandes de pierre sont id\u00e9ales pour rehausser le mur de votre cuisine, par exemple !     <\/p>\n<p><strong>Principales caract\u00e9ristiques<\/strong><\/p>\n<ul>\n<li>Garantie de 2 ans<\/li>\n<li>la couche sup\u00e9rieure contient 100 % de vraies pierres naturelles<\/li>\n<li>autocollant (sous-couche autocollante r\u00e9sistante de 3 m)<\/li>\n<li>r\u00e9sistant aux rayures, \u00e0 la lumi\u00e8re et aux chocs<\/li>\n<li>dimensions 60cm x 15cm (\u00e9paisseur approx. 4mm)<\/li>\n<li>poids : environ 150 grammes par pi\u00e8ce<\/li>\n<li>les prix sont indiqu\u00e9s individuellement<\/li>\n<li>auto-assemblage facile<\/li>\n<li>coupez sur mesure avec nos ciseaux \u00e0 <a href=\"https:\/\/aydodeco.nl\/winkel\/zelfklevend-natuursteen\/blikschaar-professioneel\/\"><strong><span style=\"color: #ff6600;\">pinces \u00e0 \u00e9tain <\/span><\/strong><\/a> <\/li>\n<li>convient \u00e0 tous les espaces int\u00e9rieurs (sauf sous la cabine de douche)<\/li>\n<li>convient pour l&rsquo;arri\u00e8re de la table de cuisson <span style=\"color: #000000;\"><strong><a style=\"color: #000000;\" href=\"https:\/\/aydodeco.nl\/winkel\/natuursteen-impregnatie-0-25l-5m%c2%b2\/\">(apr\u00e8s impr\u00e9gnation avec l&rsquo;impr\u00e9gnation pour pierres naturelles)<\/a><\/strong><\/span><\/li>\n<li>Pour les murs plus grossiers ou poreux, nous recommandons d&rsquo;utiliser un adh\u00e9sif de montage suppl\u00e9mentaire.<\/li>\n<li>facile \u00e0 enlever \u00e0 l&rsquo;aide d&rsquo;un s\u00e8che-cheveux et d&rsquo;un couteau \u00e0 d\u00e9caper<\/li>\n<li>peut \u00eatre utilis\u00e9 directement sur le papier peint et le carrelage<\/li>\n<li>ne convient pas aux foyers dont la temp\u00e9rature d\u00e9passe 80 degr\u00e9s Celsius.<\/li>\n<\/ul>\n<p><strong>Propri\u00e9t\u00e9s des mat\u00e9riaux<\/strong><\/p>\n<ul>\n<li>Sous-couche : polyester renforc\u00e9 de fibres de verre (support en fibres)<\/li>\n<li>Couche sup\u00e9rieure : ardoise ; alternance de couches de quartz avec feldspath et de couches de mica<\/li>\n<li>chaque plaque contient des nuances de couleurs, des rainures et des caract\u00e9ristiques naturelles uniques ou vari\u00e9es<\/li>\n<\/ul>\n","protected":false},"excerpt":{"rendered":"<p>60x15x0,4cm<\/p>\n","protected":false},"featured_media":125980,"comment_status":"open","ping_status":"closed","template":"","meta":{"site-sidebar-layout":"default","site-content-layout":"","ast-site-content-layout":"default","site-content-style":"default","site-sidebar-style":"default","ast-global-header-display":"","ast-banner-title-visibility":"","ast-main-header-display":"","ast-hfb-above-header-display":"","ast-hfb-below-header-display":"","ast-hfb-mobile-header-display":"","site-post-title":"","ast-breadcrumbs-content":"","ast-featured-img":"","footer-sml-layout":"","ast-disable-related-posts":"","theme-transparent-header-meta":"default","adv-header-id-meta":"","stick-header-meta":"default","header-above-stick-meta":"","header-main-stick-meta":"","header-below-stick-meta":"","astra-migrate-meta-layouts":"default","ast-page-background-enabled":"default","ast-page-background-meta":{"desktop":{"background-color":"var(--ast-global-color-4)","background-image":"","background-repeat":"repeat","background-position":"center center","background-size":"auto","background-attachment":"scroll","background-type":"","background-media":"","overlay-type":"","overlay-color":"","overlay-opacity":"","overlay-gradient":""},"tablet":{"background-color":"","background-image":"","background-repeat":"repeat","background-position":"center center","background-size":"auto","background-attachment":"scroll","background-type":"","background-media":"","overlay-type":"","overlay-color":"","overlay-opacity":"","overlay-gradient":""},"mobile":{"background-color":"","background-image":"","background-repeat":"repeat","background-position":"center center","background-size":"auto","background-attachment":"scroll","background-type":"","background-media":"","overlay-type":"","overlay-color":"","overlay-opacity":"","overlay-gradient":""}},"ast-content-background-meta":{"desktop":{"background-color":"var(--ast-global-color-5)","background-image":"","background-repeat":"repeat","background-position":"center center","background-size":"auto","background-attachment":"scroll","background-type":"","background-media":"","overlay-type":"","overlay-color":"","overlay-opacity":"","overlay-gradient":""},"tablet":{"background-color":"var(--ast-global-color-5)","background-image":"","background-repeat":"repeat","background-position":"center center","background-size":"auto","background-attachment":"scroll","background-type":"","background-media":"","overlay-type":"","overlay-color":"","overlay-opacity":"","overlay-gradient":""},"mobile":{"background-color":"var(--ast-global-color-5)","background-image":"","background-repeat":"repeat","background-position":"center center","background-size":"auto","background-attachment":"scroll","background-type":"","background-media":"","overlay-type":"","overlay-color":"","overlay-opacity":"","overlay-gradient":""}}},"product_brand":[],"product_cat":[408,473,454],"product_tag":[409,410],"class_list":{"0":"post-151272","1":"product","2":"type-product","3":"status-publish","4":"has-post-thumbnail","6":"product_cat-bandes-de-pierre-autocollantes","7":"product_cat-panneaux-muraux-en-pierre-naturelle","8":"product_cat-pierre-naturelle-autocollante","9":"product_tag-autocollant","10":"product_tag-korting50-100zelfklevende-fr-1","11":"product_shipping_class-zelfnatuur-50-fr","12":"pa_steenstrips-geschikt-voor-derriere-la-cuisiniere-a-gaz","13":"desktop-align-left","14":"tablet-align-left","15":"mobile-align-left","16":"ast-product-gallery-layout-vertical-slider","17":"ast-product-tabs-layout-vertical","18":"ast-qv-on-image","20":"first","21":"outofstock","22":"sale","23":"taxable","24":"shipping-taxable","25":"purchasable","26":"product-type-simple"},"_links":{"self":[{"href":"https:\/\/aydodeco.nl\/fr\/wp-json\/wp\/v2\/product\/151272","targetHints":{"allow":["GET"]}}],"collection":[{"href":"https:\/\/aydodeco.nl\/fr\/wp-json\/wp\/v2\/product"}],"about":[{"href":"https:\/\/aydodeco.nl\/fr\/wp-json\/wp\/v2\/types\/product"}],"replies":[{"embeddable":true,"href":"https:\/\/aydodeco.nl\/fr\/wp-json\/wp\/v2\/comments?post=151272"}],"version-history":[{"count":0,"href":"https:\/\/aydodeco.nl\/fr\/wp-json\/wp\/v2\/product\/151272\/revisions"}],"wp:featuredmedia":[{"embeddable":true,"href":"https:\/\/aydodeco.nl\/fr\/wp-json\/wp\/v2\/media\/125980"}],"wp:attachment":[{"href":"https:\/\/aydodeco.nl\/fr\/wp-json\/wp\/v2\/media?parent=151272"}],"wp:term":[{"taxonomy":"product_brand","embeddable":true,"href":"https:\/\/aydodeco.nl\/fr\/wp-json\/wp\/v2\/product_brand?post=151272"},{"taxonomy":"product_cat","embeddable":true,"href":"https:\/\/aydodeco.nl\/fr\/wp-json\/wp\/v2\/product_cat?post=151272"},{"taxonomy":"product_tag","embeddable":true,"href":"https:\/\/aydodeco.nl\/fr\/wp-json\/wp\/v2\/product_tag?post=151272"}],"curies":[{"name":"wp","href":"https:\/\/api.w.org\/{rel}","templated":true}]}}