{"id":150934,"date":"2024-03-07T16:06:44","date_gmt":"2024-03-07T15:06:44","guid":{"rendered":"https:\/\/aydodeco.nl\/panneau-mural-3d-en-briques-eps-a2-gris-clair-interieur-exterieur-100x25cm\/"},"modified":"2025-04-04T12:04:40","modified_gmt":"2025-04-04T10:04:40","slug":"panneau-mural-3d-en-briques-eps-a2-gris-clair-interieur-exterieur-100x25cm","status":"publish","type":"product","link":"https:\/\/aydodeco.nl\/fr\/panneau-mural-3d-en-briques-eps-a2-gris-clair-interieur-exterieur-100x25cm\/","title":{"rendered":"Panneau mural 3D en briques EPS A2 Gris clair &#8211; Int\u00e9rieur\/Ext\u00e9rieur &#8211; 100x25cm"},"content":{"rendered":"<h2>Panneau mural 3D A2<\/h2>\n<p>Le panneau mural 3D A2 ne se distingue pas des v\u00e9ritables bandes de pierre. Tr\u00e8s populaire comme rev\u00eatement mural ext\u00e9rieur, il est \u00e9galement souvent choisi pour les murs du salon et de la chambre \u00e0 coucher. <\/p>\n<p>Panneaux muraux en forme de briques. Nos bandes de briques ne se distinguent pas des vraies briques et offrent de nombreux avantages. Tout d&rsquo;abord, les bandes de briques sont tr\u00e8s faciles \u00e0 installer et \u00e0 d\u00e9couper \u00e0 l&rsquo;aide d&rsquo;un couteau Stanley. Ensuite, la couche inf\u00e9rieure contient de l&rsquo;EPS et a un effet isolant. La couche sup\u00e9rieure est constitu\u00e9e d&rsquo;une couche de plastique tr\u00e8s dur et d&rsquo;un m\u00e9lange de ciment. Les panneaux pr\u00e9sentent une profondeur et un relief r\u00e9els et ne sont donc pas des feuilles plates.   <\/p>\n<p><strong>Principales caract\u00e9ristiques<\/strong><\/p>\n<ul>\n<li>Garantie de 2 ans<\/li>\n<li>Convient pour un usage int\u00e9rieur et ext\u00e9rieur <span style=\"color: #ff3c00;\"><strong><a style=\"color: #ff3c00;\" href=\"https:\/\/aydodeco.nl\/winkel\/montagemiddelen\/gevelimpregnatie-2-5l\/\">(l&rsquo;utilisation en ext\u00e9rieur n\u00e9cessite une impr\u00e9gnation)<\/a><\/strong><\/span><\/li>\n<li>les prix s&rsquo;entendent par pi\u00e8ce<\/li>\n<li>dimensions 25cm x 100cm (\u00e9paisseur 2 centim\u00e8tres)<\/li>\n<li>poids environ 1kg par panneau<\/li>\n<li>convient pour l&rsquo;int\u00e9rieur et l&rsquo;ext\u00e9rieur (pas sous l&rsquo;eau courante)<\/li>\n<li>se fixe sur tous les types de murs<\/li>\n<li>peut \u00eatre utilis\u00e9 directement sur du papier peint, du carrelage existant, du bois, du verre, etc.<\/li>\n<li>facile \u00e0 travailler avec un couteau Stanley, une scie \u00e0 main ou une scie \u00e9lectrique<\/li>\n<li>R\u00e9sistant aux UV et aux intemp\u00e9ries<\/li>\n<li>l\u00e9ger, r\u00e9sistant aux rayures et aux chocs<\/li>\n<li>\u00e0 peindre au choix<\/li>\n<li>effet favorable sur l&rsquo;isolation thermique et acoustique<\/li>\n<li>valeur rd environ 0,6R<\/li>\n<li>indiscernable de la vraie brique<\/li>\n<li>la fixation des angles au moyen de coupes en onglet (comme pour les plinthes)<\/li>\n<li>Excellent pour une utilisation ext\u00e9rieure telle que maison d&rsquo;\u00e9t\u00e9, chalet, bord d&rsquo;\u00e9tang<\/li>\n<\/ul>\n<p><strong>Propri\u00e9t\u00e9s des mat\u00e9riaux Panneau mural 3D A2<\/strong><\/p>\n<ul>\n<li>Sous-couche :<strong>ISOMO<\/strong> \/ <strong>EPS<\/strong>, polystyr\u00e8ne expans\u00e9<\/li>\n<li>Couche sup\u00e9rieure : r\u00e9sine polyester + m\u00e9lange de ciment \/ poudre de pierre<\/li>\n<li>100% recyclable<\/li>\n<li>Valeur d&rsquo;isolation \u00b1 RD 0,6<\/li>\n<\/ul>\n<p><strong>Conseil d&rsquo;un professionnel !<\/strong><br \/>\nAvant le traitement des panneaux, nous vous recommandons de manipuler les bords et les coins des panneaux avec pr\u00e9caution. Dans le cas improbable o\u00f9 les c\u00f4t\u00e9s\/coins seraient l\u00e9g\u00e8rement endommag\u00e9s, il est tr\u00e8s facile d&rsquo;y rem\u00e9dier.<br \/>\nPosez une r\u00e8gle au dos du panneau et utilisez une scie \u00e0 main \u00e0 dents fines pour d\u00e9couper la pi\u00e8ce souhait\u00e9e dans le sens horizontal ou vertical.<\/p>\n","protected":false},"excerpt":{"rendered":"<p>100x25x2cm<\/p>\n","protected":false},"featured_media":137971,"comment_status":"open","ping_status":"closed","template":"","meta":{"site-sidebar-layout":"default","site-content-layout":"","ast-site-content-layout":"default","site-content-style":"default","site-sidebar-style":"default","ast-global-header-display":"","ast-banner-title-visibility":"","ast-main-header-display":"","ast-hfb-above-header-display":"","ast-hfb-below-header-display":"","ast-hfb-mobile-header-display":"","site-post-title":"","ast-breadcrumbs-content":"","ast-featured-img":"","footer-sml-layout":"","ast-disable-related-posts":"","theme-transparent-header-meta":"default","adv-header-id-meta":"","stick-header-meta":"default","header-above-stick-meta":"","header-main-stick-meta":"","header-below-stick-meta":"","astra-migrate-meta-layouts":"default","ast-page-background-enabled":"default","ast-page-background-meta":{"desktop":{"background-color":"var(--ast-global-color-4)","background-image":"","background-repeat":"repeat","background-position":"center center","background-size":"auto","background-attachment":"scroll","background-type":"","background-media":"","overlay-type":"","overlay-color":"","overlay-opacity":"","overlay-gradient":""},"tablet":{"background-color":"","background-image":"","background-repeat":"repeat","background-position":"center center","background-size":"auto","background-attachment":"scroll","background-type":"","background-media":"","overlay-type":"","overlay-color":"","overlay-opacity":"","overlay-gradient":""},"mobile":{"background-color":"","background-image":"","background-repeat":"repeat","background-position":"center center","background-size":"auto","background-attachment":"scroll","background-type":"","background-media":"","overlay-type":"","overlay-color":"","overlay-opacity":"","overlay-gradient":""}},"ast-content-background-meta":{"desktop":{"background-color":"var(--ast-global-color-5)","background-image":"","background-repeat":"repeat","background-position":"center center","background-size":"auto","background-attachment":"scroll","background-type":"","background-media":"","overlay-type":"","overlay-color":"","overlay-opacity":"","overlay-gradient":""},"tablet":{"background-color":"var(--ast-global-color-5)","background-image":"","background-repeat":"repeat","background-position":"center center","background-size":"auto","background-attachment":"scroll","background-type":"","background-media":"","overlay-type":"","overlay-color":"","overlay-opacity":"","overlay-gradient":""},"mobile":{"background-color":"var(--ast-global-color-5)","background-image":"","background-repeat":"repeat","background-position":"center center","background-size":"auto","background-attachment":"scroll","background-type":"","background-media":"","overlay-type":"","overlay-color":"","overlay-opacity":"","overlay-gradient":""}}},"product_brand":[],"product_cat":[368,540],"product_tag":[371,372],"class_list":{"0":"post-150934","1":"product","2":"type-product","3":"status-publish","4":"has-post-thumbnail","6":"product_cat-panneaux-muraux-3d","7":"product_cat-panneaux-muraux-3d-en-eps","8":"product_tag-bandes-de-pierre-a-lexterieur","9":"product_tag-korting25-50eps-fr-1","10":"product_shipping_class-3d-eps-8-fr","11":"pa_steenstrips-geschikt-voor-derriere-la-cuisiniere-a-gaz","12":"pa_steenstrips-geschikt-voor-exterieur-resistant-aux-intemperies","13":"desktop-align-left","14":"tablet-align-left","15":"mobile-align-left","16":"ast-product-gallery-layout-vertical-slider","17":"ast-product-tabs-layout-vertical","18":"ast-qv-on-image","20":"first","21":"outofstock","22":"taxable","23":"shipping-taxable","24":"purchasable","25":"product-type-simple"},"_links":{"self":[{"href":"https:\/\/aydodeco.nl\/fr\/wp-json\/wp\/v2\/product\/150934","targetHints":{"allow":["GET"]}}],"collection":[{"href":"https:\/\/aydodeco.nl\/fr\/wp-json\/wp\/v2\/product"}],"about":[{"href":"https:\/\/aydodeco.nl\/fr\/wp-json\/wp\/v2\/types\/product"}],"replies":[{"embeddable":true,"href":"https:\/\/aydodeco.nl\/fr\/wp-json\/wp\/v2\/comments?post=150934"}],"version-history":[{"count":0,"href":"https:\/\/aydodeco.nl\/fr\/wp-json\/wp\/v2\/product\/150934\/revisions"}],"wp:featuredmedia":[{"embeddable":true,"href":"https:\/\/aydodeco.nl\/fr\/wp-json\/wp\/v2\/media\/137971"}],"wp:attachment":[{"href":"https:\/\/aydodeco.nl\/fr\/wp-json\/wp\/v2\/media?parent=150934"}],"wp:term":[{"taxonomy":"product_brand","embeddable":true,"href":"https:\/\/aydodeco.nl\/fr\/wp-json\/wp\/v2\/product_brand?post=150934"},{"taxonomy":"product_cat","embeddable":true,"href":"https:\/\/aydodeco.nl\/fr\/wp-json\/wp\/v2\/product_cat?post=150934"},{"taxonomy":"product_tag","embeddable":true,"href":"https:\/\/aydodeco.nl\/fr\/wp-json\/wp\/v2\/product_tag?post=150934"}],"curies":[{"name":"wp","href":"https:\/\/api.w.org\/{rel}","templated":true}]}}