{"id":150783,"date":"2024-01-16T08:48:24","date_gmt":"2024-01-16T07:48:24","guid":{"rendered":"https:\/\/aydodeco.nl\/panneau-aku-classic-oak-lame-large-120x50cm\/"},"modified":"2024-11-11T11:26:10","modified_gmt":"2024-11-11T10:26:10","slug":"panneau-aku-classic-oak-lame-large-120x50cm","status":"publish","type":"product","link":"https:\/\/aydodeco.nl\/fr\/panneau-aku-classic-oak-lame-large-120x50cm\/","title":{"rendered":"Panneau Aku Classic Oak (lame large) 120x50cm"},"content":{"rendered":"<h2>Panneaux acoustiques Bois EPS<\/h2>\n<p>Une tendance venue de Scandinavie. Ces panneaux d&rsquo;aspect bois conf\u00e8rent une atmosph\u00e8re particuli\u00e8re \u00e0 n&rsquo;importe quelle pi\u00e8ce. Il est presque impossible d&rsquo;imaginer une d\u00e9coration d&rsquo;int\u00e9rieur sans eux. Ce panneau est compos\u00e9 d&rsquo;EPS et d&rsquo;une couche sup\u00e9rieure tr\u00e8s dure. Il offre une isolation thermique et acoustique ! Les panneaux sont tr\u00e8s faciles \u00e0 traiter et \u00e0 assembler. Les panneaux acoustiques aspect bois sont les cr\u00e9ateurs d&rsquo;ambiance par excellence dans votre maison. Fabriqu\u00e9s en polystyr\u00e8ne expans\u00e9, ces panneaux acoustiques \u00e0 motif de bois sont indispensables \u00e0 toute salle de s\u00e9jour. Les magnifiques lamelles aspect bois cr\u00e9ent un aspect chaleureux et luxueux dans votre maison.    <\/p>\n<h3>AKUPANEL EPS<\/h3>\n<p><strong>VEUILLEZ NOTER QUE CE PRODUIT EST LIVR\u00c9 AVEC UN TRANSPORT SP\u00c9CIAL AFIN D&rsquo;\u00c9VITER TOUT DOMMAGE.<br \/>\nCe produit est livr\u00e9 avec un transport sp\u00e9cial pour \u00e9viter tout dommage.<br \/>\nLa livraison \u00e0 domicile peut prendre jusqu&rsquo;\u00e0 10 jours ouvrables.<br \/>\nToutefois, vous pouvez venir chercher le produit directement dans notre salle d&rsquo;exposition \u00e0 Oosterhout.   <\/strong><\/p>\n<p><a href=\"https:\/\/aydodeco.nl\/steenstrips\/aku-panels\/aku-panelen-goedkoop\/\">Les panneaux AKU EPS de 270 cm constituent une alternative int\u00e9ressante.<br \/>\nIls sont enti\u00e8rement sans joints ! <\/a><\/p>\n<p><strong>Principales caract\u00e9ristiques<\/strong><\/p>\n<ul>\n<li>Montage avec l&rsquo;adh\u00e9sif de montage Aydodeco<\/li>\n<li>Garantie de 2 ans<\/li>\n<li>Convient pour un usage int\u00e9rieur et ext\u00e9rieur <span style=\"color: #ff3c00\"><strong><a style=\"color: #ff3c00\" href=\"https:\/\/aydodeco.nl\/winkel\/montagemiddelen\/gevelimpregnatie-2-5l\/\">(l&rsquo;utilisation en ext\u00e9rieur n\u00e9cessite une impr\u00e9gnation)<\/a><\/strong><\/span><\/li>\n<li>les prix s&rsquo;entendent par pi\u00e8ce<\/li>\n<li>dimensions 50cm x 120cm (\u00e9paisseur 2 centim\u00e8tres <strong>) (latte en bois de 9 cm de large, interstices de 1 cm de large)<\/strong><\/li>\n<li>poids environ 2kg par panneau<\/li>\n<li>se fixe sur tous les types de murs<\/li>\n<li>peut \u00eatre utilis\u00e9 directement sur du papier peint, du carrelage existant, du bois, du verre, etc.<\/li>\n<li>facile \u00e0 travailler avec un couteau Stanley, une scie \u00e0 main ou une scie \u00e9lectrique<\/li>\n<li>R\u00e9sistant aux UV et aux intemp\u00e9ries<\/li>\n<li>l\u00e9ger, r\u00e9sistant aux rayures et aux chocs<\/li>\n<li>\u00e0 peindre au choix<\/li>\n<li>effet favorable sur l&rsquo;isolation thermique et acoustique<\/li>\n<li>valeur rd environ 0,6R<\/li>\n<li>indiscernable du bois v\u00e9ritable<\/li>\n<li>la fixation des angles au moyen de coupes en onglet (comme pour les plinthes)<\/li>\n<li>Excellent pour une utilisation ext\u00e9rieure telle que maison d&rsquo;\u00e9t\u00e9, chalet, bord d&rsquo;\u00e9tang<\/li>\n<\/ul>\n<p><strong>Propri\u00e9t\u00e9s des mat\u00e9riaux<\/strong><\/p>\n<ul>\n<li>Sous-couche :<strong>ISOMO<\/strong> \/ <strong>EPS<\/strong>, polystyr\u00e8ne expans\u00e9<\/li>\n<li>Couche sup\u00e9rieure : r\u00e9sine polyester + m\u00e9lange de ciment \/ poudre de pierre<\/li>\n<li>100% recyclable<\/li>\n<li>Valeur d&rsquo;isolation \u00b1 RD 0,6<\/li>\n<li><strong>attention !<br \/>\nComme le bois v\u00e9ritable, ce produit peut pr\u00e9senter des piq\u00fbres ou des bosses plus ou moins importantes. <\/strong><\/li>\n<\/ul>\n<p>C<strong>onseils de montage :<\/strong> Coller avec<span style=\"color: #ff6600\"><strong><a style=\"color: #ff6600\" href=\"https:\/\/aydodeco.nl\/winkel\/montagekit-binnen-gebruik\/\">Aydo Deco Kit de montage<\/a><\/strong><\/span><br \/>\nou de la colle de montage adapt\u00e9e \u00e0 l&rsquo;EPS \/ Styrofoam par tube de colle de montage, vous pouvez coller 3 panneaux aku. Pour une utilisation \u00e0 l&rsquo;ext\u00e9rieur, nous vous conseillons d&rsquo;en mettre un peu plus. <\/p>\n<p><strong>Conseil d&rsquo;un professionnel !<\/strong><br \/>\nAvant le traitement des panneaux, nous vous recommandons de manipuler les bords et les coins des panneaux avec pr\u00e9caution. Dans le cas improbable o\u00f9 les c\u00f4t\u00e9s\/coins seraient l\u00e9g\u00e8rement endommag\u00e9s, il est tr\u00e8s facile d&rsquo;y rem\u00e9dier.<br \/>\nPosez une r\u00e8gle au dos du panneau et utilisez une scie \u00e0 main \u00e0 dents fines pour d\u00e9couper la pi\u00e8ce souhait\u00e9e dans le sens horizontal ou vertical.<\/p>\n<p>[CP_CALCULATED_FIELDS id=\u00a0\u00bb20&Prime; iframe=\u00a0\u00bb1&Prime;]<\/p>\n","protected":false},"excerpt":{"rendered":"<p>Panneaux acoustiques Bois EPS Une tendance venue de Scandinavie. Ces panneaux d&rsquo;aspect bois conf\u00e8rent une atmosph\u00e8re particuli\u00e8re \u00e0 n&rsquo;importe quelle [&hellip;]<\/p>\n","protected":false},"featured_media":127176,"comment_status":"open","ping_status":"closed","template":"","meta":{"site-sidebar-layout":"default","site-content-layout":"","ast-site-content-layout":"default","site-content-style":"default","site-sidebar-style":"default","ast-global-header-display":"","ast-banner-title-visibility":"","ast-main-header-display":"","ast-hfb-above-header-display":"","ast-hfb-below-header-display":"","ast-hfb-mobile-header-display":"","site-post-title":"","ast-breadcrumbs-content":"","ast-featured-img":"","footer-sml-layout":"","ast-disable-related-posts":"","theme-transparent-header-meta":"default","adv-header-id-meta":"","stick-header-meta":"default","header-above-stick-meta":"","header-main-stick-meta":"","header-below-stick-meta":"","astra-migrate-meta-layouts":"default","ast-page-background-enabled":"default","ast-page-background-meta":{"desktop":{"background-color":"var(--ast-global-color-4)","background-image":"","background-repeat":"repeat","background-position":"center center","background-size":"auto","background-attachment":"scroll","background-type":"","background-media":"","overlay-type":"","overlay-color":"","overlay-opacity":"","overlay-gradient":""},"tablet":{"background-color":"","background-image":"","background-repeat":"repeat","background-position":"center center","background-size":"auto","background-attachment":"scroll","background-type":"","background-media":"","overlay-type":"","overlay-color":"","overlay-opacity":"","overlay-gradient":""},"mobile":{"background-color":"","background-image":"","background-repeat":"repeat","background-position":"center center","background-size":"auto","background-attachment":"scroll","background-type":"","background-media":"","overlay-type":"","overlay-color":"","overlay-opacity":"","overlay-gradient":""}},"ast-content-background-meta":{"desktop":{"background-color":"var(--ast-global-color-5)","background-image":"","background-repeat":"repeat","background-position":"center center","background-size":"auto","background-attachment":"scroll","background-type":"","background-media":"","overlay-type":"","overlay-color":"","overlay-opacity":"","overlay-gradient":""},"tablet":{"background-color":"var(--ast-global-color-5)","background-image":"","background-repeat":"repeat","background-position":"center center","background-size":"auto","background-attachment":"scroll","background-type":"","background-media":"","overlay-type":"","overlay-color":"","overlay-opacity":"","overlay-gradient":""},"mobile":{"background-color":"var(--ast-global-color-5)","background-image":"","background-repeat":"repeat","background-position":"center center","background-size":"auto","background-attachment":"scroll","background-type":"","background-media":"","overlay-type":"","overlay-color":"","overlay-opacity":"","overlay-gradient":""}}},"product_brand":[],"product_cat":[266,392],"product_tag":[357],"class_list":{"0":"post-150783","1":"product","2":"type-product","3":"status-publish","4":"has-post-thumbnail","6":"product_cat-panels-muraux-acoustiques","7":"product_cat-panneaux-acoustiques-eps-120x50cm","8":"product_tag-korting10-20akuxl-fr-1","9":"product_shipping_class-panneaux-xl","10":"pa_steenstrips-geschikt-voor-exterieur-resistant-aux-intemperies","11":"desktop-align-left","12":"tablet-align-left","13":"mobile-align-left","14":"ast-product-gallery-layout-vertical-slider","15":"ast-product-tabs-layout-vertical","16":"ast-qv-on-image","18":"first","19":"outofstock","20":"sale","21":"featured","22":"taxable","23":"shipping-taxable","24":"purchasable","25":"product-type-simple"},"_links":{"self":[{"href":"https:\/\/aydodeco.nl\/fr\/wp-json\/wp\/v2\/product\/150783","targetHints":{"allow":["GET"]}}],"collection":[{"href":"https:\/\/aydodeco.nl\/fr\/wp-json\/wp\/v2\/product"}],"about":[{"href":"https:\/\/aydodeco.nl\/fr\/wp-json\/wp\/v2\/types\/product"}],"replies":[{"embeddable":true,"href":"https:\/\/aydodeco.nl\/fr\/wp-json\/wp\/v2\/comments?post=150783"}],"version-history":[{"count":0,"href":"https:\/\/aydodeco.nl\/fr\/wp-json\/wp\/v2\/product\/150783\/revisions"}],"wp:featuredmedia":[{"embeddable":true,"href":"https:\/\/aydodeco.nl\/fr\/wp-json\/wp\/v2\/media\/127176"}],"wp:attachment":[{"href":"https:\/\/aydodeco.nl\/fr\/wp-json\/wp\/v2\/media?parent=150783"}],"wp:term":[{"taxonomy":"product_brand","embeddable":true,"href":"https:\/\/aydodeco.nl\/fr\/wp-json\/wp\/v2\/product_brand?post=150783"},{"taxonomy":"product_cat","embeddable":true,"href":"https:\/\/aydodeco.nl\/fr\/wp-json\/wp\/v2\/product_cat?post=150783"},{"taxonomy":"product_tag","embeddable":true,"href":"https:\/\/aydodeco.nl\/fr\/wp-json\/wp\/v2\/product_tag?post=150783"}],"curies":[{"name":"wp","href":"https:\/\/api.w.org\/{rel}","templated":true}]}}