{"id":150618,"date":"2023-12-24T11:44:03","date_gmt":"2023-12-24T10:44:03","guid":{"rendered":"https:\/\/aydodeco.nl\/lame-de-bois-noyer-bois-de-teck-pour-linterieur-54x20x15cm\/"},"modified":"2025-07-21T14:05:28","modified_gmt":"2025-07-21T12:05:28","slug":"lame-de-bois-noyer-bois-de-teck-pour-linterieur-54x20x15cm","status":"publish","type":"product","link":"https:\/\/aydodeco.nl\/fr\/lame-de-bois-noyer-bois-de-teck-pour-linterieur-54x20x15cm\/","title":{"rendered":"Lame de bois Noyer &#8211; Bois de teck &#8211; Pour l&rsquo;int\u00e9rieur &#8211; 54x20x1,5cm"},"content":{"rendered":"<p>Avec des lames de bois au mur, vous introduisez des \u00e9l\u00e9ments naturels dans votre maison qui cr\u00e9ent une atmosph\u00e8re int\u00e9rieure !<br \/>\nL&rsquo;utilisation d&rsquo;\u00e9l\u00e9ments naturels, de couleurs chaudes, de textures et de finitions organiques conf\u00e8re au design et \u00e0 la d\u00e9coration un caract\u00e8re \u00e9cologique.<br \/>\nLes bandes de bois Aydodeco sont fabriqu\u00e9es en bois de teck.<br \/>\nElles sont l\u00e9g\u00e8res et pr\u00eates \u00e0 l&#8217;emploi pour une installation facile et conviviale.<br \/>\nLa belle bande de bois cr\u00e9e une atmosph\u00e8re agr\u00e9able dans votre maison gr\u00e2ce \u00e0 l&rsquo;aspect chaud et naturel du bois.&nbsp; D <strong>imensions<\/strong>: 54cm x 20cm x 1.5cm Mat\u00e9riau : <strong>Bois de teck Montage : <a href=\"https:\/\/aydodeco.nl\/winkel\/montagelijm-deco-buiten\/\">Colle pour montage ext\u00e9rieur<\/a><\/strong><strong>Montage<\/strong><strong>de panneaux muraux en bois<\/strong>    <\/p>\n<ul>\n<li>Avant de commencer la pose, il est tr\u00e8s important de laisser les lames de bois s&rsquo;acclimater pendant quelques jours dans la pi\u00e8ce o\u00f9 vous allez les installer.<br \/>\nC&rsquo;est important car le bois est un mat\u00e9riau naturel qui peut se r\u00e9tracter ou se dilater dans diff\u00e9rentes conditions.<br \/>\nEn le laissant d&rsquo;abord s&rsquo;acclimater, vous vous assurez que les lames de bois sont stables.  <\/li>\n<li>Placez les panneaux muraux en bois \/ les lames de bois hors de l&#8217;emballage dans la pi\u00e8ce o\u00f9 vous souhaitez les installer et laissez-les s&rsquo;acclimater pendant quelques jours, de pr\u00e9f\u00e9rence une semaine.<\/li>\n<li>Utilisez une scie \u00e0 dents fines pour d\u00e9couper les bandes de bois \u00e0 la bonne taille.<\/li>\n<li>Utilisez de la colle de montage pour fixer les produits sur le mur souhait\u00e9.<\/li>\n<\/ul>\n<p>  Informations importantes sur les produits en bois v\u00e9ritable : Les produits en bois v\u00e9ritable peuvent attirer les insectes en raison de leur structure naturelle.<br \/>\nEn particulier, les vers \u00e0 bois et autres insectes nuisibles peuvent endommager ces produits.<br \/>\nC&rsquo;est pourquoi nous vous recommandons de traiter r\u00e9guli\u00e8rement vos produits en bois v\u00e9ritable avec des insecticides.<br \/>\nNotre soci\u00e9t\u00e9 n&rsquo;est pas responsable des dommages qui pourraient survenir si cette pr\u00e9caution n&rsquo;est pas prise.   <\/p>\n","protected":false},"excerpt":{"rendered":"<p>54x20x1,5cm<\/p>\n","protected":false},"featured_media":127132,"comment_status":"open","ping_status":"closed","template":"","meta":{"site-sidebar-layout":"default","site-content-layout":"","ast-site-content-layout":"default","site-content-style":"default","site-sidebar-style":"default","ast-global-header-display":"","ast-banner-title-visibility":"","ast-main-header-display":"","ast-hfb-above-header-display":"","ast-hfb-below-header-display":"","ast-hfb-mobile-header-display":"","site-post-title":"","ast-breadcrumbs-content":"","ast-featured-img":"","footer-sml-layout":"","ast-disable-related-posts":"","theme-transparent-header-meta":"default","adv-header-id-meta":"","stick-header-meta":"default","header-above-stick-meta":"","header-main-stick-meta":"","header-below-stick-meta":"","astra-migrate-meta-layouts":"default","ast-page-background-enabled":"default","ast-page-background-meta":{"desktop":{"background-color":"var(--ast-global-color-4)","background-image":"","background-repeat":"repeat","background-position":"center center","background-size":"auto","background-attachment":"scroll","background-type":"","background-media":"","overlay-type":"","overlay-color":"","overlay-opacity":"","overlay-gradient":""},"tablet":{"background-color":"","background-image":"","background-repeat":"repeat","background-position":"center center","background-size":"auto","background-attachment":"scroll","background-type":"","background-media":"","overlay-type":"","overlay-color":"","overlay-opacity":"","overlay-gradient":""},"mobile":{"background-color":"","background-image":"","background-repeat":"repeat","background-position":"center center","background-size":"auto","background-attachment":"scroll","background-type":"","background-media":"","overlay-type":"","overlay-color":"","overlay-opacity":"","overlay-gradient":""}},"ast-content-background-meta":{"desktop":{"background-color":"var(--ast-global-color-5)","background-image":"","background-repeat":"repeat","background-position":"center center","background-size":"auto","background-attachment":"scroll","background-type":"","background-media":"","overlay-type":"","overlay-color":"","overlay-opacity":"","overlay-gradient":""},"tablet":{"background-color":"var(--ast-global-color-5)","background-image":"","background-repeat":"repeat","background-position":"center center","background-size":"auto","background-attachment":"scroll","background-type":"","background-media":"","overlay-type":"","overlay-color":"","overlay-opacity":"","overlay-gradient":""},"mobile":{"background-color":"var(--ast-global-color-5)","background-image":"","background-repeat":"repeat","background-position":"center center","background-size":"auto","background-attachment":"scroll","background-type":"","background-media":"","overlay-type":"","overlay-color":"","overlay-opacity":"","overlay-gradient":""}}},"product_brand":[],"product_cat":[469],"product_tag":[381],"class_list":{"0":"post-150618","1":"product","2":"type-product","3":"status-publish","4":"has-post-thumbnail","6":"product_cat-bandes-de-bois","7":"product_tag-korting50-100miniaku-fr-1","8":"product_shipping_class-petits-produits-895e","9":"desktop-align-left","10":"tablet-align-left","11":"mobile-align-left","12":"ast-product-gallery-layout-vertical-slider","13":"ast-product-tabs-layout-vertical","14":"ast-qv-on-image","16":"first","17":"outofstock","18":"sale","19":"taxable","20":"shipping-taxable","21":"purchasable","22":"product-type-simple"},"_links":{"self":[{"href":"https:\/\/aydodeco.nl\/fr\/wp-json\/wp\/v2\/product\/150618","targetHints":{"allow":["GET"]}}],"collection":[{"href":"https:\/\/aydodeco.nl\/fr\/wp-json\/wp\/v2\/product"}],"about":[{"href":"https:\/\/aydodeco.nl\/fr\/wp-json\/wp\/v2\/types\/product"}],"replies":[{"embeddable":true,"href":"https:\/\/aydodeco.nl\/fr\/wp-json\/wp\/v2\/comments?post=150618"}],"version-history":[{"count":0,"href":"https:\/\/aydodeco.nl\/fr\/wp-json\/wp\/v2\/product\/150618\/revisions"}],"wp:featuredmedia":[{"embeddable":true,"href":"https:\/\/aydodeco.nl\/fr\/wp-json\/wp\/v2\/media\/127132"}],"wp:attachment":[{"href":"https:\/\/aydodeco.nl\/fr\/wp-json\/wp\/v2\/media?parent=150618"}],"wp:term":[{"taxonomy":"product_brand","embeddable":true,"href":"https:\/\/aydodeco.nl\/fr\/wp-json\/wp\/v2\/product_brand?post=150618"},{"taxonomy":"product_cat","embeddable":true,"href":"https:\/\/aydodeco.nl\/fr\/wp-json\/wp\/v2\/product_cat?post=150618"},{"taxonomy":"product_tag","embeddable":true,"href":"https:\/\/aydodeco.nl\/fr\/wp-json\/wp\/v2\/product_tag?post=150618"}],"curies":[{"name":"wp","href":"https:\/\/api.w.org\/{rel}","templated":true}]}}