{"id":150362,"date":"2022-12-30T10:07:26","date_gmt":"2022-12-30T09:07:26","guid":{"rendered":"https:\/\/aydodeco.nl\/mosaique-adhesive-hexagon-copper-patina\/"},"modified":"2025-11-13T19:55:08","modified_gmt":"2025-11-13T18:55:08","slug":"mosaique-adhesive-hexagon-copper-patina","status":"publish","type":"product","link":"https:\/\/aydodeco.nl\/fr\/mosaique-adhesive-hexagon-copper-patina\/","title":{"rendered":"Hexagone Copper Patina &#8211; Mosa\u00efque murale autocollante"},"content":{"rendered":"<h2>Carreau hexagonal cuivre patin\u00e9<\/h2>\n<p>Les consommateurs optent de plus en plus pour les tuiles m\u00e9talliques ! Chez Aydodeco, nous les proposons \u00e9galement, compos\u00e9es d&rsquo;aluminium et d&rsquo;un support autocollant. \u00c0 la demande de notre styliste, nous avons con\u00e7u le carreau hexagonal Copper Patina. Ce carreau a l&rsquo;aspect du cuivre rouill\u00e9 et contient des couleurs profondes et intenses. Les bandes de pierre autocollantes sont \u00e0 la mode ! Elles ne se distinguent pas des vraies tuiles et sont tr\u00e8s faciles \u00e0 fixer et \u00e0 personnaliser. Les bandes de mosa\u00efque de pierre autocollantes d&rsquo;Aydo Deco sont uniques et conviennent \u00e0 tous les espaces int\u00e9rieurs (\u00e0 l&rsquo;exception de la zone de douche humide). Une couche d&rsquo;autocollants 3M tr\u00e8s r\u00e9sistants se trouve au dos, ce qui rend la colle ou d&rsquo;autres mat\u00e9riaux de fixation inutiles !        La couche sup\u00e9rieure contient de l&rsquo;aluminium et du PVC r\u00e9sistant de haute qualit\u00e9 ! Ces mosa\u00efques d&rsquo;aspect carrelage peuvent \u00eatre plac\u00e9es directement sur d&rsquo;anciens carrelages, du papier peint ou d&rsquo;autres murs plats ! <\/p>\n<p><strong>Principales caract\u00e9ristiques<\/strong><\/p>\n<ul style=\"list-style-type: circle\">\n<li>Garantie de 2 ans<\/li>\n<li>la couche sup\u00e9rieure contient du PVC et de l&rsquo;aluminium de haute qualit\u00e9<\/li>\n<li>autocollant (sous-couche autocollante r\u00e9sistante de 3 m)<\/li>\n<li>r\u00e9sistant aux rayures, \u00e0 la lumi\u00e8re et aux chocs<\/li>\n<li>Dimensions Longueur 290mm x Largeur 307mm x Epaisseur 4mm<\/li>\n<li>les prix sont indiqu\u00e9s individuellement<\/li>\n<li>auto-assemblage facile<\/li>\n<li>couper \u00e0 la taille voulue \u00e0 l&rsquo;aide d&rsquo;un couteau Stanley (couper \u00e0 l&rsquo;aide d&rsquo;une r\u00e8gle et casser \u00e0 l&rsquo;aide d&rsquo;une pince)<\/li>\n<li>convient \u00e0 tous les espaces int\u00e9rieurs (sauf sous la cabine de douche)<\/li>\n<li>convient pour l&rsquo;arri\u00e8re de la table de cuisson<strong>(remarque : pour les feux \u00e9lev\u00e9s, retirez la casserole \u00e0 au moins 15 cm du mur)<\/strong><\/li>\n<li>Pour les murs plus grossiers ou poreux, nous recommandons d&rsquo;utiliser un adh\u00e9sif de montage suppl\u00e9mentaire.<\/li>\n<li>facile \u00e0 enlever \u00e0 l&rsquo;aide d&rsquo;un s\u00e8che-cheveux et d&rsquo;un couteau \u00e0 d\u00e9caper<\/li>\n<li>peut \u00eatre utilis\u00e9 directement sur le papier peint et le carrelage<\/li>\n<li>ne convient pas aux foyers dont la temp\u00e9rature d\u00e9passe 80 degr\u00e9s Celsius.<\/li>\n<\/ul>\n<p><strong>Propri\u00e9t\u00e9s du mat\u00e9riau :<\/strong><\/p>\n<ul>\n<li>Sous-couche : polyester renforc\u00e9 de fibres de verre (support en fibres)<\/li>\n<li>Couche sup\u00e9rieure : aluminium et PVC de haute qualit\u00e9<\/li>\n<li>chaque carreau pr\u00e9sente un motif diff\u00e9rent (vous ne voyez donc pas de motif r\u00e9current)<\/li>\n<\/ul>\n<p><a href=\"https:\/\/aydodeco.nl\/fr\/bandes-de-pierre\/\"><strong>Pour en savoir plus sur nos bandes de pierre, cliquez ici<\/strong><\/a><\/p>\n","protected":false},"excerpt":{"rendered":"<p>29&#215;30,7&#215;0,4cm<\/p>\n","protected":false},"featured_media":198703,"comment_status":"open","ping_status":"closed","template":"","meta":{"site-sidebar-layout":"default","site-content-layout":"","ast-site-content-layout":"default","site-content-style":"default","site-sidebar-style":"default","ast-global-header-display":"","ast-banner-title-visibility":"","ast-main-header-display":"","ast-hfb-above-header-display":"","ast-hfb-below-header-display":"","ast-hfb-mobile-header-display":"","site-post-title":"","ast-breadcrumbs-content":"","ast-featured-img":"","footer-sml-layout":"","ast-disable-related-posts":"","theme-transparent-header-meta":"default","adv-header-id-meta":"","stick-header-meta":"default","header-above-stick-meta":"","header-main-stick-meta":"","header-below-stick-meta":"","astra-migrate-meta-layouts":"default","ast-page-background-enabled":"default","ast-page-background-meta":{"desktop":{"background-color":"var(--ast-global-color-4)","background-image":"","background-repeat":"repeat","background-position":"center center","background-size":"auto","background-attachment":"scroll","background-type":"","background-media":"","overlay-type":"","overlay-color":"","overlay-opacity":"","overlay-gradient":""},"tablet":{"background-color":"","background-image":"","background-repeat":"repeat","background-position":"center center","background-size":"auto","background-attachment":"scroll","background-type":"","background-media":"","overlay-type":"","overlay-color":"","overlay-opacity":"","overlay-gradient":""},"mobile":{"background-color":"","background-image":"","background-repeat":"repeat","background-position":"center center","background-size":"auto","background-attachment":"scroll","background-type":"","background-media":"","overlay-type":"","overlay-color":"","overlay-opacity":"","overlay-gradient":""}},"ast-content-background-meta":{"desktop":{"background-color":"var(--ast-global-color-5)","background-image":"","background-repeat":"repeat","background-position":"center center","background-size":"auto","background-attachment":"scroll","background-type":"","background-media":"","overlay-type":"","overlay-color":"","overlay-opacity":"","overlay-gradient":""},"tablet":{"background-color":"var(--ast-global-color-5)","background-image":"","background-repeat":"repeat","background-position":"center center","background-size":"auto","background-attachment":"scroll","background-type":"","background-media":"","overlay-type":"","overlay-color":"","overlay-opacity":"","overlay-gradient":""},"mobile":{"background-color":"var(--ast-global-color-5)","background-image":"","background-repeat":"repeat","background-position":"center center","background-size":"auto","background-attachment":"scroll","background-type":"","background-media":"","overlay-type":"","overlay-color":"","overlay-opacity":"","overlay-gradient":""}}},"product_brand":[],"product_cat":[408,407,420],"product_tag":[409,410,778],"class_list":{"0":"post-150362","1":"product","2":"type-product","3":"status-publish","4":"has-post-thumbnail","6":"product_cat-bandes-de-pierre-autocollantes","7":"product_cat-bandes-de-pierre-mosaique","8":"product_cat-offres","9":"product_tag-autocollant","10":"product_tag-korting50-100zelfklevende-fr-1","11":"product_tag-vendredi-noir","12":"product_shipping_class-zelfmozaiek-30-fr","13":"pa_steenstrips-geschikt-voor-derriere-la-cuisiniere-a-gaz","14":"desktop-align-left","15":"tablet-align-left","16":"mobile-align-left","17":"ast-product-gallery-layout-vertical-slider","18":"ast-product-tabs-layout-vertical","19":"ast-qv-on-image","21":"first","22":"instock","23":"sale","24":"featured","25":"taxable","26":"shipping-taxable","27":"purchasable","28":"product-type-simple"},"_links":{"self":[{"href":"https:\/\/aydodeco.nl\/fr\/wp-json\/wp\/v2\/product\/150362","targetHints":{"allow":["GET"]}}],"collection":[{"href":"https:\/\/aydodeco.nl\/fr\/wp-json\/wp\/v2\/product"}],"about":[{"href":"https:\/\/aydodeco.nl\/fr\/wp-json\/wp\/v2\/types\/product"}],"replies":[{"embeddable":true,"href":"https:\/\/aydodeco.nl\/fr\/wp-json\/wp\/v2\/comments?post=150362"}],"version-history":[{"count":0,"href":"https:\/\/aydodeco.nl\/fr\/wp-json\/wp\/v2\/product\/150362\/revisions"}],"wp:featuredmedia":[{"embeddable":true,"href":"https:\/\/aydodeco.nl\/fr\/wp-json\/wp\/v2\/media\/198703"}],"wp:attachment":[{"href":"https:\/\/aydodeco.nl\/fr\/wp-json\/wp\/v2\/media?parent=150362"}],"wp:term":[{"taxonomy":"product_brand","embeddable":true,"href":"https:\/\/aydodeco.nl\/fr\/wp-json\/wp\/v2\/product_brand?post=150362"},{"taxonomy":"product_cat","embeddable":true,"href":"https:\/\/aydodeco.nl\/fr\/wp-json\/wp\/v2\/product_cat?post=150362"},{"taxonomy":"product_tag","embeddable":true,"href":"https:\/\/aydodeco.nl\/fr\/wp-json\/wp\/v2\/product_tag?post=150362"}],"curies":[{"name":"wp","href":"https:\/\/api.w.org\/{rel}","templated":true}]}}