{"id":149946,"date":"2024-07-04T13:13:22","date_gmt":"2024-07-04T11:13:22","guid":{"rendered":"https:\/\/aydodeco.nl\/panneaux-acoustiques-a-chevrons-chene-clair-isolation-acoustique-pour-linterieur-70x40cm\/"},"modified":"2025-10-28T11:17:33","modified_gmt":"2025-10-28T10:17:33","slug":"panneaux-acoustiques-a-chevrons-chene-clair-isolation-acoustique-pour-linterieur-70x40cm","status":"publish","type":"product","link":"https:\/\/aydodeco.nl\/fr\/panneaux-acoustiques-a-chevrons-chene-clair-isolation-acoustique-pour-linterieur-70x40cm\/","title":{"rendered":"Ch\u00eane clair &#8211; Panneaux acoustiques \u00e0 chevrons &#8211; Isolation phonique en feutre et MDF &#8211; Pour l&rsquo;int\u00e9rieur &#8211; 75x40cm"},"content":{"rendered":"<h2>Panneau acoustique \u00e0 chevrons Ch\u00eane clair<\/h2>\n<p>Les magnifiques panneaux acoustiques \u00e0 chevrons, combin\u00e9s \u00e0 un support en feutre robuste, apportent une valeur ajout\u00e9e \u00e0 n&rsquo;importe quel mur. Les panneaux \u00e0 chevrons apportent de la chaleur, de l&rsquo;ambiance et, bien s\u00fbr, un aspect moderne. Ces panneaux peuvent \u00eatre pos\u00e9s partout \u00e0 l&rsquo;int\u00e9rieur et ont un effet b\u00e9n\u00e9fique sur le son dans la pi\u00e8ce. Vous souhaitez voir le produit avant de le commander ? Visitez notre salle d&rsquo;exposition \u00e0 Oosterhout (NB). Les panneaux \u00e0 chevrons constituent une d\u00e9coration murale parfaite pour chaque pi\u00e8ce.     <\/p>\n<p><strong>Qualit\u00e9 originale !<br \/>\n<\/strong><\/p>\n<p>Contrairement aux fournisseurs de <em>panneaux<\/em> dits \u00a0\u00bb <em>en bois<\/em> \u00ab\u00a0, nous utilisons une couche de placage en bois v\u00e9ritable. La couche de feutre solide est fabriqu\u00e9e \u00e0 partir de bouteilles PET recycl\u00e9es et constitue une base solide. Gr\u00e2ce au placage en bois (MDF), les panneaux Herringbone ne se d\u00e9forment pas.  <\/p>\n<p>Souvent, les fournisseurs bon march\u00e9 n&rsquo;utilisent pas de placage de bois, mais une couche sup\u00e9rieure en plastique. L&rsquo;appellation trompeuse de <em>\u00ab\u00a0panneaux de bois\u00a0\u00bb<\/em> donne l&rsquo;impression qu&rsquo;il s&rsquo;agit de bois v\u00e9ritable. Or, il n&rsquo;en est rien. Aydo Deco opte donc pour une magnifique couche de placage en bois v\u00e9ritable. C&rsquo;est ce qui explique la diff\u00e9rence de prix entre les fournisseurs bon march\u00e9 et Aydo Deco.    <\/p>\n<p><strong>Dimensions<\/strong><\/p>\n<ul>\n<li>75 cm x 40 cm x 12 cm<\/li>\n<li>Chevrons : 24cm x 6cm<\/li>\n<\/ul>\n<p><strong>Mat\u00e9riau<\/strong><\/p>\n<ul>\n<li>Sous-couche : feutre de haute qualit\u00e9 \/ recycl\u00e9<\/li>\n<li>Lamelles : MDF<\/li>\n<li>Couche sup\u00e9rieure : couche de placage 100% ch\u00eane<\/li>\n<\/ul>\n<p><strong>Assembl\u00e9e<\/strong><\/p>\n<ul>\n<li>Fixation \u00e0 l&rsquo;aide d&rsquo;une colle d&rsquo;assemblage ou de vis<\/li>\n<li>couper \u00e0 la scie<\/li>\n<\/ul>\n","protected":false},"excerpt":{"rendered":"<p>70x40x1cm<\/p>\n","protected":false},"featured_media":134693,"comment_status":"open","ping_status":"closed","template":"","meta":{"site-sidebar-layout":"default","site-content-layout":"","ast-site-content-layout":"default","site-content-style":"default","site-sidebar-style":"default","ast-global-header-display":"","ast-banner-title-visibility":"","ast-main-header-display":"","ast-hfb-above-header-display":"","ast-hfb-below-header-display":"","ast-hfb-mobile-header-display":"","site-post-title":"","ast-breadcrumbs-content":"","ast-featured-img":"","footer-sml-layout":"","ast-disable-related-posts":"","theme-transparent-header-meta":"default","adv-header-id-meta":"","stick-header-meta":"default","header-above-stick-meta":"","header-main-stick-meta":"","header-below-stick-meta":"","astra-migrate-meta-layouts":"default","ast-page-background-enabled":"default","ast-page-background-meta":{"desktop":{"background-color":"var(--ast-global-color-4)","background-image":"","background-repeat":"repeat","background-position":"center center","background-size":"auto","background-attachment":"scroll","background-type":"","background-media":"","overlay-type":"","overlay-color":"","overlay-opacity":"","overlay-gradient":""},"tablet":{"background-color":"","background-image":"","background-repeat":"repeat","background-position":"center center","background-size":"auto","background-attachment":"scroll","background-type":"","background-media":"","overlay-type":"","overlay-color":"","overlay-opacity":"","overlay-gradient":""},"mobile":{"background-color":"","background-image":"","background-repeat":"repeat","background-position":"center center","background-size":"auto","background-attachment":"scroll","background-type":"","background-media":"","overlay-type":"","overlay-color":"","overlay-opacity":"","overlay-gradient":""}},"ast-content-background-meta":{"desktop":{"background-color":"var(--ast-global-color-5)","background-image":"","background-repeat":"repeat","background-position":"center center","background-size":"auto","background-attachment":"scroll","background-type":"","background-media":"","overlay-type":"","overlay-color":"","overlay-opacity":"","overlay-gradient":""},"tablet":{"background-color":"var(--ast-global-color-5)","background-image":"","background-repeat":"repeat","background-position":"center center","background-size":"auto","background-attachment":"scroll","background-type":"","background-media":"","overlay-type":"","overlay-color":"","overlay-opacity":"","overlay-gradient":""},"mobile":{"background-color":"var(--ast-global-color-5)","background-image":"","background-repeat":"repeat","background-position":"center center","background-size":"auto","background-attachment":"scroll","background-type":"","background-media":"","overlay-type":"","overlay-color":"","overlay-opacity":"","overlay-gradient":""}}},"product_brand":[],"product_cat":[420,355,266],"product_tag":[357,778],"class_list":{"0":"post-149946","1":"product","2":"type-product","3":"status-publish","4":"has-post-thumbnail","6":"product_cat-offres","7":"product_cat-panneaux-de-feutre-acoustique","8":"product_cat-panels-muraux-acoustiques","9":"product_tag-korting10-20akuxl-fr-1","10":"product_tag-vendredi-noir","11":"product_shipping_class-petits-produits-895e","12":"desktop-align-left","13":"tablet-align-left","14":"mobile-align-left","15":"ast-product-gallery-layout-vertical-slider","16":"ast-product-tabs-layout-vertical","17":"ast-qv-on-image","19":"first","20":"instock","21":"sale","22":"taxable","23":"shipping-taxable","24":"purchasable","25":"product-type-simple"},"_links":{"self":[{"href":"https:\/\/aydodeco.nl\/fr\/wp-json\/wp\/v2\/product\/149946","targetHints":{"allow":["GET"]}}],"collection":[{"href":"https:\/\/aydodeco.nl\/fr\/wp-json\/wp\/v2\/product"}],"about":[{"href":"https:\/\/aydodeco.nl\/fr\/wp-json\/wp\/v2\/types\/product"}],"replies":[{"embeddable":true,"href":"https:\/\/aydodeco.nl\/fr\/wp-json\/wp\/v2\/comments?post=149946"}],"version-history":[{"count":0,"href":"https:\/\/aydodeco.nl\/fr\/wp-json\/wp\/v2\/product\/149946\/revisions"}],"wp:featuredmedia":[{"embeddable":true,"href":"https:\/\/aydodeco.nl\/fr\/wp-json\/wp\/v2\/media\/134693"}],"wp:attachment":[{"href":"https:\/\/aydodeco.nl\/fr\/wp-json\/wp\/v2\/media?parent=149946"}],"wp:term":[{"taxonomy":"product_brand","embeddable":true,"href":"https:\/\/aydodeco.nl\/fr\/wp-json\/wp\/v2\/product_brand?post=149946"},{"taxonomy":"product_cat","embeddable":true,"href":"https:\/\/aydodeco.nl\/fr\/wp-json\/wp\/v2\/product_cat?post=149946"},{"taxonomy":"product_tag","embeddable":true,"href":"https:\/\/aydodeco.nl\/fr\/wp-json\/wp\/v2\/product_tag?post=149946"}],"curies":[{"name":"wp","href":"https:\/\/api.w.org\/{rel}","templated":true}]}}