{"id":149926,"date":"2024-06-24T10:54:39","date_gmt":"2024-06-24T08:54:39","guid":{"rendered":"https:\/\/aydodeco.nl\/panneaux-acoustiques-feutre-hexagone-chene-clair-isolation-acoustique-pour-linterieur-47x81x1cm\/"},"modified":"2025-11-09T09:18:35","modified_gmt":"2025-11-09T08:18:35","slug":"panneaux-acoustiques-feutre-hexagone-chene-clair-isolation-acoustique-pour-linterieur-47x81x1cm","status":"publish","type":"product","link":"https:\/\/aydodeco.nl\/fr\/panneaux-acoustiques-feutre-hexagone-chene-clair-isolation-acoustique-pour-linterieur-47x81x1cm\/","title":{"rendered":"Ch\u00eane clair &#8211; Panneaux acoustiques en feutre hexagonal &#8211; Isolation acoustique &#8211; Pour l&rsquo;int\u00e9rieur &#8211; 81x47x1cm"},"content":{"rendered":"<h2>Panneau acoustique HEXAGON Ch\u00eane clair<\/h2>\n<p>Les magnifiques panneaux hexagonaux combin\u00e9s \u00e0 un support en feutre robuste apportent une valeur ajout\u00e9e \u00e0 tout mur. Les panneaux hexagonaux apportent de la chaleur, une atmosph\u00e8re et, bien s\u00fbr, un aspect moderne. Ces panneaux peuvent \u00eatre mont\u00e9s partout \u00e0 l&rsquo;int\u00e9rieur et ont \u00e9galement un effet b\u00e9n\u00e9fique sur le son dans la pi\u00e8ce. Vous souhaitez voir le produit avant de le commander ? Visitez notre salle d&rsquo;exposition \u00e0 Oosterhout (NB). Les panneaux hexagonaux sont une d\u00e9coration murale parfaite pour chaque pi\u00e8ce.     <\/p>\n<p><strong>Qualit\u00e9 originale !<br \/>\n<\/strong><\/p>\n<p>La couche de feutre solide est fabriqu\u00e9e \u00e0 partir de bouteilles PET recycl\u00e9es et constitue une base solide. La couche sup\u00e9rieure imprim\u00e9e en plastique (sur MDF) emp\u00eache les panneaux Hexagon de se d\u00e9former. <\/p>\n<p><strong>Dimensions<\/strong><\/p>\n<ul>\n<li>47cm x 81cm x 1cm<\/li>\n<li>Hexagone : 15cm x 17cm<\/li>\n<\/ul>\n<p><strong>Mat\u00e9riau<\/strong><\/p>\n<ul>\n<li>Sous-couche : feutre de haute qualit\u00e9 \/ recycl\u00e9<\/li>\n<li>Lamelles : MDF<\/li>\n<li>Couche sup\u00e9rieure : couche imprim\u00e9e \u00e0 100<\/li>\n<\/ul>\n<p><strong>Assembl\u00e9e<\/strong><\/p>\n<ul>\n<li>Fixation \u00e0 l&rsquo;aide d&rsquo;une colle d&rsquo;assemblage ou de vis<\/li>\n<li>couper \u00e0 la scie<\/li>\n<\/ul>\n","protected":false},"excerpt":{"rendered":"<p>47x81x1cm<\/p>\n","protected":false},"featured_media":134685,"comment_status":"open","ping_status":"closed","template":"","meta":{"site-sidebar-layout":"default","site-content-layout":"","ast-site-content-layout":"default","site-content-style":"default","site-sidebar-style":"default","ast-global-header-display":"","ast-banner-title-visibility":"","ast-main-header-display":"","ast-hfb-above-header-display":"","ast-hfb-below-header-display":"","ast-hfb-mobile-header-display":"","site-post-title":"","ast-breadcrumbs-content":"","ast-featured-img":"","footer-sml-layout":"","ast-disable-related-posts":"","theme-transparent-header-meta":"default","adv-header-id-meta":"","stick-header-meta":"default","header-above-stick-meta":"","header-main-stick-meta":"","header-below-stick-meta":"","astra-migrate-meta-layouts":"default","ast-page-background-enabled":"default","ast-page-background-meta":{"desktop":{"background-color":"var(--ast-global-color-4)","background-image":"","background-repeat":"repeat","background-position":"center center","background-size":"auto","background-attachment":"scroll","background-type":"","background-media":"","overlay-type":"","overlay-color":"","overlay-opacity":"","overlay-gradient":""},"tablet":{"background-color":"","background-image":"","background-repeat":"repeat","background-position":"center center","background-size":"auto","background-attachment":"scroll","background-type":"","background-media":"","overlay-type":"","overlay-color":"","overlay-opacity":"","overlay-gradient":""},"mobile":{"background-color":"","background-image":"","background-repeat":"repeat","background-position":"center center","background-size":"auto","background-attachment":"scroll","background-type":"","background-media":"","overlay-type":"","overlay-color":"","overlay-opacity":"","overlay-gradient":""}},"ast-content-background-meta":{"desktop":{"background-color":"var(--ast-global-color-5)","background-image":"","background-repeat":"repeat","background-position":"center center","background-size":"auto","background-attachment":"scroll","background-type":"","background-media":"","overlay-type":"","overlay-color":"","overlay-opacity":"","overlay-gradient":""},"tablet":{"background-color":"var(--ast-global-color-5)","background-image":"","background-repeat":"repeat","background-position":"center center","background-size":"auto","background-attachment":"scroll","background-type":"","background-media":"","overlay-type":"","overlay-color":"","overlay-opacity":"","overlay-gradient":""},"mobile":{"background-color":"var(--ast-global-color-5)","background-image":"","background-repeat":"repeat","background-position":"center center","background-size":"auto","background-attachment":"scroll","background-type":"","background-media":"","overlay-type":"","overlay-color":"","overlay-opacity":"","overlay-gradient":""}}},"product_brand":[],"product_cat":[420,266,601,355],"product_tag":[357],"class_list":{"0":"post-149926","1":"product","2":"type-product","3":"status-publish","4":"has-post-thumbnail","6":"product_cat-offres","7":"product_cat-panels-muraux-acoustiques","8":"product_cat-panneaux-acoustiques-hexagonaux","9":"product_cat-panneaux-de-feutre-acoustique","10":"product_tag-korting10-20akuxl-fr-1","11":"product_shipping_class-petits-produits-895e","12":"desktop-align-left","13":"tablet-align-left","14":"mobile-align-left","15":"ast-product-gallery-layout-vertical-slider","16":"ast-product-tabs-layout-vertical","17":"ast-qv-on-image","19":"first","20":"outofstock","21":"sale","22":"taxable","23":"shipping-taxable","24":"purchasable","25":"product-type-simple"},"_links":{"self":[{"href":"https:\/\/aydodeco.nl\/fr\/wp-json\/wp\/v2\/product\/149926","targetHints":{"allow":["GET"]}}],"collection":[{"href":"https:\/\/aydodeco.nl\/fr\/wp-json\/wp\/v2\/product"}],"about":[{"href":"https:\/\/aydodeco.nl\/fr\/wp-json\/wp\/v2\/types\/product"}],"replies":[{"embeddable":true,"href":"https:\/\/aydodeco.nl\/fr\/wp-json\/wp\/v2\/comments?post=149926"}],"version-history":[{"count":0,"href":"https:\/\/aydodeco.nl\/fr\/wp-json\/wp\/v2\/product\/149926\/revisions"}],"wp:featuredmedia":[{"embeddable":true,"href":"https:\/\/aydodeco.nl\/fr\/wp-json\/wp\/v2\/media\/134685"}],"wp:attachment":[{"href":"https:\/\/aydodeco.nl\/fr\/wp-json\/wp\/v2\/media?parent=149926"}],"wp:term":[{"taxonomy":"product_brand","embeddable":true,"href":"https:\/\/aydodeco.nl\/fr\/wp-json\/wp\/v2\/product_brand?post=149926"},{"taxonomy":"product_cat","embeddable":true,"href":"https:\/\/aydodeco.nl\/fr\/wp-json\/wp\/v2\/product_cat?post=149926"},{"taxonomy":"product_tag","embeddable":true,"href":"https:\/\/aydodeco.nl\/fr\/wp-json\/wp\/v2\/product_tag?post=149926"}],"curies":[{"name":"wp","href":"https:\/\/api.w.org\/{rel}","templated":true}]}}