{"id":149858,"date":"2024-05-28T09:53:45","date_gmt":"2024-05-28T07:53:45","guid":{"rendered":"https:\/\/aydodeco.nl\/bandes-de-pierre-piedra-ladrillo-grey-xl-panneau-mural-3d-116x59cm\/"},"modified":"2025-11-25T10:57:24","modified_gmt":"2025-11-25T09:57:24","slug":"bandes-de-pierre-piedra-ladrillo-grey-xl-panneau-mural-3d-116x59cm","status":"publish","type":"product","link":"https:\/\/aydodeco.nl\/fr\/bandes-de-pierre-piedra-ladrillo-grey-xl-panneau-mural-3d-116x59cm\/","title":{"rendered":"Ladrillo Grey &#8211; Panneau mural 3D"},"content":{"rendered":"<h2>Gris Ladrillo &#8211; Bande de pierre 3D Piedra<\/h2>\n<p>Les panneaux muraux Piedra Ladrillo Grey XL sont uniques et ne se distinguent pas des murs en ma\u00e7onnerie. L\u00e9gers mais tr\u00e8s r\u00e9sistants ! Ces panneaux muraux sont compos\u00e9s d&rsquo;une couche de 4 mm de composite (de pierre) sur une solide mousse de polyur\u00e9thane \u00e0 haute densit\u00e9.<br \/>\nPour la plupart des panneaux, le composite de pierre est compos\u00e9 \u00e0 90 % de particules de pierre naturelle et de marbre, ce qui permet d&rsquo;obtenir facilement un nouvel aspect de mur dans n&rsquo;importe quel espace int\u00e9rieur. Avec un kit de montage ou des vis, les panneaux peuvent \u00eatre mont\u00e9s sur le mur \u00e0 recouvrir. Comme des pi\u00e8ces de puzzle, les \u00e9l\u00e9ments s&#8217;embo\u00eetent les uns dans les autres, puis les joints sont finis \u00e0 l&rsquo;aide du mastic de jointoiement et de la peinture fournis.     <\/p>\n<h2>Panneaux Piedra Gris<\/h2>\n<p>Les panneaux Piedra sont tr\u00e8s exclusifs et ne se distinguent pas de la vraie pierre naturelle ou des rochers sur le mur. La peinture est incluse pour peindre les joints. Cela vous permet de cr\u00e9er un look 100% sans couture avec nos panneaux muraux. Pour remplir les joints, nous vous recommandons d&rsquo;utiliser un mastic de jointoiement.   <\/p>\n<p><strong>Caract\u00e9ristiques principales Piedra Ladrillo Grey XL<\/strong><\/p>\n<ul>\n<li>Garantie du fabricant de <b>10 ans.<\/b> <\/li>\n<li><b>Sans soudure :<\/b> les soudures peuvent \u00eatre remplies de <a href=\"https:\/\/aydodeco.nl\/voegkit-piedra-panel-acrylaat-met-korrelstructuur\/\"><strong>joint d&rsquo;\u00e9tanch\u00e9it\u00e9<\/strong><\/a>.<\/li>\n<li><b>Dimensions :<\/b> 120 cm x 60 cm, \u00e9paisseur d&rsquo;environ 3,5 cm.<\/li>\n<li><b>Poids :<\/b> Environ 2,5 kg par panneau mural.<\/li>\n<li><b>Fabriqu\u00e9 \u00e0 la main :<\/b> Aucun panneau mural 3D Piedra Ladrillo n&rsquo;est identique. Chaque panneau est unique. <\/li>\n<li><b>Collage :<\/b><b> <\/b>1 tube <b><a href=\"https:\/\/aydodeco.nl\/montagekit-binnen-gebruik\/\">kit de montage<\/a><\/b> Pour 2 panneaux.<\/li>\n<li><b>Jointoiement :<\/b> 1 tube <b><a href=\"https:\/\/aydodeco.nl\/voegkit-piedra-panel-acrylaat-met-korrelstructuur\/\">mastic de jointoiement<\/a><\/b> pour 3m\u00b2.<\/li>\n<li><b>Prix :<\/b> Par pi\u00e8ce\/panneau. Pas par m\u00b2. <\/li>\n<li><b>L\u00e9ger et facile \u00e0 d\u00e9couper :<\/b> A l&rsquo;aide d&rsquo;une scie \u00e9go\u00efne ou d&rsquo;un <a href=\"https:\/\/aydodeco.nl\/stanleymes\/\"><strong>couteau stanley<\/strong><\/a>.<\/li>\n<li><b>Facile \u00e0 monter :<\/b> \u00e0 l&rsquo;aide d&rsquo;un <strong><a href=\"https:\/\/aydodeco.nl\/montagekit-binnen-gebruik\/\">kit de montage sans acide<\/a><\/strong> ou de vis.<\/li>\n<li><b>Durable :<\/b> r\u00e9sistant aux rayures, aux chocs et \u00e0 l&rsquo;abrasion pour une longue dur\u00e9e de vie.<\/li>\n<li><b>Utilisation polyvalente :<\/b> partout \u00e0 l&rsquo;int\u00e9rieur et \u00e0 l&rsquo;ext\u00e9rieur de la maison.<\/li>\n<li><b>Utilisation en ext\u00e9rieur :<\/b> Pour les murs ext\u00e9rieurs, les fa\u00e7ades, etc., nous vous recommandons notre <strong><a href=\"https:\/\/aydodeco.nl\/gevelimpregnatie-5l\/\">impr\u00e9gnation de fa\u00e7ade EPS<\/a><\/strong>.<\/li>\n<li><b>Isolation :<\/b> Effet b\u00e9n\u00e9fique sur l&rsquo;isolation.<\/li>\n<li>Un <b>vrai relief :<\/b> pas de surface plane comme le papier peint.<\/li>\n<li><b>Peinture incluse :<\/b> pour un aspect 100% sans couture apr\u00e8s avoir peint les coutures.<\/li>\n<\/ul>\n<p><strong>Propri\u00e9t\u00e9s des mat\u00e9riaux Piedra Ladrillo Brick Red XL<\/strong><\/p>\n<ul>\n<li>Valeur d&rsquo;isolation thermique <strong>\u00b1 RD 1<\/strong><\/li>\n<li>Sous-couche : Polyur\u00e9thane (HD)<\/li>\n<li>Couche sup\u00e9rieure : composite de pierre d&rsquo;environ 4 mm (comprenant de la poudre de marbre et de la poudre de pierre)<\/li>\n<li>Recyclable<\/li>\n<\/ul>\n","protected":false},"excerpt":{"rendered":"<p>116x59x2,8cm<\/p>\n","protected":false},"featured_media":191956,"comment_status":"open","ping_status":"closed","template":"","meta":{"site-sidebar-layout":"default","site-content-layout":"","ast-site-content-layout":"default","site-content-style":"default","site-sidebar-style":"default","ast-global-header-display":"","ast-banner-title-visibility":"","ast-main-header-display":"","ast-hfb-above-header-display":"","ast-hfb-below-header-display":"","ast-hfb-mobile-header-display":"","site-post-title":"","ast-breadcrumbs-content":"","ast-featured-img":"","footer-sml-layout":"","ast-disable-related-posts":"","theme-transparent-header-meta":"default","adv-header-id-meta":"","stick-header-meta":"default","header-above-stick-meta":"","header-main-stick-meta":"","header-below-stick-meta":"","astra-migrate-meta-layouts":"default","ast-page-background-enabled":"default","ast-page-background-meta":{"desktop":{"background-color":"var(--ast-global-color-4)","background-image":"","background-repeat":"repeat","background-position":"center center","background-size":"auto","background-attachment":"scroll","background-type":"","background-media":"","overlay-type":"","overlay-color":"","overlay-opacity":"","overlay-gradient":""},"tablet":{"background-color":"","background-image":"","background-repeat":"repeat","background-position":"center center","background-size":"auto","background-attachment":"scroll","background-type":"","background-media":"","overlay-type":"","overlay-color":"","overlay-opacity":"","overlay-gradient":""},"mobile":{"background-color":"","background-image":"","background-repeat":"repeat","background-position":"center center","background-size":"auto","background-attachment":"scroll","background-type":"","background-media":"","overlay-type":"","overlay-color":"","overlay-opacity":"","overlay-gradient":""}},"ast-content-background-meta":{"desktop":{"background-color":"var(--ast-global-color-5)","background-image":"","background-repeat":"repeat","background-position":"center center","background-size":"auto","background-attachment":"scroll","background-type":"","background-media":"","overlay-type":"","overlay-color":"","overlay-opacity":"","overlay-gradient":""},"tablet":{"background-color":"var(--ast-global-color-5)","background-image":"","background-repeat":"repeat","background-position":"center center","background-size":"auto","background-attachment":"scroll","background-type":"","background-media":"","overlay-type":"","overlay-color":"","overlay-opacity":"","overlay-gradient":""},"mobile":{"background-color":"var(--ast-global-color-5)","background-image":"","background-repeat":"repeat","background-position":"center center","background-size":"auto","background-attachment":"scroll","background-type":"","background-media":"","overlay-type":"","overlay-color":"","overlay-opacity":"","overlay-gradient":""}}},"product_brand":[],"product_cat":[368,537,369],"product_tag":[371,372],"class_list":{"0":"post-149858","1":"product","2":"type-product","3":"status-publish","4":"has-post-thumbnail","6":"product_cat-panneaux-muraux-3d","7":"product_cat-panneaux-muraux-elite-pu-xl","8":"product_cat-panneaux-muraux-piedra","9":"product_tag-bandes-de-pierre-a-lexterieur","10":"product_tag-korting25-50eps-fr-1","11":"product_shipping_class-elitepu-5-fr","12":"pa_steenstrips-geschikt-voor-derriere-la-cuisiniere-a-gaz","13":"pa_steenstrips-geschikt-voor-exterieur-resistant-aux-intemperies","14":"desktop-align-left","15":"tablet-align-left","16":"mobile-align-left","17":"ast-product-gallery-layout-vertical-slider","18":"ast-product-tabs-layout-vertical","19":"ast-qv-on-image","21":"first","22":"instock","23":"sale","24":"taxable","25":"shipping-taxable","26":"purchasable","27":"product-type-simple"},"_links":{"self":[{"href":"https:\/\/aydodeco.nl\/fr\/wp-json\/wp\/v2\/product\/149858","targetHints":{"allow":["GET"]}}],"collection":[{"href":"https:\/\/aydodeco.nl\/fr\/wp-json\/wp\/v2\/product"}],"about":[{"href":"https:\/\/aydodeco.nl\/fr\/wp-json\/wp\/v2\/types\/product"}],"replies":[{"embeddable":true,"href":"https:\/\/aydodeco.nl\/fr\/wp-json\/wp\/v2\/comments?post=149858"}],"version-history":[{"count":0,"href":"https:\/\/aydodeco.nl\/fr\/wp-json\/wp\/v2\/product\/149858\/revisions"}],"wp:featuredmedia":[{"embeddable":true,"href":"https:\/\/aydodeco.nl\/fr\/wp-json\/wp\/v2\/media\/191956"}],"wp:attachment":[{"href":"https:\/\/aydodeco.nl\/fr\/wp-json\/wp\/v2\/media?parent=149858"}],"wp:term":[{"taxonomy":"product_brand","embeddable":true,"href":"https:\/\/aydodeco.nl\/fr\/wp-json\/wp\/v2\/product_brand?post=149858"},{"taxonomy":"product_cat","embeddable":true,"href":"https:\/\/aydodeco.nl\/fr\/wp-json\/wp\/v2\/product_cat?post=149858"},{"taxonomy":"product_tag","embeddable":true,"href":"https:\/\/aydodeco.nl\/fr\/wp-json\/wp\/v2\/product_tag?post=149858"}],"curies":[{"name":"wp","href":"https:\/\/api.w.org\/{rel}","templated":true}]}}