{"id":149806,"date":"2024-05-24T12:01:38","date_gmt":"2024-05-24T10:01:38","guid":{"rendered":"https:\/\/aydodeco.nl\/panneau-mural-spc-mocca-matt-122x260cm\/"},"modified":"2026-03-24T15:15:48","modified_gmt":"2026-03-24T14:15:48","slug":"panneau-mural-spc-mocca-matt-122x260cm","status":"publish","type":"product","link":"https:\/\/aydodeco.nl\/fr\/panneau-mural-spc-mocca-matt-122x260cm\/","title":{"rendered":"Mocca matt &#8211; SPC Panneau mural"},"content":{"rendered":"<h2>SPC Panneau mural aspect marbre Mocca Matt<\/h2>\n<p><strong>Tr\u00e8s belle et exclusivement disponible chez Aydo Deco !  <\/strong><\/p>\n<p>SPC signifie Stone Polymer Composite, <b>un m\u00e9lange de calcaire et de PVC<\/b>. Il est disponible sous forme de panneaux et est durable et stable. Ce mat\u00e9riau est imperm\u00e9able, robuste et particuli\u00e8rement adapt\u00e9 aux zones chaudes et humides.  <\/p>\n<p>Panneau mural SPC aspect marbre Mocca Mat pour la salle de bain, la douche, les toilettes ou la cuisine ! Ces panneaux muraux SPC aspect marbre sont id\u00e9aux pour tous les espaces int\u00e9rieurs. L&rsquo;installation est tr\u00e8s facile et la d\u00e9coupe se fait \u00e0 l&rsquo;aide d&rsquo;un couteau Stanley. Les panneaux muraux aspect marbre sont tr\u00e8s faciles \u00e0 nettoyer et sont un v\u00e9ritable atout pour n&rsquo;importe quelle pi\u00e8ce.   <\/p>\n<p><strong>CARACT\u00c9RISTIQUES<\/strong><\/p>\n<ul>\n<li>100% imperm\u00e9able<\/li>\n<li>Imperm\u00e9able \u00e0 l&rsquo;eau &#8211; \u00e9tanche \u00e0 l&rsquo;eau &#8211; \u00e9tanche \u00e0 la poussi\u00e8re &#8211; \u00e9tanche \u00e0 l&rsquo;eau<\/li>\n<li>Facile \u00e0 assembler<\/li>\n<li>Coupez \u00e0 la taille voulue \u00e0 l&rsquo;aide d&rsquo;un couteau Stanley<\/li>\n<li>Fixation \u00e0 l&rsquo;aide d&rsquo;une colle d&rsquo;assemblage (haute adh\u00e9rence)<\/li>\n<li>Convient pour une utilisation \u00e0 l&rsquo;int\u00e9rieur<\/li>\n<li>Adapt\u00e9 \u00e0 la cuisine (derri\u00e8re une plaque de cuisson au gaz, \u00e0 une distance d&rsquo;au moins 15 cm)<\/li>\n<li>Cabine de douche, salle de bains, dans le couloir, etc.<\/li>\n<li>Anti-calcaire, pas de r\u00e9tention de calcaire<\/li>\n<li>Ressemble au marbre<\/li>\n<\/ul>\n<p><strong>Dimensions<\/strong><\/p>\n<ul>\n<li>260x122x0,3 cm<\/li>\n<\/ul>\n<p><strong>Fournitures<\/strong><\/p>\n<ul>\n<li>Nous recommandons 2 \u00e0 3 tubes de kit de montage par panneau.<\/li>\n<li>Coupez \u00e0 la taille voulue \u00e0 l&rsquo;aide d&rsquo;un couteau Stanley ou d&rsquo;une scie \u00e0 r\u00e8gle.<\/li>\n<li>Utilisez du mastic sanitaire pour sceller les bords et les joints.<\/li>\n<li>Vous pouvez sceller environ 3 plaques avec un tube de mastic sanitaire.<\/li>\n<\/ul>\n<p><strong>Nettoyage<\/strong><\/p>\n<ul>\n<li>Nettoyage avec un savon vert\/un nettoyant universel et un chiffon en microfibres<\/li>\n<li>N&rsquo;utilisez pas de produits de nettoyage agressifs ou abrasifs<\/li>\n<\/ul>\n<div class=\"ast-oembed-container \" style=\"height: 100%;\"><iframe title=\"Wandpaneel Mocca Mat\" width=\"500\" height=\"281\" src=\"https:\/\/www.youtube.com\/embed\/zCngSIWXb1k?feature=oembed\" frameborder=\"0\" allow=\"accelerometer; autoplay; clipboard-write; encrypted-media; gyroscope; picture-in-picture; web-share\" referrerpolicy=\"strict-origin-when-cross-origin\" allowfullscreen><\/iframe><\/div>\n","protected":false},"excerpt":{"rendered":"<p>260x122x0,3cm<\/p>\n","protected":false},"featured_media":131285,"comment_status":"open","ping_status":"closed","template":"","meta":{"site-sidebar-layout":"default","site-content-layout":"","ast-site-content-layout":"default","site-content-style":"default","site-sidebar-style":"default","ast-global-header-display":"","ast-banner-title-visibility":"","ast-main-header-display":"","ast-hfb-above-header-display":"","ast-hfb-below-header-display":"","ast-hfb-mobile-header-display":"","site-post-title":"","ast-breadcrumbs-content":"","ast-featured-img":"","footer-sml-layout":"","ast-disable-related-posts":"","theme-transparent-header-meta":"default","adv-header-id-meta":"","stick-header-meta":"default","header-above-stick-meta":"","header-main-stick-meta":"","header-below-stick-meta":"","astra-migrate-meta-layouts":"default","ast-page-background-enabled":"default","ast-page-background-meta":{"desktop":{"background-color":"var(--ast-global-color-4)","background-image":"","background-repeat":"repeat","background-position":"center center","background-size":"auto","background-attachment":"scroll","background-type":"","background-media":"","overlay-type":"","overlay-color":"","overlay-opacity":"","overlay-gradient":""},"tablet":{"background-color":"","background-image":"","background-repeat":"repeat","background-position":"center center","background-size":"auto","background-attachment":"scroll","background-type":"","background-media":"","overlay-type":"","overlay-color":"","overlay-opacity":"","overlay-gradient":""},"mobile":{"background-color":"","background-image":"","background-repeat":"repeat","background-position":"center center","background-size":"auto","background-attachment":"scroll","background-type":"","background-media":"","overlay-type":"","overlay-color":"","overlay-opacity":"","overlay-gradient":""}},"ast-content-background-meta":{"desktop":{"background-color":"var(--ast-global-color-5)","background-image":"","background-repeat":"repeat","background-position":"center center","background-size":"auto","background-attachment":"scroll","background-type":"","background-media":"","overlay-type":"","overlay-color":"","overlay-opacity":"","overlay-gradient":""},"tablet":{"background-color":"var(--ast-global-color-5)","background-image":"","background-repeat":"repeat","background-position":"center center","background-size":"auto","background-attachment":"scroll","background-type":"","background-media":"","overlay-type":"","overlay-color":"","overlay-opacity":"","overlay-gradient":""},"mobile":{"background-color":"var(--ast-global-color-5)","background-image":"","background-repeat":"repeat","background-position":"center center","background-size":"auto","background-attachment":"scroll","background-type":"","background-media":"","overlay-type":"","overlay-color":"","overlay-opacity":"","overlay-gradient":""}}},"product_brand":[],"product_cat":[420,432,442],"product_tag":[657,514,434,443],"class_list":{"0":"post-149806","1":"product","2":"type-product","3":"status-publish","4":"has-post-thumbnail","6":"product_cat-offres","7":"product_cat-panneaux-muraux-aspect-marbre","8":"product_cat-panneaux-muraux-spc-aspect-marbre","9":"product_tag-action","10":"product_tag-black-november-fr1","11":"product_tag-korting10-20marmer-fr-1","12":"product_tag-mat-fr","13":"product_shipping_class-panneaux-xl","14":"pa_steenstrips-geschikt-voor-derriere-la-cuisiniere-a-gaz","15":"pa_steenstrips-geschikt-voor-panneaux-muraux-de-salle-de-bains","16":"desktop-align-left","17":"tablet-align-left","18":"mobile-align-left","19":"ast-product-gallery-layout-vertical-slider","20":"ast-product-tabs-layout-vertical","21":"ast-qv-on-image","23":"first","24":"instock","25":"sale","26":"taxable","27":"shipping-taxable","28":"purchasable","29":"product-type-simple"},"_links":{"self":[{"href":"https:\/\/aydodeco.nl\/fr\/wp-json\/wp\/v2\/product\/149806","targetHints":{"allow":["GET"]}}],"collection":[{"href":"https:\/\/aydodeco.nl\/fr\/wp-json\/wp\/v2\/product"}],"about":[{"href":"https:\/\/aydodeco.nl\/fr\/wp-json\/wp\/v2\/types\/product"}],"replies":[{"embeddable":true,"href":"https:\/\/aydodeco.nl\/fr\/wp-json\/wp\/v2\/comments?post=149806"}],"version-history":[{"count":0,"href":"https:\/\/aydodeco.nl\/fr\/wp-json\/wp\/v2\/product\/149806\/revisions"}],"wp:featuredmedia":[{"embeddable":true,"href":"https:\/\/aydodeco.nl\/fr\/wp-json\/wp\/v2\/media\/131285"}],"wp:attachment":[{"href":"https:\/\/aydodeco.nl\/fr\/wp-json\/wp\/v2\/media?parent=149806"}],"wp:term":[{"taxonomy":"product_brand","embeddable":true,"href":"https:\/\/aydodeco.nl\/fr\/wp-json\/wp\/v2\/product_brand?post=149806"},{"taxonomy":"product_cat","embeddable":true,"href":"https:\/\/aydodeco.nl\/fr\/wp-json\/wp\/v2\/product_cat?post=149806"},{"taxonomy":"product_tag","embeddable":true,"href":"https:\/\/aydodeco.nl\/fr\/wp-json\/wp\/v2\/product_tag?post=149806"}],"curies":[{"name":"wp","href":"https:\/\/api.w.org\/{rel}","templated":true}]}}