{"id":149726,"date":"2024-05-21T16:33:36","date_gmt":"2024-05-21T14:33:36","guid":{"rendered":"https:\/\/aydodeco.nl\/panneau-acoustique-chene-teck-placage-bois-feutre-60x280cm\/"},"modified":"2024-11-13T13:47:35","modified_gmt":"2024-11-13T12:47:35","slug":"panneau-acoustique-chene-teck-placage-bois-feutre-60x280cm","status":"publish","type":"product","link":"https:\/\/aydodeco.nl\/fr\/panneau-acoustique-chene-teck-placage-bois-feutre-60x280cm\/","title":{"rendered":"Panneau acoustique Ch\u00eane teck &#8211; Placage bois\/feutre &#8211; 60x280cm"},"content":{"rendered":"<h1 style=\"font-size: 24px\">Panneaux acoustiques : La solution parfaite pour des panneaux muraux \u00e9l\u00e9gants et fonctionnels<\/h1>\n<p>  Les panneaux acoustiques associent des lattes de bois profondes de haute qualit\u00e9 \u00e0 un support robuste en feutre recycl\u00e9, ajoutant ainsi une valeur absolue \u00e0 n&rsquo;importe quel mur.<br \/>\nCon\u00e7us pour cr\u00e9er une atmosph\u00e8re chaleureuse et moderne, ces panneaux acoustiques peuvent \u00eatre install\u00e9s n&rsquo;importe o\u00f9 \u00e0 l&rsquo;int\u00e9rieur.<br \/>\nEn outre, ils am\u00e9liorent consid\u00e9rablement l&rsquo;acoustique, optimisant ainsi la qualit\u00e9 du son dans n&rsquo;importe quelle pi\u00e8ce.<br \/>\nVisitez notre salle d&rsquo;exposition \u00e0 Oosterhout pour d\u00e9couvrir ce produit haut de gamme par vous-m\u00eame.     <\/p>\n<h2 style=\"font-size: 20px\"><strong>Une qualit\u00e9 distinctive<\/strong><\/h2>\n<p>  Ce qui diff\u00e9rencie les panneaux acoustiques des autres fournisseurs, c&rsquo;est l&rsquo;utilisation d&rsquo;un placage en bois v\u00e9ritable.<br \/>\nAlors que d&rsquo;autres fournisseurs optent souvent pour une couche sup\u00e9rieure en plastique, nous garantissons que nos lames MDF ne se d\u00e9formeront pas gr\u00e2ce \u00e0 l&rsquo;utilisation d&rsquo;un feutre \u00e9pais et r\u00e9sistant fabriqu\u00e9 \u00e0 partir de bouteilles PET recycl\u00e9es.<br \/>\nLe terme trompeur de \u00ab\u00a0panneaux de bois\u00a0\u00bb utilis\u00e9 par certains fournisseurs donne l&rsquo;impression d&rsquo;\u00eatre en bois v\u00e9ritable, alors que ce n&rsquo;est pas le cas.<br \/>\nAvec Aydodeco, vous optez pour des placages de bois authentiques et de haute qualit\u00e9, ce qui explique la diff\u00e9rence de prix avec les fournisseurs bon march\u00e9.<br \/>\nDe plus, nos panneaux sont suffisamment flexibles pour \u00eatre utilis\u00e9s dans diff\u00e9rents styles d&rsquo;int\u00e9rieur et applications.<br \/>\nGr\u00e2ce \u00e0 cette flexibilit\u00e9, ils peuvent m\u00eame \u00eatre mont\u00e9s sur des murs courbes et angulaires.<br \/>\nPar exemple, ils s&rsquo;adaptent parfaitement aux colonnes rondes, offrant ainsi une finition unique et \u00e9l\u00e9gante.        <\/p>\n<h2 style=\"font-size: 20px\"><strong>Sp\u00e9cifications techniques<\/strong><\/h2>\n<ul>\n<li><strong>Dimensions :<\/strong> 280 cm x 60 cm x 2 cm<\/li>\n<li><strong>Mat\u00e9riau :<\/strong>\n<ul>\n<li>Sous-couche : feutre recycl\u00e9 de haute qualit\u00e9<\/li>\n<li>Lamelles : MDF<\/li>\n<li>Couche sup\u00e9rieure : placage 100% ch\u00eane<\/li>\n<\/ul>\n<\/li>\n<\/ul>\n<h2 style=\"font-size: 20px\"><strong>Assemblage facile et flexibilit\u00e9<\/strong><\/h2>\n<p>  Les panneaux AKU peuvent \u00eatre facilement fix\u00e9s \u00e0 l&rsquo;aide de colle ou de vis.<br \/>\nPour la personnalisation, les panneaux peuvent \u00eatre facilement coup\u00e9s sur mesure, ce qui leur permet de s&rsquo;adapter parfaitement \u00e0 n&rsquo;importe quelle pi\u00e8ce.<br \/>\nEn outre, ils sont suffisamment flexibles pour \u00eatre utilis\u00e9s dans diff\u00e9rents styles et applications d&rsquo;int\u00e9rieur.<br \/>\nOptez pour la qualit\u00e9 sup\u00e9rieure et l&rsquo;aspect authentique des panneaux AKU Aydodeco.<br \/>\nD\u00e9couvrez la diff\u00e9rence dans votre int\u00e9rieur avec nos panneaux acoustiques et profitez \u00e0 la fois de l&rsquo;esth\u00e9tique et de la fonctionnalit\u00e9.    <\/p>\n","protected":false},"excerpt":{"rendered":"<p>60x280x2cm<\/p>\n","protected":false},"featured_media":130875,"comment_status":"open","ping_status":"closed","template":"","meta":{"site-sidebar-layout":"default","site-content-layout":"","ast-site-content-layout":"default","site-content-style":"default","site-sidebar-style":"default","ast-global-header-display":"","ast-banner-title-visibility":"","ast-main-header-display":"","ast-hfb-above-header-display":"","ast-hfb-below-header-display":"","ast-hfb-mobile-header-display":"","site-post-title":"","ast-breadcrumbs-content":"","ast-featured-img":"","footer-sml-layout":"","ast-disable-related-posts":"","theme-transparent-header-meta":"default","adv-header-id-meta":"","stick-header-meta":"default","header-above-stick-meta":"","header-main-stick-meta":"","header-below-stick-meta":"","astra-migrate-meta-layouts":"default","ast-page-background-enabled":"default","ast-page-background-meta":{"desktop":{"background-color":"var(--ast-global-color-4)","background-image":"","background-repeat":"repeat","background-position":"center center","background-size":"auto","background-attachment":"scroll","background-type":"","background-media":"","overlay-type":"","overlay-color":"","overlay-opacity":"","overlay-gradient":""},"tablet":{"background-color":"","background-image":"","background-repeat":"repeat","background-position":"center center","background-size":"auto","background-attachment":"scroll","background-type":"","background-media":"","overlay-type":"","overlay-color":"","overlay-opacity":"","overlay-gradient":""},"mobile":{"background-color":"","background-image":"","background-repeat":"repeat","background-position":"center center","background-size":"auto","background-attachment":"scroll","background-type":"","background-media":"","overlay-type":"","overlay-color":"","overlay-opacity":"","overlay-gradient":""}},"ast-content-background-meta":{"desktop":{"background-color":"var(--ast-global-color-5)","background-image":"","background-repeat":"repeat","background-position":"center center","background-size":"auto","background-attachment":"scroll","background-type":"","background-media":"","overlay-type":"","overlay-color":"","overlay-opacity":"","overlay-gradient":""},"tablet":{"background-color":"var(--ast-global-color-5)","background-image":"","background-repeat":"repeat","background-position":"center center","background-size":"auto","background-attachment":"scroll","background-type":"","background-media":"","overlay-type":"","overlay-color":"","overlay-opacity":"","overlay-gradient":""},"mobile":{"background-color":"var(--ast-global-color-5)","background-image":"","background-repeat":"repeat","background-position":"center center","background-size":"auto","background-attachment":"scroll","background-type":"","background-media":"","overlay-type":"","overlay-color":"","overlay-opacity":"","overlay-gradient":""}}},"product_brand":[],"product_cat":[266,387,355],"product_tag":[357],"class_list":{"0":"post-149726","1":"product","2":"type-product","3":"status-publish","4":"has-post-thumbnail","6":"product_cat-panels-muraux-acoustiques","7":"product_cat-panneaux-acoustiques-bois-feutre-280x60cm","8":"product_cat-panneaux-de-feutre-acoustique","9":"product_tag-korting10-20akuxl-fr-1","10":"product_shipping_class-panneaux-xl","11":"desktop-align-left","12":"tablet-align-left","13":"mobile-align-left","14":"ast-product-gallery-layout-vertical-slider","15":"ast-product-tabs-layout-vertical","16":"ast-qv-on-image","18":"first","19":"outofstock","20":"sale","21":"taxable","22":"shipping-taxable","23":"purchasable","24":"product-type-simple"},"_links":{"self":[{"href":"https:\/\/aydodeco.nl\/fr\/wp-json\/wp\/v2\/product\/149726","targetHints":{"allow":["GET"]}}],"collection":[{"href":"https:\/\/aydodeco.nl\/fr\/wp-json\/wp\/v2\/product"}],"about":[{"href":"https:\/\/aydodeco.nl\/fr\/wp-json\/wp\/v2\/types\/product"}],"replies":[{"embeddable":true,"href":"https:\/\/aydodeco.nl\/fr\/wp-json\/wp\/v2\/comments?post=149726"}],"version-history":[{"count":0,"href":"https:\/\/aydodeco.nl\/fr\/wp-json\/wp\/v2\/product\/149726\/revisions"}],"wp:featuredmedia":[{"embeddable":true,"href":"https:\/\/aydodeco.nl\/fr\/wp-json\/wp\/v2\/media\/130875"}],"wp:attachment":[{"href":"https:\/\/aydodeco.nl\/fr\/wp-json\/wp\/v2\/media?parent=149726"}],"wp:term":[{"taxonomy":"product_brand","embeddable":true,"href":"https:\/\/aydodeco.nl\/fr\/wp-json\/wp\/v2\/product_brand?post=149726"},{"taxonomy":"product_cat","embeddable":true,"href":"https:\/\/aydodeco.nl\/fr\/wp-json\/wp\/v2\/product_cat?post=149726"},{"taxonomy":"product_tag","embeddable":true,"href":"https:\/\/aydodeco.nl\/fr\/wp-json\/wp\/v2\/product_tag?post=149726"}],"curies":[{"name":"wp","href":"https:\/\/api.w.org\/{rel}","templated":true}]}}