{"id":149664,"date":"2024-08-27T16:08:12","date_gmt":"2024-08-27T14:08:12","guid":{"rendered":"https:\/\/aydodeco.nl\/bande-de-mosaique-autocollante-en-pierre-visschub-black-steel\/"},"modified":"2025-11-25T10:56:33","modified_gmt":"2025-11-25T09:56:33","slug":"bande-de-mosaique-autocollante-en-pierre-visschub-black-steel","status":"publish","type":"product","link":"https:\/\/aydodeco.nl\/fr\/bande-de-mosaique-autocollante-en-pierre-visschub-black-steel\/","title":{"rendered":"Visschub Black Steel &#8211; Mosa\u00efque murale autocollante"},"content":{"rendered":"<h2>Visschub Black Steel<\/h2>\n<p>Carreau Visschub en acier noir en aluminium ! Id\u00e9al pour \u00eatre pos\u00e9 directement sur des carreaux existants. Les bandes de pierre autocollantes sont \u00e0 la mode ! Indiscernables des vraies tuiles, elles sont tr\u00e8s faciles \u00e0 fixer et \u00e0 d\u00e9couper.  Les bandes de mosa\u00efque de pierre autocollantes d&rsquo;Aydo Deco sont uniques et conviennent \u00e0 tous les espaces int\u00e9rieurs (\u00e0 l&rsquo;exception de la salle d&rsquo;eau). Une couche d&rsquo;autocollants 3M tr\u00e8s r\u00e9sistants se trouve au dos, ce qui rend inutile l&rsquo;utilisation de colle ou d&rsquo;autres mat\u00e9riaux de fixation !<\/p>\n<p><strong>Principales caract\u00e9ristiques<\/strong><\/p>\n<ul style=\"list-style-type: circle\">\n<li>Garantie de 2 ans<\/li>\n<li>couche sup\u00e9rieure d&rsquo;aluminium<\/li>\n<li>autocollant (sous-couche autocollante r\u00e9sistante de 3 m)<\/li>\n<li>r\u00e9sistant aux rayures, \u00e0 la lumi\u00e8re et aux chocs<\/li>\n<li><strong>Dimensions Longueur 267mm x Largeur 267mm x Epaisseur 4mm<\/strong><\/li>\n<li>les prix sont indiqu\u00e9s individuellement<\/li>\n<li>auto-assemblage facile<\/li>\n<li>couper \u00e0 la taille voulue \u00e0 l&rsquo;aide d&rsquo;un couteau Stanley (couper \u00e0 l&rsquo;aide d&rsquo;une r\u00e8gle et casser \u00e0 l&rsquo;aide d&rsquo;une pince)<\/li>\n<li>convient \u00e0 tous les espaces int\u00e9rieurs (sauf sous la cabine de douche)<\/li>\n<li>convient pour l&rsquo;arri\u00e8re de la table de cuisson<strong>(remarque : pour les feux \u00e9lev\u00e9s, retirez la casserole \u00e0 au moins 15 cm du mur)<\/strong><\/li>\n<li>Pour les murs plus grossiers ou poreux, nous recommandons d&rsquo;utiliser un adh\u00e9sif de montage suppl\u00e9mentaire.<\/li>\n<li>facile \u00e0 enlever \u00e0 l&rsquo;aide d&rsquo;un s\u00e8che-cheveux et d&rsquo;un couteau \u00e0 d\u00e9caper<\/li>\n<li>peut \u00eatre utilis\u00e9 directement sur le papier peint et le carrelage<\/li>\n<li>ne convient pas aux foyers dont la temp\u00e9rature d\u00e9passe 80 degr\u00e9s Celsius.<\/li>\n<\/ul>\n<p><strong>Propri\u00e9t\u00e9s du mat\u00e9riau :<\/strong><\/p>\n<ul>\n<li>Sous-couche : polyester renforc\u00e9 de fibres de verre (support en fibres)<\/li>\n<li>Couche sup\u00e9rieure : Aluminium<\/li>\n<\/ul>\n<p><a href=\"https:\/\/aydodeco.nl\/fr\/bandes-de-pierre\/\"><strong>Pour en savoir plus sur nos bandes de pierre, cliquez ici<\/strong><\/a><\/p>\n","protected":false},"excerpt":{"rendered":"<p>26.7\u00d726.7\u00d70.4cm<\/p>\n","protected":false},"featured_media":144167,"comment_status":"open","ping_status":"closed","template":"","meta":{"site-sidebar-layout":"default","site-content-layout":"","ast-site-content-layout":"default","site-content-style":"default","site-sidebar-style":"default","ast-global-header-display":"","ast-banner-title-visibility":"","ast-main-header-display":"","ast-hfb-above-header-display":"","ast-hfb-below-header-display":"","ast-hfb-mobile-header-display":"","site-post-title":"","ast-breadcrumbs-content":"","ast-featured-img":"","footer-sml-layout":"","ast-disable-related-posts":"","theme-transparent-header-meta":"default","adv-header-id-meta":"","stick-header-meta":"default","header-above-stick-meta":"","header-main-stick-meta":"","header-below-stick-meta":"","astra-migrate-meta-layouts":"default","ast-page-background-enabled":"default","ast-page-background-meta":{"desktop":{"background-color":"var(--ast-global-color-4)","background-image":"","background-repeat":"repeat","background-position":"center center","background-size":"auto","background-attachment":"scroll","background-type":"","background-media":"","overlay-type":"","overlay-color":"","overlay-opacity":"","overlay-gradient":""},"tablet":{"background-color":"","background-image":"","background-repeat":"repeat","background-position":"center center","background-size":"auto","background-attachment":"scroll","background-type":"","background-media":"","overlay-type":"","overlay-color":"","overlay-opacity":"","overlay-gradient":""},"mobile":{"background-color":"","background-image":"","background-repeat":"repeat","background-position":"center center","background-size":"auto","background-attachment":"scroll","background-type":"","background-media":"","overlay-type":"","overlay-color":"","overlay-opacity":"","overlay-gradient":""}},"ast-content-background-meta":{"desktop":{"background-color":"var(--ast-global-color-5)","background-image":"","background-repeat":"repeat","background-position":"center center","background-size":"auto","background-attachment":"scroll","background-type":"","background-media":"","overlay-type":"","overlay-color":"","overlay-opacity":"","overlay-gradient":""},"tablet":{"background-color":"var(--ast-global-color-5)","background-image":"","background-repeat":"repeat","background-position":"center center","background-size":"auto","background-attachment":"scroll","background-type":"","background-media":"","overlay-type":"","overlay-color":"","overlay-opacity":"","overlay-gradient":""},"mobile":{"background-color":"var(--ast-global-color-5)","background-image":"","background-repeat":"repeat","background-position":"center center","background-size":"auto","background-attachment":"scroll","background-type":"","background-media":"","overlay-type":"","overlay-color":"","overlay-opacity":"","overlay-gradient":""}}},"product_brand":[],"product_cat":[408,407,420],"product_tag":[409,410,517,778],"class_list":{"0":"post-149664","1":"product","2":"type-product","3":"status-publish","4":"has-post-thumbnail","6":"product_cat-bandes-de-pierre-autocollantes","7":"product_cat-bandes-de-pierre-mosaique","8":"product_cat-offres","9":"product_tag-autocollant","10":"product_tag-korting50-100zelfklevende-fr-1","11":"product_tag-nouveau","12":"product_tag-vendredi-noir","13":"product_shipping_class-zelfmozaiek-30-fr","14":"pa_steenstrips-geschikt-voor-derriere-la-cuisiniere-a-gaz","15":"desktop-align-left","16":"tablet-align-left","17":"mobile-align-left","18":"ast-product-gallery-layout-vertical-slider","19":"ast-product-tabs-layout-vertical","20":"ast-qv-on-image","22":"first","23":"instock","24":"sale","25":"taxable","26":"shipping-taxable","27":"purchasable","28":"product-type-simple"},"_links":{"self":[{"href":"https:\/\/aydodeco.nl\/fr\/wp-json\/wp\/v2\/product\/149664","targetHints":{"allow":["GET"]}}],"collection":[{"href":"https:\/\/aydodeco.nl\/fr\/wp-json\/wp\/v2\/product"}],"about":[{"href":"https:\/\/aydodeco.nl\/fr\/wp-json\/wp\/v2\/types\/product"}],"replies":[{"embeddable":true,"href":"https:\/\/aydodeco.nl\/fr\/wp-json\/wp\/v2\/comments?post=149664"}],"version-history":[{"count":0,"href":"https:\/\/aydodeco.nl\/fr\/wp-json\/wp\/v2\/product\/149664\/revisions"}],"wp:featuredmedia":[{"embeddable":true,"href":"https:\/\/aydodeco.nl\/fr\/wp-json\/wp\/v2\/media\/144167"}],"wp:attachment":[{"href":"https:\/\/aydodeco.nl\/fr\/wp-json\/wp\/v2\/media?parent=149664"}],"wp:term":[{"taxonomy":"product_brand","embeddable":true,"href":"https:\/\/aydodeco.nl\/fr\/wp-json\/wp\/v2\/product_brand?post=149664"},{"taxonomy":"product_cat","embeddable":true,"href":"https:\/\/aydodeco.nl\/fr\/wp-json\/wp\/v2\/product_cat?post=149664"},{"taxonomy":"product_tag","embeddable":true,"href":"https:\/\/aydodeco.nl\/fr\/wp-json\/wp\/v2\/product_tag?post=149664"}],"curies":[{"name":"wp","href":"https:\/\/api.w.org\/{rel}","templated":true}]}}