{"id":149497,"date":"2024-09-19T16:58:27","date_gmt":"2024-09-19T14:58:27","guid":{"rendered":"https:\/\/aydodeco.nl\/vintage-textura-brick-strips-3d-wall-panel\/"},"modified":"2025-10-23T12:19:03","modified_gmt":"2025-10-23T10:19:03","slug":"vintage-textura-brick-strips-3d-wall-panel","status":"publish","type":"product","link":"https:\/\/aydodeco.nl\/fr\/vintage-textura-brick-strips-3d-wall-panel\/","title":{"rendered":"Vintage Textura &#8211; Panneau mural 3D"},"content":{"rendered":"<h1 style=\"font-size: 32px;font-weight: bold;margin-bottom: 0.5em\">Vintage Textura &#8211; Brick Strips 3D Wall Panel<\/h1>\n<p style=\"font-size: 16px;line-height: 1.5;margin-bottom: 1em\">L\u00e9ger mais tr\u00e8s puissant ! Ces panneaux muraux 3D Vintage Textura Brick Strips ont l&rsquo;effet de mur de briques le plus r\u00e9aliste du march\u00e9 et sont fabriqu\u00e9s en polyur\u00e9thane compact\u00e9. Chaque panneau est fini individuellement \u00e0 la main pour un aspect unique. Ces panneaux muraux 3D Brick Strips sont id\u00e9aux pour d\u00e9corer n&rsquo;importe quelle pi\u00e8ce ou l&rsquo;ext\u00e9rieur de votre maison. Ils sont durables, isolants et imperm\u00e9ables, ce qui les rend parfaits pour une utilisation dans divers endroits tels que la salle de bain, le salon, la chambre \u00e0 coucher, la cuisine et m\u00eame l&rsquo;ext\u00e9rieur de votre maison.    <\/p>\n<h3 style=\"font-size: 20px;font-weight: bold;margin-bottom: 0.5em\">Principales caract\u00e9ristiques<\/h3>\n<ul style=\"font-size: 16px;line-height: 1.5;margin-bottom: 1em\">\n<li>Garantie du fabricant de <b>10 ans.<\/b> <\/li>\n<li><b>Sans soudure :<\/b> les soudures peuvent \u00eatre remplies de <a href=\"https:\/\/aydodeco.nl\/voegkit-piedra-panel-acrylaat-met-korrelstructuur\/\"><strong>joint d&rsquo;\u00e9tanch\u00e9it\u00e9<\/strong><\/a>.<\/li>\n<li><b>Dimensions :<\/b> 116 cm x 59 cm, \u00e9paisseur d&rsquo;environ 2 cm.<\/li>\n<li><b>Poids :<\/b> Environ 2,5 kg par panneau mural.<\/li>\n<li><b>Fabriqu\u00e9 \u00e0 la main :<\/b> Aucun panneau mural Vintage Textura n&rsquo;est identique. Chaque panneau est unique. <\/li>\n<li><b>Collage :<\/b><b> <a href=\"https:\/\/aydodeco.nl\/montagekit-binnen-gebruik\/\">Kit d&rsquo;assemblage <\/a><\/b>1 tube de mastic pour 2 panneaux.<\/li>\n<li><b>Jointoiement : <a href=\"https:\/\/aydodeco.nl\/voegkit-piedra-panel-acrylaat-met-korrelstructuur\/\">Kit de jointoiement<\/a><\/b> 1 tube de mastic pour 3m\u00b2.<\/li>\n<li><b>Prix :<\/b> Par pi\u00e8ce\/panneau. Pas par m\u00b2. <\/li>\n<li><b>L\u00e9ger et facile \u00e0 d\u00e9couper :<\/b> A l&rsquo;aide d&rsquo;une scie \u00e9go\u00efne ou d&rsquo;un <a href=\"https:\/\/aydodeco.nl\/stanleymes\/\"><strong>couteau stanley<\/strong><\/a>.<\/li>\n<li><b>Facile \u00e0 monter :<\/b> \u00e0 l&rsquo;aide d&rsquo;un <strong><a href=\"https:\/\/aydodeco.nl\/montagekit-binnen-gebruik\/\">kit de montage sans acide<\/a><\/strong> ou de vis.<\/li>\n<li><b>Durable :<\/b> r\u00e9sistant aux rayures, aux chocs et \u00e0 l&rsquo;abrasion pour une longue dur\u00e9e de vie.<\/li>\n<li><b>Utilisation polyvalente :<\/b> partout \u00e0 l&rsquo;int\u00e9rieur et \u00e0 l&rsquo;ext\u00e9rieur de la maison.<\/li>\n<li><b>Utilisation en ext\u00e9rieur :<\/b> Pour les murs ext\u00e9rieurs, les fa\u00e7ades, etc., nous vous recommandons notre <strong><a href=\"https:\/\/aydodeco.nl\/gevelimpregnatie-5l\/\">impr\u00e9gnation de fa\u00e7ade EPS<\/a><\/strong>.<\/li>\n<li><b>Isolation :<\/b> Effet b\u00e9n\u00e9fique sur l&rsquo;isolation.<\/li>\n<li>Un <b>vrai relief :<\/b> pas de surface plane comme le papier peint.<\/li>\n<li><b>Peinture incluse :<\/b> pour un aspect 100% sans couture apr\u00e8s avoir peint les coutures.<\/li>\n<\/ul>\n<h3 style=\"font-size: 20px;font-weight: bold;margin-bottom: 0.5em\">Propri\u00e9t\u00e9s des mat\u00e9riaux<\/h3>\n<ul style=\"font-size: 16px;line-height: 1.5;margin-bottom: 1em\">\n<li><b>Valeur d&rsquo;isolation thermique :<\/b> \u00b1 RD 1,3<\/li>\n<li><b>Sous-couche :<\/b> Polyur\u00e9thane (HD)<\/li>\n<li><b>Recyclable<\/b><\/li>\n<\/ul>\n","protected":false},"excerpt":{"rendered":"<p>116x59x2cm<\/p>\n","protected":false},"featured_media":188315,"comment_status":"open","ping_status":"closed","template":"","meta":{"site-sidebar-layout":"default","site-content-layout":"","ast-site-content-layout":"default","site-content-style":"default","site-sidebar-style":"default","ast-global-header-display":"","ast-banner-title-visibility":"","ast-main-header-display":"","ast-hfb-above-header-display":"","ast-hfb-below-header-display":"","ast-hfb-mobile-header-display":"","site-post-title":"","ast-breadcrumbs-content":"","ast-featured-img":"","footer-sml-layout":"","ast-disable-related-posts":"","theme-transparent-header-meta":"default","adv-header-id-meta":"","stick-header-meta":"default","header-above-stick-meta":"","header-main-stick-meta":"","header-below-stick-meta":"","astra-migrate-meta-layouts":"default","ast-page-background-enabled":"default","ast-page-background-meta":{"desktop":{"background-color":"var(--ast-global-color-4)","background-image":"","background-repeat":"repeat","background-position":"center center","background-size":"auto","background-attachment":"scroll","background-type":"","background-media":"","overlay-type":"","overlay-color":"","overlay-opacity":"","overlay-gradient":""},"tablet":{"background-color":"","background-image":"","background-repeat":"repeat","background-position":"center center","background-size":"auto","background-attachment":"scroll","background-type":"","background-media":"","overlay-type":"","overlay-color":"","overlay-opacity":"","overlay-gradient":""},"mobile":{"background-color":"","background-image":"","background-repeat":"repeat","background-position":"center center","background-size":"auto","background-attachment":"scroll","background-type":"","background-media":"","overlay-type":"","overlay-color":"","overlay-opacity":"","overlay-gradient":""}},"ast-content-background-meta":{"desktop":{"background-color":"var(--ast-global-color-5)","background-image":"","background-repeat":"repeat","background-position":"center center","background-size":"auto","background-attachment":"scroll","background-type":"","background-media":"","overlay-type":"","overlay-color":"","overlay-opacity":"","overlay-gradient":""},"tablet":{"background-color":"var(--ast-global-color-5)","background-image":"","background-repeat":"repeat","background-position":"center center","background-size":"auto","background-attachment":"scroll","background-type":"","background-media":"","overlay-type":"","overlay-color":"","overlay-opacity":"","overlay-gradient":""},"mobile":{"background-color":"var(--ast-global-color-5)","background-image":"","background-repeat":"repeat","background-position":"center center","background-size":"auto","background-attachment":"scroll","background-type":"","background-media":"","overlay-type":"","overlay-color":"","overlay-opacity":"","overlay-gradient":""}}},"product_brand":[],"product_cat":[368,537,369],"product_tag":[371,372,517],"class_list":{"0":"post-149497","1":"product","2":"type-product","3":"status-publish","4":"has-post-thumbnail","6":"product_cat-panneaux-muraux-3d","7":"product_cat-panneaux-muraux-elite-pu-xl","8":"product_cat-panneaux-muraux-piedra","9":"product_tag-bandes-de-pierre-a-lexterieur","10":"product_tag-korting25-50eps-fr-1","11":"product_tag-nouveau","12":"product_shipping_class-elitepu-5-fr","13":"pa_steenstrips-geschikt-voor-derriere-la-cuisiniere-a-gaz","14":"pa_steenstrips-geschikt-voor-exterieur-resistant-aux-intemperies","15":"desktop-align-left","16":"tablet-align-left","17":"mobile-align-left","18":"ast-product-gallery-layout-vertical-slider","19":"ast-product-tabs-layout-vertical","20":"ast-qv-on-image","22":"first","23":"outofstock","24":"sale","25":"taxable","26":"shipping-taxable","27":"purchasable","28":"product-type-simple"},"_links":{"self":[{"href":"https:\/\/aydodeco.nl\/fr\/wp-json\/wp\/v2\/product\/149497","targetHints":{"allow":["GET"]}}],"collection":[{"href":"https:\/\/aydodeco.nl\/fr\/wp-json\/wp\/v2\/product"}],"about":[{"href":"https:\/\/aydodeco.nl\/fr\/wp-json\/wp\/v2\/types\/product"}],"replies":[{"embeddable":true,"href":"https:\/\/aydodeco.nl\/fr\/wp-json\/wp\/v2\/comments?post=149497"}],"version-history":[{"count":0,"href":"https:\/\/aydodeco.nl\/fr\/wp-json\/wp\/v2\/product\/149497\/revisions"}],"wp:featuredmedia":[{"embeddable":true,"href":"https:\/\/aydodeco.nl\/fr\/wp-json\/wp\/v2\/media\/188315"}],"wp:attachment":[{"href":"https:\/\/aydodeco.nl\/fr\/wp-json\/wp\/v2\/media?parent=149497"}],"wp:term":[{"taxonomy":"product_brand","embeddable":true,"href":"https:\/\/aydodeco.nl\/fr\/wp-json\/wp\/v2\/product_brand?post=149497"},{"taxonomy":"product_cat","embeddable":true,"href":"https:\/\/aydodeco.nl\/fr\/wp-json\/wp\/v2\/product_cat?post=149497"},{"taxonomy":"product_tag","embeddable":true,"href":"https:\/\/aydodeco.nl\/fr\/wp-json\/wp\/v2\/product_tag?post=149497"}],"curies":[{"name":"wp","href":"https:\/\/api.w.org\/{rel}","templated":true}]}}