{"id":143986,"date":"2022-05-18T16:36:19","date_gmt":"2022-05-18T14:36:19","guid":{"rendered":"https:\/\/aydodeco.nl\/panneaux-muraux-en-marbre\/"},"modified":"2024-08-27T10:02:39","modified_gmt":"2024-08-27T08:02:39","slug":"panneaux-muraux-en-marbre","status":"publish","type":"page","link":"https:\/\/aydodeco.nl\/fr\/panneaux-muraux-en-marbre\/","title":{"rendered":"Panneaux muraux en marbre"},"content":{"rendered":"\t\t<div data-elementor-type=\"wp-page\" data-elementor-id=\"143986\" class=\"elementor elementor-143986 elementor-42603\" data-elementor-post-type=\"page\">\n\t\t\t\t\t\t<section class=\"elementor-section elementor-top-section elementor-element elementor-element-7546bbc elementor-section-boxed elementor-section-height-default elementor-section-height-default\" data-id=\"7546bbc\" data-element_type=\"section\" data-e-type=\"section\">\n\t\t\t\t\t\t<div class=\"elementor-container elementor-column-gap-default\">\n\t\t\t\t\t<div class=\"elementor-column elementor-col-33 elementor-top-column elementor-element elementor-element-5e630c9\" data-id=\"5e630c9\" data-element_type=\"column\" data-e-type=\"column\">\n\t\t\t<div class=\"elementor-widget-wrap elementor-element-populated\">\n\t\t\t\t\t\t<div class=\"elementor-element elementor-element-cad28ef elementor-widget elementor-widget-image\" data-id=\"cad28ef\" data-element_type=\"widget\" data-e-type=\"widget\" data-widget_type=\"image.default\">\n\t\t\t\t<div class=\"elementor-widget-container\">\n\t\t\t\t\t\t\t\t\t\t\t\t\t\t\t<img fetchpriority=\"high\" decoding=\"async\" width=\"476\" height=\"474\" src=\"https:\/\/aydodeco.nl\/wp-content\/uploads\/2024\/02\/BDD9D805-BD0A-46B8-8843-ACB18FB5FDC5.jpeg\" class=\"attachment-large size-large wp-image-127334\" alt=\"\" srcset=\"https:\/\/aydodeco.nl\/wp-content\/uploads\/2024\/02\/BDD9D805-BD0A-46B8-8843-ACB18FB5FDC5.jpeg 476w, https:\/\/aydodeco.nl\/wp-content\/uploads\/2024\/02\/BDD9D805-BD0A-46B8-8843-ACB18FB5FDC5-100x100.jpeg 100w, https:\/\/aydodeco.nl\/wp-content\/uploads\/2024\/02\/BDD9D805-BD0A-46B8-8843-ACB18FB5FDC5-300x300.jpeg 300w, https:\/\/aydodeco.nl\/wp-content\/uploads\/2024\/02\/BDD9D805-BD0A-46B8-8843-ACB18FB5FDC5-150x150.jpeg 150w, https:\/\/aydodeco.nl\/wp-content\/uploads\/2024\/02\/BDD9D805-BD0A-46B8-8843-ACB18FB5FDC5-55x55.jpeg 55w\" sizes=\"(max-width: 476px) 100vw, 476px\" title=\"\">\t\t\t\t\t\t\t\t\t\t\t\t\t\t\t<\/div>\n\t\t\t\t<\/div>\n\t\t\t\t\t<\/div>\n\t\t<\/div>\n\t\t\t\t<div class=\"elementor-column elementor-col-66 elementor-top-column elementor-element elementor-element-28a9ec0\" data-id=\"28a9ec0\" data-element_type=\"column\" data-e-type=\"column\">\n\t\t\t<div class=\"elementor-widget-wrap elementor-element-populated\">\n\t\t\t\t\t\t<div class=\"elementor-element elementor-element-8a53634 elementor-widget elementor-widget-text-editor\" data-id=\"8a53634\" data-element_type=\"widget\" data-e-type=\"widget\" data-widget_type=\"text-editor.default\">\n\t\t\t\t<div class=\"elementor-widget-container\">\n\t\t\t\t\t\t\t\t\t<h1><strong><span style=\"color: #bb9454;\">Panneaux muraux en marbre<\/span>&nbsp;<\/strong><\/h1>\n<p>Vous recherchez un aspect luxueux gr\u00e2ce au marbre ?\nNous vous proposons de magnifiques panneaux muraux en marbre pour les salles de bains, les cuisines et tous les autres espaces int\u00e9rieurs.\n<br><br>Les panneaux muraux en marbre mesurent 260 cm x 122 cm et ne font que 3 mm d&rsquo;\u00e9paisseur. La meilleure chose \u00e0 propos de ce produit est que les panneaux en marbre se posent directement sur les carreaux existants et vous n&rsquo;avez pas besoin d&rsquo;outils sp\u00e9ciaux pour cela. Les panneaux muraux en marbre sont utilis\u00e9s partout.\nVous pouvez les utiliser dans le salon, les murs de la cuisine, la salle de bain, les toilettes et bien plus encore.   <\/p>\n<h2><strong>Panneaux muraux en PVC Marbre<\/strong><\/h2>\n<p>Les panneaux muraux d&rsquo;aspect marbr\u00e9 sont aussi parfois appel\u00e9s panneaux muraux en PVC.\nIls sont appel\u00e9s ainsi parce qu&rsquo;ils sont fabriqu\u00e9s en PVC.\nLes panneaux sont donc flexibles et 100 % imperm\u00e9ables.\nTout comme le v\u00e9ritable marbre, ces panneaux muraux en PVC ont un bel aspect brillant.\nChic, beau et tr\u00e8s abordable.    <\/p>\n<h2><strong>Dalles de marbre en plastique<\/strong><\/h2>\n<p>Les plaques de marbre en plastique offrent de nombreux avantages.\nElles sont \u00e9galement compar\u00e9es au v\u00e9ritable marbre naturel.\nLe v\u00e9ritable marbre jaunit avec le temps et est sujet aux taches.\nLe marbre naturel n\u00e9cessite donc beaucoup d&rsquo;entretien et de nettoyage.\nNos plaques synth\u00e9tiques \u00e0 l&rsquo;aspect marbr\u00e9 ont une tr\u00e8s longue dur\u00e9e de vie, ne jaunissent pas, ne retiennent pas le calcaire et sont tr\u00e8s faciles \u00e0 nettoyer.    <\/p>\t\t\t\t\t\t\t\t<\/div>\n\t\t\t\t<\/div>\n\t\t\t\t\t<\/div>\n\t\t<\/div>\n\t\t\t\t\t<\/div>\n\t\t<\/section>\n\t\t\t\t<section class=\"elementor-section elementor-top-section elementor-element elementor-element-bb3b8a2 elementor-section-boxed elementor-section-height-default elementor-section-height-default\" data-id=\"bb3b8a2\" data-element_type=\"section\" data-e-type=\"section\">\n\t\t\t\t\t\t<div class=\"elementor-container elementor-column-gap-default\">\n\t\t\t\t\t<div class=\"elementor-column elementor-col-100 elementor-top-column elementor-element elementor-element-04ccd94\" data-id=\"04ccd94\" data-element_type=\"column\" data-e-type=\"column\">\n\t\t\t<div class=\"elementor-widget-wrap elementor-element-populated\">\n\t\t\t\t\t\t<div class=\"elementor-element elementor-element-112a2be elementor-widget elementor-widget-spacer\" data-id=\"112a2be\" data-element_type=\"widget\" data-e-type=\"widget\" data-widget_type=\"spacer.default\">\n\t\t\t\t<div class=\"elementor-widget-container\">\n\t\t\t\t\t\t\t<div class=\"elementor-spacer\">\n\t\t\t<div class=\"elementor-spacer-inner\"><\/div>\n\t\t<\/div>\n\t\t\t\t\t\t<\/div>\n\t\t\t\t<\/div>\n\t\t\t\t\t<\/div>\n\t\t<\/div>\n\t\t\t\t\t<\/div>\n\t\t<\/section>\n\t\t\t\t<section class=\"elementor-section elementor-top-section elementor-element elementor-element-b16e6c1 elementor-section-boxed elementor-section-height-default elementor-section-height-default\" data-id=\"b16e6c1\" data-element_type=\"section\" data-e-type=\"section\">\n\t\t\t\t\t\t<div class=\"elementor-container elementor-column-gap-default\">\n\t\t\t\t\t<div class=\"elementor-column elementor-col-66 elementor-top-column elementor-element elementor-element-aded121\" data-id=\"aded121\" data-element_type=\"column\" data-e-type=\"column\">\n\t\t\t<div class=\"elementor-widget-wrap elementor-element-populated\">\n\t\t\t\t\t\t<div class=\"elementor-element elementor-element-83b3222 elementor-widget elementor-widget-text-editor\" data-id=\"83b3222\" data-element_type=\"widget\" data-e-type=\"widget\" data-widget_type=\"text-editor.default\">\n\t\t\t\t<div class=\"elementor-widget-container\">\n\t\t\t\t\t\t\t\t\t<h2><b>Panneaux muraux de salle de bains aspect marbre<\/b><\/h2>\n<p>Le marbre dans la salle de bains donne un aspect incroyablement beau.<br \/>\nVous obtiendrez un v\u00e9ritable effet \u00ab\u00a0WOW\u00a0\u00bb avec les panneaux muraux en marbre.<br \/>\nDe plus, les panneaux de marbre XL sont tr\u00e8s faciles \u00e0 nettoyer, car ils ne retiennent pas le calcaire.<br \/>\nLe brossage des joints de carrelage appartient donc au pass\u00e9.     <br \/>Une salle de bains \u00e0 l&rsquo;aspect marbr\u00e9 est donc d\u00e9sormais abordable et r\u00e9alisable en un jour !  <\/p>\n<h2><strong>Panneaux de douche<\/strong><\/h2>\n<p>Ces panneaux muraux de taille XL peuvent \u00e9galement \u00eatre utilis\u00e9s dans la douche.<br \/>\nVous pouvez les utiliser dans toute la salle de bains ou simplement comme panneau de documentation. <\/p>\n<h2><b>Panneaux muraux Salle de bains<\/b><\/h2>\n<p>Le PVC marbre est \u00e0 la mode.<br \/>\n<br \/>Avec ces panneaux en PVC \u00e0 l&rsquo;aspect marbr\u00e9, la r\u00e9novation d&rsquo;une cuisine, de toilettes ou d&rsquo;une salle de bains n&rsquo;a jamais \u00e9t\u00e9 aussi facile et abordable. Ils se collent directement sur les carreaux existants, sans traitement pr\u00e9alable particulier.<br \/>\nQui n&rsquo;a pas envie d&rsquo;une salle de bains luxueuse ?<br \/>\nLes panneaux muraux en marbre sont disponibles dans de nombreuses couleurs et dimensions.   <\/p>\n<h2><b>Toile de fond de cuisine en marbre<\/b><\/h2>\n<p>Ces panneaux muraux sont \u00e9galement id\u00e9aux pour \u00eatre install\u00e9s comme mur de fond dans la cuisine.<br \/>\nIls peuvent \u00e9galement \u00eatre plac\u00e9s derri\u00e8re une plaque de cuisson au gaz, mais veillez \u00e0 ce que la casserole \u00e0 haute temp\u00e9rature ne soit pas trop proche de la plaque.<br \/>\nAvec ces plaques de marbre, vous pouvez avoir un nouveau mur arri\u00e8re et un look tr\u00e8s luxueux en un rien de temps.<br \/>\nEt le nettoyage devient encore plus facile !<br \/>\nLes plaques ne retiennent pas les taches !    <\/p>\n<p><a href=\"https:\/\/www.facebook.com\/AYDO-DECO-I-3D-Wandpanelen-I-Benelux-492779331092882\/\" rel=\"noopener\"><b>D\u00e9couvrez nos photos d&rsquo;inspiration sur nos canaux de m\u00e9dias sociaux.  <\/b><\/a><\/p>\n\t\t\t\t\t\t\t\t<\/div>\n\t\t\t\t<\/div>\n\t\t\t\t\t<\/div>\n\t\t<\/div>\n\t\t\t\t<div class=\"elementor-column elementor-col-33 elementor-top-column elementor-element elementor-element-8d976d2\" data-id=\"8d976d2\" data-element_type=\"column\" data-e-type=\"column\">\n\t\t\t<div class=\"elementor-widget-wrap elementor-element-populated\">\n\t\t\t\t\t\t<div class=\"elementor-element elementor-element-2620ff7 elementor-widget elementor-widget-image\" data-id=\"2620ff7\" data-element_type=\"widget\" data-e-type=\"widget\" data-widget_type=\"image.default\">\n\t\t\t\t<div class=\"elementor-widget-container\">\n\t\t\t\t\t\t\t\t\t\t\t\t\t\t\t<img decoding=\"async\" width=\"497\" height=\"600\" src=\"https:\/\/aydodeco.nl\/wp-content\/uploads\/2021\/12\/Wandpanelen-Toilet-Marmer.jpg\" class=\"attachment-large size-large wp-image-123874\" alt=\"panneaux muraux de salle de bain aspect marbre\" srcset=\"https:\/\/aydodeco.nl\/wp-content\/uploads\/2021\/12\/Wandpanelen-Toilet-Marmer.jpg 497w, https:\/\/aydodeco.nl\/wp-content\/uploads\/2021\/12\/Wandpanelen-Toilet-Marmer-249x300.jpg 249w\" sizes=\"(max-width: 497px) 100vw, 497px\" title=\"\">\t\t\t\t\t\t\t\t\t\t\t\t\t\t\t<\/div>\n\t\t\t\t<\/div>\n\t\t\t\t\t<\/div>\n\t\t<\/div>\n\t\t\t\t\t<\/div>\n\t\t<\/section>\n\t\t\t\t<section class=\"elementor-section elementor-top-section elementor-element elementor-element-d1874e0 elementor-section-boxed elementor-section-height-default elementor-section-height-default\" data-id=\"d1874e0\" data-element_type=\"section\" data-e-type=\"section\">\n\t\t\t\t\t\t<div class=\"elementor-container elementor-column-gap-default\">\n\t\t\t\t\t<div class=\"elementor-column elementor-col-100 elementor-top-column elementor-element elementor-element-22a8ad0\" data-id=\"22a8ad0\" data-element_type=\"column\" data-e-type=\"column\">\n\t\t\t<div class=\"elementor-widget-wrap elementor-element-populated\">\n\t\t\t\t\t\t<div class=\"elementor-element elementor-element-b5037ee elementor-widget elementor-widget-spacer\" data-id=\"b5037ee\" data-element_type=\"widget\" data-e-type=\"widget\" data-widget_type=\"spacer.default\">\n\t\t\t\t<div class=\"elementor-widget-container\">\n\t\t\t\t\t\t\t<div class=\"elementor-spacer\">\n\t\t\t<div class=\"elementor-spacer-inner\"><\/div>\n\t\t<\/div>\n\t\t\t\t\t\t<\/div>\n\t\t\t\t<\/div>\n\t\t\t\t\t<\/div>\n\t\t<\/div>\n\t\t\t\t\t<\/div>\n\t\t<\/section>\n\t\t\t\t<section class=\"elementor-section elementor-top-section elementor-element elementor-element-8c0a24a elementor-section-boxed elementor-section-height-default elementor-section-height-default\" data-id=\"8c0a24a\" data-element_type=\"section\" data-e-type=\"section\">\n\t\t\t\t\t\t<div class=\"elementor-container elementor-column-gap-default\">\n\t\t\t\t\t<div class=\"elementor-column elementor-col-50 elementor-top-column elementor-element elementor-element-a0998f3\" data-id=\"a0998f3\" data-element_type=\"column\" data-e-type=\"column\">\n\t\t\t<div class=\"elementor-widget-wrap elementor-element-populated\">\n\t\t\t\t\t\t<div class=\"elementor-element elementor-element-0f1e9da elementor-widget elementor-widget-video\" data-id=\"0f1e9da\" data-element_type=\"widget\" data-e-type=\"widget\" data-settings=\"{&quot;youtube_url&quot;:&quot;https:\\\/\\\/www.youtube.com\\\/watch?v=DAqPKRLYURg&quot;,&quot;lazy_load&quot;:&quot;yes&quot;,&quot;video_type&quot;:&quot;youtube&quot;,&quot;controls&quot;:&quot;yes&quot;}\" data-widget_type=\"video.default\">\n\t\t\t\t<div class=\"elementor-widget-container\">\n\t\t\t\t\t\t\t<div class=\"elementor-wrapper elementor-open-inline\">\n\t\t\t<div class=\"elementor-video\"><\/div>\t\t<\/div>\n\t\t\t\t\t\t<\/div>\n\t\t\t\t<\/div>\n\t\t\t\t\t<\/div>\n\t\t<\/div>\n\t\t\t\t<div class=\"elementor-column elementor-col-50 elementor-top-column elementor-element elementor-element-4f6d104\" data-id=\"4f6d104\" data-element_type=\"column\" data-e-type=\"column\">\n\t\t\t<div class=\"elementor-widget-wrap\">\n\t\t\t\t\t\t\t<\/div>\n\t\t<\/div>\n\t\t\t\t\t<\/div>\n\t\t<\/section>\n\t\t\t\t<\/div>\n\t\t","protected":false},"excerpt":{"rendered":"<p>Panneaux muraux en marbre&nbsp; Vous recherchez un aspect luxueux gr\u00e2ce au marbre ? Nous vous proposons de magnifiques panneaux muraux [&hellip;]<\/p>\n","protected":false},"author":2454,"featured_media":0,"parent":0,"menu_order":0,"comment_status":"closed","ping_status":"closed","template":"","meta":{"site-sidebar-layout":"default","site-content-layout":"","ast-site-content-layout":"default","site-content-style":"default","site-sidebar-style":"default","ast-global-header-display":"","ast-banner-title-visibility":"","ast-main-header-display":"","ast-hfb-above-header-display":"","ast-hfb-below-header-display":"","ast-hfb-mobile-header-display":"","site-post-title":"","ast-breadcrumbs-content":"","ast-featured-img":"","footer-sml-layout":"","ast-disable-related-posts":"","theme-transparent-header-meta":"","adv-header-id-meta":"","stick-header-meta":"","header-above-stick-meta":"","header-main-stick-meta":"","header-below-stick-meta":"","astra-migrate-meta-layouts":"default","ast-page-background-enabled":"default","ast-page-background-meta":{"desktop":{"background-color":"var(--ast-global-color-4)","background-image":"","background-repeat":"repeat","background-position":"center center","background-size":"auto","background-attachment":"scroll","background-type":"","background-media":"","overlay-type":"","overlay-color":"","overlay-opacity":"","overlay-gradient":""},"tablet":{"background-color":"","background-image":"","background-repeat":"repeat","background-position":"center center","background-size":"auto","background-attachment":"scroll","background-type":"","background-media":"","overlay-type":"","overlay-color":"","overlay-opacity":"","overlay-gradient":""},"mobile":{"background-color":"","background-image":"","background-repeat":"repeat","background-position":"center center","background-size":"auto","background-attachment":"scroll","background-type":"","background-media":"","overlay-type":"","overlay-color":"","overlay-opacity":"","overlay-gradient":""}},"ast-content-background-meta":{"desktop":{"background-color":"var(--ast-global-color-5)","background-image":"","background-repeat":"repeat","background-position":"center center","background-size":"auto","background-attachment":"scroll","background-type":"","background-media":"","overlay-type":"","overlay-color":"","overlay-opacity":"","overlay-gradient":""},"tablet":{"background-color":"var(--ast-global-color-5)","background-image":"","background-repeat":"repeat","background-position":"center center","background-size":"auto","background-attachment":"scroll","background-type":"","background-media":"","overlay-type":"","overlay-color":"","overlay-opacity":"","overlay-gradient":""},"mobile":{"background-color":"var(--ast-global-color-5)","background-image":"","background-repeat":"repeat","background-position":"center center","background-size":"auto","background-attachment":"scroll","background-type":"","background-media":"","overlay-type":"","overlay-color":"","overlay-opacity":"","overlay-gradient":""}},"footnotes":""},"class_list":["post-143986","page","type-page","status-publish","hentry"],"_links":{"self":[{"href":"https:\/\/aydodeco.nl\/fr\/wp-json\/wp\/v2\/pages\/143986","targetHints":{"allow":["GET"]}}],"collection":[{"href":"https:\/\/aydodeco.nl\/fr\/wp-json\/wp\/v2\/pages"}],"about":[{"href":"https:\/\/aydodeco.nl\/fr\/wp-json\/wp\/v2\/types\/page"}],"author":[{"embeddable":true,"href":"https:\/\/aydodeco.nl\/fr\/wp-json\/wp\/v2\/users\/2454"}],"replies":[{"embeddable":true,"href":"https:\/\/aydodeco.nl\/fr\/wp-json\/wp\/v2\/comments?post=143986"}],"version-history":[{"count":0,"href":"https:\/\/aydodeco.nl\/fr\/wp-json\/wp\/v2\/pages\/143986\/revisions"}],"wp:attachment":[{"href":"https:\/\/aydodeco.nl\/fr\/wp-json\/wp\/v2\/media?parent=143986"}],"curies":[{"name":"wp","href":"https:\/\/api.w.org\/{rel}","templated":true}]}}