{"id":229250,"date":"2026-04-10T13:05:14","date_gmt":"2026-04-10T11:05:14","guid":{"rendered":"https:\/\/aydodeco.nl\/?post_type=product&#038;p=229250"},"modified":"2026-04-10T14:39:39","modified_gmt":"2026-04-10T12:39:39","slug":"3d-wandpaneele-pu-coffee-canyon","status":"publish","type":"product","link":"https:\/\/aydodeco.nl\/de\/3d-wandpaneele-pu-coffee-canyon\/","title":{"rendered":"3D-Wandpaneele PU Coffee Canyon 118 x 59 cm"},"content":{"rendered":"<p>Diese 3D-Wandpaneele haben eine beigefarbene Canyon-Struktur mit Relieftextur und bestehen aus verdichtetem Polyurethan mit einem EPS-Isolierkern. Das Paneel misst 118 x 59 cm, wiegt 2,5 kg und weist einen RD 1,3-D\u00e4mmwert auf. Sie sind wasserdicht und f\u00fcr den Innen- und Au\u00dfenbereich geeignet.<\/p>\n<h2>Verdichtetes Polyurethan mit EPS-Kern und RD 1,3-D\u00e4mmwert<\/h2>\n<p>Die Vorderseite besteht aus verdichtetem Polyurethan (HD) mit einer authentischen 3D-Reliefstruktur. Die R\u00fcckseite besteht aus EPS-Isolierschaum, der zusammen mit der Vorderseite einen RD 1,3-D\u00e4mmwert ergibt. Das Material ist leicht, aber robust und langlebig. Die Platte verf\u00fcgt zudem \u00fcber akustische Eigenschaften und ist mit Wasserlack \u00fcberstreichbar.<\/p>\n<h2>Wasserdichte Montage mit Montagekleber und Fugenmasse<\/h2>\n<p>Sie befestigen diese isolierenden Wandpaneele mit <a href=\"https:\/\/aydodeco.nl\/montagelijm-binnen-buiten\/\">Montagekleber<\/a> auf Fliesen, Holz, Beton oder Spachtelputz \u2013 0,5 Tube pro Paneel. Die Fugen f\u00fcllen Sie mit <a href=\"https:\/\/aydodeco.nl\/voegkit-piedra-panel-acrylaat-met-korrelstructuur\/\">Fugenmasse<\/a> f\u00fcr ein nahtloses Finish (0,25 Tube pro Paneel). Das Zuschneiden erfolgt mit einem <a href=\"https:\/\/aydodeco.nl\/stanleymes\/\">Cuttermesser<\/a> oder einer feinen Hands\u00e4ge. An den Fugen k\u00f6nnen Sie mit <a href=\"https:\/\/aydodeco.nl\/siliconenkit-transparant-grijs\/\">Silikonmasse<\/a> nachbearbeiten.<\/p>\n<h2>Geeignet f\u00fcr Wohnzimmer, Badezimmer und Au\u00dfenanwendungen<\/h2>\n<p>Diese 3D-Wandpaneele eignen sich als <a href=\"https:\/\/aydodeco.nl\/de\/wandpaneele-fuer-das-wohnzimmer-2\/\">Wandverkleidung <\/a>f\u00fcr <a href=\"https:\/\/aydodeco.nl\/de\/wandpaneele-fuer-das-wohnzimmer-2\/\">Wohnzimmer<\/a>, Flur, Eingangsbereich, K\u00fcche und Badezimmer. Als <a href=\"https:\/\/aydodeco.nl\/de\/wandpaneele-fuer-den-aussenbereich\/\">Wandverkleidung im Au\u00dfenbereich<\/a> eignen sie sich gut f\u00fcr Fassaden, Terrassen\u00fcberdachungen und Gartenmauern. F\u00fcr den Au\u00dfenbereich tragen Sie <a href=\"https:\/\/aydodeco.nl\/gevelimpregnatie-5l\/\">eine Fassadenimpr\u00e4gnierung<\/a> auf (0,14 Liter pro Paneel). Das Material eignet sich auch f\u00fcr Gastronomie- und B\u00fcroprojekte.<\/p>\n<h2>Spezifikationen<\/h2>\n<ul>\n<li>Abmessungen: 118 x 59 x 3,5 cm<\/li>\n<li>Material Vorderseite: Verdichtetes Polyurethan (HD)<\/li>\n<li>Material R\u00fcckseite: EPS-Isolierschaum<\/li>\n<li>Farbe: Coffee Canyon (beige Reliefstruktur)<\/li>\n<li>Gewicht: 2,5 kg pro Paneel<\/li>\n<li>W\u00e4rmed\u00e4mmwert: RD 1,3<\/li>\n<li>Wasserdicht: Ja<\/li>\n<li>Akustische Eigenschaften: Ja<\/li>\n<li>\u00dcberstreichbar: Ja, mit Farbe auf Wasserbasis<\/li>\n<li>Garantie: 10 Jahre Herstellergarantie<\/li>\n<li>Montagekleber pro Paneel: 0,5 Tube<\/li>\n<li>Fugenmasse pro Paneel: 0,25 Tube<\/li>\n<li>Impr\u00e4gnierung pro Paneel: 0,14 Liter (au\u00dfen)<\/li>\n<\/ul>\n<p><strong>Bitte beachten Sie:<\/strong> Aufgrund unterschiedlicher Produktionschargen kann es zu Farbunterschieden kommen. Wenn eine Charge ausverkauft ist und wieder aufgef\u00fcllt wird, kann die Farbe von zuvor gelieferten Paneelen abweichen.<\/p>\n","protected":false},"excerpt":{"rendered":"<p>118x59x3,5cm<\/p>\n","protected":false},"featured_media":229258,"comment_status":"open","ping_status":"closed","template":"","meta":{"site-sidebar-layout":"default","site-content-layout":"","ast-site-content-layout":"default","site-content-style":"default","site-sidebar-style":"default","ast-global-header-display":"","ast-banner-title-visibility":"","ast-main-header-display":"","ast-hfb-above-header-display":"","ast-hfb-below-header-display":"","ast-hfb-mobile-header-display":"","site-post-title":"","ast-breadcrumbs-content":"","ast-featured-img":"","footer-sml-layout":"","ast-disable-related-posts":"","theme-transparent-header-meta":"default","adv-header-id-meta":"","stick-header-meta":"default","header-above-stick-meta":"","header-main-stick-meta":"","header-below-stick-meta":"","astra-migrate-meta-layouts":"set","ast-page-background-enabled":"default","ast-page-background-meta":{"desktop":{"background-color":"var(--ast-global-color-4)","background-image":"","background-repeat":"repeat","background-position":"center center","background-size":"auto","background-attachment":"scroll","background-type":"","background-media":"","overlay-type":"","overlay-color":"","overlay-opacity":"","overlay-gradient":""},"tablet":{"background-color":"","background-image":"","background-repeat":"repeat","background-position":"center center","background-size":"auto","background-attachment":"scroll","background-type":"","background-media":"","overlay-type":"","overlay-color":"","overlay-opacity":"","overlay-gradient":""},"mobile":{"background-color":"","background-image":"","background-repeat":"repeat","background-position":"center center","background-size":"auto","background-attachment":"scroll","background-type":"","background-media":"","overlay-type":"","overlay-color":"","overlay-opacity":"","overlay-gradient":""}},"ast-content-background-meta":{"desktop":{"background-color":"var(--ast-global-color-5)","background-image":"","background-repeat":"repeat","background-position":"center center","background-size":"auto","background-attachment":"scroll","background-type":"","background-media":"","overlay-type":"","overlay-color":"","overlay-opacity":"","overlay-gradient":""},"tablet":{"background-color":"var(--ast-global-color-5)","background-image":"","background-repeat":"repeat","background-position":"center center","background-size":"auto","background-attachment":"scroll","background-type":"","background-media":"","overlay-type":"","overlay-color":"","overlay-opacity":"","overlay-gradient":""},"mobile":{"background-color":"var(--ast-global-color-5)","background-image":"","background-repeat":"repeat","background-position":"center center","background-size":"auto","background-attachment":"scroll","background-type":"","background-media":"","overlay-type":"","overlay-color":"","overlay-opacity":"","overlay-gradient":""}}},"product_brand":[],"product_cat":[360,536,361,457],"product_tag":[364,363,726],"class_list":{"0":"post-229250","1":"product","2":"type-product","3":"status-publish","4":"has-post-thumbnail","6":"product_cat-3d-wandpaneele","7":"product_cat-elite-pu-xl-wandpaneele","8":"product_cat-piedra-wandpaneele","9":"product_cat-wandplatten-aus-beton","10":"product_tag-korting25-50eps-de-1","11":"product_tag-steinstreifen-im-freien","12":"product_tag-test-de","13":"product_shipping_class-elitepu-5-de","14":"pa_availability-27november-de","15":"pa_steenstrips-geschikt-voor-27nov-de","16":"pa_steenstrips-geschikt-voor-hinter-dem-gasherd","17":"pa_steenstrips-geschikt-voor-outdoor-wetterfest","18":"desktop-align-left","19":"tablet-align-left","20":"mobile-align-left","21":"ast-product-gallery-layout-vertical-slider","22":"ast-product-tabs-layout-vertical","23":"ast-qv-on-image","25":"first","26":"instock","27":"sale","28":"taxable","29":"shipping-taxable","30":"purchasable","31":"product-type-simple"},"_links":{"self":[{"href":"https:\/\/aydodeco.nl\/de\/wp-json\/wp\/v2\/product\/229250","targetHints":{"allow":["GET"]}}],"collection":[{"href":"https:\/\/aydodeco.nl\/de\/wp-json\/wp\/v2\/product"}],"about":[{"href":"https:\/\/aydodeco.nl\/de\/wp-json\/wp\/v2\/types\/product"}],"replies":[{"embeddable":true,"href":"https:\/\/aydodeco.nl\/de\/wp-json\/wp\/v2\/comments?post=229250"}],"version-history":[{"count":0,"href":"https:\/\/aydodeco.nl\/de\/wp-json\/wp\/v2\/product\/229250\/revisions"}],"wp:featuredmedia":[{"embeddable":true,"href":"https:\/\/aydodeco.nl\/de\/wp-json\/wp\/v2\/media\/229258"}],"wp:attachment":[{"href":"https:\/\/aydodeco.nl\/de\/wp-json\/wp\/v2\/media?parent=229250"}],"wp:term":[{"taxonomy":"product_brand","embeddable":true,"href":"https:\/\/aydodeco.nl\/de\/wp-json\/wp\/v2\/product_brand?post=229250"},{"taxonomy":"product_cat","embeddable":true,"href":"https:\/\/aydodeco.nl\/de\/wp-json\/wp\/v2\/product_cat?post=229250"},{"taxonomy":"product_tag","embeddable":true,"href":"https:\/\/aydodeco.nl\/de\/wp-json\/wp\/v2\/product_tag?post=229250"}],"curies":[{"name":"wp","href":"https:\/\/api.w.org\/{rel}","templated":true}]}}