{"id":228039,"date":"2026-03-27T15:31:30","date_gmt":"2026-03-27T14:31:30","guid":{"rendered":"https:\/\/aydodeco.nl\/?post_type=product&#038;p=228039"},"modified":"2026-04-09T12:28:38","modified_gmt":"2026-04-09T10:28:38","slug":"eiche-flexible-akustikpaneele-mdf-filz-275x100cm-kopie-kopie-kopie","status":"publish","type":"product","link":"https:\/\/aydodeco.nl\/de\/eiche-flexible-akustikpaneele-mdf-filz-275x100cm-kopie-kopie-kopie\/","title":{"rendered":"Eiche &#8211; Flexible Akustikpaneele &#8211; MDF &amp; Filz (275x100cm) (kopie) (kopie) (kopie)"},"content":{"rendered":"<p>Diese akustischen Wandpaneele aus Filz bestehen aus MDF-Lamellen mit einer aschgrauen Oberfl\u00e4che an drei Seiten und einer flexiblen R\u00fcckseite aus recyceltem Filz. Das Paneel ist 275 x 59 cm gro\u00df und 1 cm dick. Dank der flexiblen Konstruktion lassen sie sich auch an gekr\u00fcmmten und schr\u00e4gen W\u00e4nden anbringen.<\/p>\n<h2>3-seitig veredelte MDF-Leisten auf recyceltem Filz f\u00fcr schalld\u00e4mmende W\u00e4nde<\/h2>\n<p>Die MDF-Leisten sind an 3 Seiten in Aschgrau veredelt. Dadurch sind keine unbearbeiteten Kanten zu sehen, auch nicht von der Seite. Die R\u00fcckseite besteht aus dickem, festem Filz aus recycelten PET-Flaschen. Dieser Filz sorgt f\u00fcr Schalld\u00e4mmung und verhindert, dass sich die Latten verziehen. Du kannst diese Akustikpaneele aus Holz mit den passenden Dekorpaneelen kombinieren, um das Lattenmuster abzwechseln.<\/p>\n<h2>Flexible Montage mit Montagekleber auf jedem Untergrund<\/h2>\n<p>Sie befestigen diese Akustikpaneele mit <a href=\"https:\/\/aydodeco.nl\/montagelijm-binnen-buiten\/\">Montagekleber<\/a> oder Schrauben direkt an der Wand. Pro Paneel ben\u00f6tigen Sie 2 bis 3 Tuben. Zum Zuschneiden verwenden Sie eine feinzahnige Hands\u00e4ge oder <a href=\"https:\/\/aydodeco.nl\/stanleymes\/\">ein Cuttermesser<\/a> f\u00fcr den Filz. Ecken s\u00e4gen Sie auf Gehrung, genau wie bei Sockelleisten. F\u00fcr einen sauberen Abschluss verwenden Sie <a href=\"https:\/\/aydodeco.nl\/siliconenkit-transparant-grijs\/\">Silikonkitt<\/a> an den Kanten. Da die Paneele flexibel sind, k\u00f6nnen Sie sie auch um S\u00e4ulen herum und an schr\u00e4gen W\u00e4nden anbringen.<\/p>\n<h2>Geeignet f\u00fcr Wohnzimmer, Schlafzimmer und B\u00fcro<\/h2>\n<p>Diese akustische Wandverkleidung eignet sich als <a href=\"https:\/\/aydodeco.nl\/de\/wandpaneele-fuer-das-wohnzimmer-2\/\">Wandpaneel <\/a>f\u00fcr <a href=\"https:\/\/aydodeco.nl\/de\/wandpaneele-fuer-das-wohnzimmer-2\/\">das Wohnzimmer<\/a>, <a href=\"https:\/\/aydodeco.nl\/de\/wandpaneele-fuer-das-schlafzimmer\/\">das Schlafzimmer<\/a> sowie f\u00fcr den Flur oder den Eingangsbereich. In einem B\u00fcro oder Studio verbessern sie die Schalld\u00e4mmung der W\u00e4nde und d\u00e4mpfen den Nachhall. Auch f\u00fcr Gastronomiebetriebe sind diese schallabsorbierenden Paneele gut geeignet. Die aschgraue Farbe verleiht der Wand ein modernes, neutrales Aussehen.<\/p>\n<h2>Spezifikationen<\/h2>\n<ul>\n<li>Ma\u00dfe: 275 x 59 x 1 cm<\/li>\n<li>Material der Unterlage: Recycelter Filz (PET-Flaschen)<\/li>\n<li>Material der Latten: MDF, 3-seitig veredelt<\/li>\n<li>Oberfl\u00e4che: Aschgrau<\/li>\n<li>Flexibel: Ja, geeignet f\u00fcr gebogene und schr\u00e4ge W\u00e4nde<\/li>\n<li>Montage: Montagekleber oder Schrauben (2\u20133 Tuben pro Paneel)<\/li>\n<\/ul>\n<p><strong>Hinweis:<\/strong> Aufgrund unterschiedlicher Produktionschargen kann es zu Farbunterschieden kommen. Wenn eine Charge ausverkauft ist und wieder aufgef\u00fcllt wird, kann die Farbe von zuvor gelieferten Paneelen abweichen.<\/p>\n","protected":false},"excerpt":{"rendered":"<p>100x275x1cm<\/p>\n","protected":false},"featured_media":228090,"comment_status":"open","ping_status":"closed","template":"","meta":{"site-sidebar-layout":"default","site-content-layout":"","ast-site-content-layout":"default","site-content-style":"default","site-sidebar-style":"default","ast-global-header-display":"","ast-banner-title-visibility":"","ast-main-header-display":"","ast-hfb-above-header-display":"","ast-hfb-below-header-display":"","ast-hfb-mobile-header-display":"","site-post-title":"","ast-breadcrumbs-content":"","ast-featured-img":"","footer-sml-layout":"","ast-disable-related-posts":"","theme-transparent-header-meta":"default","adv-header-id-meta":"","stick-header-meta":"default","header-above-stick-meta":"","header-main-stick-meta":"","header-below-stick-meta":"","astra-migrate-meta-layouts":"set","ast-page-background-enabled":"default","ast-page-background-meta":{"desktop":{"background-color":"var(--ast-global-color-4)","background-image":"","background-repeat":"repeat","background-position":"center center","background-size":"auto","background-attachment":"scroll","background-type":"","background-media":"","overlay-type":"","overlay-color":"","overlay-opacity":"","overlay-gradient":""},"tablet":{"background-color":"","background-image":"","background-repeat":"repeat","background-position":"center center","background-size":"auto","background-attachment":"scroll","background-type":"","background-media":"","overlay-type":"","overlay-color":"","overlay-opacity":"","overlay-gradient":""},"mobile":{"background-color":"","background-image":"","background-repeat":"repeat","background-position":"center center","background-size":"auto","background-attachment":"scroll","background-type":"","background-media":"","overlay-type":"","overlay-color":"","overlay-opacity":"","overlay-gradient":""}},"ast-content-background-meta":{"desktop":{"background-color":"var(--ast-global-color-5)","background-image":"","background-repeat":"repeat","background-position":"center center","background-size":"auto","background-attachment":"scroll","background-type":"","background-media":"","overlay-type":"","overlay-color":"","overlay-opacity":"","overlay-gradient":""},"tablet":{"background-color":"var(--ast-global-color-5)","background-image":"","background-repeat":"repeat","background-position":"center center","background-size":"auto","background-attachment":"scroll","background-type":"","background-media":"","overlay-type":"","overlay-color":"","overlay-opacity":"","overlay-gradient":""},"mobile":{"background-color":"var(--ast-global-color-5)","background-image":"","background-repeat":"repeat","background-position":"center center","background-size":"auto","background-attachment":"scroll","background-type":"","background-media":"","overlay-type":"","overlay-color":"","overlay-opacity":"","overlay-gradient":""}}},"product_brand":[],"product_cat":[385,383,349,418],"product_tag":[354,518],"class_list":{"0":"post-228039","1":"product","2":"type-product","3":"status-publish","4":"has-post-thumbnail","6":"product_cat-akustikpaneele-holz-filz-280x60cm","7":"product_cat-akustische-filzplatten","8":"product_cat-akustische-wandpaneele","9":"product_cat-angebote","10":"product_tag-korting10-20akuxl-de-1","11":"product_tag-neu","12":"product_shipping_class-xl-paneelee","13":"desktop-align-left","14":"tablet-align-left","15":"mobile-align-left","16":"ast-product-gallery-layout-vertical-slider","17":"ast-product-tabs-layout-vertical","18":"ast-qv-on-image","20":"first","21":"instock","22":"sale","23":"taxable","24":"shipping-taxable","25":"purchasable","26":"product-type-simple"},"_links":{"self":[{"href":"https:\/\/aydodeco.nl\/de\/wp-json\/wp\/v2\/product\/228039","targetHints":{"allow":["GET"]}}],"collection":[{"href":"https:\/\/aydodeco.nl\/de\/wp-json\/wp\/v2\/product"}],"about":[{"href":"https:\/\/aydodeco.nl\/de\/wp-json\/wp\/v2\/types\/product"}],"replies":[{"embeddable":true,"href":"https:\/\/aydodeco.nl\/de\/wp-json\/wp\/v2\/comments?post=228039"}],"version-history":[{"count":0,"href":"https:\/\/aydodeco.nl\/de\/wp-json\/wp\/v2\/product\/228039\/revisions"}],"wp:featuredmedia":[{"embeddable":true,"href":"https:\/\/aydodeco.nl\/de\/wp-json\/wp\/v2\/media\/228090"}],"wp:attachment":[{"href":"https:\/\/aydodeco.nl\/de\/wp-json\/wp\/v2\/media?parent=228039"}],"wp:term":[{"taxonomy":"product_brand","embeddable":true,"href":"https:\/\/aydodeco.nl\/de\/wp-json\/wp\/v2\/product_brand?post=228039"},{"taxonomy":"product_cat","embeddable":true,"href":"https:\/\/aydodeco.nl\/de\/wp-json\/wp\/v2\/product_cat?post=228039"},{"taxonomy":"product_tag","embeddable":true,"href":"https:\/\/aydodeco.nl\/de\/wp-json\/wp\/v2\/product_tag?post=228039"}],"curies":[{"name":"wp","href":"https:\/\/api.w.org\/{rel}","templated":true}]}}