{"id":228023,"date":"2026-03-27T14:51:52","date_gmt":"2026-03-27T13:51:52","guid":{"rendered":"https:\/\/aydodeco.nl\/?post_type=product&#038;p=228023"},"modified":"2026-03-28T10:33:26","modified_gmt":"2026-03-28T09:33:26","slug":"eiche-flexible-akustikpaneele-mdf-filz-275x100cm-kopie","status":"publish","type":"product","link":"https:\/\/aydodeco.nl\/de\/eiche-flexible-akustikpaneele-mdf-filz-275x100cm-kopie\/","title":{"rendered":"Eiche &#8211; Flexible Akustikpaneele &#8211; MDF &amp; Filz (275x100cm) (kopie)"},"content":{"rendered":"<h1 style=\"font-size: 24px\">Akustikpaneele: die perfekte L\u00f6sung f\u00fcr stilvolle und funktionelle Wandverkleidungen<\/h1>\n<p>Die Akustikpaneele kombinieren hochwertige, tiefe Holzlatten mit einer robusten Unterlage aus recyceltem Filz und bieten eine absolute Verbesserung f\u00fcr jede Wand, sowohl in Bezug auf die Akustik als auch auf das Aussehen.<br \/>\nDiese Akustikpaneele wurden entwickelt, um ein warmes, attraktives und modernes Aussehen zu schaffen, und k\u00f6nnen \u00fcberall in Innenr\u00e4umen angebracht werden. Au\u00dferdem verbessern sie die Akustik erheblich und optimieren die Klangqualit\u00e4t in jedem Raum.<br \/>\nBesuchen Sie unseren Ausstellungsraum in Oosterhout, um dieses Produkt selbst zu erleben. <\/p>\n<p>Unsere flexiblen Akustikpaneele sollten mit unseren <a href=\"https:\/\/aydodeco.nl\/natuurlijke-deco-paneel\/\">Dekorpaneelen aus Eiche<\/a> kombiniert werden, um das Lamellenmuster aufzulockern. Dies ist nat\u00fcrlich v\u00f6llig optional. <\/p>\n<h2 style=\"font-size: 20px\"><strong>Unverwechselbare Qualit\u00e4t<\/strong><\/h2>\n<p>Was die Akustikpaneele von Billiganbietern abhebt, ist die Verwendung von echtem Holz. W\u00e4hrend andere Anbieter sich oft f\u00fcr Kunststofflamellen entscheiden, garantieren wir, dass sich unsere MDF-Lamellen dank der Verwendung von dickem, starkem Filz aus recycelten PET-Flaschen nicht verziehen. Die irref\u00fchrende Bezeichnung &#8222;Holzpaneele&#8220;, die von einigen Anbietern verwendet wird, erweckt den Eindruck von echtem Holz, obwohl dies in Wirklichkeit nicht der Fall ist. Bei Aydo Deco entscheiden Sie sich f\u00fcr echte, hochwertige MDF-Lamellen, was den Preisunterschied zu Billiganbietern erkl\u00e4rt.<br \/>\nAu\u00dferdem sind unsere Paneele flexibel genug, um in verschiedenen Einrichtungsstilen und Anwendungen eingesetzt zu werden. Dank dieser Flexibilit\u00e4t k\u00f6nnen sie sogar an gebogenen und schr\u00e4gen W\u00e4nden angebracht werden. Sie lassen sich zum Beispiel perfekt um runde S\u00e4ulen herum anbringen und bieten so ein einzigartiges und stilvolles Finish.     <\/p>\n<h2 style=\"font-size: 20px\"><strong>Technische Daten<\/strong><\/h2>\n<ul>\n<li><strong>Abmessungen:<\/strong> 275 cm x 100 cm x 1 cm<\/li>\n<li><strong>Material:<\/strong>\n<ul>\n<li>Unterlage: Hochwertiger recycelter Filz<\/li>\n<li>Latten: MDF<\/li>\n<li>Obere Schicht: Eiche in Holzoptik<\/li>\n<li>Montage mit <a href=\"https:\/\/aydodeco.nl\/montagekit-binnen-gebruik\/\">Montagekit<\/a> (2 bis 3 Flaschen pro Paneel)<\/li>\n<\/ul>\n<\/li>\n<\/ul>\n<h2 style=\"font-size: 20px\"><strong>Einfache Montage und Flexibilit\u00e4t<\/strong><\/h2>\n<p>AKU-Paneele lassen sich leicht mit Montagekleber oder Schrauben befestigen. Zur individuellen Gestaltung k\u00f6nnen die Paneele leicht zugeschnitten werden, so dass sie perfekt in jeden Raum passen. Au\u00dferdem sind sie flexibel genug, um in verschiedenen Einrichtungsstilen und Anwendungen eingesetzt zu werden.Entscheiden Sie sich f\u00fcr die hervorragende Qualit\u00e4t und das authentische Aussehen der Aydo Deco Aku Panels. Erleben Sie den Unterschied in Ihrem Interieur mit unseren Akustikpaneelen und genie\u00dfen Sie sowohl \u00c4sthetik als auch Funktionalit\u00e4t.   <\/p>\n","protected":false},"excerpt":{"rendered":"<p>100x275x1cm<\/p>\n","protected":false},"featured_media":228094,"comment_status":"open","ping_status":"closed","template":"","meta":{"site-sidebar-layout":"default","site-content-layout":"","ast-site-content-layout":"default","site-content-style":"default","site-sidebar-style":"default","ast-global-header-display":"","ast-banner-title-visibility":"","ast-main-header-display":"","ast-hfb-above-header-display":"","ast-hfb-below-header-display":"","ast-hfb-mobile-header-display":"","site-post-title":"","ast-breadcrumbs-content":"","ast-featured-img":"","footer-sml-layout":"","ast-disable-related-posts":"","theme-transparent-header-meta":"default","adv-header-id-meta":"","stick-header-meta":"default","header-above-stick-meta":"","header-main-stick-meta":"","header-below-stick-meta":"","astra-migrate-meta-layouts":"set","ast-page-background-enabled":"default","ast-page-background-meta":{"desktop":{"background-color":"var(--ast-global-color-4)","background-image":"","background-repeat":"repeat","background-position":"center center","background-size":"auto","background-attachment":"scroll","background-type":"","background-media":"","overlay-type":"","overlay-color":"","overlay-opacity":"","overlay-gradient":""},"tablet":{"background-color":"","background-image":"","background-repeat":"repeat","background-position":"center center","background-size":"auto","background-attachment":"scroll","background-type":"","background-media":"","overlay-type":"","overlay-color":"","overlay-opacity":"","overlay-gradient":""},"mobile":{"background-color":"","background-image":"","background-repeat":"repeat","background-position":"center center","background-size":"auto","background-attachment":"scroll","background-type":"","background-media":"","overlay-type":"","overlay-color":"","overlay-opacity":"","overlay-gradient":""}},"ast-content-background-meta":{"desktop":{"background-color":"var(--ast-global-color-5)","background-image":"","background-repeat":"repeat","background-position":"center center","background-size":"auto","background-attachment":"scroll","background-type":"","background-media":"","overlay-type":"","overlay-color":"","overlay-opacity":"","overlay-gradient":""},"tablet":{"background-color":"var(--ast-global-color-5)","background-image":"","background-repeat":"repeat","background-position":"center center","background-size":"auto","background-attachment":"scroll","background-type":"","background-media":"","overlay-type":"","overlay-color":"","overlay-opacity":"","overlay-gradient":""},"mobile":{"background-color":"var(--ast-global-color-5)","background-image":"","background-repeat":"repeat","background-position":"center center","background-size":"auto","background-attachment":"scroll","background-type":"","background-media":"","overlay-type":"","overlay-color":"","overlay-opacity":"","overlay-gradient":""}}},"product_brand":[],"product_cat":[385,383,349,418],"product_tag":[354,518],"class_list":{"0":"post-228023","1":"product","2":"type-product","3":"status-publish","4":"has-post-thumbnail","6":"product_cat-akustikpaneele-holz-filz-280x60cm","7":"product_cat-akustische-filzplatten","8":"product_cat-akustische-wandpaneele","9":"product_cat-angebote","10":"product_tag-korting10-20akuxl-de-1","11":"product_tag-neu","12":"product_shipping_class-xl-paneelee","13":"desktop-align-left","14":"tablet-align-left","15":"mobile-align-left","16":"ast-product-gallery-layout-vertical-slider","17":"ast-product-tabs-layout-vertical","18":"ast-qv-on-image","20":"first","21":"instock","22":"sale","23":"taxable","24":"shipping-taxable","25":"purchasable","26":"product-type-simple"},"_links":{"self":[{"href":"https:\/\/aydodeco.nl\/de\/wp-json\/wp\/v2\/product\/228023","targetHints":{"allow":["GET"]}}],"collection":[{"href":"https:\/\/aydodeco.nl\/de\/wp-json\/wp\/v2\/product"}],"about":[{"href":"https:\/\/aydodeco.nl\/de\/wp-json\/wp\/v2\/types\/product"}],"replies":[{"embeddable":true,"href":"https:\/\/aydodeco.nl\/de\/wp-json\/wp\/v2\/comments?post=228023"}],"version-history":[{"count":0,"href":"https:\/\/aydodeco.nl\/de\/wp-json\/wp\/v2\/product\/228023\/revisions"}],"wp:featuredmedia":[{"embeddable":true,"href":"https:\/\/aydodeco.nl\/de\/wp-json\/wp\/v2\/media\/228094"}],"wp:attachment":[{"href":"https:\/\/aydodeco.nl\/de\/wp-json\/wp\/v2\/media?parent=228023"}],"wp:term":[{"taxonomy":"product_brand","embeddable":true,"href":"https:\/\/aydodeco.nl\/de\/wp-json\/wp\/v2\/product_brand?post=228023"},{"taxonomy":"product_cat","embeddable":true,"href":"https:\/\/aydodeco.nl\/de\/wp-json\/wp\/v2\/product_cat?post=228023"},{"taxonomy":"product_tag","embeddable":true,"href":"https:\/\/aydodeco.nl\/de\/wp-json\/wp\/v2\/product_tag?post=228023"}],"curies":[{"name":"wp","href":"https:\/\/api.w.org\/{rel}","templated":true}]}}