{"id":217999,"date":"2026-01-29T14:59:59","date_gmt":"2026-01-29T13:59:59","guid":{"rendered":"https:\/\/aydodeco.nl\/?post_type=product&#038;p=217999"},"modified":"2026-04-09T23:00:09","modified_gmt":"2026-04-09T21:00:09","slug":"windsteen-eps-3d-wandpaneel","status":"publish","type":"product","link":"https:\/\/aydodeco.nl\/de\/windsteen-eps-3d-wandpaneel\/","title":{"rendered":"Windstone &#8211; EPS 3D-Wandplatte"},"content":{"rendered":"<h2>Windstone 3D Wandpaneel<\/h2>\n<p>Authentische Brick Windstone 3D Wandpaneele. Eine echte Bereicherung f\u00fcr jeden Innen- oder Au\u00dfenbereich. Wunderbar in Kombination mit Holzm\u00f6beln, aber auch mit robusten schwarzen M\u00f6beln. Kurzum, dieses Ziegelstein-Wandpaneel passt zu allem!   <\/p>\n<p>Wandpaneele mit Backsteinmotiv. Manche nennen es Backsteinstreifen und andere 3d-Wandpaneele. Unsere Ziegelstreifen sind von echten Ziegeln nicht zu unterscheiden und bieten viele Vorteile. Ziegelsteinstreifen sind sehr einfach zu installieren und lassen sich mit einem Stanley-Messer leicht zuschneiden. Die untere Schicht enth\u00e4lt EPS und hat eine isolierende Wirkung. Dar\u00fcber befindet sich eine sehr harte Kunststoffschicht und darauf eine Zementmischung. Die Platten haben eine echte Tiefe und ein Relief und sind daher keine flachen Platten.      <\/p>\n<p><strong>Hauptmerkmale<\/strong><\/p>\n<ul>\n<li>2 Jahre Garantie<\/li>\n<li>F\u00fcr den Innen- und Au\u00dfenbereich geeignet <strong><a style=\"color: #c8881a\" href=\"https:\/\/aydodeco.nl\/gevelimpregnatie-2-5l\/\">(die Verwendung im Freien erfordert eine Impr\u00e4gnierung)<\/a><\/strong><\/li>\n<li>Preise sind pro St\u00fcck<\/li>\n<li>Ma\u00dfe 120cm x 50cm (Dicke 2 Zentimeter)<\/li>\n<li>Gewicht ca. 1kg pro Platte<\/li>\n<li>f\u00fcr drinnen und drau\u00dfen geeignet (nicht unter flie\u00dfendem Wasser)<\/li>\n<li>Anbringbar an allen Arten von W\u00e4nden<\/li>\n<li>kann direkt \u00fcber Tapeten, bestehenden Fliesen, Holz, Glas, etc. verwendet werden.<\/li>\n<li>leicht zu bearbeiten mit einem Stanley-Messer, einer Hands\u00e4ge oder einer elektrischen S\u00e4ge<\/li>\n<li>UV- und wetterfest<\/li>\n<li>leicht, kratz- und sto\u00dffest<\/li>\n<li>nach Belieben streichbar<\/li>\n<li>g\u00fcnstige Auswirkung auf die thermische Schalld\u00e4mmung<\/li>\n<li>rd-Wert ca. 0.6R<\/li>\n<li>nicht von echtem Ziegelstein zu unterscheiden<\/li>\n<li>Befestigung von Ecken durch Gehrungsschnitte (wie bei Sockelleisten)<\/li>\n<li>Hervorragend geeignet f\u00fcr den Au\u00dfenbereich, z. B. f\u00fcr Gartenh\u00e4user, Chalets und Teichr\u00e4nder<\/li>\n<\/ul>\n<p><strong>Materialeigenschaften<\/strong><\/p>\n<ul>\n<li>Unterschicht:<strong>ISOMO<\/strong> \/ <strong>EPS<\/strong>, expandiertes Polystyrol<\/li>\n<li>Obere Schicht: Polyesterharz + Zement\/Gesteinsmehlmischung<\/li>\n<li>100% recycelbar<\/li>\n<li>Isolationswert \u00b1 RD 0,6<\/li>\n<\/ul>\n<p><strong>Tipp vom Profi!<\/strong><br \/>\nBevor die Paneele verarbeitet werden, empfehlen wir Ihnen, die Kanten und Ecken der Paneele mit Vorsicht zu behandeln. Sollte der unwahrscheinliche Fall eintreten, dass die Seiten\/Ecken geringf\u00fcgig besch\u00e4digt sind, l\u00e4sst sich dies sehr leicht beheben. Die Eigenschaften des Produkts werden dadurch in keiner Weise beeintr\u00e4chtigt.<br \/>\nLegen Sie ein Lineal auf die R\u00fcckseite des Paneels und schneiden Sie mit einer feinzahnigen Hands\u00e4ge das gew\u00fcnschte St\u00fcck in horizontaler oder vertikaler Richtung zu.  <\/p>\n","protected":false},"excerpt":{"rendered":"<p>120x50x2cm<\/p>\n","protected":false},"featured_media":217873,"comment_status":"open","ping_status":"closed","template":"","meta":{"site-sidebar-layout":"default","site-content-layout":"","ast-site-content-layout":"default","site-content-style":"default","site-sidebar-style":"default","ast-global-header-display":"","ast-banner-title-visibility":"","ast-main-header-display":"","ast-hfb-above-header-display":"","ast-hfb-below-header-display":"","ast-hfb-mobile-header-display":"","site-post-title":"","ast-breadcrumbs-content":"","ast-featured-img":"","footer-sml-layout":"","ast-disable-related-posts":"","theme-transparent-header-meta":"default","adv-header-id-meta":"","stick-header-meta":"default","header-above-stick-meta":"","header-main-stick-meta":"","header-below-stick-meta":"","astra-migrate-meta-layouts":"set","ast-page-background-enabled":"default","ast-page-background-meta":{"desktop":{"background-color":"var(--ast-global-color-4)","background-image":"","background-repeat":"repeat","background-position":"center center","background-size":"auto","background-attachment":"scroll","background-type":"","background-media":"","overlay-type":"","overlay-color":"","overlay-opacity":"","overlay-gradient":""},"tablet":{"background-color":"","background-image":"","background-repeat":"repeat","background-position":"center center","background-size":"auto","background-attachment":"scroll","background-type":"","background-media":"","overlay-type":"","overlay-color":"","overlay-opacity":"","overlay-gradient":""},"mobile":{"background-color":"","background-image":"","background-repeat":"repeat","background-position":"center center","background-size":"auto","background-attachment":"scroll","background-type":"","background-media":"","overlay-type":"","overlay-color":"","overlay-opacity":"","overlay-gradient":""}},"ast-content-background-meta":{"desktop":{"background-color":"var(--ast-global-color-5)","background-image":"","background-repeat":"repeat","background-position":"center center","background-size":"auto","background-attachment":"scroll","background-type":"","background-media":"","overlay-type":"","overlay-color":"","overlay-opacity":"","overlay-gradient":""},"tablet":{"background-color":"var(--ast-global-color-5)","background-image":"","background-repeat":"repeat","background-position":"center center","background-size":"auto","background-attachment":"scroll","background-type":"","background-media":"","overlay-type":"","overlay-color":"","overlay-opacity":"","overlay-gradient":""},"mobile":{"background-color":"var(--ast-global-color-5)","background-image":"","background-repeat":"repeat","background-position":"center center","background-size":"auto","background-attachment":"scroll","background-type":"","background-media":"","overlay-type":"","overlay-color":"","overlay-opacity":"","overlay-gradient":""}}},"product_brand":[],"product_cat":[542,360,418,457],"product_tag":[364,363],"class_list":{"0":"post-217999","1":"product","2":"type-product","3":"status-publish","4":"has-post-thumbnail","6":"product_cat-3d-eps-wandpaneele","7":"product_cat-3d-wandpaneele","8":"product_cat-angebote","9":"product_cat-wandplatten-aus-beton","10":"product_tag-korting25-50eps-de-1","11":"product_tag-steinstreifen-im-freien","12":"product_shipping_class-3d-eps-8-de","13":"pa_steenstrips-geschikt-voor-hinter-dem-gasherd","14":"pa_steenstrips-geschikt-voor-outdoor-wetterfest","15":"desktop-align-left","16":"tablet-align-left","17":"mobile-align-left","18":"ast-product-gallery-layout-vertical-slider","19":"ast-product-tabs-layout-vertical","20":"ast-qv-on-image","22":"first","23":"instock","24":"sale","25":"featured","26":"taxable","27":"shipping-taxable","28":"purchasable","29":"product-type-simple"},"_links":{"self":[{"href":"https:\/\/aydodeco.nl\/de\/wp-json\/wp\/v2\/product\/217999","targetHints":{"allow":["GET"]}}],"collection":[{"href":"https:\/\/aydodeco.nl\/de\/wp-json\/wp\/v2\/product"}],"about":[{"href":"https:\/\/aydodeco.nl\/de\/wp-json\/wp\/v2\/types\/product"}],"replies":[{"embeddable":true,"href":"https:\/\/aydodeco.nl\/de\/wp-json\/wp\/v2\/comments?post=217999"}],"version-history":[{"count":0,"href":"https:\/\/aydodeco.nl\/de\/wp-json\/wp\/v2\/product\/217999\/revisions"}],"wp:featuredmedia":[{"embeddable":true,"href":"https:\/\/aydodeco.nl\/de\/wp-json\/wp\/v2\/media\/217873"}],"wp:attachment":[{"href":"https:\/\/aydodeco.nl\/de\/wp-json\/wp\/v2\/media?parent=217999"}],"wp:term":[{"taxonomy":"product_brand","embeddable":true,"href":"https:\/\/aydodeco.nl\/de\/wp-json\/wp\/v2\/product_brand?post=217999"},{"taxonomy":"product_cat","embeddable":true,"href":"https:\/\/aydodeco.nl\/de\/wp-json\/wp\/v2\/product_cat?post=217999"},{"taxonomy":"product_tag","embeddable":true,"href":"https:\/\/aydodeco.nl\/de\/wp-json\/wp\/v2\/product_tag?post=217999"}],"curies":[{"name":"wp","href":"https:\/\/api.w.org\/{rel}","templated":true}]}}