{"id":217980,"date":"2026-01-29T14:49:36","date_gmt":"2026-01-29T13:49:36","guid":{"rendered":"https:\/\/aydodeco.nl\/?post_type=product&#038;p=217980"},"modified":"2026-04-16T20:40:38","modified_gmt":"2026-04-16T18:40:38","slug":"heavy-concrete-3d-wandpaneel-in-betonoptik","status":"publish","type":"product","link":"https:\/\/aydodeco.nl\/de\/heavy-concrete-3d-wandpaneel-in-betonoptik\/","title":{"rendered":"Heavy Concrete &#8211; 3D-Wandpaneel in Betonoptik"},"content":{"rendered":"<h2>Schwere Wandplatte aus Beton Betonoptik<\/h2>\n<p>Wandpaneele in Betonoptik sind in einem modernen\/industriellen Interieur un\u00fcbersehbar. Beton als Wandverkleidung ist in Innenr\u00e4umen immer h\u00e4ufiger zu sehen. Beton vermittelt ein robustes und ruhiges Gef\u00fchl und kann mit vielen Stilen kombiniert werden. Diese Wandpaneele aus Beton lassen sich ganz einfach individuell gestalten und sind eine sch\u00f6ne Alternative zu Farbe oder Tapeten. So entsteht ein realistischerer Eindruck von echtem Beton.    <\/p>\n<h3>Wandplatten aus Beton<\/h3>\n<p>Betonwandpaneele k\u00f6nnen \u00fcberall angebracht werden. Zum Beispiel als Zaunverkleidung oder als Au\u00dfenwandverkleidung. Sie sind wartungsfrei und haben au\u00dferdem eine isolierende Wirkung. Das bedeutet niedrigere Energierechnungen am Ende des Jahres und weniger Bel\u00e4stigung durch die Nachbarn. EPS-Wandpaneele isolieren gegen L\u00e4rm und Temperatur!    <\/p>\n<p>Verwandeln Sie Ihren Innen- oder Au\u00dfenbereich mit Concrete Panels. Mit ihrem authentischen Look und der 3D-Wandverkleidung verleihen diese Paneele Ihrem Raum etwas Besonderes. Sie sind einfach zu montieren und ultraleicht, so dass Sie sie \u00fcberallhin mitnehmen k\u00f6nnen. Vervollst\u00e4ndigen Sie Ihren Raum mit Concrete Panels.   <\/p>\n<p>&nbsp;<\/p>\n<p><strong>Hauptmerkmale<\/strong><\/p>\n<ul>\n<li>2 Jahre Garantie<\/li>\n<li>F\u00fcr den Innen- und Au\u00dfenbereich geeignet <span style=\"color: #ff3c00\"><strong><a style=\"color: #c8881a\" href=\"https:\/\/aydodeco.nl\/winkel\/montagemiddelen\/gevelimpregnatie-2-5l\/\">(die Verwendung im Freien erfordert eine Impr\u00e4gnierung)<\/a><\/strong><\/span><\/li>\n<li>Preise sind pro St\u00fcck<\/li>\n<li>Ma\u00dfe 50x120cm (Dicke 2 Zentimeter)<\/li>\n<li>Gewicht ca. 1kg pro Platte<\/li>\n<li>f\u00fcr drinnen und drau\u00dfen geeignet (nicht unter flie\u00dfendem Wasser)<\/li>\n<li>Anbringbar an allen Arten von W\u00e4nden<\/li>\n<li>kann direkt \u00fcber Tapeten, vorhandenen Fliesen, Holz, Glas usw. angebracht werden.<\/li>\n<li>leicht zu bearbeiten mit einem Stanley-Messer, einer Hands\u00e4ge oder einer elektrischen S\u00e4ge<\/li>\n<li>UV- und wetterfest<\/li>\n<li>leicht, kratz- und sto\u00dffest<\/li>\n<li>nach Belieben streichbar<\/li>\n<li>g\u00fcnstige Auswirkungen auf die thermische und akustische Isolierung<\/li>\n<li>rd-Wert etwa 0,6R<\/li>\n<li>nicht von echtem Ziegelstein zu unterscheiden<\/li>\n<li>Befestigung von Ecken durch Gehrungsschnitte (wie bei Sockelleisten)<\/li>\n<li>Hervorragend geeignet f\u00fcr den Au\u00dfenbereich wie Gartenhaus, Chalet, Teichrand<\/li>\n<li><b>Inklusive Farbe:<\/b> F\u00fcr einen 100% nahtlosen Look nach dem \u00dcberstreichen der N\u00e4hte.<\/li>\n<\/ul>\n<p><strong>Materialeigenschaften<\/strong><\/p>\n<ul>\n<li>Unterschicht:<strong>ISOMO<\/strong> \/ <strong>EPS<\/strong>, expandiertes Polystyrol<\/li>\n<li>Obere Schicht: Polyesterharz + Zement\/Gesteinsmehlmischung<\/li>\n<li>100% recycelbar<\/li>\n<li>Isolationswert \u00b1 RD 0,6<\/li>\n<\/ul>\n<p><strong>Tipp vom Profi!<\/strong><br \/>\nBevor die Paneele verarbeitet werden, empfehlen wir Ihnen, die Kanten und Ecken der Paneele mit Vorsicht zu behandeln. Sollte der unwahrscheinliche Fall eintreten, dass die Seiten\/Ecken geringf\u00fcgig besch\u00e4digt sind, l\u00e4sst sich dies sehr leicht beheben.<br \/>\nDie Eigenschaften des Produkts werden dadurch in keiner Weise beeintr\u00e4chtigt. Legen Sie ein Lineal auf die R\u00fcckseite des Paneels und schneiden Sie mit einer feinzahnigen Hands\u00e4ge das gew\u00fcnschte St\u00fcck in horizontaler oder vertikaler Richtung zu.  <\/p>\n","protected":false},"excerpt":{"rendered":"<p>120x50x2cm<\/p>\n","protected":false},"featured_media":218024,"comment_status":"open","ping_status":"closed","template":"","meta":{"site-sidebar-layout":"default","site-content-layout":"","ast-site-content-layout":"default","site-content-style":"default","site-sidebar-style":"default","ast-global-header-display":"","ast-banner-title-visibility":"","ast-main-header-display":"","ast-hfb-above-header-display":"","ast-hfb-below-header-display":"","ast-hfb-mobile-header-display":"","site-post-title":"","ast-breadcrumbs-content":"","ast-featured-img":"","footer-sml-layout":"","ast-disable-related-posts":"","theme-transparent-header-meta":"default","adv-header-id-meta":"","stick-header-meta":"default","header-above-stick-meta":"","header-main-stick-meta":"","header-below-stick-meta":"","astra-migrate-meta-layouts":"set","ast-page-background-enabled":"default","ast-page-background-meta":{"desktop":{"background-color":"var(--ast-global-color-4)","background-image":"","background-repeat":"repeat","background-position":"center center","background-size":"auto","background-attachment":"scroll","background-type":"","background-media":"","overlay-type":"","overlay-color":"","overlay-opacity":"","overlay-gradient":""},"tablet":{"background-color":"","background-image":"","background-repeat":"repeat","background-position":"center center","background-size":"auto","background-attachment":"scroll","background-type":"","background-media":"","overlay-type":"","overlay-color":"","overlay-opacity":"","overlay-gradient":""},"mobile":{"background-color":"","background-image":"","background-repeat":"repeat","background-position":"center center","background-size":"auto","background-attachment":"scroll","background-type":"","background-media":"","overlay-type":"","overlay-color":"","overlay-opacity":"","overlay-gradient":""}},"ast-content-background-meta":{"desktop":{"background-color":"var(--ast-global-color-5)","background-image":"","background-repeat":"repeat","background-position":"center center","background-size":"auto","background-attachment":"scroll","background-type":"","background-media":"","overlay-type":"","overlay-color":"","overlay-opacity":"","overlay-gradient":""},"tablet":{"background-color":"var(--ast-global-color-5)","background-image":"","background-repeat":"repeat","background-position":"center center","background-size":"auto","background-attachment":"scroll","background-type":"","background-media":"","overlay-type":"","overlay-color":"","overlay-opacity":"","overlay-gradient":""},"mobile":{"background-color":"var(--ast-global-color-5)","background-image":"","background-repeat":"repeat","background-position":"center center","background-size":"auto","background-attachment":"scroll","background-type":"","background-media":"","overlay-type":"","overlay-color":"","overlay-opacity":"","overlay-gradient":""}}},"product_brand":[],"product_cat":[542,360,418,457],"product_tag":[777,364,363],"class_list":{"0":"post-217980","1":"product","2":"type-product","3":"status-publish","4":"has-post-thumbnail","6":"product_cat-3d-eps-wandpaneele","7":"product_cat-3d-wandpaneele","8":"product_cat-angebote","9":"product_cat-wandplatten-aus-beton","10":"product_tag-blackfriday-de","11":"product_tag-korting25-50eps-de-1","12":"product_tag-steinstreifen-im-freien","13":"product_shipping_class-xl-paneelee","14":"pa_steenstrips-geschikt-voor-hinter-dem-gasherd","15":"pa_steenstrips-geschikt-voor-outdoor-wetterfest","16":"desktop-align-left","17":"tablet-align-left","18":"mobile-align-left","19":"ast-product-gallery-layout-vertical-slider","20":"ast-product-tabs-layout-vertical","21":"ast-qv-on-image","23":"first","24":"instock","25":"sale","26":"taxable","27":"shipping-taxable","28":"purchasable","29":"product-type-simple"},"_links":{"self":[{"href":"https:\/\/aydodeco.nl\/de\/wp-json\/wp\/v2\/product\/217980","targetHints":{"allow":["GET"]}}],"collection":[{"href":"https:\/\/aydodeco.nl\/de\/wp-json\/wp\/v2\/product"}],"about":[{"href":"https:\/\/aydodeco.nl\/de\/wp-json\/wp\/v2\/types\/product"}],"replies":[{"embeddable":true,"href":"https:\/\/aydodeco.nl\/de\/wp-json\/wp\/v2\/comments?post=217980"}],"version-history":[{"count":0,"href":"https:\/\/aydodeco.nl\/de\/wp-json\/wp\/v2\/product\/217980\/revisions"}],"wp:featuredmedia":[{"embeddable":true,"href":"https:\/\/aydodeco.nl\/de\/wp-json\/wp\/v2\/media\/218024"}],"wp:attachment":[{"href":"https:\/\/aydodeco.nl\/de\/wp-json\/wp\/v2\/media?parent=217980"}],"wp:term":[{"taxonomy":"product_brand","embeddable":true,"href":"https:\/\/aydodeco.nl\/de\/wp-json\/wp\/v2\/product_brand?post=217980"},{"taxonomy":"product_cat","embeddable":true,"href":"https:\/\/aydodeco.nl\/de\/wp-json\/wp\/v2\/product_cat?post=217980"},{"taxonomy":"product_tag","embeddable":true,"href":"https:\/\/aydodeco.nl\/de\/wp-json\/wp\/v2\/product_tag?post=217980"}],"curies":[{"name":"wp","href":"https:\/\/api.w.org\/{rel}","templated":true}]}}