{"id":217546,"date":"2026-01-23T12:01:18","date_gmt":"2026-01-23T11:01:18","guid":{"rendered":"https:\/\/aydodeco.nl\/?post_type=product&#038;p=217546"},"modified":"2026-02-05T11:13:40","modified_gmt":"2026-02-05T10:13:40","slug":"ibiza-beige-spc-wandpaneel-in-marmoroptik","status":"publish","type":"product","link":"https:\/\/aydodeco.nl\/de\/ibiza-beige-spc-wandpaneel-in-marmoroptik\/","title":{"rendered":"Ibiza Beige &#8211; SPC Wandpaneel in Marmoroptik"},"content":{"rendered":"<h2>SPC Wandpaneel in Marmoroptik Ibiza Beige 260x120cm<\/h2>\n<p><strong>Sehr sch\u00f6n und exklusiv bei Aydo Deco erh\u00e4ltlich!  <\/strong><\/p>\n<p>SPC steht f\u00fcr Stone Polymer Composite, <b>eine Mischung aus Kalkstein und PVC<\/b>. Es ist als Platten erh\u00e4ltlich und ist langlebig und stabil. Das Material ist wasserdicht, robust und besonders f\u00fcr warme und feuchte Bereiche geeignet.  <\/p>\n<p>SPC-Wandpaneele in Marmoroptik Ibiza Beige f\u00fcr das Badezimmer, die Dusche, die WC-Wand oder die K\u00fcche! Diese SPC-Wandpaneele in Marmoroptik sind ideal f\u00fcr alle Innenbereiche. Die Installation ist sehr einfach und der Zuschnitt erfolgt mit einem Stanley-Messer. Die Wandpaneele in Marmoroptik sind sehr leicht zu reinigen und eine echte Bereicherung f\u00fcr jeden Raum.   <\/p>\n<p>&nbsp;<\/p>\n<p><strong>FEATURES<\/strong><\/p>\n<ul>\n<li>100% wasserdicht<\/li>\n<li>Wasserdicht &#8211; Wasserdicht &#8211; Staubdicht &#8211; Leckdicht<\/li>\n<li>Leicht zu montieren<\/li>\n<li>Mit einem Stanley-Messer zuschneiden<\/li>\n<li>Befestigung mit Montagekleber (hohe Klebkraft)<\/li>\n<li>F\u00fcr den Innenbereich geeignet<\/li>\n<li>Geeignet f\u00fcr die K\u00fcche (hinter einem Gasherd mit mindestens 15 cm Abstand)<\/li>\n<li>Duschkabine, Badezimmer, im Flur usw.<\/li>\n<li>Anti-Kalk, keine Kalkr\u00fcckst\u00e4nde<\/li>\n<li>Sieht genau wie Marmor aus<\/li>\n<\/ul>\n<p><strong>Abmessungen<\/strong><\/p>\n<ul>\n<li>120&#215;260 cm Dicke 3.5 mm<\/li>\n<\/ul>\n<p><strong>Zubeh\u00f6r<\/strong><\/p>\n<ul>\n<li data-sider-select-id=\"434105d3-d96a-44fb-a118-b6da84ac1848\">Wir empfehlen 2 bis 3 Tuben des Montagesatzes pro Panel<\/li>\n<li>Mit einem Stanley-Messer oder einer Lineals\u00e4ge zuschneiden<\/li>\n<li>Verwenden Sie Sanit\u00e4rversiegelung, um die Kanten und N\u00e4hte zu versiegeln.<\/li>\n<li>Sie k\u00f6nnen etwa 3 Platten mit 1 Tube Sanit\u00e4rversiegelung versiegeln<\/li>\n<\/ul>\n<p><strong>Reinigung<\/strong><\/p>\n<ul>\n<li>Reinigung mit gr\u00fcner Seife\/Allzweckreiniger und Mikrofasertuch<\/li>\n<li>Verwenden Sie keine aggressiven Reinigungsmittel oder Scheuermittel<\/li>\n<\/ul>\n","protected":false},"excerpt":{"rendered":"<p>260x120x0.35cm<\/p>\n","protected":false},"featured_media":217557,"comment_status":"open","ping_status":"closed","template":"","meta":{"site-sidebar-layout":"default","site-content-layout":"","ast-site-content-layout":"default","site-content-style":"default","site-sidebar-style":"default","ast-global-header-display":"","ast-banner-title-visibility":"","ast-main-header-display":"","ast-hfb-above-header-display":"","ast-hfb-below-header-display":"","ast-hfb-mobile-header-display":"","site-post-title":"","ast-breadcrumbs-content":"","ast-featured-img":"","footer-sml-layout":"","ast-disable-related-posts":"","theme-transparent-header-meta":"default","adv-header-id-meta":"","stick-header-meta":"default","header-above-stick-meta":"","header-main-stick-meta":"","header-below-stick-meta":"","astra-migrate-meta-layouts":"set","ast-page-background-enabled":"default","ast-page-background-meta":{"desktop":{"background-color":"var(--ast-global-color-4)","background-image":"","background-repeat":"repeat","background-position":"center center","background-size":"auto","background-attachment":"scroll","background-type":"","background-media":"","overlay-type":"","overlay-color":"","overlay-opacity":"","overlay-gradient":""},"tablet":{"background-color":"","background-image":"","background-repeat":"repeat","background-position":"center center","background-size":"auto","background-attachment":"scroll","background-type":"","background-media":"","overlay-type":"","overlay-color":"","overlay-opacity":"","overlay-gradient":""},"mobile":{"background-color":"","background-image":"","background-repeat":"repeat","background-position":"center center","background-size":"auto","background-attachment":"scroll","background-type":"","background-media":"","overlay-type":"","overlay-color":"","overlay-opacity":"","overlay-gradient":""}},"ast-content-background-meta":{"desktop":{"background-color":"var(--ast-global-color-5)","background-image":"","background-repeat":"repeat","background-position":"center center","background-size":"auto","background-attachment":"scroll","background-type":"","background-media":"","overlay-type":"","overlay-color":"","overlay-opacity":"","overlay-gradient":""},"tablet":{"background-color":"var(--ast-global-color-5)","background-image":"","background-repeat":"repeat","background-position":"center center","background-size":"auto","background-attachment":"scroll","background-type":"","background-media":"","overlay-type":"","overlay-color":"","overlay-opacity":"","overlay-gradient":""},"mobile":{"background-color":"var(--ast-global-color-5)","background-image":"","background-repeat":"repeat","background-position":"center center","background-size":"auto","background-attachment":"scroll","background-type":"","background-media":"","overlay-type":"","overlay-color":"","overlay-opacity":"","overlay-gradient":""}}},"product_brand":[],"product_cat":[418,621,444,426],"product_tag":[656,515,428,445],"class_list":{"0":"post-217546","1":"product","2":"type-product","3":"status-publish","4":"has-post-thumbnail","6":"product_cat-angebote","7":"product_cat-spc-122x260cm-de","8":"product_cat-spc-wandpaneele-in-marmoroptik","9":"product_cat-wandpaneele-in-marmoroptik","10":"product_tag-aktion","11":"product_tag-black-november-de1","12":"product_tag-korting10-20marmer-de-1","13":"product_tag-mat-de","14":"product_shipping_class-xl-paneelee","15":"pa_steenstrips-geschikt-voor-hinter-dem-gasherd","16":"pa_steenstrips-geschikt-voor-wandpaneele-fur-das-badezimmer","17":"desktop-align-left","18":"tablet-align-left","19":"mobile-align-left","20":"ast-product-gallery-layout-vertical-slider","21":"ast-product-tabs-layout-vertical","22":"ast-qv-on-image","24":"first","25":"instock","26":"sale","27":"taxable","28":"shipping-taxable","29":"purchasable","30":"product-type-simple"},"_links":{"self":[{"href":"https:\/\/aydodeco.nl\/de\/wp-json\/wp\/v2\/product\/217546","targetHints":{"allow":["GET"]}}],"collection":[{"href":"https:\/\/aydodeco.nl\/de\/wp-json\/wp\/v2\/product"}],"about":[{"href":"https:\/\/aydodeco.nl\/de\/wp-json\/wp\/v2\/types\/product"}],"replies":[{"embeddable":true,"href":"https:\/\/aydodeco.nl\/de\/wp-json\/wp\/v2\/comments?post=217546"}],"version-history":[{"count":0,"href":"https:\/\/aydodeco.nl\/de\/wp-json\/wp\/v2\/product\/217546\/revisions"}],"wp:featuredmedia":[{"embeddable":true,"href":"https:\/\/aydodeco.nl\/de\/wp-json\/wp\/v2\/media\/217557"}],"wp:attachment":[{"href":"https:\/\/aydodeco.nl\/de\/wp-json\/wp\/v2\/media?parent=217546"}],"wp:term":[{"taxonomy":"product_brand","embeddable":true,"href":"https:\/\/aydodeco.nl\/de\/wp-json\/wp\/v2\/product_brand?post=217546"},{"taxonomy":"product_cat","embeddable":true,"href":"https:\/\/aydodeco.nl\/de\/wp-json\/wp\/v2\/product_cat?post=217546"},{"taxonomy":"product_tag","embeddable":true,"href":"https:\/\/aydodeco.nl\/de\/wp-json\/wp\/v2\/product_tag?post=217546"}],"curies":[{"name":"wp","href":"https:\/\/api.w.org\/{rel}","templated":true}]}}