{"id":213711,"date":"2025-12-26T10:32:20","date_gmt":"2025-12-26T09:32:20","guid":{"rendered":"https:\/\/aydodeco.nl\/?post_type=product&#038;p=213711"},"modified":"2026-01-05T14:59:59","modified_gmt":"2026-01-05T13:59:59","slug":"schwarzes-eichenauseneckprofil-290cm-fur-wpc-verkleidungen","status":"publish","type":"product","link":"https:\/\/aydodeco.nl\/de\/schwarzes-eichenauseneckprofil-290cm-fur-wpc-verkleidungen\/","title":{"rendered":"Schwarzes Eichenau\u00dfeneckprofil &#8211; 290cm (f\u00fcr WPC-Verkleidungen)"},"content":{"rendered":"<div class=\"product-description\">\n<p><strong>Komposit-Au\u00dfeneckprofil 290x6x4 cm<\/strong> f\u00fcr eine elegante und dauerhafte Ausf\u00fchrung von Au\u00dfenecken. Die nat\u00fcrliche Holzstruktur sorgt f\u00fcr ein warmes Aussehen, w\u00e4hrend das Profil pflegeleicht und witterungsbest\u00e4ndig ist. Sowohl f\u00fcr Wohn- als auch f\u00fcr Gewerbeprojekte geeignet.  <\/p>\n<h4>Spezifikationen<\/h4>\n<ul>\n<li><strong>Abmessungen:<\/strong> 290x6x4 cm<\/li>\n<li><strong>Geeignet f\u00fcr:<\/strong> Innen und Au\u00dfen (wetterfest)<\/li>\n<li><strong>Kratz-, sto\u00df- und abriebfest:<\/strong> Ja<\/li>\n<li><strong>UV-best\u00e4ndig:<\/strong> Ja<\/li>\n<li><strong>Wetterfest:<\/strong> Ja<\/li>\n<li><strong>Antibakteriell:<\/strong> Ja<\/li>\n<li><strong>Geeignet f\u00fcr unter der Dusche:<\/strong> Nein<\/li>\n<\/ul>\n<\/div>\n","protected":false},"excerpt":{"rendered":"<p>290x4x6<\/p>\n","protected":false},"featured_media":212834,"comment_status":"closed","ping_status":"closed","template":"","meta":{"site-sidebar-layout":"default","site-content-layout":"","ast-site-content-layout":"default","site-content-style":"default","site-sidebar-style":"default","ast-global-header-display":"","ast-banner-title-visibility":"","ast-main-header-display":"","ast-hfb-above-header-display":"","ast-hfb-below-header-display":"","ast-hfb-mobile-header-display":"","site-post-title":"","ast-breadcrumbs-content":"","ast-featured-img":"","footer-sml-layout":"","ast-disable-related-posts":"","theme-transparent-header-meta":"default","adv-header-id-meta":"","stick-header-meta":"default","header-above-stick-meta":"","header-main-stick-meta":"","header-below-stick-meta":"","astra-migrate-meta-layouts":"set","ast-page-background-enabled":"default","ast-page-background-meta":{"desktop":{"background-color":"var(--ast-global-color-4)","background-image":"","background-repeat":"repeat","background-position":"center center","background-size":"auto","background-attachment":"scroll","background-type":"","background-media":"","overlay-type":"","overlay-color":"","overlay-opacity":"","overlay-gradient":""},"tablet":{"background-color":"","background-image":"","background-repeat":"repeat","background-position":"center center","background-size":"auto","background-attachment":"scroll","background-type":"","background-media":"","overlay-type":"","overlay-color":"","overlay-opacity":"","overlay-gradient":""},"mobile":{"background-color":"","background-image":"","background-repeat":"repeat","background-position":"center center","background-size":"auto","background-attachment":"scroll","background-type":"","background-media":"","overlay-type":"","overlay-color":"","overlay-opacity":"","overlay-gradient":""}},"ast-content-background-meta":{"desktop":{"background-color":"var(--ast-global-color-5)","background-image":"","background-repeat":"repeat","background-position":"center center","background-size":"auto","background-attachment":"scroll","background-type":"","background-media":"","overlay-type":"","overlay-color":"","overlay-opacity":"","overlay-gradient":""},"tablet":{"background-color":"var(--ast-global-color-5)","background-image":"","background-repeat":"repeat","background-position":"center center","background-size":"auto","background-attachment":"scroll","background-type":"","background-media":"","overlay-type":"","overlay-color":"","overlay-opacity":"","overlay-gradient":""},"mobile":{"background-color":"var(--ast-global-color-5)","background-image":"","background-repeat":"repeat","background-position":"center center","background-size":"auto","background-attachment":"scroll","background-type":"","background-media":"","overlay-type":"","overlay-color":"","overlay-opacity":"","overlay-gradient":""}}},"product_brand":[],"product_cat":[397,398],"product_tag":[792,786,653],"class_list":{"0":"post-213711","1":"product","2":"type-product","3":"status-publish","4":"has-post-thumbnail","6":"product_cat-montagehilfen","7":"product_cat-profile","8":"product_tag-ecke","9":"product_tag-profil","10":"product_tag-wpc-de","11":"product_shipping_class-xl-paneelee","12":"desktop-align-left","13":"tablet-align-left","14":"mobile-align-left","15":"ast-product-gallery-layout-vertical-slider","16":"ast-product-gallery-with-no-image","17":"ast-product-tabs-layout-vertical","18":"ast-qv-on-image","20":"first","21":"instock","22":"sale","23":"taxable","24":"shipping-taxable","25":"purchasable","26":"product-type-simple"},"_links":{"self":[{"href":"https:\/\/aydodeco.nl\/de\/wp-json\/wp\/v2\/product\/213711","targetHints":{"allow":["GET"]}}],"collection":[{"href":"https:\/\/aydodeco.nl\/de\/wp-json\/wp\/v2\/product"}],"about":[{"href":"https:\/\/aydodeco.nl\/de\/wp-json\/wp\/v2\/types\/product"}],"replies":[{"embeddable":true,"href":"https:\/\/aydodeco.nl\/de\/wp-json\/wp\/v2\/comments?post=213711"}],"version-history":[{"count":0,"href":"https:\/\/aydodeco.nl\/de\/wp-json\/wp\/v2\/product\/213711\/revisions"}],"wp:featuredmedia":[{"embeddable":true,"href":"https:\/\/aydodeco.nl\/de\/wp-json\/wp\/v2\/media\/212834"}],"wp:attachment":[{"href":"https:\/\/aydodeco.nl\/de\/wp-json\/wp\/v2\/media?parent=213711"}],"wp:term":[{"taxonomy":"product_brand","embeddable":true,"href":"https:\/\/aydodeco.nl\/de\/wp-json\/wp\/v2\/product_brand?post=213711"},{"taxonomy":"product_cat","embeddable":true,"href":"https:\/\/aydodeco.nl\/de\/wp-json\/wp\/v2\/product_cat?post=213711"},{"taxonomy":"product_tag","embeddable":true,"href":"https:\/\/aydodeco.nl\/de\/wp-json\/wp\/v2\/product_tag?post=213711"}],"curies":[{"name":"wp","href":"https:\/\/api.w.org\/{rel}","templated":true}]}}