{"id":211372,"date":"2025-12-05T14:00:41","date_gmt":"2025-12-05T13:00:41","guid":{"rendered":"https:\/\/aydodeco.nl\/?post_type=product&#038;p=211372"},"modified":"2026-04-11T12:04:30","modified_gmt":"2026-04-11T10:04:30","slug":"selbstklebende-mosaik-wandfliesen-musterpackung-5-farben","status":"publish","type":"product","link":"https:\/\/aydodeco.nl\/de\/selbstklebende-mosaik-wandfliesen-musterpackung-5-farben\/","title":{"rendered":"Selbstklebende Mosaik-Wandfliesen &#8211; Musterpackung (5 Farben)"},"content":{"rendered":"<h1>W\u00e4hlen Sie Ihre perfekte Kombination: 5-Wahl-Wandfliesen-Probepaket<\/h1>\n<p>Wir bei Aydo Deco wissen, dass die Wahl der richtigen Wandfliesen f\u00fcr Ihr Projekt eine wichtige Entscheidung ist. Deshalb bieten wir Ihnen die M\u00f6glichkeit, ein Musterpaket mit f\u00fcnf verschiedenen Wandfliesen aus unserem umfangreichen Sortiment zusammenzustellen. Auf diese Weise k\u00f6nnen Sie sich selbst von der Struktur, der Farbe und der Qualit\u00e4t unserer Produkte \u00fcberzeugen, bevor Sie eine endg\u00fcltige Entscheidung treffen.  <\/p>\n<h2>Wie funktioniert das?<\/h2>\n<ol>\n<li>St\u00f6bern Sie in unserem Sortiment und w\u00e4hlen Sie f\u00fcnf Wandfliesen aus, die Sie gerne ausprobieren m\u00f6chten.<\/li>\n<li>F\u00fcgen Sie die ausgew\u00e4hlten Kacheln zu Ihrem Musterpaket hinzu.<\/li>\n<li>Geben Sie Ihre Bestellung auf und erhalten Sie Ihre Probepackung schnell zu Hause.<\/li>\n<\/ol>\n<ul>\n<li style=\"list-style-type: none;\">\n<\/li>\n<\/ul>\n","protected":false},"excerpt":{"rendered":"<p>W\u00e4hlen Sie Ihre perfekte Kombination: 5-Wahl-Wandfliesen-Probepaket Wir bei Aydo Deco wissen, dass die Wahl der richtigen Wandfliesen f\u00fcr Ihr Projekt [&hellip;]<\/p>\n","protected":false},"featured_media":135264,"comment_status":"open","ping_status":"closed","template":"","meta":{"site-sidebar-layout":"default","site-content-layout":"","ast-site-content-layout":"default","site-content-style":"default","site-sidebar-style":"default","ast-global-header-display":"","ast-banner-title-visibility":"","ast-main-header-display":"","ast-hfb-above-header-display":"","ast-hfb-below-header-display":"","ast-hfb-mobile-header-display":"","site-post-title":"","ast-breadcrumbs-content":"","ast-featured-img":"","footer-sml-layout":"","ast-disable-related-posts":"","theme-transparent-header-meta":"default","adv-header-id-meta":"","stick-header-meta":"default","header-above-stick-meta":"","header-main-stick-meta":"","header-below-stick-meta":"","astra-migrate-meta-layouts":"set","ast-page-background-enabled":"default","ast-page-background-meta":{"desktop":{"background-color":"var(--ast-global-color-4)","background-image":"","background-repeat":"repeat","background-position":"center center","background-size":"auto","background-attachment":"scroll","background-type":"","background-media":"","overlay-type":"","overlay-color":"","overlay-opacity":"","overlay-gradient":""},"tablet":{"background-color":"","background-image":"","background-repeat":"repeat","background-position":"center center","background-size":"auto","background-attachment":"scroll","background-type":"","background-media":"","overlay-type":"","overlay-color":"","overlay-opacity":"","overlay-gradient":""},"mobile":{"background-color":"","background-image":"","background-repeat":"repeat","background-position":"center center","background-size":"auto","background-attachment":"scroll","background-type":"","background-media":"","overlay-type":"","overlay-color":"","overlay-opacity":"","overlay-gradient":""}},"ast-content-background-meta":{"desktop":{"background-color":"var(--ast-global-color-5)","background-image":"","background-repeat":"repeat","background-position":"center center","background-size":"auto","background-attachment":"scroll","background-type":"","background-media":"","overlay-type":"","overlay-color":"","overlay-opacity":"","overlay-gradient":""},"tablet":{"background-color":"var(--ast-global-color-5)","background-image":"","background-repeat":"repeat","background-position":"center center","background-size":"auto","background-attachment":"scroll","background-type":"","background-media":"","overlay-type":"","overlay-color":"","overlay-opacity":"","overlay-gradient":""},"mobile":{"background-color":"var(--ast-global-color-5)","background-image":"","background-repeat":"repeat","background-position":"center center","background-size":"auto","background-attachment":"scroll","background-type":"","background-media":"","overlay-type":"","overlay-color":"","overlay-opacity":"","overlay-gradient":""}}},"product_brand":[],"product_cat":[401,402],"product_tag":[],"class_list":{"0":"post-211372","1":"product","2":"type-product","3":"status-publish","4":"has-post-thumbnail","6":"product_cat-mosaik-stein-streifen","7":"product_cat-selbstklebende-steinstreifen","8":"product_shipping_class-sample-packs","9":"desktop-align-left","10":"tablet-align-left","11":"mobile-align-left","12":"ast-product-gallery-layout-vertical-slider","13":"ast-product-tabs-layout-vertical","14":"ast-qv-on-image","16":"first","17":"instock","18":"sale","19":"sold-individually","20":"taxable","21":"shipping-taxable","22":"purchasable","23":"product-type-sample_box"},"_links":{"self":[{"href":"https:\/\/aydodeco.nl\/de\/wp-json\/wp\/v2\/product\/211372","targetHints":{"allow":["GET"]}}],"collection":[{"href":"https:\/\/aydodeco.nl\/de\/wp-json\/wp\/v2\/product"}],"about":[{"href":"https:\/\/aydodeco.nl\/de\/wp-json\/wp\/v2\/types\/product"}],"replies":[{"embeddable":true,"href":"https:\/\/aydodeco.nl\/de\/wp-json\/wp\/v2\/comments?post=211372"}],"version-history":[{"count":0,"href":"https:\/\/aydodeco.nl\/de\/wp-json\/wp\/v2\/product\/211372\/revisions"}],"wp:featuredmedia":[{"embeddable":true,"href":"https:\/\/aydodeco.nl\/de\/wp-json\/wp\/v2\/media\/135264"}],"wp:attachment":[{"href":"https:\/\/aydodeco.nl\/de\/wp-json\/wp\/v2\/media?parent=211372"}],"wp:term":[{"taxonomy":"product_brand","embeddable":true,"href":"https:\/\/aydodeco.nl\/de\/wp-json\/wp\/v2\/product_brand?post=211372"},{"taxonomy":"product_cat","embeddable":true,"href":"https:\/\/aydodeco.nl\/de\/wp-json\/wp\/v2\/product_cat?post=211372"},{"taxonomy":"product_tag","embeddable":true,"href":"https:\/\/aydodeco.nl\/de\/wp-json\/wp\/v2\/product_tag?post=211372"}],"curies":[{"name":"wp","href":"https:\/\/api.w.org\/{rel}","templated":true}]}}