{"id":196578,"date":"2025-08-05T10:24:21","date_gmt":"2025-08-05T08:24:21","guid":{"rendered":"https:\/\/aydodeco.nl\/?post_type=product&#038;p=196578"},"modified":"2026-03-27T21:37:57","modified_gmt":"2026-03-27T20:37:57","slug":"metro-ash-selbstklebende-mosaik-wandfliese","status":"publish","type":"product","link":"https:\/\/aydodeco.nl\/de\/metro-ash-selbstklebende-mosaik-wandfliese\/","title":{"rendered":"Metro Ash &#8211; Selbstklebende Mosaik-Wandfliese"},"content":{"rendered":"<h2>Selbstklebendes Mosaik Metro Ash<\/h2>\n<p>Die Verbraucher entscheiden sich zunehmend f\u00fcr Metallfliesen! Bei Aydodeco haben wir auch diese, die aus Aluminium und einer selbstklebenden Unterlage bestehen.<br \/>\nSpeziell auf Wunsch unserer Stylistin haben wir das Adhesive Mosaic Metro Ash entworfen.<\/p>\n<p>Selbstklebende Steinstreifen sind ein Trend! Nicht von echten Fliesen zu unterscheiden und sehr einfach zu befestigen und zuzuschneiden.<br \/>\nDie selbstklebenden Mosaik-Wandfliesen von Aydo Deco sind einzigartig und f\u00fcr alle Innenbereiche geeignet (mit Ausnahme des Nassbereichs in der Dusche).<br \/>\nAuf der R\u00fcckseite der Fliesen befindet sich eine sehr starke 3M-Klebeschicht, so dass kein Kleber oder andere Befestigungsmittel ben\u00f6tigt werden, um sie auf flachen Oberfl\u00e4chen zu befestigen!<br \/>\nDie Deckschicht besteht aus Aluminium und hochwertigem, verschlei\u00dffestem PVC! Diese Mosaik-Wandfliesen k\u00f6nnen direkt \u00fcber alte Fliesen, Tapeten oder andere flache W\u00e4nde gelegt werden! <\/p>\n<p><strong>Hauptmerkmale<\/strong><\/p>\n<ul>\n<li>2 Jahre Garantie<\/li>\n<li>Die obere Schicht besteht aus hochwertigem PVC und Aluminium<\/li>\n<li>Selbstklebend (mit 3m starker selbstklebender Unterlage) und einfach selbst zu montieren<\/li>\n<li>Kratz-, licht- und sto\u00dffest<\/li>\n<li>Abmessungen L\u00e4nge 288mm x Breite 295mm x Dicke 4mm<\/li>\n<li>Die Preise sind einzeln aufgef\u00fchrt<\/li>\n<li>Schneiden Sie die Gr\u00f6\u00dfe mit einem Laminatschneider oder einem <a><strong>Stanley-Messer<\/strong><\/a> (mit Lineal einschneiden und mit Zange abbrechen)<\/li>\n<li>Geeignet f\u00fcr alle Innenbereiche (au\u00dfer in einem Duschraum)<\/li>\n<li>Geeignet f\u00fcr den Einbau hinter dem Kochfeld<strong>(Hinweis: Bei einem Gaskochfeld m\u00fcssen Sie die Pfanne mindestens 15 cm von der Wand entfernen)<\/strong><\/li>\n<li>F\u00fcr gr\u00f6bere W\u00e4nde oder por\u00f6se W\u00e4nde empfehlen wir <a><strong>Spr\u00fchkleber<\/strong><\/a> oder sogar <a><strong>Montageset<\/strong><\/a> zu verwenden<\/li>\n<li>Leicht zu entfernen mit einer Hei\u00dfluftpistole oder einem F\u00f6hn und einem Abisoliermesser<\/li>\n<li>Kann direkt \u00fcber Tapeten und Fliesen angebracht werden<\/li>\n<li>Nicht geeignet f\u00fcr Kamine mit Temperaturen \u00fcber 80 Grad Celsius.<\/li>\n<\/ul>\n<p><strong>Materialeigenschaften:<\/strong><\/p>\n<ul>\n<li>Unterschicht: Polyester mit Glasfaserverst\u00e4rkung (Fasertr\u00e4ger)<\/li>\n<li>Obere Schicht: Aluminium &amp; Hochwertiges PVC<\/li>\n<li>Jede Kachel ist einzigartig, um sich wiederholende Muster zu vermeiden<\/li>\n<\/ul>\n<p><a><strong>Lesen Sie hier mehr \u00fcber unsere Steinstreifen<\/strong><\/a><\/p>\n","protected":false},"excerpt":{"rendered":"<p>28.8&#215;29.5&#215;0.4cm<\/p>\n","protected":false},"featured_media":196644,"comment_status":"open","ping_status":"closed","template":"","meta":{"site-sidebar-layout":"default","site-content-layout":"","ast-site-content-layout":"default","site-content-style":"default","site-sidebar-style":"default","ast-global-header-display":"","ast-banner-title-visibility":"","ast-main-header-display":"","ast-hfb-above-header-display":"","ast-hfb-below-header-display":"","ast-hfb-mobile-header-display":"","site-post-title":"","ast-breadcrumbs-content":"","ast-featured-img":"","footer-sml-layout":"","ast-disable-related-posts":"","theme-transparent-header-meta":"default","adv-header-id-meta":"","stick-header-meta":"default","header-above-stick-meta":"","header-main-stick-meta":"","header-below-stick-meta":"","astra-migrate-meta-layouts":"set","ast-page-background-enabled":"default","ast-page-background-meta":{"desktop":{"background-color":"var(--ast-global-color-4)","background-image":"","background-repeat":"repeat","background-position":"center center","background-size":"auto","background-attachment":"scroll","background-type":"","background-media":"","overlay-type":"","overlay-color":"","overlay-opacity":"","overlay-gradient":""},"tablet":{"background-color":"","background-image":"","background-repeat":"repeat","background-position":"center center","background-size":"auto","background-attachment":"scroll","background-type":"","background-media":"","overlay-type":"","overlay-color":"","overlay-opacity":"","overlay-gradient":""},"mobile":{"background-color":"","background-image":"","background-repeat":"repeat","background-position":"center center","background-size":"auto","background-attachment":"scroll","background-type":"","background-media":"","overlay-type":"","overlay-color":"","overlay-opacity":"","overlay-gradient":""}},"ast-content-background-meta":{"desktop":{"background-color":"var(--ast-global-color-5)","background-image":"","background-repeat":"repeat","background-position":"center center","background-size":"auto","background-attachment":"scroll","background-type":"","background-media":"","overlay-type":"","overlay-color":"","overlay-opacity":"","overlay-gradient":""},"tablet":{"background-color":"var(--ast-global-color-5)","background-image":"","background-repeat":"repeat","background-position":"center center","background-size":"auto","background-attachment":"scroll","background-type":"","background-media":"","overlay-type":"","overlay-color":"","overlay-opacity":"","overlay-gradient":""},"mobile":{"background-color":"var(--ast-global-color-5)","background-image":"","background-repeat":"repeat","background-position":"center center","background-size":"auto","background-attachment":"scroll","background-type":"","background-media":"","overlay-type":"","overlay-color":"","overlay-opacity":"","overlay-gradient":""}}},"product_brand":[],"product_cat":[401,402],"product_tag":[777,404,403],"class_list":{"0":"post-196578","1":"product","2":"type-product","3":"status-publish","4":"has-post-thumbnail","6":"product_cat-mosaik-stein-streifen","7":"product_cat-selbstklebende-steinstreifen","8":"product_tag-blackfriday-de","9":"product_tag-korting50-100zelfklevende-de-1","10":"product_tag-selbstklebend","11":"product_shipping_class-zelfmozaiek-30-de","12":"pa_steenstrips-geschikt-voor-hinter-dem-gasherd","13":"desktop-align-left","14":"tablet-align-left","15":"mobile-align-left","16":"ast-product-gallery-layout-vertical-slider","17":"ast-product-tabs-layout-vertical","18":"ast-qv-on-image","20":"first","21":"instock","22":"sale","23":"taxable","24":"shipping-taxable","25":"purchasable","26":"product-type-simple"},"_links":{"self":[{"href":"https:\/\/aydodeco.nl\/de\/wp-json\/wp\/v2\/product\/196578","targetHints":{"allow":["GET"]}}],"collection":[{"href":"https:\/\/aydodeco.nl\/de\/wp-json\/wp\/v2\/product"}],"about":[{"href":"https:\/\/aydodeco.nl\/de\/wp-json\/wp\/v2\/types\/product"}],"replies":[{"embeddable":true,"href":"https:\/\/aydodeco.nl\/de\/wp-json\/wp\/v2\/comments?post=196578"}],"version-history":[{"count":0,"href":"https:\/\/aydodeco.nl\/de\/wp-json\/wp\/v2\/product\/196578\/revisions"}],"wp:featuredmedia":[{"embeddable":true,"href":"https:\/\/aydodeco.nl\/de\/wp-json\/wp\/v2\/media\/196644"}],"wp:attachment":[{"href":"https:\/\/aydodeco.nl\/de\/wp-json\/wp\/v2\/media?parent=196578"}],"wp:term":[{"taxonomy":"product_brand","embeddable":true,"href":"https:\/\/aydodeco.nl\/de\/wp-json\/wp\/v2\/product_brand?post=196578"},{"taxonomy":"product_cat","embeddable":true,"href":"https:\/\/aydodeco.nl\/de\/wp-json\/wp\/v2\/product_cat?post=196578"},{"taxonomy":"product_tag","embeddable":true,"href":"https:\/\/aydodeco.nl\/de\/wp-json\/wp\/v2\/product_tag?post=196578"}],"curies":[{"name":"wp","href":"https:\/\/api.w.org\/{rel}","templated":true}]}}