{"id":194854,"date":"2025-07-22T10:51:54","date_gmt":"2025-07-22T08:51:54","guid":{"rendered":"https:\/\/aydodeco.nl\/?post_type=product&#038;p=194854"},"modified":"2026-03-26T19:40:53","modified_gmt":"2026-03-26T18:40:53","slug":"concrete-beige-xl-spc-wandplatte-in-marmoroptik","status":"publish","type":"product","link":"https:\/\/aydodeco.nl\/de\/concrete-beige-xl-spc-wandplatte-in-marmoroptik\/","title":{"rendered":"Concrete Beige XL &#8211; SPC Wandplatte in Marmoroptik"},"content":{"rendered":"<h1><strong>SPC Wandpaneel in Marmoroptik: Concrete Beige XL<\/strong><\/h1>\n<p>&nbsp;<\/p>\n<p>Die SPC Wandpaneele in Marmoroptik Concrete Beige XL bieten einen eleganten und anspruchsvollen Look f\u00fcr Ihr Badezimmer, Ihre Dusche, Toilette, Kinowand oder K\u00fcche. Diese hochwertigen SPC-Wandpaneele in Marmoroptik sind ideal f\u00fcr alle Innenr\u00e4ume geeignet. Durch die einfache Montage und den bequemen Zuschnitt mit einem Stanley-Messer k\u00f6nnen Sie diese Paneele schnell und einfach anbringen. Die Paneele sind leicht zu reinigen und verleihen jedem Raum ein luxuri\u00f6ses Aussehen.   <\/p>\n<h3><strong>Eigenschaften<\/strong><\/h3>\n<ul>\n<li>Wasserdicht &#8211; Wasserfest &#8211; Staubdicht &#8211; Auslaufsicher<\/li>\n<li>Leicht zu montieren<\/li>\n<li>Mit einem Stanley-Messer zuschneiden<\/li>\n<li>Befestigung mit Montagekleber (hohe Klebkraft)<\/li>\n<li>F\u00fcr den Innenbereich geeignet<\/li>\n<li>Geeignet f\u00fcr die K\u00fcche (hinter einem Gasherd mit mindestens 15 cm Abstand)<\/li>\n<li>Duschkabine (versiegeln Sie die Zwischenr\u00e4ume zwischen den Brettern gut mit einer Silikondichtung in der gew\u00fcnschten Farbe), Badezimmer, Korridor, etc.<\/li>\n<li>Anti-Kalk, h\u00e4lt keine Kalkablagerungen zur\u00fcck<\/li>\n<li>Hat eine elegante Marmoroptik<\/li>\n<\/ul>\n<h3><strong>Abmessungen<\/strong><\/h3>\n<ul>\n<li>120 x 259 cm<\/li>\n<li>Dicke: 3 mm<\/li>\n<\/ul>\n<h3><strong>Zubeh\u00f6r<\/strong><\/h3>\n<ul>\n<li>Wir empfehlen 2 bis 3 Tuben des Montagesatzes pro Panel<\/li>\n<li>Mit einem Stanley-Messer oder einer Lineals\u00e4ge zuschneiden<\/li>\n<li>Verwenden Sie Sanit\u00e4rversiegelung, um die Kanten und N\u00e4hte zu versiegeln.<\/li>\n<li>Sie k\u00f6nnen etwa 2 Platten mit 1 Tube Sanit\u00e4rversiegelung versiegeln<\/li>\n<\/ul>\n<h3><strong>Reinigung von SPC-Wandpaneelen in Marmoroptik<\/strong><\/h3>\n<ul>\n<li>Reinigung mit gr\u00fcner Seife\/Allzweckreiniger und Mikrofasertuch<\/li>\n<li>Verwenden Sie keine aggressiven Reinigungsmittel oder Scheuermittel<\/li>\n<li>Leichte Kratzer k\u00f6nnen wegpoliert werden<\/li>\n<\/ul>\n<p><strong>BITTE BEACHTEN SIE:<\/strong> Aufgrund unterschiedlicher Produktionschargen k\u00f6nnen Farbunterschiede auftreten. Wenn eine Charge ausverkauft ist und nachbestellt wird, kann die Farbe von fr\u00fcheren Bestellungen abweichen. Bitte ber\u00fccksichtigen Sie dies bei Nachbestellungen.  <\/p>\n","protected":false},"excerpt":{"rendered":"<p>259x120x0.3cm<\/p>\n","protected":false},"featured_media":205015,"comment_status":"open","ping_status":"closed","template":"","meta":{"site-sidebar-layout":"default","site-content-layout":"","ast-site-content-layout":"default","site-content-style":"default","site-sidebar-style":"default","ast-global-header-display":"","ast-banner-title-visibility":"","ast-main-header-display":"","ast-hfb-above-header-display":"","ast-hfb-below-header-display":"","ast-hfb-mobile-header-display":"","site-post-title":"","ast-breadcrumbs-content":"","ast-featured-img":"","footer-sml-layout":"","ast-disable-related-posts":"","theme-transparent-header-meta":"default","adv-header-id-meta":"","stick-header-meta":"default","header-above-stick-meta":"","header-main-stick-meta":"","header-below-stick-meta":"","astra-migrate-meta-layouts":"set","ast-page-background-enabled":"default","ast-page-background-meta":{"desktop":{"background-color":"var(--ast-global-color-4)","background-image":"","background-repeat":"repeat","background-position":"center center","background-size":"auto","background-attachment":"scroll","background-type":"","background-media":"","overlay-type":"","overlay-color":"","overlay-opacity":"","overlay-gradient":""},"tablet":{"background-color":"","background-image":"","background-repeat":"repeat","background-position":"center center","background-size":"auto","background-attachment":"scroll","background-type":"","background-media":"","overlay-type":"","overlay-color":"","overlay-opacity":"","overlay-gradient":""},"mobile":{"background-color":"","background-image":"","background-repeat":"repeat","background-position":"center center","background-size":"auto","background-attachment":"scroll","background-type":"","background-media":"","overlay-type":"","overlay-color":"","overlay-opacity":"","overlay-gradient":""}},"ast-content-background-meta":{"desktop":{"background-color":"var(--ast-global-color-5)","background-image":"","background-repeat":"repeat","background-position":"center center","background-size":"auto","background-attachment":"scroll","background-type":"","background-media":"","overlay-type":"","overlay-color":"","overlay-opacity":"","overlay-gradient":""},"tablet":{"background-color":"var(--ast-global-color-5)","background-image":"","background-repeat":"repeat","background-position":"center center","background-size":"auto","background-attachment":"scroll","background-type":"","background-media":"","overlay-type":"","overlay-color":"","overlay-opacity":"","overlay-gradient":""},"mobile":{"background-color":"var(--ast-global-color-5)","background-image":"","background-repeat":"repeat","background-position":"center center","background-size":"auto","background-attachment":"scroll","background-type":"","background-media":"","overlay-type":"","overlay-color":"","overlay-opacity":"","overlay-gradient":""}}},"product_brand":[],"product_cat":[621,444,426],"product_tag":[656,515,460,428,445,518],"class_list":{"0":"post-194854","1":"product","2":"type-product","3":"status-publish","4":"has-post-thumbnail","6":"product_cat-spc-122x260cm-de","7":"product_cat-spc-wandpaneele-in-marmoroptik","8":"product_cat-wandpaneele-in-marmoroptik","9":"product_tag-aktion","10":"product_tag-black-november-de1","11":"product_tag-exclusive-de","12":"product_tag-korting10-20marmer-de-1","13":"product_tag-mat-de","14":"product_tag-neu","15":"product_shipping_class-xl-paneelee","16":"pa_steenstrips-geschikt-voor-hinter-dem-gasherd","17":"pa_steenstrips-geschikt-voor-wandpaneele-fur-das-badezimmer","18":"desktop-align-left","19":"tablet-align-left","20":"mobile-align-left","21":"ast-product-gallery-layout-vertical-slider","22":"ast-product-tabs-layout-vertical","23":"ast-qv-on-image","25":"first","26":"instock","27":"taxable","28":"shipping-taxable","29":"purchasable","30":"product-type-simple"},"_links":{"self":[{"href":"https:\/\/aydodeco.nl\/de\/wp-json\/wp\/v2\/product\/194854","targetHints":{"allow":["GET"]}}],"collection":[{"href":"https:\/\/aydodeco.nl\/de\/wp-json\/wp\/v2\/product"}],"about":[{"href":"https:\/\/aydodeco.nl\/de\/wp-json\/wp\/v2\/types\/product"}],"replies":[{"embeddable":true,"href":"https:\/\/aydodeco.nl\/de\/wp-json\/wp\/v2\/comments?post=194854"}],"version-history":[{"count":0,"href":"https:\/\/aydodeco.nl\/de\/wp-json\/wp\/v2\/product\/194854\/revisions"}],"wp:featuredmedia":[{"embeddable":true,"href":"https:\/\/aydodeco.nl\/de\/wp-json\/wp\/v2\/media\/205015"}],"wp:attachment":[{"href":"https:\/\/aydodeco.nl\/de\/wp-json\/wp\/v2\/media?parent=194854"}],"wp:term":[{"taxonomy":"product_brand","embeddable":true,"href":"https:\/\/aydodeco.nl\/de\/wp-json\/wp\/v2\/product_brand?post=194854"},{"taxonomy":"product_cat","embeddable":true,"href":"https:\/\/aydodeco.nl\/de\/wp-json\/wp\/v2\/product_cat?post=194854"},{"taxonomy":"product_tag","embeddable":true,"href":"https:\/\/aydodeco.nl\/de\/wp-json\/wp\/v2\/product_tag?post=194854"}],"curies":[{"name":"wp","href":"https:\/\/api.w.org\/{rel}","templated":true}]}}