{"id":174610,"date":"2025-04-03T11:44:01","date_gmt":"2025-04-03T09:44:01","guid":{"rendered":"https:\/\/aydodeco.nl\/?post_type=product&#038;p=174610"},"modified":"2025-11-25T10:52:54","modified_gmt":"2025-11-25T09:52:54","slug":"hexagon-black-selbstklebende-mosaik-wandfliese","status":"publish","type":"product","link":"https:\/\/aydodeco.nl\/de\/hexagon-black-selbstklebende-mosaik-wandfliese\/","title":{"rendered":"Hexagon Black &#8211; Selbstklebende Mosaik-Wandfliese"},"content":{"rendered":"<h2>Hexagon Black &#8211; Selbstklebende Mosaik-Wandfliese<\/h2>\n<p>Selbstklebende Mosaikfliesen sind ein Trend! Sie sind von echten Fliesen nicht zu unterscheiden und lassen sich ganz einfach anbringen und individuell gestalten. Die selbstklebenden Mosaikfliesen von Aydo Deco sind einzigartig und f\u00fcr alle Innenr\u00e4ume geeignet (au\u00dfer f\u00fcr Bereiche, die st\u00e4ndig Wasser ausgesetzt sind, wie z.B. eine Duschkabine). Auf der R\u00fcckseite befindet sich eine sehr starke 3M-Aufkleberschicht, die Klebstoff oder andere Befestigungsmaterialien \u00fcberfl\u00fcssig macht!    Die obere Schicht besteht aus Aluminium und hochwertigem, abriebfestem PVC! Diese Mosaikfliesen k\u00f6nnen direkt \u00fcber alte Fliesen, Tapeten oder andere flache Oberfl\u00e4chen gelegt werden!<\/p>\n<p><strong>Hauptmerkmale<\/strong><\/p>\n<ul style=\"list-style-type: circle\">\n<li>2 Jahre Garantie<\/li>\n<li>Die obere Schicht enth\u00e4lt hochwertiges Aluminium<\/li>\n<li>Selbstklebend (3m starke selbstklebende Unterlage)<\/li>\n<li>Kratz-, licht- und sto\u00dffest<\/li>\n<li>Abmessungen in L\u00e4nge x Breite x H\u00f6he: 290 x 307 x 4 mm<\/li>\n<li>Die Preise sind pro St\u00fcck\/Wandfliese angegeben, nicht pro 10er-Packung.<\/li>\n<li>Mit der selbstklebenden Schicht einfach selbst zu montieren.<\/li>\n<li>Mit einem Laminatschneider oder <a href=\"https:\/\/aydodeco.nl\/stanleymes\/\">Stanley-Messer<\/a> zuschneiden (mit Lineal einschneiden und mit einer Zange abbrechen)<\/li>\n<li>Geeignet f\u00fcr alle Innenbereiche (au\u00dfer unter der Duschkabine)<\/li>\n<li>Geeignet f\u00fcr die Verwendung hinter dem Herd <strong>(halten Sie immer einen Mindestabstand von 15 cm zu einer offenen Flamme ein)<\/strong><\/li>\n<li>Bei groben oder por\u00f6sen W\u00e4nden empfehlen wir die Verwendung von zus\u00e4tzlichem Montagekleber.<\/li>\n<li>Leicht zu entfernen mit Hei\u00dfluftpistole, Haartrockner und Schreddermesser<\/li>\n<li>Kann direkt \u00fcber Tapeten und Fliesen angebracht werden<\/li>\n<li>Nicht geeignet f\u00fcr Kamine mit Temperaturen \u00fcber 80 Grad Celsius.<\/li>\n<\/ul>\n<p><strong>Materialeigenschaften:<\/strong><\/p>\n<ul>\n<li>Unterschicht: Polyester mit Glasfaserverst\u00e4rkung (Fasertr\u00e4ger)<\/li>\n<li>Obere Schicht: Aluminium und hochwertiges PVC<\/li>\n<li>Das Muster jeder Kachel ist anders (Sie werden also kein wiederkehrendes Muster sehen)<\/li>\n<\/ul>\n<p><a href=\"https:\/\/aydodeco.nl\/de\/steinstreifen\/\"><strong>Lesen Sie hier mehr \u00fcber unsere Steinstreifen<\/strong><\/a><\/p>\n","protected":false},"excerpt":{"rendered":"<p>29&#215;30.7&#215;0.4cm<\/p>\n","protected":false},"featured_media":191859,"comment_status":"open","ping_status":"closed","template":"","meta":{"site-sidebar-layout":"default","site-content-layout":"","ast-site-content-layout":"default","site-content-style":"default","site-sidebar-style":"default","ast-global-header-display":"","ast-banner-title-visibility":"","ast-main-header-display":"","ast-hfb-above-header-display":"","ast-hfb-below-header-display":"","ast-hfb-mobile-header-display":"","site-post-title":"","ast-breadcrumbs-content":"","ast-featured-img":"","footer-sml-layout":"","ast-disable-related-posts":"","theme-transparent-header-meta":"default","adv-header-id-meta":"","stick-header-meta":"default","header-above-stick-meta":"","header-main-stick-meta":"","header-below-stick-meta":"","astra-migrate-meta-layouts":"set","ast-page-background-enabled":"default","ast-page-background-meta":{"desktop":{"background-color":"var(--ast-global-color-4)","background-image":"","background-repeat":"repeat","background-position":"center center","background-size":"auto","background-attachment":"scroll","background-type":"","background-media":"","overlay-type":"","overlay-color":"","overlay-opacity":"","overlay-gradient":""},"tablet":{"background-color":"","background-image":"","background-repeat":"repeat","background-position":"center center","background-size":"auto","background-attachment":"scroll","background-type":"","background-media":"","overlay-type":"","overlay-color":"","overlay-opacity":"","overlay-gradient":""},"mobile":{"background-color":"","background-image":"","background-repeat":"repeat","background-position":"center center","background-size":"auto","background-attachment":"scroll","background-type":"","background-media":"","overlay-type":"","overlay-color":"","overlay-opacity":"","overlay-gradient":""}},"ast-content-background-meta":{"desktop":{"background-color":"var(--ast-global-color-5)","background-image":"","background-repeat":"repeat","background-position":"center center","background-size":"auto","background-attachment":"scroll","background-type":"","background-media":"","overlay-type":"","overlay-color":"","overlay-opacity":"","overlay-gradient":""},"tablet":{"background-color":"var(--ast-global-color-5)","background-image":"","background-repeat":"repeat","background-position":"center center","background-size":"auto","background-attachment":"scroll","background-type":"","background-media":"","overlay-type":"","overlay-color":"","overlay-opacity":"","overlay-gradient":""},"mobile":{"background-color":"var(--ast-global-color-5)","background-image":"","background-repeat":"repeat","background-position":"center center","background-size":"auto","background-attachment":"scroll","background-type":"","background-media":"","overlay-type":"","overlay-color":"","overlay-opacity":"","overlay-gradient":""}}},"product_brand":[],"product_cat":[418,401,402],"product_tag":[777,404,403],"class_list":{"0":"post-174610","1":"product","2":"type-product","3":"status-publish","4":"has-post-thumbnail","6":"product_cat-angebote","7":"product_cat-mosaik-stein-streifen","8":"product_cat-selbstklebende-steinstreifen","9":"product_tag-blackfriday-de","10":"product_tag-korting50-100zelfklevende-de-1","11":"product_tag-selbstklebend","12":"product_shipping_class-zelfmozaiek-30-de","13":"pa_steenstrips-geschikt-voor-hinter-dem-gasherd","14":"desktop-align-left","15":"tablet-align-left","16":"mobile-align-left","17":"ast-product-gallery-layout-vertical-slider","18":"ast-product-tabs-layout-vertical","19":"ast-qv-on-image","21":"first","22":"instock","23":"sale","24":"taxable","25":"shipping-taxable","26":"purchasable","27":"product-type-simple"},"_links":{"self":[{"href":"https:\/\/aydodeco.nl\/de\/wp-json\/wp\/v2\/product\/174610","targetHints":{"allow":["GET"]}}],"collection":[{"href":"https:\/\/aydodeco.nl\/de\/wp-json\/wp\/v2\/product"}],"about":[{"href":"https:\/\/aydodeco.nl\/de\/wp-json\/wp\/v2\/types\/product"}],"replies":[{"embeddable":true,"href":"https:\/\/aydodeco.nl\/de\/wp-json\/wp\/v2\/comments?post=174610"}],"version-history":[{"count":0,"href":"https:\/\/aydodeco.nl\/de\/wp-json\/wp\/v2\/product\/174610\/revisions"}],"wp:featuredmedia":[{"embeddable":true,"href":"https:\/\/aydodeco.nl\/de\/wp-json\/wp\/v2\/media\/191859"}],"wp:attachment":[{"href":"https:\/\/aydodeco.nl\/de\/wp-json\/wp\/v2\/media?parent=174610"}],"wp:term":[{"taxonomy":"product_brand","embeddable":true,"href":"https:\/\/aydodeco.nl\/de\/wp-json\/wp\/v2\/product_brand?post=174610"},{"taxonomy":"product_cat","embeddable":true,"href":"https:\/\/aydodeco.nl\/de\/wp-json\/wp\/v2\/product_cat?post=174610"},{"taxonomy":"product_tag","embeddable":true,"href":"https:\/\/aydodeco.nl\/de\/wp-json\/wp\/v2\/product_tag?post=174610"}],"curies":[{"name":"wp","href":"https:\/\/api.w.org\/{rel}","templated":true}]}}