{"id":173959,"date":"2025-03-27T12:30:08","date_gmt":"2025-03-27T11:30:08","guid":{"rendered":"https:\/\/aydodeco.nl\/?post_type=product&#038;p=173959"},"modified":"2026-04-08T09:26:59","modified_gmt":"2026-04-08T07:26:59","slug":"quatro-emerald-selbstklebende-mosaik-wandfliese","status":"publish","type":"product","link":"https:\/\/aydodeco.nl\/de\/quatro-emerald-selbstklebende-mosaik-wandfliese\/","title":{"rendered":"Quatro Emerald &#8211; Selbstklebende Mosaik-Wandfliese"},"content":{"rendered":"<h2>Selbstklebendes Mosaik Quatro Emerald<\/h2>\n<p>Der Name ist Programm: Mosaic Quatro Emerald ist ein Mosaik aus Smaragdfliesen. Diese selbstklebende Fliese sieht in allen R\u00e4umen toll aus!<br \/>\nSelbstklebende Steinstreifen sind ein Trend! Sie sind von echten Fliesen nicht zu unterscheiden und lassen sich ganz einfach anbringen und zuschneiden.  Die selbstklebenden Mosaiksteinchen von Aydo Deco sind einzigartig und eignen sich f\u00fcr alle Innenbereiche (au\u00dfer der Nasszelle). Auf der R\u00fcckseite befindet sich eine sehr starke 3M-Aufkleberschicht, die Klebstoff oder anderes Befestigungsmaterial \u00fcberfl\u00fcssig macht! Diese Mosaike in Fliesenoptik k\u00f6nnen direkt \u00fcber alte Fliesen, Tapeten oder andere flache W\u00e4nde gelegt werden!<\/p>\n<p><strong>Hauptmerkmale<\/strong><\/p>\n<ul style=\"list-style-type: circle\">\n<li>2 Jahre Garantie<\/li>\n<li>Oberste Schicht aus Aluminium<\/li>\n<li>Selbstklebend (3m starke selbstklebende Unterlage)<\/li>\n<li>Kratz-, licht- und sto\u00dffest<\/li>\n<li><strong>Abmessungen L\u00e4nge 305mm x Breite 305mm x Dicke 4mm<\/strong><\/li>\n<li>Die Preise sind einzeln aufgef\u00fchrt<\/li>\n<li>Einfache Selbstmontage<\/li>\n<li>Mit einem Stanley-Messer zuschneiden (mit Lineal einschneiden und mit einer Zange abbrechen)<\/li>\n<li>Geeignet f\u00fcr alle Innenbereiche (au\u00dfer unter\/hinter der Duschkabine)<\/li>\n<li>Geeignet f\u00fcr die Verwendung hinter dem Kochfeld <strong>(Achtung! Bei starker Hitze muss die Pfanne mindestens 5 cm von der Wand entfernt werden)<\/strong><\/li>\n<li>Bei gr\u00f6beren oder por\u00f6sen W\u00e4nden empfehlen wir die Verwendung von zus\u00e4tzlichem Montagekleber<\/li>\n<li>Leicht zu entfernen mit einem Hitzetrockner und einem Abisoliermesser<\/li>\n<li>Kann direkt \u00fcber Tapeten und Fliesen verwendet werden<\/li>\n<li>Nicht geeignet f\u00fcr Kamine mit Temperaturen \u00fcber 80 Grad Celsius.<\/li>\n<\/ul>\n<p><strong>Materialeigenschaften:<\/strong><\/p>\n<ul>\n<li>Unterschicht: Polyester mit Glasfaserverst\u00e4rkung (Fasertr\u00e4ger)<\/li>\n<li>Oberste Schicht: Aluminium<\/li>\n<li>Jede Kachel hat ein anderes Muster (Sie werden also kein wiederkehrendes Muster sehen)<\/li>\n<\/ul>\n<p><a href=\"https:\/\/aydodeco.nl\/de\/steinstreifen\/\"><strong>Lesen Sie hier mehr \u00fcber unsere Steinstreifen<\/strong><\/a><\/p>\n","protected":false},"excerpt":{"rendered":"<p>30.5&#215;30.5&#215;0.4cm<\/p>\n","protected":false},"featured_media":173972,"comment_status":"open","ping_status":"closed","template":"","meta":{"site-sidebar-layout":"default","site-content-layout":"","ast-site-content-layout":"default","site-content-style":"default","site-sidebar-style":"default","ast-global-header-display":"","ast-banner-title-visibility":"","ast-main-header-display":"","ast-hfb-above-header-display":"","ast-hfb-below-header-display":"","ast-hfb-mobile-header-display":"","site-post-title":"","ast-breadcrumbs-content":"","ast-featured-img":"","footer-sml-layout":"","ast-disable-related-posts":"","theme-transparent-header-meta":"default","adv-header-id-meta":"","stick-header-meta":"default","header-above-stick-meta":"","header-main-stick-meta":"","header-below-stick-meta":"","astra-migrate-meta-layouts":"set","ast-page-background-enabled":"default","ast-page-background-meta":{"desktop":{"background-color":"var(--ast-global-color-4)","background-image":"","background-repeat":"repeat","background-position":"center center","background-size":"auto","background-attachment":"scroll","background-type":"","background-media":"","overlay-type":"","overlay-color":"","overlay-opacity":"","overlay-gradient":""},"tablet":{"background-color":"","background-image":"","background-repeat":"repeat","background-position":"center center","background-size":"auto","background-attachment":"scroll","background-type":"","background-media":"","overlay-type":"","overlay-color":"","overlay-opacity":"","overlay-gradient":""},"mobile":{"background-color":"","background-image":"","background-repeat":"repeat","background-position":"center center","background-size":"auto","background-attachment":"scroll","background-type":"","background-media":"","overlay-type":"","overlay-color":"","overlay-opacity":"","overlay-gradient":""}},"ast-content-background-meta":{"desktop":{"background-color":"var(--ast-global-color-5)","background-image":"","background-repeat":"repeat","background-position":"center center","background-size":"auto","background-attachment":"scroll","background-type":"","background-media":"","overlay-type":"","overlay-color":"","overlay-opacity":"","overlay-gradient":""},"tablet":{"background-color":"var(--ast-global-color-5)","background-image":"","background-repeat":"repeat","background-position":"center center","background-size":"auto","background-attachment":"scroll","background-type":"","background-media":"","overlay-type":"","overlay-color":"","overlay-opacity":"","overlay-gradient":""},"mobile":{"background-color":"var(--ast-global-color-5)","background-image":"","background-repeat":"repeat","background-position":"center center","background-size":"auto","background-attachment":"scroll","background-type":"","background-media":"","overlay-type":"","overlay-color":"","overlay-opacity":"","overlay-gradient":""}}},"product_brand":[],"product_cat":[401,402],"product_tag":[777,404,518,403],"class_list":{"0":"post-173959","1":"product","2":"type-product","3":"status-publish","4":"has-post-thumbnail","6":"product_cat-mosaik-stein-streifen","7":"product_cat-selbstklebende-steinstreifen","8":"product_tag-blackfriday-de","9":"product_tag-korting50-100zelfklevende-de-1","10":"product_tag-neu","11":"product_tag-selbstklebend","12":"product_shipping_class-zelfmozaiek-30-de","13":"pa_steenstrips-geschikt-voor-hinter-dem-gasherd","14":"desktop-align-left","15":"tablet-align-left","16":"mobile-align-left","17":"ast-product-gallery-layout-vertical-slider","18":"ast-product-tabs-layout-vertical","19":"ast-qv-on-image","21":"first","22":"instock","23":"sale","24":"taxable","25":"shipping-taxable","26":"purchasable","27":"product-type-simple"},"_links":{"self":[{"href":"https:\/\/aydodeco.nl\/de\/wp-json\/wp\/v2\/product\/173959","targetHints":{"allow":["GET"]}}],"collection":[{"href":"https:\/\/aydodeco.nl\/de\/wp-json\/wp\/v2\/product"}],"about":[{"href":"https:\/\/aydodeco.nl\/de\/wp-json\/wp\/v2\/types\/product"}],"replies":[{"embeddable":true,"href":"https:\/\/aydodeco.nl\/de\/wp-json\/wp\/v2\/comments?post=173959"}],"version-history":[{"count":0,"href":"https:\/\/aydodeco.nl\/de\/wp-json\/wp\/v2\/product\/173959\/revisions"}],"wp:featuredmedia":[{"embeddable":true,"href":"https:\/\/aydodeco.nl\/de\/wp-json\/wp\/v2\/media\/173972"}],"wp:attachment":[{"href":"https:\/\/aydodeco.nl\/de\/wp-json\/wp\/v2\/media?parent=173959"}],"wp:term":[{"taxonomy":"product_brand","embeddable":true,"href":"https:\/\/aydodeco.nl\/de\/wp-json\/wp\/v2\/product_brand?post=173959"},{"taxonomy":"product_cat","embeddable":true,"href":"https:\/\/aydodeco.nl\/de\/wp-json\/wp\/v2\/product_cat?post=173959"},{"taxonomy":"product_tag","embeddable":true,"href":"https:\/\/aydodeco.nl\/de\/wp-json\/wp\/v2\/product_tag?post=173959"}],"curies":[{"name":"wp","href":"https:\/\/api.w.org\/{rel}","templated":true}]}}