{"id":173462,"date":"2025-03-21T16:49:32","date_gmt":"2025-03-21T15:49:32","guid":{"rendered":"https:\/\/aydodeco.nl\/?post_type=product&#038;p=173462"},"modified":"2026-01-05T15:03:15","modified_gmt":"2026-01-05T14:03:15","slug":"rustikale-steinmatte-spc-wandplatte-in-marmoroptik","status":"publish","type":"product","link":"https:\/\/aydodeco.nl\/de\/rustikale-steinmatte-spc-wandplatte-in-marmoroptik\/","title":{"rendered":"Rustikale Steinmatte &#8211; SPC Wandplatte in Marmoroptik"},"content":{"rendered":"<h1 style=\"font-size: 32px; font-weight: bold; margin-bottom: 0.5em;\">SPC Wandpaneel in Marmoroptik: Rustikale Steinmatte<\/h1>\n<p>Die Marble Wall Panel Rustic Stone Mat ist perfekt f\u00fcr das Badezimmer, die Dusche, die Toilette, die Kinowand, die K\u00fcche oder sogar den Fu\u00dfboden! Diese SPC-Wandpaneele in Marmoroptik sind ideal f\u00fcr alle Innenr\u00e4ume. Die Installation ist sehr einfach und Sie k\u00f6nnen sie ganz leicht mit einem Stanley-Messer zuschneiden. Die Wandpaneele in Marmoroptik sind leicht zu reinigen und eine echte Bereicherung f\u00fcr jeden Raum. Jetzt auch im flexiblen aufrollbaren Format f\u00fcr einfachen Transport und Installation.    <\/p>\n<h3 style=\"font-size: 20px; font-weight: bold; margin-bottom: 0.5em;\">FEATURES Marmorwandplatte Rustikaler Stein Matt<\/h3>\n<ul>\n<li>Kratzfest &#8211; Wasserdicht &#8211; Staubdicht &#8211; Auslaufsicher<\/li>\n<li>Einfach zu installieren<\/li>\n<li>Kann mit einem Stanley-Messer zurechtgeschnitten werden<\/li>\n<li>Befestigung mit Montagekleber (hohe Klebkraft)<\/li>\n<li>F\u00fcr den Innenbereich geeignet<\/li>\n<li>Geeignet f\u00fcr K\u00fcchen (halten Sie einen Mindestabstand von 15 cm zu einem Gasherd ein)<\/li>\n<li>Perfekt f\u00fcr Duschkabinen, B\u00e4der, Flure und B\u00f6den<\/li>\n<li>Anti-Kalk, h\u00e4lt keine Kalkablagerungen zur\u00fcck<\/li>\n<li>Hat einen realistischen Marmor-Look<\/li>\n<li>Jetzt im aufrollbaren Format f\u00fcr einfachen Transport und Installation erh\u00e4ltlich<\/li>\n<\/ul>\n<h3 style=\"font-size: 20px; font-weight: bold; margin-bottom: 0.5em;\">Abmessungen<\/h3>\n<ul>\n<li>120 x 260 cm<\/li>\n<li>Dicke: 3 mm<\/li>\n<\/ul>\n<h3 style=\"font-size: 20px; font-weight: bold; margin-bottom: 0.5em;\">Zubeh\u00f6r<\/h3>\n<ul>\n<li>Wir empfehlen die Verwendung von 2 bis 3 Tuben Montagekleber pro Platte.<\/li>\n<li>Kann mit einem Stanley-Messer oder einer Lineals\u00e4ge zurechtgeschnitten werden<\/li>\n<li>Verwenden Sie Sanit\u00e4rsilikon zum Versiegeln der Kanten und N\u00e4hte<\/li>\n<li>Eine Tube Sanit\u00e4rsilikon reicht f\u00fcr die Versiegelung von ca. 2 Platten<\/li>\n<\/ul>\n<h3 style=\"font-size: 20px; font-weight: bold; margin-bottom: 0.5em;\">Reinigung Marmor Wandpaneel Rustikaler Stein Matt<\/h3>\n<ul>\n<li style=\"list-style-type: none;\">\n<ul>\n<li>Mit Gr\u00fcner Seife\/Allzweckreiniger und einem Mikrofasertuch reinigen<\/li>\n<li>Verwenden Sie keine aggressiven Reinigungsmittel oder Scheuermittel<\/li>\n<li>Leichte Kratzer k\u00f6nnen wegpoliert werden<\/li>\n<\/ul>\n<\/li>\n<\/ul>\n<p><strong>BITTE BEACHTEN SIE:<\/strong> Aufgrund unterschiedlicher Produktionschargen k\u00f6nnen Farbunterschiede auftreten. Wenn eine Charge ausverkauft ist und nachbestellt wird, kann die Farbe von fr\u00fcheren Bestellungen abweichen. Bitte ber\u00fccksichtigen Sie dies bei Nachbestellungen.  <\/p>\n","protected":false},"excerpt":{"rendered":"<p>120x260x0.3cm<\/p>\n","protected":false},"featured_media":183933,"comment_status":"open","ping_status":"closed","template":"","meta":{"site-sidebar-layout":"default","site-content-layout":"","ast-site-content-layout":"default","site-content-style":"default","site-sidebar-style":"default","ast-global-header-display":"","ast-banner-title-visibility":"","ast-main-header-display":"","ast-hfb-above-header-display":"","ast-hfb-below-header-display":"","ast-hfb-mobile-header-display":"","site-post-title":"","ast-breadcrumbs-content":"","ast-featured-img":"","footer-sml-layout":"","ast-disable-related-posts":"","theme-transparent-header-meta":"default","adv-header-id-meta":"","stick-header-meta":"default","header-above-stick-meta":"","header-main-stick-meta":"","header-below-stick-meta":"","astra-migrate-meta-layouts":"set","ast-page-background-enabled":"default","ast-page-background-meta":{"desktop":{"background-color":"var(--ast-global-color-4)","background-image":"","background-repeat":"repeat","background-position":"center center","background-size":"auto","background-attachment":"scroll","background-type":"","background-media":"","overlay-type":"","overlay-color":"","overlay-opacity":"","overlay-gradient":""},"tablet":{"background-color":"","background-image":"","background-repeat":"repeat","background-position":"center center","background-size":"auto","background-attachment":"scroll","background-type":"","background-media":"","overlay-type":"","overlay-color":"","overlay-opacity":"","overlay-gradient":""},"mobile":{"background-color":"","background-image":"","background-repeat":"repeat","background-position":"center center","background-size":"auto","background-attachment":"scroll","background-type":"","background-media":"","overlay-type":"","overlay-color":"","overlay-opacity":"","overlay-gradient":""}},"ast-content-background-meta":{"desktop":{"background-color":"var(--ast-global-color-5)","background-image":"","background-repeat":"repeat","background-position":"center center","background-size":"auto","background-attachment":"scroll","background-type":"","background-media":"","overlay-type":"","overlay-color":"","overlay-opacity":"","overlay-gradient":""},"tablet":{"background-color":"var(--ast-global-color-5)","background-image":"","background-repeat":"repeat","background-position":"center center","background-size":"auto","background-attachment":"scroll","background-type":"","background-media":"","overlay-type":"","overlay-color":"","overlay-opacity":"","overlay-gradient":""},"mobile":{"background-color":"var(--ast-global-color-5)","background-image":"","background-repeat":"repeat","background-position":"center center","background-size":"auto","background-attachment":"scroll","background-type":"","background-media":"","overlay-type":"","overlay-color":"","overlay-opacity":"","overlay-gradient":""}}},"product_brand":[],"product_cat":[614,444,426],"product_tag":[656,515,460,428,445,518,565],"class_list":{"0":"post-173462","1":"product","2":"type-product","3":"status-publish","4":"has-post-thumbnail","6":"product_cat-spc-96x280cm-de","7":"product_cat-spc-wandpaneele-in-marmoroptik","8":"product_cat-wandpaneele-in-marmoroptik","9":"product_tag-aktion","10":"product_tag-black-november-de1","11":"product_tag-exclusive-de","12":"product_tag-korting10-20marmer-de-1","13":"product_tag-mat-de","14":"product_tag-neu","15":"product_tag-wand-en-vloer-de","16":"product_shipping_class-xl-paneelee","17":"pa_steenstrips-geschikt-voor-hinter-dem-gasherd","18":"pa_steenstrips-geschikt-voor-wandpaneele-fur-das-badezimmer","19":"desktop-align-left","20":"tablet-align-left","21":"mobile-align-left","22":"ast-product-gallery-layout-vertical-slider","23":"ast-product-tabs-layout-vertical","24":"ast-qv-on-image","26":"first","27":"instock","28":"sale","29":"featured","30":"taxable","31":"shipping-taxable","32":"purchasable","33":"product-type-simple"},"_links":{"self":[{"href":"https:\/\/aydodeco.nl\/de\/wp-json\/wp\/v2\/product\/173462","targetHints":{"allow":["GET"]}}],"collection":[{"href":"https:\/\/aydodeco.nl\/de\/wp-json\/wp\/v2\/product"}],"about":[{"href":"https:\/\/aydodeco.nl\/de\/wp-json\/wp\/v2\/types\/product"}],"replies":[{"embeddable":true,"href":"https:\/\/aydodeco.nl\/de\/wp-json\/wp\/v2\/comments?post=173462"}],"version-history":[{"count":0,"href":"https:\/\/aydodeco.nl\/de\/wp-json\/wp\/v2\/product\/173462\/revisions"}],"wp:featuredmedia":[{"embeddable":true,"href":"https:\/\/aydodeco.nl\/de\/wp-json\/wp\/v2\/media\/183933"}],"wp:attachment":[{"href":"https:\/\/aydodeco.nl\/de\/wp-json\/wp\/v2\/media?parent=173462"}],"wp:term":[{"taxonomy":"product_brand","embeddable":true,"href":"https:\/\/aydodeco.nl\/de\/wp-json\/wp\/v2\/product_brand?post=173462"},{"taxonomy":"product_cat","embeddable":true,"href":"https:\/\/aydodeco.nl\/de\/wp-json\/wp\/v2\/product_cat?post=173462"},{"taxonomy":"product_tag","embeddable":true,"href":"https:\/\/aydodeco.nl\/de\/wp-json\/wp\/v2\/product_tag?post=173462"}],"curies":[{"name":"wp","href":"https:\/\/api.w.org\/{rel}","templated":true}]}}